{"id":7143,"date":"2025-05-19T14:37:25","date_gmt":"2025-05-19T11:37:25","guid":{"rendered":"https:\/\/merelinn.com\/?post_type=product&#038;p=7143"},"modified":"2025-05-19T14:39:23","modified_gmt":"2025-05-19T11:39:23","slug":"clean-up-kit-for-dust-extractors","status":"publish","type":"product","link":"https:\/\/merelinn.com\/lv\/product\/clean-up-kit-for-dust-extractors\/","title":{"rendered":"Clean-Up Kit for Dust Extractors"},"content":{"rendered":"<p>A clean-up kit with a brush nozzle for dust extractors. The brush nozzle makes the kit more versatile. The hose is 4 m (\u00d8 32mm) and the length for the stainless steel tubes is 500 mm x 2.<\/p>\n","protected":false},"excerpt":{"rendered":"<p>A clean-up kit with a brush nozzle for dust extractors. The brush nozzle makes the kit more versatile. The hose is 4 m (\u00d8 32mm) and the length for the stainless steel tubes is 500 mm x 2.<\/p>\n","protected":false},"featured_media":7137,"comment_status":"open","ping_status":"closed","template":"","meta":{"_acf_changed":false},"product_brand":[252],"product_cat":[15],"product_tag":[],"class_list":{"0":"post-7143","1":"product","2":"type-product","3":"status-publish","4":"has-post-thumbnail","6":"product_brand-mirka","7":"product_cat-uncategory","9":"first","10":"instock","11":"virtual","12":"taxable","13":"purchasable","14":"product-type-simple"},"acf":[],"yoast_head":"<!-- This site is optimized with the Yoast SEO plugin v25.1 - https:\/\/yoast.com\/wordpress\/plugins\/seo\/ -->\n<title>Clean-Up Kit for Dust Extractors - Merelinn<\/title>\n<meta name=\"robots\" content=\"noindex, follow, max-snippet:-1, max-image-preview:large, max-video-preview:-1\" \/>\n<meta property=\"og:locale\" content=\"lv_LV\" \/>\n<meta property=\"og:type\" content=\"article\" \/>\n<meta property=\"og:title\" content=\"Clean-Up Kit for Dust Extractors - Merelinn\" \/>\n<meta property=\"og:description\" content=\"A clean-up kit with a brush nozzle for dust extractors. The brush nozzle makes the kit more versatile. The hose is 4 m (\u00d8 32mm) and the length for the stainless steel tubes is 500 mm x 2.\" \/>\n<meta property=\"og:url\" content=\"https:\/\/merelinn.com\/lv\/product\/clean-up-kit-for-dust-extractors\/\" \/>\n<meta property=\"og:site_name\" content=\"Merelinn\" \/>\n<meta property=\"article:modified_time\" content=\"2025-05-19T11:39:23+00:00\" \/>\n<meta property=\"og:image\" content=\"https:\/\/merelinn.com\/wp-content\/uploads\/2025\/05\/8999799111-002.jpg.webp\" \/>\n\t<meta property=\"og:image:width\" content=\"1200\" \/>\n\t<meta property=\"og:image:height\" content=\"800\" \/>\n\t<meta property=\"og:image:type\" content=\"image\/webp\" \/>\n<meta name=\"twitter:card\" content=\"summary_large_image\" \/>\n<meta name=\"twitter:label1\" content=\"Est. reading time\" \/>\n\t<meta name=\"twitter:data1\" content=\"1 minute\" \/>\n<script type=\"application\/ld+json\" class=\"yoast-schema-graph\">{\"@context\":\"https:\/\/schema.org\",\"@graph\":[{\"@type\":\"WebPage\",\"@id\":\"https:\/\/merelinn.com\/lv\/product\/clean-up-kit-for-dust-extractors\/\",\"url\":\"https:\/\/merelinn.com\/lv\/product\/clean-up-kit-for-dust-extractors\/\",\"name\":\"Clean-Up Kit for Dust Extractors - Merelinn\",\"isPartOf\":{\"@id\":\"https:\/\/merelinn.com\/lv\/#website\"},\"primaryImageOfPage\":{\"@id\":\"https:\/\/merelinn.com\/lv\/product\/clean-up-kit-for-dust-extractors\/#primaryimage\"},\"image\":{\"@id\":\"https:\/\/merelinn.com\/lv\/product\/clean-up-kit-for-dust-extractors\/#primaryimage\"},\"thumbnailUrl\":\"https:\/\/merelinn.com\/wp-content\/uploads\/2025\/05\/8999799111-002.jpg.webp\",\"datePublished\":\"2025-05-19T11:37:25+00:00\",\"dateModified\":\"2025-05-19T11:39:23+00:00\",\"breadcrumb\":{\"@id\":\"https:\/\/merelinn.com\/lv\/product\/clean-up-kit-for-dust-extractors\/#breadcrumb\"},\"inLanguage\":\"lv-LV\",\"potentialAction\":[{\"@type\":\"ReadAction\",\"target\":[\"https:\/\/merelinn.com\/lv\/product\/clean-up-kit-for-dust-extractors\/\"]}]},{\"@type\":\"ImageObject\",\"inLanguage\":\"lv-LV\",\"@id\":\"https:\/\/merelinn.com\/lv\/product\/clean-up-kit-for-dust-extractors\/#primaryimage\",\"url\":\"https:\/\/merelinn.com\/wp-content\/uploads\/2025\/05\/8999799111-002.jpg.webp\",\"contentUrl\":\"https:\/\/merelinn.com\/wp-content\/uploads\/2025\/05\/8999799111-002.jpg.webp\",\"width\":1200,\"height\":800},{\"@type\":\"BreadcrumbList\",\"@id\":\"https:\/\/merelinn.com\/lv\/product\/clean-up-kit-for-dust-extractors\/#breadcrumb\",\"itemListElement\":[{\"@type\":\"ListItem\",\"position\":1,\"name\":\"M\u0101jas lapa\",\"item\":\"https:\/\/merelinn.com\/lv\/\"},{\"@type\":\"ListItem\",\"position\":2,\"name\":\"Veikals\",\"item\":\"https:\/\/merelinn.com\/lv\/?page_id=1551\"},{\"@type\":\"ListItem\",\"position\":3,\"name\":\"Mirka instrumenti\",\"item\":\"https:\/\/merelinn.com\/lv\/product-category\/mirka-tools-lv\/\"},{\"@type\":\"ListItem\",\"position\":4,\"name\":\"Putek\u013cu sav\u0101c\u0113ji\",\"item\":\"https:\/\/merelinn.com\/lv\/product-category\/mirka-tools-lv\/dust-extractors-lv\/\"},{\"@type\":\"ListItem\",\"position\":5,\"name\":\"Clean-Up Kit for Dust Extractors\"}]},{\"@type\":\"WebSite\",\"@id\":\"https:\/\/merelinn.com\/lv\/#website\",\"url\":\"https:\/\/merelinn.com\/lv\/\",\"name\":\"Merelinn\",\"description\":\"\",\"potentialAction\":[{\"@type\":\"SearchAction\",\"target\":{\"@type\":\"EntryPoint\",\"urlTemplate\":\"https:\/\/merelinn.com\/lv\/?s={search_term_string}\"},\"query-input\":{\"@type\":\"PropertyValueSpecification\",\"valueRequired\":true,\"valueName\":\"search_term_string\"}}],\"inLanguage\":\"lv-LV\"}]}<\/script>\n<!-- \/ Yoast SEO plugin. -->","yoast_head_json":{"title":"Clean-Up Kit for Dust Extractors - Merelinn","robots":{"index":"noindex","follow":"follow","max-snippet":"max-snippet:-1","max-image-preview":"max-image-preview:large","max-video-preview":"max-video-preview:-1"},"og_locale":"lv_LV","og_type":"article","og_title":"Clean-Up Kit for Dust Extractors - Merelinn","og_description":"A clean-up kit with a brush nozzle for dust extractors. The brush nozzle makes the kit more versatile. The hose is 4 m (\u00d8 32mm) and the length for the stainless steel tubes is 500 mm x 2.","og_url":"https:\/\/merelinn.com\/lv\/product\/clean-up-kit-for-dust-extractors\/","og_site_name":"Merelinn","article_modified_time":"2025-05-19T11:39:23+00:00","og_image":[{"width":1200,"height":800,"url":"https:\/\/merelinn.com\/wp-content\/uploads\/2025\/05\/8999799111-002.jpg.webp","type":"image\/webp"}],"twitter_card":"summary_large_image","twitter_misc":{"Est. reading time":"1 minute"},"schema":{"@context":"https:\/\/schema.org","@graph":[{"@type":"WebPage","@id":"https:\/\/merelinn.com\/lv\/product\/clean-up-kit-for-dust-extractors\/","url":"https:\/\/merelinn.com\/lv\/product\/clean-up-kit-for-dust-extractors\/","name":"Clean-Up Kit for Dust Extractors - Merelinn","isPartOf":{"@id":"https:\/\/merelinn.com\/lv\/#website"},"primaryImageOfPage":{"@id":"https:\/\/merelinn.com\/lv\/product\/clean-up-kit-for-dust-extractors\/#primaryimage"},"image":{"@id":"https:\/\/merelinn.com\/lv\/product\/clean-up-kit-for-dust-extractors\/#primaryimage"},"thumbnailUrl":"https:\/\/merelinn.com\/wp-content\/uploads\/2025\/05\/8999799111-002.jpg.webp","datePublished":"2025-05-19T11:37:25+00:00","dateModified":"2025-05-19T11:39:23+00:00","breadcrumb":{"@id":"https:\/\/merelinn.com\/lv\/product\/clean-up-kit-for-dust-extractors\/#breadcrumb"},"inLanguage":"lv-LV","potentialAction":[{"@type":"ReadAction","target":["https:\/\/merelinn.com\/lv\/product\/clean-up-kit-for-dust-extractors\/"]}]},{"@type":"ImageObject","inLanguage":"lv-LV","@id":"https:\/\/merelinn.com\/lv\/product\/clean-up-kit-for-dust-extractors\/#primaryimage","url":"https:\/\/merelinn.com\/wp-content\/uploads\/2025\/05\/8999799111-002.jpg.webp","contentUrl":"https:\/\/merelinn.com\/wp-content\/uploads\/2025\/05\/8999799111-002.jpg.webp","width":1200,"height":800},{"@type":"BreadcrumbList","@id":"https:\/\/merelinn.com\/lv\/product\/clean-up-kit-for-dust-extractors\/#breadcrumb","itemListElement":[{"@type":"ListItem","position":1,"name":"M\u0101jas lapa","item":"https:\/\/merelinn.com\/lv\/"},{"@type":"ListItem","position":2,"name":"Veikals","item":"https:\/\/merelinn.com\/lv\/?page_id=1551"},{"@type":"ListItem","position":3,"name":"Mirka instrumenti","item":"https:\/\/merelinn.com\/lv\/product-category\/mirka-tools-lv\/"},{"@type":"ListItem","position":4,"name":"Putek\u013cu sav\u0101c\u0113ji","item":"https:\/\/merelinn.com\/lv\/product-category\/mirka-tools-lv\/dust-extractors-lv\/"},{"@type":"ListItem","position":5,"name":"Clean-Up Kit for Dust Extractors"}]},{"@type":"WebSite","@id":"https:\/\/merelinn.com\/lv\/#website","url":"https:\/\/merelinn.com\/lv\/","name":"Merelinn","description":"","potentialAction":[{"@type":"SearchAction","target":{"@type":"EntryPoint","urlTemplate":"https:\/\/merelinn.com\/lv\/?s={search_term_string}"},"query-input":{"@type":"PropertyValueSpecification","valueRequired":true,"valueName":"search_term_string"}}],"inLanguage":"lv-LV"}]}},"_links":{"self":[{"href":"https:\/\/merelinn.com\/lv\/wp-json\/wp\/v2\/product\/7143","targetHints":{"allow":["GET"]}}],"collection":[{"href":"https:\/\/merelinn.com\/lv\/wp-json\/wp\/v2\/product"}],"about":[{"href":"https:\/\/merelinn.com\/lv\/wp-json\/wp\/v2\/types\/product"}],"replies":[{"embeddable":true,"href":"https:\/\/merelinn.com\/lv\/wp-json\/wp\/v2\/comments?post=7143"}],"version-history":[{"count":2,"href":"https:\/\/merelinn.com\/lv\/wp-json\/wp\/v2\/product\/7143\/revisions"}],"predecessor-version":[{"id":7152,"href":"https:\/\/merelinn.com\/lv\/wp-json\/wp\/v2\/product\/7143\/revisions\/7152"}],"wp:featuredmedia":[{"embeddable":true,"href":"https:\/\/merelinn.com\/lv\/wp-json\/wp\/v2\/media\/7137"}],"wp:attachment":[{"href":"https:\/\/merelinn.com\/lv\/wp-json\/wp\/v2\/media?parent=7143"}],"wp:term":[{"taxonomy":"product_brand","embeddable":true,"href":"https:\/\/merelinn.com\/lv\/wp-json\/wp\/v2\/product_brand?post=7143"},{"taxonomy":"product_cat","embeddable":true,"href":"https:\/\/merelinn.com\/lv\/wp-json\/wp\/v2\/product_cat?post=7143"},{"taxonomy":"product_tag","embeddable":true,"href":"https:\/\/merelinn.com\/lv\/wp-json\/wp\/v2\/product_tag?post=7143"}],"curies":[{"name":"wp","href":"https:\/\/api.w.org\/{rel}","templated":true}]}}