{"id":7058,"date":"2025-05-19T13:18:05","date_gmt":"2025-05-19T10:18:05","guid":{"rendered":"https:\/\/merelinn.com\/product\/mirka-dust-extractor-1230-m\/"},"modified":"2025-05-19T13:21:17","modified_gmt":"2025-05-19T10:21:17","slug":"mirka-dust-extractor-1230-m","status":"publish","type":"product","link":"https:\/\/merelinn.com\/lv\/product\/mirka-dust-extractor-1230-m\/","title":{"rendered":"Mirka\u00ae Dust Extractor 1230 M"},"content":{"rendered":"<p>This professional M-class dust extractor has a high performance motor and turbine, which creates 250 mbar vacuum and 4 500 l\/min air flow.<\/p>\n<p>The AutoStart function increases the lifetime of the motor and reduces noise. Flat top with space for storage and large wheels for better maneuverability.<\/p>\n<p>Filter cleaning (Automatic or Push&amp;Clean, depending on model) for convenience and consistent performance, as well as an air-flow sensor which indicates when air flow falls below optimal. Hose and cable storage for more comfortable transportation.<\/p>\n<p>A fleece dust bag is also included. Mirka antistatic hose recommended (not included).<\/p>\n","protected":false},"excerpt":{"rendered":"<p>This professional M-class dust extractor has a high performance motor and turbine, which creates 250 mbar vacuum and 4 500 l\/min air flow.<\/p>\n","protected":false},"featured_media":7123,"comment_status":"open","ping_status":"closed","template":"","meta":{"_acf_changed":false},"product_brand":[252],"product_cat":[224],"product_tag":[],"class_list":{"0":"post-7058","1":"product","2":"type-product","3":"status-publish","4":"has-post-thumbnail","6":"product_brand-mirka","7":"product_cat-dust-extractors-lv","9":"first","10":"instock","11":"taxable","12":"shipping-taxable","13":"purchasable","14":"product-type-simple"},"acf":[],"yoast_head":"<!-- This site is optimized with the Yoast SEO plugin v25.1 - https:\/\/yoast.com\/wordpress\/plugins\/seo\/ -->\n<title>Mirka\u00ae Dust Extractor 1230 M - Merelinn<\/title>\n<meta name=\"robots\" content=\"noindex, follow, max-snippet:-1, max-image-preview:large, max-video-preview:-1\" \/>\n<meta property=\"og:locale\" content=\"lv_LV\" \/>\n<meta property=\"og:type\" content=\"article\" \/>\n<meta property=\"og:title\" content=\"Mirka\u00ae Dust Extractor 1230 M - Merelinn\" \/>\n<meta property=\"og:description\" content=\"This professional M-class dust extractor has a high performance motor and turbine, which creates 250 mbar vacuum and 4 500 l\/min air flow.\" \/>\n<meta property=\"og:url\" content=\"https:\/\/merelinn.com\/lv\/product\/mirka-dust-extractor-1230-m\/\" \/>\n<meta property=\"og:site_name\" content=\"Merelinn\" \/>\n<meta property=\"article:modified_time\" content=\"2025-05-19T10:21:17+00:00\" \/>\n<meta name=\"twitter:card\" content=\"summary_large_image\" \/>\n<meta name=\"twitter:label1\" content=\"Est. reading time\" \/>\n\t<meta name=\"twitter:data1\" content=\"1 minute\" \/>\n<script type=\"application\/ld+json\" class=\"yoast-schema-graph\">{\"@context\":\"https:\/\/schema.org\",\"@graph\":[{\"@type\":\"WebPage\",\"@id\":\"https:\/\/merelinn.com\/lv\/product\/mirka-dust-extractor-1230-m\/\",\"url\":\"https:\/\/merelinn.com\/lv\/product\/mirka-dust-extractor-1230-m\/\",\"name\":\"Mirka\u00ae Dust Extractor 1230 M - Merelinn\",\"isPartOf\":{\"@id\":\"https:\/\/merelinn.com\/lv\/#website\"},\"primaryImageOfPage\":{\"@id\":\"https:\/\/merelinn.com\/lv\/product\/mirka-dust-extractor-1230-m\/#primaryimage\"},\"image\":{\"@id\":\"https:\/\/merelinn.com\/lv\/product\/mirka-dust-extractor-1230-m\/#primaryimage\"},\"thumbnailUrl\":\"https:\/\/merelinn.com\/wp-content\/uploads\/2025\/05\/8999220111.jpg.webp\",\"datePublished\":\"2025-05-19T10:18:05+00:00\",\"dateModified\":\"2025-05-19T10:21:17+00:00\",\"breadcrumb\":{\"@id\":\"https:\/\/merelinn.com\/lv\/product\/mirka-dust-extractor-1230-m\/#breadcrumb\"},\"inLanguage\":\"lv-LV\",\"potentialAction\":[{\"@type\":\"ReadAction\",\"target\":[\"https:\/\/merelinn.com\/lv\/product\/mirka-dust-extractor-1230-m\/\"]}]},{\"@type\":\"ImageObject\",\"inLanguage\":\"lv-LV\",\"@id\":\"https:\/\/merelinn.com\/lv\/product\/mirka-dust-extractor-1230-m\/#primaryimage\",\"url\":\"https:\/\/merelinn.com\/wp-content\/uploads\/2025\/05\/8999220111.jpg.webp\",\"contentUrl\":\"https:\/\/merelinn.com\/wp-content\/uploads\/2025\/05\/8999220111.jpg.webp\",\"width\":1200,\"height\":1200},{\"@type\":\"BreadcrumbList\",\"@id\":\"https:\/\/merelinn.com\/lv\/product\/mirka-dust-extractor-1230-m\/#breadcrumb\",\"itemListElement\":[{\"@type\":\"ListItem\",\"position\":1,\"name\":\"M\u0101jas lapa\",\"item\":\"https:\/\/merelinn.com\/lv\/\"},{\"@type\":\"ListItem\",\"position\":2,\"name\":\"Veikals\",\"item\":\"https:\/\/merelinn.com\/lv\/?page_id=1551\"},{\"@type\":\"ListItem\",\"position\":3,\"name\":\"Mirka instrumenti\",\"item\":\"https:\/\/merelinn.com\/lv\/product-category\/mirka-tools-lv\/\"},{\"@type\":\"ListItem\",\"position\":4,\"name\":\"Putek\u013cu sav\u0101c\u0113ji\",\"item\":\"https:\/\/merelinn.com\/lv\/product-category\/mirka-tools-lv\/dust-extractors-lv\/\"},{\"@type\":\"ListItem\",\"position\":5,\"name\":\"Mirka\u00ae Dust Extractor 1230 M\"}]},{\"@type\":\"WebSite\",\"@id\":\"https:\/\/merelinn.com\/lv\/#website\",\"url\":\"https:\/\/merelinn.com\/lv\/\",\"name\":\"Merelinn\",\"description\":\"\",\"potentialAction\":[{\"@type\":\"SearchAction\",\"target\":{\"@type\":\"EntryPoint\",\"urlTemplate\":\"https:\/\/merelinn.com\/lv\/?s={search_term_string}\"},\"query-input\":{\"@type\":\"PropertyValueSpecification\",\"valueRequired\":true,\"valueName\":\"search_term_string\"}}],\"inLanguage\":\"lv-LV\"}]}<\/script>\n<!-- \/ Yoast SEO plugin. -->","yoast_head_json":{"title":"Mirka\u00ae Dust Extractor 1230 M - Merelinn","robots":{"index":"noindex","follow":"follow","max-snippet":"max-snippet:-1","max-image-preview":"max-image-preview:large","max-video-preview":"max-video-preview:-1"},"og_locale":"lv_LV","og_type":"article","og_title":"Mirka\u00ae Dust Extractor 1230 M - Merelinn","og_description":"This professional M-class dust extractor has a high performance motor and turbine, which creates 250 mbar vacuum and 4 500 l\/min air flow.","og_url":"https:\/\/merelinn.com\/lv\/product\/mirka-dust-extractor-1230-m\/","og_site_name":"Merelinn","article_modified_time":"2025-05-19T10:21:17+00:00","twitter_card":"summary_large_image","twitter_misc":{"Est. reading time":"1 minute"},"schema":{"@context":"https:\/\/schema.org","@graph":[{"@type":"WebPage","@id":"https:\/\/merelinn.com\/lv\/product\/mirka-dust-extractor-1230-m\/","url":"https:\/\/merelinn.com\/lv\/product\/mirka-dust-extractor-1230-m\/","name":"Mirka\u00ae Dust Extractor 1230 M - Merelinn","isPartOf":{"@id":"https:\/\/merelinn.com\/lv\/#website"},"primaryImageOfPage":{"@id":"https:\/\/merelinn.com\/lv\/product\/mirka-dust-extractor-1230-m\/#primaryimage"},"image":{"@id":"https:\/\/merelinn.com\/lv\/product\/mirka-dust-extractor-1230-m\/#primaryimage"},"thumbnailUrl":"https:\/\/merelinn.com\/wp-content\/uploads\/2025\/05\/8999220111.jpg.webp","datePublished":"2025-05-19T10:18:05+00:00","dateModified":"2025-05-19T10:21:17+00:00","breadcrumb":{"@id":"https:\/\/merelinn.com\/lv\/product\/mirka-dust-extractor-1230-m\/#breadcrumb"},"inLanguage":"lv-LV","potentialAction":[{"@type":"ReadAction","target":["https:\/\/merelinn.com\/lv\/product\/mirka-dust-extractor-1230-m\/"]}]},{"@type":"ImageObject","inLanguage":"lv-LV","@id":"https:\/\/merelinn.com\/lv\/product\/mirka-dust-extractor-1230-m\/#primaryimage","url":"https:\/\/merelinn.com\/wp-content\/uploads\/2025\/05\/8999220111.jpg.webp","contentUrl":"https:\/\/merelinn.com\/wp-content\/uploads\/2025\/05\/8999220111.jpg.webp","width":1200,"height":1200},{"@type":"BreadcrumbList","@id":"https:\/\/merelinn.com\/lv\/product\/mirka-dust-extractor-1230-m\/#breadcrumb","itemListElement":[{"@type":"ListItem","position":1,"name":"M\u0101jas lapa","item":"https:\/\/merelinn.com\/lv\/"},{"@type":"ListItem","position":2,"name":"Veikals","item":"https:\/\/merelinn.com\/lv\/?page_id=1551"},{"@type":"ListItem","position":3,"name":"Mirka instrumenti","item":"https:\/\/merelinn.com\/lv\/product-category\/mirka-tools-lv\/"},{"@type":"ListItem","position":4,"name":"Putek\u013cu sav\u0101c\u0113ji","item":"https:\/\/merelinn.com\/lv\/product-category\/mirka-tools-lv\/dust-extractors-lv\/"},{"@type":"ListItem","position":5,"name":"Mirka\u00ae Dust Extractor 1230 M"}]},{"@type":"WebSite","@id":"https:\/\/merelinn.com\/lv\/#website","url":"https:\/\/merelinn.com\/lv\/","name":"Merelinn","description":"","potentialAction":[{"@type":"SearchAction","target":{"@type":"EntryPoint","urlTemplate":"https:\/\/merelinn.com\/lv\/?s={search_term_string}"},"query-input":{"@type":"PropertyValueSpecification","valueRequired":true,"valueName":"search_term_string"}}],"inLanguage":"lv-LV"}]}},"_links":{"self":[{"href":"https:\/\/merelinn.com\/lv\/wp-json\/wp\/v2\/product\/7058","targetHints":{"allow":["GET"]}}],"collection":[{"href":"https:\/\/merelinn.com\/lv\/wp-json\/wp\/v2\/product"}],"about":[{"href":"https:\/\/merelinn.com\/lv\/wp-json\/wp\/v2\/types\/product"}],"replies":[{"embeddable":true,"href":"https:\/\/merelinn.com\/lv\/wp-json\/wp\/v2\/comments?post=7058"}],"version-history":[{"count":1,"href":"https:\/\/merelinn.com\/lv\/wp-json\/wp\/v2\/product\/7058\/revisions"}],"predecessor-version":[{"id":7064,"href":"https:\/\/merelinn.com\/lv\/wp-json\/wp\/v2\/product\/7058\/revisions\/7064"}],"wp:featuredmedia":[{"embeddable":true,"href":"https:\/\/merelinn.com\/lv\/wp-json\/wp\/v2\/media\/7123"}],"wp:attachment":[{"href":"https:\/\/merelinn.com\/lv\/wp-json\/wp\/v2\/media?parent=7058"}],"wp:term":[{"taxonomy":"product_brand","embeddable":true,"href":"https:\/\/merelinn.com\/lv\/wp-json\/wp\/v2\/product_brand?post=7058"},{"taxonomy":"product_cat","embeddable":true,"href":"https:\/\/merelinn.com\/lv\/wp-json\/wp\/v2\/product_cat?post=7058"},{"taxonomy":"product_tag","embeddable":true,"href":"https:\/\/merelinn.com\/lv\/wp-json\/wp\/v2\/product_tag?post=7058"}],"curies":[{"name":"wp","href":"https:\/\/api.w.org\/{rel}","templated":true}]}}