{"id":6783,"date":"2025-05-17T14:52:09","date_gmt":"2025-05-17T11:52:09","guid":{"rendered":"https:\/\/merelinn.com\/product\/mirka-deos-ii-663-eu-delta-100-mm-x-152-mm-x-152-mm-orbit-3-0-mm\/"},"modified":"2025-05-17T14:55:57","modified_gmt":"2025-05-17T11:55:57","slug":"mirka-deos-ii-663-eu-delta-100-mm-x-152-mm-x-152-mm-orbit-3-0-mm","status":"publish","type":"product","link":"https:\/\/merelinn.com\/lv\/product\/mirka-deos-ii-663-eu-delta-100-mm-x-152-mm-x-152-mm-orbit-3-0-mm\/","title":{"rendered":"Mirka\u00ae DEOS II 663 EU Delta 100 mm x 152 mm x 152 mm, orbit 3.0 mm"},"content":{"rendered":"<p><strong>The Mirka\u00ae DEOS II Delta 663<\/strong> is a triangular delta shaped direct electric orbital sander. The triangular delta shape makes it ideal for precise and efficient sanding of corners, profiles, vertical and hard-to-reach areas at any angle. Designed for use in woodworking and decorative painting.<\/p>\n<p>The powerful next generation Mirka\u00ae DEOS II continues the story of the successful orbital sander with numerous improvements for the user.<\/p>\n<p>At only 10 cm high, the tool\u2019s compact and very low profile gives a high manoeuvrability and helps deliver a precise and efficient sanding performance. The ergonomic design, low vibrations and low noise level ensures that the sander can be used comfortably for long periods without fatigue.<\/p>\n<p>The operator can easily adjust the sanding speed: in addition to the easy-to-operate lever, the Mirka DEOS II also features clearly visible LED indicators for the speed selector and a separate on\/off switch.<\/p>\n<p>The long-life and high efficiency brushless motor of the Mirka DEOS II maintains a consistent speed and can effortlessly tackle also demanding sanding jobs. As part of the Mirka dust-free sanding solution, the Mirka DEOS in combination with a Mirka dust extractor enables efficient dust-free sanding. Bluetooth connectivity allows seamless integration with the myMirka app for vibration exposure monitoring, as well as other additional sander settings and features.<\/p>\n<p>Key features of Mirka\u00ae DEOS II:<\/p>\n<ul>\n<li>Powerful and great performance.<\/li>\n<li>The compact and low profile gives full control over the sanding process.<\/li>\n<li>Ergonomic design and high operator comfort.<\/li>\n<li>Easy-to-operate lever for adjusting sanding speed with clearly visible LED indicators for the RPM.<\/li>\n<li>Enables efficient dust-free sanding.<\/li>\n<li>High-efficiency and long-life brushless motor.<\/li>\n<li>Bluetooth connectivity and vibration exposure monitoring.<\/li>\n<\/ul>\n","protected":false},"excerpt":{"rendered":"<p><strong>The Mirka\u00ae DEOS II Delta 663<\/strong> is a triangular delta shaped direct electric orbital sander. The triangular delta shape makes it ideal for precise and efficient sanding of corners, profiles, vertical and hard-to-reach areas at any angle. Designed for use in woodworking and decorative painting.<\/p>\n","protected":false},"featured_media":6765,"comment_status":"open","ping_status":"closed","template":"","meta":{"_acf_changed":false},"product_brand":[252],"product_cat":[149],"product_tag":[113],"class_list":{"0":"post-6783","1":"product","2":"type-product","3":"status-publish","4":"has-post-thumbnail","6":"product_brand-mirka","7":"product_cat-electric-sanders-lv","8":"product_tag-populars","10":"first","11":"instock","12":"taxable","13":"shipping-taxable","14":"purchasable","15":"product-type-simple"},"acf":[],"yoast_head":"<!-- This site is optimized with the Yoast SEO plugin v25.1 - https:\/\/yoast.com\/wordpress\/plugins\/seo\/ -->\n<title>Mirka\u00ae DEOS II 663 EU Delta 100 mm x 152 mm x 152 mm, orbit 3.0 mm - Merelinn<\/title>\n<meta name=\"robots\" content=\"noindex, follow, max-snippet:-1, max-image-preview:large, max-video-preview:-1\" \/>\n<meta property=\"og:locale\" content=\"lv_LV\" \/>\n<meta property=\"og:type\" content=\"article\" \/>\n<meta property=\"og:title\" content=\"Mirka\u00ae DEOS II 663 EU Delta 100 mm x 152 mm x 152 mm, orbit 3.0 mm - Merelinn\" \/>\n<meta property=\"og:description\" content=\"The Mirka\u00ae DEOS II Delta 663 is a triangular delta shaped direct electric orbital sander. The triangular delta shape makes it ideal for precise and efficient sanding of corners, profiles, vertical and hard-to-reach areas at any angle. Designed for use in woodworking and decorative painting.\" \/>\n<meta property=\"og:url\" content=\"https:\/\/merelinn.com\/lv\/product\/mirka-deos-ii-663-eu-delta-100-mm-x-152-mm-x-152-mm-orbit-3-0-mm\/\" \/>\n<meta property=\"og:site_name\" content=\"Merelinn\" \/>\n<meta property=\"article:modified_time\" content=\"2025-05-17T11:55:57+00:00\" \/>\n<meta property=\"og:image\" content=\"https:\/\/merelinn.com\/wp-content\/uploads\/2025\/05\/MID6634044a.jpg.webp\" \/>\n\t<meta property=\"og:image:width\" content=\"1200\" \/>\n\t<meta property=\"og:image:height\" content=\"1200\" \/>\n\t<meta property=\"og:image:type\" content=\"image\/webp\" \/>\n<meta name=\"twitter:card\" content=\"summary_large_image\" \/>\n<meta name=\"twitter:label1\" content=\"Est. reading time\" \/>\n\t<meta name=\"twitter:data1\" content=\"2 minutes\" \/>\n<script type=\"application\/ld+json\" class=\"yoast-schema-graph\">{\"@context\":\"https:\/\/schema.org\",\"@graph\":[{\"@type\":\"WebPage\",\"@id\":\"https:\/\/merelinn.com\/lv\/product\/mirka-deos-ii-663-eu-delta-100-mm-x-152-mm-x-152-mm-orbit-3-0-mm\/\",\"url\":\"https:\/\/merelinn.com\/lv\/product\/mirka-deos-ii-663-eu-delta-100-mm-x-152-mm-x-152-mm-orbit-3-0-mm\/\",\"name\":\"Mirka\u00ae DEOS II 663 EU Delta 100 mm x 152 mm x 152 mm, orbit 3.0 mm - Merelinn\",\"isPartOf\":{\"@id\":\"https:\/\/merelinn.com\/lv\/#website\"},\"primaryImageOfPage\":{\"@id\":\"https:\/\/merelinn.com\/lv\/product\/mirka-deos-ii-663-eu-delta-100-mm-x-152-mm-x-152-mm-orbit-3-0-mm\/#primaryimage\"},\"image\":{\"@id\":\"https:\/\/merelinn.com\/lv\/product\/mirka-deos-ii-663-eu-delta-100-mm-x-152-mm-x-152-mm-orbit-3-0-mm\/#primaryimage\"},\"thumbnailUrl\":\"https:\/\/merelinn.com\/wp-content\/uploads\/2025\/05\/MID6634044a.jpg.webp\",\"datePublished\":\"2025-05-17T11:52:09+00:00\",\"dateModified\":\"2025-05-17T11:55:57+00:00\",\"breadcrumb\":{\"@id\":\"https:\/\/merelinn.com\/lv\/product\/mirka-deos-ii-663-eu-delta-100-mm-x-152-mm-x-152-mm-orbit-3-0-mm\/#breadcrumb\"},\"inLanguage\":\"lv-LV\",\"potentialAction\":[{\"@type\":\"ReadAction\",\"target\":[\"https:\/\/merelinn.com\/lv\/product\/mirka-deos-ii-663-eu-delta-100-mm-x-152-mm-x-152-mm-orbit-3-0-mm\/\"]}]},{\"@type\":\"ImageObject\",\"inLanguage\":\"lv-LV\",\"@id\":\"https:\/\/merelinn.com\/lv\/product\/mirka-deos-ii-663-eu-delta-100-mm-x-152-mm-x-152-mm-orbit-3-0-mm\/#primaryimage\",\"url\":\"https:\/\/merelinn.com\/wp-content\/uploads\/2025\/05\/MID6634044a.jpg.webp\",\"contentUrl\":\"https:\/\/merelinn.com\/wp-content\/uploads\/2025\/05\/MID6634044a.jpg.webp\",\"width\":1200,\"height\":1200},{\"@type\":\"BreadcrumbList\",\"@id\":\"https:\/\/merelinn.com\/lv\/product\/mirka-deos-ii-663-eu-delta-100-mm-x-152-mm-x-152-mm-orbit-3-0-mm\/#breadcrumb\",\"itemListElement\":[{\"@type\":\"ListItem\",\"position\":1,\"name\":\"M\u0101jas lapa\",\"item\":\"https:\/\/merelinn.com\/lv\/\"},{\"@type\":\"ListItem\",\"position\":2,\"name\":\"Veikals\",\"item\":\"https:\/\/merelinn.com\/lv\/?page_id=1551\"},{\"@type\":\"ListItem\",\"position\":3,\"name\":\"Mirka instrumenti\",\"item\":\"https:\/\/merelinn.com\/lv\/product-category\/mirka-tools-lv\/\"},{\"@type\":\"ListItem\",\"position\":4,\"name\":\"Elektrisk\u0101s sl\u012bpma\u0161\u012bnas\",\"item\":\"https:\/\/merelinn.com\/lv\/product-category\/mirka-tools-lv\/electric-sanders-lv\/\"},{\"@type\":\"ListItem\",\"position\":5,\"name\":\"Mirka\u00ae DEOS II 663 EU Delta 100 mm x 152 mm x 152 mm, orbit 3.0 mm\"}]},{\"@type\":\"WebSite\",\"@id\":\"https:\/\/merelinn.com\/lv\/#website\",\"url\":\"https:\/\/merelinn.com\/lv\/\",\"name\":\"Merelinn\",\"description\":\"\",\"potentialAction\":[{\"@type\":\"SearchAction\",\"target\":{\"@type\":\"EntryPoint\",\"urlTemplate\":\"https:\/\/merelinn.com\/lv\/?s={search_term_string}\"},\"query-input\":{\"@type\":\"PropertyValueSpecification\",\"valueRequired\":true,\"valueName\":\"search_term_string\"}}],\"inLanguage\":\"lv-LV\"}]}<\/script>\n<!-- \/ Yoast SEO plugin. -->","yoast_head_json":{"title":"Mirka\u00ae DEOS II 663 EU Delta 100 mm x 152 mm x 152 mm, orbit 3.0 mm - Merelinn","robots":{"index":"noindex","follow":"follow","max-snippet":"max-snippet:-1","max-image-preview":"max-image-preview:large","max-video-preview":"max-video-preview:-1"},"og_locale":"lv_LV","og_type":"article","og_title":"Mirka\u00ae DEOS II 663 EU Delta 100 mm x 152 mm x 152 mm, orbit 3.0 mm - Merelinn","og_description":"The Mirka\u00ae DEOS II Delta 663 is a triangular delta shaped direct electric orbital sander. The triangular delta shape makes it ideal for precise and efficient sanding of corners, profiles, vertical and hard-to-reach areas at any angle. Designed for use in woodworking and decorative painting.","og_url":"https:\/\/merelinn.com\/lv\/product\/mirka-deos-ii-663-eu-delta-100-mm-x-152-mm-x-152-mm-orbit-3-0-mm\/","og_site_name":"Merelinn","article_modified_time":"2025-05-17T11:55:57+00:00","og_image":[{"width":1200,"height":1200,"url":"https:\/\/merelinn.com\/wp-content\/uploads\/2025\/05\/MID6634044a.jpg.webp","type":"image\/webp"}],"twitter_card":"summary_large_image","twitter_misc":{"Est. reading time":"2 minutes"},"schema":{"@context":"https:\/\/schema.org","@graph":[{"@type":"WebPage","@id":"https:\/\/merelinn.com\/lv\/product\/mirka-deos-ii-663-eu-delta-100-mm-x-152-mm-x-152-mm-orbit-3-0-mm\/","url":"https:\/\/merelinn.com\/lv\/product\/mirka-deos-ii-663-eu-delta-100-mm-x-152-mm-x-152-mm-orbit-3-0-mm\/","name":"Mirka\u00ae DEOS II 663 EU Delta 100 mm x 152 mm x 152 mm, orbit 3.0 mm - Merelinn","isPartOf":{"@id":"https:\/\/merelinn.com\/lv\/#website"},"primaryImageOfPage":{"@id":"https:\/\/merelinn.com\/lv\/product\/mirka-deos-ii-663-eu-delta-100-mm-x-152-mm-x-152-mm-orbit-3-0-mm\/#primaryimage"},"image":{"@id":"https:\/\/merelinn.com\/lv\/product\/mirka-deos-ii-663-eu-delta-100-mm-x-152-mm-x-152-mm-orbit-3-0-mm\/#primaryimage"},"thumbnailUrl":"https:\/\/merelinn.com\/wp-content\/uploads\/2025\/05\/MID6634044a.jpg.webp","datePublished":"2025-05-17T11:52:09+00:00","dateModified":"2025-05-17T11:55:57+00:00","breadcrumb":{"@id":"https:\/\/merelinn.com\/lv\/product\/mirka-deos-ii-663-eu-delta-100-mm-x-152-mm-x-152-mm-orbit-3-0-mm\/#breadcrumb"},"inLanguage":"lv-LV","potentialAction":[{"@type":"ReadAction","target":["https:\/\/merelinn.com\/lv\/product\/mirka-deos-ii-663-eu-delta-100-mm-x-152-mm-x-152-mm-orbit-3-0-mm\/"]}]},{"@type":"ImageObject","inLanguage":"lv-LV","@id":"https:\/\/merelinn.com\/lv\/product\/mirka-deos-ii-663-eu-delta-100-mm-x-152-mm-x-152-mm-orbit-3-0-mm\/#primaryimage","url":"https:\/\/merelinn.com\/wp-content\/uploads\/2025\/05\/MID6634044a.jpg.webp","contentUrl":"https:\/\/merelinn.com\/wp-content\/uploads\/2025\/05\/MID6634044a.jpg.webp","width":1200,"height":1200},{"@type":"BreadcrumbList","@id":"https:\/\/merelinn.com\/lv\/product\/mirka-deos-ii-663-eu-delta-100-mm-x-152-mm-x-152-mm-orbit-3-0-mm\/#breadcrumb","itemListElement":[{"@type":"ListItem","position":1,"name":"M\u0101jas lapa","item":"https:\/\/merelinn.com\/lv\/"},{"@type":"ListItem","position":2,"name":"Veikals","item":"https:\/\/merelinn.com\/lv\/?page_id=1551"},{"@type":"ListItem","position":3,"name":"Mirka instrumenti","item":"https:\/\/merelinn.com\/lv\/product-category\/mirka-tools-lv\/"},{"@type":"ListItem","position":4,"name":"Elektrisk\u0101s sl\u012bpma\u0161\u012bnas","item":"https:\/\/merelinn.com\/lv\/product-category\/mirka-tools-lv\/electric-sanders-lv\/"},{"@type":"ListItem","position":5,"name":"Mirka\u00ae DEOS II 663 EU Delta 100 mm x 152 mm x 152 mm, orbit 3.0 mm"}]},{"@type":"WebSite","@id":"https:\/\/merelinn.com\/lv\/#website","url":"https:\/\/merelinn.com\/lv\/","name":"Merelinn","description":"","potentialAction":[{"@type":"SearchAction","target":{"@type":"EntryPoint","urlTemplate":"https:\/\/merelinn.com\/lv\/?s={search_term_string}"},"query-input":{"@type":"PropertyValueSpecification","valueRequired":true,"valueName":"search_term_string"}}],"inLanguage":"lv-LV"}]}},"_links":{"self":[{"href":"https:\/\/merelinn.com\/lv\/wp-json\/wp\/v2\/product\/6783","targetHints":{"allow":["GET"]}}],"collection":[{"href":"https:\/\/merelinn.com\/lv\/wp-json\/wp\/v2\/product"}],"about":[{"href":"https:\/\/merelinn.com\/lv\/wp-json\/wp\/v2\/types\/product"}],"replies":[{"embeddable":true,"href":"https:\/\/merelinn.com\/lv\/wp-json\/wp\/v2\/comments?post=6783"}],"version-history":[{"count":1,"href":"https:\/\/merelinn.com\/lv\/wp-json\/wp\/v2\/product\/6783\/revisions"}],"predecessor-version":[{"id":6789,"href":"https:\/\/merelinn.com\/lv\/wp-json\/wp\/v2\/product\/6783\/revisions\/6789"}],"wp:featuredmedia":[{"embeddable":true,"href":"https:\/\/merelinn.com\/lv\/wp-json\/wp\/v2\/media\/6765"}],"wp:attachment":[{"href":"https:\/\/merelinn.com\/lv\/wp-json\/wp\/v2\/media?parent=6783"}],"wp:term":[{"taxonomy":"product_brand","embeddable":true,"href":"https:\/\/merelinn.com\/lv\/wp-json\/wp\/v2\/product_brand?post=6783"},{"taxonomy":"product_cat","embeddable":true,"href":"https:\/\/merelinn.com\/lv\/wp-json\/wp\/v2\/product_cat?post=6783"},{"taxonomy":"product_tag","embeddable":true,"href":"https:\/\/merelinn.com\/lv\/wp-json\/wp\/v2\/product_tag?post=6783"}],"curies":[{"name":"wp","href":"https:\/\/api.w.org\/{rel}","templated":true}]}}