{"id":6412,"date":"2025-05-16T15:33:44","date_gmt":"2025-05-16T12:33:44","guid":{"rendered":"https:\/\/merelinn.com\/product\/covered-loop-in-dyneema\/"},"modified":"2025-05-16T15:50:49","modified_gmt":"2025-05-16T12:50:49","slug":"covered-loop-in-dyneema","status":"publish","type":"product","link":"https:\/\/merelinn.com\/lv\/product\/covered-loop-in-dyneema\/","title":{"rendered":"Covered Loop in Dyneema\u00ae"},"content":{"rendered":"<p><b>Covered Loop in Dyneema\u00ae<\/b> \u2013 augst\u0101k\u0101s klases tekstila cilpa, kas izstr\u0101d\u0101ta vispras\u012bg\u0101kajiem bur\u0101\u0161anas apst\u0101k\u013ciem.<\/p>\n<p>Ide\u0101ls savienojums ar <b>Olli\u2122 Anti-Shock zemas berzes alum\u012bnija gredzenu<\/b>.<\/p>\n<p>Ar aizsarg\u0101jo\u0161u apvalku un Dyneema DSK99 serdi \u0161\u012b cilpa nodro\u0161ina izcilu iztur\u012bbu, ilgm\u016b\u017e\u012bbu un piel\u0101gojam\u012bbu.<\/p>\n<p><b>Galven\u0101s priek\u0161roc\u012bbas:<\/b><\/p>\n<ul>\n<li><b>Aizsargapvalks:<\/b><br \/>\nSpeci\u0101lais p\u0101rkl\u0101jums pasarg\u0101 no UV stariem, nodiluma un apk\u0101rt\u0113j\u0101s vides ietekmes \u2013 iev\u0113rojami paildzina kalpo\u0161anas laiku.<\/li>\n<li><b>Liela nestsp\u0113ja:<\/b><br \/>\nDyneema DSK99 serde garant\u0113 augstu iztur\u012bbu ar minim\u0101lu svaru.<\/li>\n<li><b>R\u016bp\u012bga meistar\u012bba:<\/b><br \/>\nKatru cilpu roku darb\u0101 izgatavo pieredz\u0113ju\u0161i amatnieki \u2013 maksim\u0101la kvalit\u0101te un uzticam\u012bba.<\/li>\n<\/ul>\n<p><b>Tehniskie parametri:<\/b><\/p>\n<ul>\n<li><b>Materi\u0101ls:<\/b> Dyneema DSK99 serde ar aizsargapvalku<\/li>\n<\/ul>\n<p><b>K\u0101p\u0113c izv\u0113l\u0113ties Covered Loop in Dyneema\u00ae:<\/b><\/p>\n<p>Bur\u0101\u0161an\u0101 apr\u012bkojuma uzticam\u012bba un iztur\u012bba ir vissvar\u012bg\u0101k\u0101. \u0160\u012b cilpa apvieno progres\u012bvus materi\u0101lus ar izcilu meistar\u012bbu, nodro\u0161inot dro\u0161\u012bbu un efektivit\u0101ti jebkuros apst\u0101k\u013cos.<\/p>\n<p><b>Ieguldiet kvalit\u0101t\u0113, kas atmaks\u0101jas uz \u016bdens.<br \/>\nPas\u016btiet Dyneema\u00ae cilpu jau \u0161odien un saj\u016btiet at\u0161\u0137ir\u012bbu katr\u0101 mezgl\u0101 un manevr\u0101!<\/b><\/p>\n","protected":false},"excerpt":{"rendered":"<p><b>Covered Loop in Dyneema\u00ae<\/b> \u2013 augst\u0101k\u0101s klases tekstila cilpa, kas izstr\u0101d\u0101ta vispras\u012bg\u0101kajiem bur\u0101\u0161anas apst\u0101k\u013ciem.<\/p>\n<p>Ide\u0101ls savienojums ar <b>Olli\u2122 Anti-Shock zemas berzes alum\u012bnija gredzenu<\/b>.<\/p>\n","protected":false},"featured_media":6386,"comment_status":"open","ping_status":"closed","template":"","meta":{"_acf_changed":false},"product_brand":[253],"product_cat":[179],"product_tag":[113],"class_list":{"0":"post-6412","1":"product","2":"type-product","3":"status-publish","4":"has-post-thumbnail","6":"product_brand-easysea","7":"product_cat-slings-lv","8":"product_tag-populars","10":"first","11":"instock","12":"taxable","13":"shipping-taxable","14":"purchasable","15":"product-type-variable"},"acf":[],"yoast_head":"<!-- This site is optimized with the Yoast SEO plugin v25.1 - https:\/\/yoast.com\/wordpress\/plugins\/seo\/ -->\n<title>Covered Loop in Dyneema\u00ae - Merelinn<\/title>\n<meta name=\"robots\" content=\"noindex, follow, max-snippet:-1, max-image-preview:large, max-video-preview:-1\" \/>\n<meta property=\"og:locale\" content=\"lv_LV\" \/>\n<meta property=\"og:type\" content=\"article\" \/>\n<meta property=\"og:title\" content=\"Covered Loop in Dyneema\u00ae - Merelinn\" \/>\n<meta property=\"og:description\" content=\"Covered Loop in Dyneema\u00ae \u2013 augst\u0101k\u0101s klases tekstila cilpa, kas izstr\u0101d\u0101ta vispras\u012bg\u0101kajiem bur\u0101\u0161anas apst\u0101k\u013ciem.  Ide\u0101ls savienojums ar Olli\u2122 Anti-Shock zemas berzes alum\u012bnija gredzenu.\" \/>\n<meta property=\"og:url\" content=\"https:\/\/merelinn.com\/lv\/product\/covered-loop-in-dyneema\/\" \/>\n<meta property=\"og:site_name\" content=\"Merelinn\" \/>\n<meta property=\"article:modified_time\" content=\"2025-05-16T12:50:49+00:00\" \/>\n<meta property=\"og:image\" content=\"https:\/\/merelinn.com\/wp-content\/uploads\/2025\/05\/2-2.png\" \/>\n\t<meta property=\"og:image:width\" content=\"1080\" \/>\n\t<meta property=\"og:image:height\" content=\"1080\" \/>\n\t<meta property=\"og:image:type\" content=\"image\/png\" \/>\n<meta name=\"twitter:card\" content=\"summary_large_image\" \/>\n<meta name=\"twitter:label1\" content=\"Est. reading time\" \/>\n\t<meta name=\"twitter:data1\" content=\"1 minute\" \/>\n<script type=\"application\/ld+json\" class=\"yoast-schema-graph\">{\"@context\":\"https:\/\/schema.org\",\"@graph\":[{\"@type\":\"WebPage\",\"@id\":\"https:\/\/merelinn.com\/lv\/product\/covered-loop-in-dyneema\/\",\"url\":\"https:\/\/merelinn.com\/lv\/product\/covered-loop-in-dyneema\/\",\"name\":\"Covered Loop in Dyneema\u00ae - Merelinn\",\"isPartOf\":{\"@id\":\"https:\/\/merelinn.com\/lv\/#website\"},\"primaryImageOfPage\":{\"@id\":\"https:\/\/merelinn.com\/lv\/product\/covered-loop-in-dyneema\/#primaryimage\"},\"image\":{\"@id\":\"https:\/\/merelinn.com\/lv\/product\/covered-loop-in-dyneema\/#primaryimage\"},\"thumbnailUrl\":\"https:\/\/merelinn.com\/wp-content\/uploads\/2025\/05\/2-2.png\",\"datePublished\":\"2025-05-16T12:33:44+00:00\",\"dateModified\":\"2025-05-16T12:50:49+00:00\",\"breadcrumb\":{\"@id\":\"https:\/\/merelinn.com\/lv\/product\/covered-loop-in-dyneema\/#breadcrumb\"},\"inLanguage\":\"lv-LV\",\"potentialAction\":[{\"@type\":\"ReadAction\",\"target\":[\"https:\/\/merelinn.com\/lv\/product\/covered-loop-in-dyneema\/\"]}]},{\"@type\":\"ImageObject\",\"inLanguage\":\"lv-LV\",\"@id\":\"https:\/\/merelinn.com\/lv\/product\/covered-loop-in-dyneema\/#primaryimage\",\"url\":\"https:\/\/merelinn.com\/wp-content\/uploads\/2025\/05\/2-2.png\",\"contentUrl\":\"https:\/\/merelinn.com\/wp-content\/uploads\/2025\/05\/2-2.png\",\"width\":1080,\"height\":1080},{\"@type\":\"BreadcrumbList\",\"@id\":\"https:\/\/merelinn.com\/lv\/product\/covered-loop-in-dyneema\/#breadcrumb\",\"itemListElement\":[{\"@type\":\"ListItem\",\"position\":1,\"name\":\"M\u0101jas lapa\",\"item\":\"https:\/\/merelinn.com\/lv\/\"},{\"@type\":\"ListItem\",\"position\":2,\"name\":\"Veikals\",\"item\":\"https:\/\/merelinn.com\/lv\/?page_id=1551\"},{\"@type\":\"ListItem\",\"position\":3,\"name\":\"Stropes\",\"item\":\"https:\/\/merelinn.com\/lv\/product-category\/slings-lv\/\"},{\"@type\":\"ListItem\",\"position\":4,\"name\":\"Covered Loop in Dyneema\u00ae\"}]},{\"@type\":\"WebSite\",\"@id\":\"https:\/\/merelinn.com\/lv\/#website\",\"url\":\"https:\/\/merelinn.com\/lv\/\",\"name\":\"Merelinn\",\"description\":\"\",\"potentialAction\":[{\"@type\":\"SearchAction\",\"target\":{\"@type\":\"EntryPoint\",\"urlTemplate\":\"https:\/\/merelinn.com\/lv\/?s={search_term_string}\"},\"query-input\":{\"@type\":\"PropertyValueSpecification\",\"valueRequired\":true,\"valueName\":\"search_term_string\"}}],\"inLanguage\":\"lv-LV\"}]}<\/script>\n<!-- \/ Yoast SEO plugin. -->","yoast_head_json":{"title":"Covered Loop in Dyneema\u00ae - Merelinn","robots":{"index":"noindex","follow":"follow","max-snippet":"max-snippet:-1","max-image-preview":"max-image-preview:large","max-video-preview":"max-video-preview:-1"},"og_locale":"lv_LV","og_type":"article","og_title":"Covered Loop in Dyneema\u00ae - Merelinn","og_description":"Covered Loop in Dyneema\u00ae \u2013 augst\u0101k\u0101s klases tekstila cilpa, kas izstr\u0101d\u0101ta vispras\u012bg\u0101kajiem bur\u0101\u0161anas apst\u0101k\u013ciem.  Ide\u0101ls savienojums ar Olli\u2122 Anti-Shock zemas berzes alum\u012bnija gredzenu.","og_url":"https:\/\/merelinn.com\/lv\/product\/covered-loop-in-dyneema\/","og_site_name":"Merelinn","article_modified_time":"2025-05-16T12:50:49+00:00","og_image":[{"width":1080,"height":1080,"url":"https:\/\/merelinn.com\/wp-content\/uploads\/2025\/05\/2-2.png","type":"image\/png"}],"twitter_card":"summary_large_image","twitter_misc":{"Est. reading time":"1 minute"},"schema":{"@context":"https:\/\/schema.org","@graph":[{"@type":"WebPage","@id":"https:\/\/merelinn.com\/lv\/product\/covered-loop-in-dyneema\/","url":"https:\/\/merelinn.com\/lv\/product\/covered-loop-in-dyneema\/","name":"Covered Loop in Dyneema\u00ae - Merelinn","isPartOf":{"@id":"https:\/\/merelinn.com\/lv\/#website"},"primaryImageOfPage":{"@id":"https:\/\/merelinn.com\/lv\/product\/covered-loop-in-dyneema\/#primaryimage"},"image":{"@id":"https:\/\/merelinn.com\/lv\/product\/covered-loop-in-dyneema\/#primaryimage"},"thumbnailUrl":"https:\/\/merelinn.com\/wp-content\/uploads\/2025\/05\/2-2.png","datePublished":"2025-05-16T12:33:44+00:00","dateModified":"2025-05-16T12:50:49+00:00","breadcrumb":{"@id":"https:\/\/merelinn.com\/lv\/product\/covered-loop-in-dyneema\/#breadcrumb"},"inLanguage":"lv-LV","potentialAction":[{"@type":"ReadAction","target":["https:\/\/merelinn.com\/lv\/product\/covered-loop-in-dyneema\/"]}]},{"@type":"ImageObject","inLanguage":"lv-LV","@id":"https:\/\/merelinn.com\/lv\/product\/covered-loop-in-dyneema\/#primaryimage","url":"https:\/\/merelinn.com\/wp-content\/uploads\/2025\/05\/2-2.png","contentUrl":"https:\/\/merelinn.com\/wp-content\/uploads\/2025\/05\/2-2.png","width":1080,"height":1080},{"@type":"BreadcrumbList","@id":"https:\/\/merelinn.com\/lv\/product\/covered-loop-in-dyneema\/#breadcrumb","itemListElement":[{"@type":"ListItem","position":1,"name":"M\u0101jas lapa","item":"https:\/\/merelinn.com\/lv\/"},{"@type":"ListItem","position":2,"name":"Veikals","item":"https:\/\/merelinn.com\/lv\/?page_id=1551"},{"@type":"ListItem","position":3,"name":"Stropes","item":"https:\/\/merelinn.com\/lv\/product-category\/slings-lv\/"},{"@type":"ListItem","position":4,"name":"Covered Loop in Dyneema\u00ae"}]},{"@type":"WebSite","@id":"https:\/\/merelinn.com\/lv\/#website","url":"https:\/\/merelinn.com\/lv\/","name":"Merelinn","description":"","potentialAction":[{"@type":"SearchAction","target":{"@type":"EntryPoint","urlTemplate":"https:\/\/merelinn.com\/lv\/?s={search_term_string}"},"query-input":{"@type":"PropertyValueSpecification","valueRequired":true,"valueName":"search_term_string"}}],"inLanguage":"lv-LV"}]}},"_links":{"self":[{"href":"https:\/\/merelinn.com\/lv\/wp-json\/wp\/v2\/product\/6412","targetHints":{"allow":["GET"]}}],"collection":[{"href":"https:\/\/merelinn.com\/lv\/wp-json\/wp\/v2\/product"}],"about":[{"href":"https:\/\/merelinn.com\/lv\/wp-json\/wp\/v2\/types\/product"}],"replies":[{"embeddable":true,"href":"https:\/\/merelinn.com\/lv\/wp-json\/wp\/v2\/comments?post=6412"}],"version-history":[{"count":0,"href":"https:\/\/merelinn.com\/lv\/wp-json\/wp\/v2\/product\/6412\/revisions"}],"wp:featuredmedia":[{"embeddable":true,"href":"https:\/\/merelinn.com\/lv\/wp-json\/wp\/v2\/media\/6386"}],"wp:attachment":[{"href":"https:\/\/merelinn.com\/lv\/wp-json\/wp\/v2\/media?parent=6412"}],"wp:term":[{"taxonomy":"product_brand","embeddable":true,"href":"https:\/\/merelinn.com\/lv\/wp-json\/wp\/v2\/product_brand?post=6412"},{"taxonomy":"product_cat","embeddable":true,"href":"https:\/\/merelinn.com\/lv\/wp-json\/wp\/v2\/product_cat?post=6412"},{"taxonomy":"product_tag","embeddable":true,"href":"https:\/\/merelinn.com\/lv\/wp-json\/wp\/v2\/product_tag?post=6412"}],"curies":[{"name":"wp","href":"https:\/\/api.w.org\/{rel}","templated":true}]}}