{"id":6362,"date":"2025-05-16T15:03:40","date_gmt":"2025-05-16T12:03:40","guid":{"rendered":"https:\/\/merelinn.com\/product\/soft-shackle-in-dyneema\/"},"modified":"2025-05-16T15:11:48","modified_gmt":"2025-05-16T12:11:48","slug":"soft-shackle-in-dyneema","status":"publish","type":"product","link":"https:\/\/merelinn.com\/lv\/product\/soft-shackle-in-dyneema\/","title":{"rendered":"Soft Shackle in Dyneema\u00ae"},"content":{"rendered":"<p><b>Soft Shackle no Dyneema\u00ae Olli\u2122<\/b> \u2013 inovat\u012bvs m\u012bkstais \u0161aklis, izstr\u0101d\u0101ts vispras\u012bg\u0101kajiem bur\u0101\u0161anas apst\u0101k\u013ciem.<br \/>\nIde\u0101li savietojams ar <b>Olli\u2122 prettrieciena zemas berzes gredzenu<\/b>.<\/p>\n<p>\u0160is augst\u0101k\u0101s kvalit\u0101tes tekstila savienot\u0101js nodro\u0161ina izcilu iztur\u012bbu, vieglumu un dro\u0161\u012bbu \u2013 p\u0101rsp\u0113jot tradicion\u0101los met\u0101la \u0161ak\u013cus daudzos aspektos.<\/p>\n<p><b>Priek\u0161roc\u012bbas:<\/b><\/p>\n<ul>\n<li><b>Izcila iztur\u012bba:<\/b><br \/>\nIzgatavots no Dyneema\u00ae SK78 \u2013 augsta iztur\u012bba ar minim\u0101lu svaru.<\/li>\n<li><b>Draudz\u012bgs kl\u0101jam un takel\u0101\u017eai:<\/b><br \/>\nM\u012bkst\u0101 konstrukcija nov\u0113r\u0161 boj\u0101jumus, skr\u0101p\u0113jumus un iespiedumus uz kl\u0101ja un apr\u012bkojuma.<\/li>\n<li><b>\u0112rta lieto\u0161ana:<\/b><br \/>\nVienk\u0101r\u0161a un \u0101tra aizv\u0113r\u0161ana\/atv\u0113r\u0161ana ietaupa laiku bur\u0101\u0161anas laik\u0101.<\/li>\n<li><b>Univers\u0101ls lietojums:<\/b><br \/>\nLieliski piem\u0113rots bur\u0101m, blokiem, aukl\u0101m un daudz\u0101m cit\u0101m bur\u0101\u0161anas vajadz\u012bb\u0101m.<\/li>\n<\/ul>\n<p><b>Tehniskie dati:<\/b><\/p>\n<ul>\n<li><b>Materi\u0101ls:<\/b> Dyneema\u00ae SK78<\/li>\n<\/ul>\n<p><b>K\u0101p\u0113c izv\u0113l\u0113ties Soft Shackle Dyneema\u00ae Olli\u2122:<\/b><\/p>\n<p>M\u016bsdienu bur\u0101\u0161an\u0101 svar\u012bga ir uzticama un efekt\u012bva apr\u012bkojuma darb\u012bba.<br \/>\nP\u0101rejot uz tekstila \u0161ak\u013ciem, tiek samazin\u0101ts svars, uzlabota dro\u0161\u012bba un atvieglota takel\u0101\u017eas vad\u012bba.<\/p>\n<p><b>Sper soli n\u0101kotnes bur\u0101\u0161an\u0101 \u2013 izj\u016bti at\u0161\u0137ir\u012bbu katr\u0101 mezgl\u0101 un manevr\u0101 ar Soft Shackle no Dyneema\u00ae Olli\u2122.<\/b><\/p>\n","protected":false},"excerpt":{"rendered":"<p><b>Soft Shackle no Dyneema\u00ae Olli\u2122<\/b> \u2013 inovat\u012bvs m\u012bkstais \u0161aklis, izstr\u0101d\u0101ts vispras\u012bg\u0101kajiem bur\u0101\u0161anas apst\u0101k\u013ciem.<br \/>\nIde\u0101li savietojams ar <b>Olli\u2122 prettrieciena zemas berzes gredzenu<\/b>.<\/p>\n","protected":false},"featured_media":6330,"comment_status":"open","ping_status":"closed","template":"","meta":{"_acf_changed":false},"product_brand":[253],"product_cat":[179],"product_tag":[113],"class_list":{"0":"post-6362","1":"product","2":"type-product","3":"status-publish","4":"has-post-thumbnail","6":"product_brand-easysea","7":"product_cat-slings-lv","8":"product_tag-populars","10":"first","11":"instock","12":"taxable","13":"shipping-taxable","14":"purchasable","15":"product-type-variable"},"acf":[],"yoast_head":"<!-- This site is optimized with the Yoast SEO plugin v25.1 - https:\/\/yoast.com\/wordpress\/plugins\/seo\/ -->\n<title>Soft Shackle in Dyneema\u00ae - Merelinn<\/title>\n<meta name=\"robots\" content=\"noindex, follow, max-snippet:-1, max-image-preview:large, max-video-preview:-1\" \/>\n<meta property=\"og:locale\" content=\"lv_LV\" \/>\n<meta property=\"og:type\" content=\"article\" \/>\n<meta property=\"og:title\" content=\"Soft Shackle in Dyneema\u00ae - Merelinn\" \/>\n<meta property=\"og:description\" content=\"Soft Shackle no Dyneema\u00ae Olli\u2122 \u2013 inovat\u012bvs m\u012bkstais \u0161aklis, izstr\u0101d\u0101ts vispras\u012bg\u0101kajiem bur\u0101\u0161anas apst\u0101k\u013ciem. Ide\u0101li savietojams ar Olli\u2122 prettrieciena zemas berzes gredzenu.\" \/>\n<meta property=\"og:url\" content=\"https:\/\/merelinn.com\/lv\/product\/soft-shackle-in-dyneema\/\" \/>\n<meta property=\"og:site_name\" content=\"Merelinn\" \/>\n<meta property=\"article:modified_time\" content=\"2025-05-16T12:11:48+00:00\" \/>\n<meta property=\"og:image\" content=\"https:\/\/merelinn.com\/wp-content\/uploads\/2025\/05\/1.png\" \/>\n\t<meta property=\"og:image:width\" content=\"1080\" \/>\n\t<meta property=\"og:image:height\" content=\"1080\" \/>\n\t<meta property=\"og:image:type\" content=\"image\/png\" \/>\n<meta name=\"twitter:card\" content=\"summary_large_image\" \/>\n<meta name=\"twitter:label1\" content=\"Est. reading time\" \/>\n\t<meta name=\"twitter:data1\" content=\"1 minute\" \/>\n<script type=\"application\/ld+json\" class=\"yoast-schema-graph\">{\"@context\":\"https:\/\/schema.org\",\"@graph\":[{\"@type\":\"WebPage\",\"@id\":\"https:\/\/merelinn.com\/lv\/product\/soft-shackle-in-dyneema\/\",\"url\":\"https:\/\/merelinn.com\/lv\/product\/soft-shackle-in-dyneema\/\",\"name\":\"Soft Shackle in Dyneema\u00ae - Merelinn\",\"isPartOf\":{\"@id\":\"https:\/\/merelinn.com\/lv\/#website\"},\"primaryImageOfPage\":{\"@id\":\"https:\/\/merelinn.com\/lv\/product\/soft-shackle-in-dyneema\/#primaryimage\"},\"image\":{\"@id\":\"https:\/\/merelinn.com\/lv\/product\/soft-shackle-in-dyneema\/#primaryimage\"},\"thumbnailUrl\":\"https:\/\/merelinn.com\/wp-content\/uploads\/2025\/05\/1.png\",\"datePublished\":\"2025-05-16T12:03:40+00:00\",\"dateModified\":\"2025-05-16T12:11:48+00:00\",\"breadcrumb\":{\"@id\":\"https:\/\/merelinn.com\/lv\/product\/soft-shackle-in-dyneema\/#breadcrumb\"},\"inLanguage\":\"lv-LV\",\"potentialAction\":[{\"@type\":\"ReadAction\",\"target\":[\"https:\/\/merelinn.com\/lv\/product\/soft-shackle-in-dyneema\/\"]}]},{\"@type\":\"ImageObject\",\"inLanguage\":\"lv-LV\",\"@id\":\"https:\/\/merelinn.com\/lv\/product\/soft-shackle-in-dyneema\/#primaryimage\",\"url\":\"https:\/\/merelinn.com\/wp-content\/uploads\/2025\/05\/1.png\",\"contentUrl\":\"https:\/\/merelinn.com\/wp-content\/uploads\/2025\/05\/1.png\",\"width\":1080,\"height\":1080},{\"@type\":\"BreadcrumbList\",\"@id\":\"https:\/\/merelinn.com\/lv\/product\/soft-shackle-in-dyneema\/#breadcrumb\",\"itemListElement\":[{\"@type\":\"ListItem\",\"position\":1,\"name\":\"M\u0101jas lapa\",\"item\":\"https:\/\/merelinn.com\/lv\/\"},{\"@type\":\"ListItem\",\"position\":2,\"name\":\"Veikals\",\"item\":\"https:\/\/merelinn.com\/lv\/?page_id=1551\"},{\"@type\":\"ListItem\",\"position\":3,\"name\":\"Stropes\",\"item\":\"https:\/\/merelinn.com\/lv\/product-category\/slings-lv\/\"},{\"@type\":\"ListItem\",\"position\":4,\"name\":\"Soft Shackle in Dyneema\u00ae\"}]},{\"@type\":\"WebSite\",\"@id\":\"https:\/\/merelinn.com\/lv\/#website\",\"url\":\"https:\/\/merelinn.com\/lv\/\",\"name\":\"Merelinn\",\"description\":\"\",\"potentialAction\":[{\"@type\":\"SearchAction\",\"target\":{\"@type\":\"EntryPoint\",\"urlTemplate\":\"https:\/\/merelinn.com\/lv\/?s={search_term_string}\"},\"query-input\":{\"@type\":\"PropertyValueSpecification\",\"valueRequired\":true,\"valueName\":\"search_term_string\"}}],\"inLanguage\":\"lv-LV\"}]}<\/script>\n<!-- \/ Yoast SEO plugin. -->","yoast_head_json":{"title":"Soft Shackle in Dyneema\u00ae - Merelinn","robots":{"index":"noindex","follow":"follow","max-snippet":"max-snippet:-1","max-image-preview":"max-image-preview:large","max-video-preview":"max-video-preview:-1"},"og_locale":"lv_LV","og_type":"article","og_title":"Soft Shackle in Dyneema\u00ae - Merelinn","og_description":"Soft Shackle no Dyneema\u00ae Olli\u2122 \u2013 inovat\u012bvs m\u012bkstais \u0161aklis, izstr\u0101d\u0101ts vispras\u012bg\u0101kajiem bur\u0101\u0161anas apst\u0101k\u013ciem. Ide\u0101li savietojams ar Olli\u2122 prettrieciena zemas berzes gredzenu.","og_url":"https:\/\/merelinn.com\/lv\/product\/soft-shackle-in-dyneema\/","og_site_name":"Merelinn","article_modified_time":"2025-05-16T12:11:48+00:00","og_image":[{"width":1080,"height":1080,"url":"https:\/\/merelinn.com\/wp-content\/uploads\/2025\/05\/1.png","type":"image\/png"}],"twitter_card":"summary_large_image","twitter_misc":{"Est. reading time":"1 minute"},"schema":{"@context":"https:\/\/schema.org","@graph":[{"@type":"WebPage","@id":"https:\/\/merelinn.com\/lv\/product\/soft-shackle-in-dyneema\/","url":"https:\/\/merelinn.com\/lv\/product\/soft-shackle-in-dyneema\/","name":"Soft Shackle in Dyneema\u00ae - Merelinn","isPartOf":{"@id":"https:\/\/merelinn.com\/lv\/#website"},"primaryImageOfPage":{"@id":"https:\/\/merelinn.com\/lv\/product\/soft-shackle-in-dyneema\/#primaryimage"},"image":{"@id":"https:\/\/merelinn.com\/lv\/product\/soft-shackle-in-dyneema\/#primaryimage"},"thumbnailUrl":"https:\/\/merelinn.com\/wp-content\/uploads\/2025\/05\/1.png","datePublished":"2025-05-16T12:03:40+00:00","dateModified":"2025-05-16T12:11:48+00:00","breadcrumb":{"@id":"https:\/\/merelinn.com\/lv\/product\/soft-shackle-in-dyneema\/#breadcrumb"},"inLanguage":"lv-LV","potentialAction":[{"@type":"ReadAction","target":["https:\/\/merelinn.com\/lv\/product\/soft-shackle-in-dyneema\/"]}]},{"@type":"ImageObject","inLanguage":"lv-LV","@id":"https:\/\/merelinn.com\/lv\/product\/soft-shackle-in-dyneema\/#primaryimage","url":"https:\/\/merelinn.com\/wp-content\/uploads\/2025\/05\/1.png","contentUrl":"https:\/\/merelinn.com\/wp-content\/uploads\/2025\/05\/1.png","width":1080,"height":1080},{"@type":"BreadcrumbList","@id":"https:\/\/merelinn.com\/lv\/product\/soft-shackle-in-dyneema\/#breadcrumb","itemListElement":[{"@type":"ListItem","position":1,"name":"M\u0101jas lapa","item":"https:\/\/merelinn.com\/lv\/"},{"@type":"ListItem","position":2,"name":"Veikals","item":"https:\/\/merelinn.com\/lv\/?page_id=1551"},{"@type":"ListItem","position":3,"name":"Stropes","item":"https:\/\/merelinn.com\/lv\/product-category\/slings-lv\/"},{"@type":"ListItem","position":4,"name":"Soft Shackle in Dyneema\u00ae"}]},{"@type":"WebSite","@id":"https:\/\/merelinn.com\/lv\/#website","url":"https:\/\/merelinn.com\/lv\/","name":"Merelinn","description":"","potentialAction":[{"@type":"SearchAction","target":{"@type":"EntryPoint","urlTemplate":"https:\/\/merelinn.com\/lv\/?s={search_term_string}"},"query-input":{"@type":"PropertyValueSpecification","valueRequired":true,"valueName":"search_term_string"}}],"inLanguage":"lv-LV"}]}},"_links":{"self":[{"href":"https:\/\/merelinn.com\/lv\/wp-json\/wp\/v2\/product\/6362","targetHints":{"allow":["GET"]}}],"collection":[{"href":"https:\/\/merelinn.com\/lv\/wp-json\/wp\/v2\/product"}],"about":[{"href":"https:\/\/merelinn.com\/lv\/wp-json\/wp\/v2\/types\/product"}],"replies":[{"embeddable":true,"href":"https:\/\/merelinn.com\/lv\/wp-json\/wp\/v2\/comments?post=6362"}],"version-history":[{"count":1,"href":"https:\/\/merelinn.com\/lv\/wp-json\/wp\/v2\/product\/6362\/revisions"}],"predecessor-version":[{"id":6374,"href":"https:\/\/merelinn.com\/lv\/wp-json\/wp\/v2\/product\/6362\/revisions\/6374"}],"wp:featuredmedia":[{"embeddable":true,"href":"https:\/\/merelinn.com\/lv\/wp-json\/wp\/v2\/media\/6330"}],"wp:attachment":[{"href":"https:\/\/merelinn.com\/lv\/wp-json\/wp\/v2\/media?parent=6362"}],"wp:term":[{"taxonomy":"product_brand","embeddable":true,"href":"https:\/\/merelinn.com\/lv\/wp-json\/wp\/v2\/product_brand?post=6362"},{"taxonomy":"product_cat","embeddable":true,"href":"https:\/\/merelinn.com\/lv\/wp-json\/wp\/v2\/product_cat?post=6362"},{"taxonomy":"product_tag","embeddable":true,"href":"https:\/\/merelinn.com\/lv\/wp-json\/wp\/v2\/product_tag?post=6362"}],"curies":[{"name":"wp","href":"https:\/\/api.w.org\/{rel}","templated":true}]}}