{"id":6312,"date":"2025-05-16T14:41:01","date_gmt":"2025-05-16T11:41:01","guid":{"rendered":"https:\/\/merelinn.com\/product\/sheathed-loop-dyneema\/"},"modified":"2025-05-16T15:22:49","modified_gmt":"2025-05-16T12:22:49","slug":"sheathed-loop-dyneema","status":"publish","type":"product","link":"https:\/\/merelinn.com\/lv\/product\/sheathed-loop-dyneema\/","title":{"rendered":"Sheathed Loop Dyneema\u00ae"},"content":{"rendered":"<p><b>Sheathed Loop Dyneema\u00ae priek\u0161 Olli\u2122<\/b> \u2013 augst\u0101k\u0101s kvalit\u0101tes tekstila cilpa, rad\u012bta bur\u0101\u0161anas vispras\u012bg\u0101kajiem apst\u0101k\u013ciem.<br \/>\nLieliski darbojas kop\u0101 ar <b>Olli\u2122 prettrieciena zemas berzes gredzenu<\/b>, nodro\u0161inot maksim\u0101lu efektivit\u0101ti un dro\u0161\u012bbu.<\/p>\n<p><b>Galven\u0101s priek\u0161roc\u012bbas:<\/b><\/p>\n<ul>\n<li><b><\/b><b>Aizsargapvalks:<\/b><br \/>\n\u0100r\u0113jais sl\u0101nis pasarg\u0101 no UV stariem, nodiluma un laika apst\u0101k\u013ciem \u2013 ilgsto\u0161ai lieto\u0161anai.<\/li>\n<li><b><\/b><b>Iztur\u012bba:<\/b><br \/>\nDyneema\u00ae serde nodro\u0161ina augstu nestsp\u0113ju pie minim\u0101la svara, bez deform\u0101cij\u0101m.<\/li>\n<li><b><\/b><b>Savietojam\u012bba ar Olli\u2122:<\/b><br \/>\nOptimiz\u0113ts dizains ide\u0101lai sadarb\u012bbai ar Olli\u2122 gredzenu \u2013 maz\u0101ka berze, lab\u0101ka veiktsp\u0113ja.<\/li>\n<li><b><\/b><b>Univers\u0101ls pielietojums:<\/b><br \/>\nPiem\u0113rots visda\u017e\u0101d\u0101kajiem takel\u0101\u017eas risin\u0101jumiem \u2013 no regat\u0113m l\u012bdz atp\u016btas braucieniem.<\/li>\n<\/ul>\n<p><b>Tehniskie parametri:<\/b><\/p>\n<ul>\n<li><b><\/b><b>Materi\u0101ls:<\/b> Dyneema\u00ae serde ar aizsargapvalku<\/li>\n<\/ul>\n<p><b>K\u0101p\u0113c izv\u0113l\u0113ties Sheathed Loop Dyneema\u00ae priek\u0161 Olli\u2122:<\/b><\/p>\n<p>Bur\u0101\u0161an\u0101 apr\u012bkojuma uzticam\u012bba ir vissvar\u012bg\u0101k\u0101. \u0160\u012b cilpa apvieno m\u016bsdien\u012bgus materi\u0101lus ar profesion\u0101lu izpild\u012bjumu.<\/p>\n<p><b>Ja t\u0101 ir rad\u012bta sportam, tad ikdienas bur\u0101\u0161anai t\u0101 ir teju m\u016b\u017e\u012bga izv\u0113le.<\/b><br \/>\nPas\u016btiet <b>Sheathed Loop Dyneema\u00ae priek\u0161 Olli\u2122<\/b> jau tagad un saj\u016btiet at\u0161\u0137ir\u012bbu katr\u0101 mezgl\u0101 un manevr\u0101!<\/p>\n","protected":false},"excerpt":{"rendered":"<p><b>Sheathed Loop Dyneema\u00ae priek\u0161 Olli\u2122<\/b> \u2013 augst\u0101k\u0101s kvalit\u0101tes tekstila cilpa, rad\u012bta bur\u0101\u0161anas vispras\u012bg\u0101kajiem apst\u0101k\u013ciem.<br \/>\nLieliski darbojas kop\u0101 ar <b>Olli\u2122 prettrieciena zemas berzes gredzenu<\/b>, nodro\u0161inot maksim\u0101lu efektivit\u0101ti un dro\u0161\u012bbu.<\/p>\n","protected":false},"featured_media":6286,"comment_status":"open","ping_status":"closed","template":"","meta":{"_acf_changed":false},"product_brand":[253],"product_cat":[179],"product_tag":[113],"class_list":{"0":"post-6312","1":"product","2":"type-product","3":"status-publish","4":"has-post-thumbnail","6":"product_brand-easysea","7":"product_cat-slings-lv","8":"product_tag-populars","10":"first","11":"instock","12":"taxable","13":"shipping-taxable","14":"purchasable","15":"product-type-variable"},"acf":[],"yoast_head":"<!-- This site is optimized with the Yoast SEO plugin v25.1 - https:\/\/yoast.com\/wordpress\/plugins\/seo\/ -->\n<title>Sheathed Loop Dyneema\u00ae - Merelinn<\/title>\n<meta name=\"robots\" content=\"noindex, follow, max-snippet:-1, max-image-preview:large, max-video-preview:-1\" \/>\n<meta property=\"og:locale\" content=\"lv_LV\" \/>\n<meta property=\"og:type\" content=\"article\" \/>\n<meta property=\"og:title\" content=\"Sheathed Loop Dyneema\u00ae - Merelinn\" \/>\n<meta property=\"og:description\" content=\"Sheathed Loop Dyneema\u00ae priek\u0161 Olli\u2122 \u2013 augst\u0101k\u0101s kvalit\u0101tes tekstila cilpa, rad\u012bta bur\u0101\u0161anas vispras\u012bg\u0101kajiem apst\u0101k\u013ciem. Lieliski darbojas kop\u0101 ar Olli\u2122 prettrieciena zemas berzes gredzenu, nodro\u0161inot maksim\u0101lu efektivit\u0101ti un dro\u0161\u012bbu.\" \/>\n<meta property=\"og:url\" content=\"https:\/\/merelinn.com\/lv\/product\/sheathed-loop-dyneema\/\" \/>\n<meta property=\"og:site_name\" content=\"Merelinn\" \/>\n<meta property=\"article:modified_time\" content=\"2025-05-16T12:22:49+00:00\" \/>\n<meta property=\"og:image\" content=\"https:\/\/merelinn.com\/wp-content\/uploads\/2025\/05\/1-2.png\" \/>\n\t<meta property=\"og:image:width\" content=\"1080\" \/>\n\t<meta property=\"og:image:height\" content=\"1080\" \/>\n\t<meta property=\"og:image:type\" content=\"image\/png\" \/>\n<meta name=\"twitter:card\" content=\"summary_large_image\" \/>\n<meta name=\"twitter:label1\" content=\"Est. reading time\" \/>\n\t<meta name=\"twitter:data1\" content=\"1 minute\" \/>\n<script type=\"application\/ld+json\" class=\"yoast-schema-graph\">{\"@context\":\"https:\/\/schema.org\",\"@graph\":[{\"@type\":\"WebPage\",\"@id\":\"https:\/\/merelinn.com\/lv\/product\/sheathed-loop-dyneema\/\",\"url\":\"https:\/\/merelinn.com\/lv\/product\/sheathed-loop-dyneema\/\",\"name\":\"Sheathed Loop Dyneema\u00ae - Merelinn\",\"isPartOf\":{\"@id\":\"https:\/\/merelinn.com\/lv\/#website\"},\"primaryImageOfPage\":{\"@id\":\"https:\/\/merelinn.com\/lv\/product\/sheathed-loop-dyneema\/#primaryimage\"},\"image\":{\"@id\":\"https:\/\/merelinn.com\/lv\/product\/sheathed-loop-dyneema\/#primaryimage\"},\"thumbnailUrl\":\"https:\/\/merelinn.com\/wp-content\/uploads\/2025\/05\/1-2.png\",\"datePublished\":\"2025-05-16T11:41:01+00:00\",\"dateModified\":\"2025-05-16T12:22:49+00:00\",\"breadcrumb\":{\"@id\":\"https:\/\/merelinn.com\/lv\/product\/sheathed-loop-dyneema\/#breadcrumb\"},\"inLanguage\":\"lv-LV\",\"potentialAction\":[{\"@type\":\"ReadAction\",\"target\":[\"https:\/\/merelinn.com\/lv\/product\/sheathed-loop-dyneema\/\"]}]},{\"@type\":\"ImageObject\",\"inLanguage\":\"lv-LV\",\"@id\":\"https:\/\/merelinn.com\/lv\/product\/sheathed-loop-dyneema\/#primaryimage\",\"url\":\"https:\/\/merelinn.com\/wp-content\/uploads\/2025\/05\/1-2.png\",\"contentUrl\":\"https:\/\/merelinn.com\/wp-content\/uploads\/2025\/05\/1-2.png\",\"width\":1080,\"height\":1080},{\"@type\":\"BreadcrumbList\",\"@id\":\"https:\/\/merelinn.com\/lv\/product\/sheathed-loop-dyneema\/#breadcrumb\",\"itemListElement\":[{\"@type\":\"ListItem\",\"position\":1,\"name\":\"M\u0101jas lapa\",\"item\":\"https:\/\/merelinn.com\/lv\/\"},{\"@type\":\"ListItem\",\"position\":2,\"name\":\"Veikals\",\"item\":\"https:\/\/merelinn.com\/lv\/?page_id=1551\"},{\"@type\":\"ListItem\",\"position\":3,\"name\":\"Stropes\",\"item\":\"https:\/\/merelinn.com\/lv\/product-category\/slings-lv\/\"},{\"@type\":\"ListItem\",\"position\":4,\"name\":\"Sheathed Loop Dyneema\u00ae\"}]},{\"@type\":\"WebSite\",\"@id\":\"https:\/\/merelinn.com\/lv\/#website\",\"url\":\"https:\/\/merelinn.com\/lv\/\",\"name\":\"Merelinn\",\"description\":\"\",\"potentialAction\":[{\"@type\":\"SearchAction\",\"target\":{\"@type\":\"EntryPoint\",\"urlTemplate\":\"https:\/\/merelinn.com\/lv\/?s={search_term_string}\"},\"query-input\":{\"@type\":\"PropertyValueSpecification\",\"valueRequired\":true,\"valueName\":\"search_term_string\"}}],\"inLanguage\":\"lv-LV\"}]}<\/script>\n<!-- \/ Yoast SEO plugin. -->","yoast_head_json":{"title":"Sheathed Loop Dyneema\u00ae - Merelinn","robots":{"index":"noindex","follow":"follow","max-snippet":"max-snippet:-1","max-image-preview":"max-image-preview:large","max-video-preview":"max-video-preview:-1"},"og_locale":"lv_LV","og_type":"article","og_title":"Sheathed Loop Dyneema\u00ae - Merelinn","og_description":"Sheathed Loop Dyneema\u00ae priek\u0161 Olli\u2122 \u2013 augst\u0101k\u0101s kvalit\u0101tes tekstila cilpa, rad\u012bta bur\u0101\u0161anas vispras\u012bg\u0101kajiem apst\u0101k\u013ciem. Lieliski darbojas kop\u0101 ar Olli\u2122 prettrieciena zemas berzes gredzenu, nodro\u0161inot maksim\u0101lu efektivit\u0101ti un dro\u0161\u012bbu.","og_url":"https:\/\/merelinn.com\/lv\/product\/sheathed-loop-dyneema\/","og_site_name":"Merelinn","article_modified_time":"2025-05-16T12:22:49+00:00","og_image":[{"width":1080,"height":1080,"url":"https:\/\/merelinn.com\/wp-content\/uploads\/2025\/05\/1-2.png","type":"image\/png"}],"twitter_card":"summary_large_image","twitter_misc":{"Est. reading time":"1 minute"},"schema":{"@context":"https:\/\/schema.org","@graph":[{"@type":"WebPage","@id":"https:\/\/merelinn.com\/lv\/product\/sheathed-loop-dyneema\/","url":"https:\/\/merelinn.com\/lv\/product\/sheathed-loop-dyneema\/","name":"Sheathed Loop Dyneema\u00ae - Merelinn","isPartOf":{"@id":"https:\/\/merelinn.com\/lv\/#website"},"primaryImageOfPage":{"@id":"https:\/\/merelinn.com\/lv\/product\/sheathed-loop-dyneema\/#primaryimage"},"image":{"@id":"https:\/\/merelinn.com\/lv\/product\/sheathed-loop-dyneema\/#primaryimage"},"thumbnailUrl":"https:\/\/merelinn.com\/wp-content\/uploads\/2025\/05\/1-2.png","datePublished":"2025-05-16T11:41:01+00:00","dateModified":"2025-05-16T12:22:49+00:00","breadcrumb":{"@id":"https:\/\/merelinn.com\/lv\/product\/sheathed-loop-dyneema\/#breadcrumb"},"inLanguage":"lv-LV","potentialAction":[{"@type":"ReadAction","target":["https:\/\/merelinn.com\/lv\/product\/sheathed-loop-dyneema\/"]}]},{"@type":"ImageObject","inLanguage":"lv-LV","@id":"https:\/\/merelinn.com\/lv\/product\/sheathed-loop-dyneema\/#primaryimage","url":"https:\/\/merelinn.com\/wp-content\/uploads\/2025\/05\/1-2.png","contentUrl":"https:\/\/merelinn.com\/wp-content\/uploads\/2025\/05\/1-2.png","width":1080,"height":1080},{"@type":"BreadcrumbList","@id":"https:\/\/merelinn.com\/lv\/product\/sheathed-loop-dyneema\/#breadcrumb","itemListElement":[{"@type":"ListItem","position":1,"name":"M\u0101jas lapa","item":"https:\/\/merelinn.com\/lv\/"},{"@type":"ListItem","position":2,"name":"Veikals","item":"https:\/\/merelinn.com\/lv\/?page_id=1551"},{"@type":"ListItem","position":3,"name":"Stropes","item":"https:\/\/merelinn.com\/lv\/product-category\/slings-lv\/"},{"@type":"ListItem","position":4,"name":"Sheathed Loop Dyneema\u00ae"}]},{"@type":"WebSite","@id":"https:\/\/merelinn.com\/lv\/#website","url":"https:\/\/merelinn.com\/lv\/","name":"Merelinn","description":"","potentialAction":[{"@type":"SearchAction","target":{"@type":"EntryPoint","urlTemplate":"https:\/\/merelinn.com\/lv\/?s={search_term_string}"},"query-input":{"@type":"PropertyValueSpecification","valueRequired":true,"valueName":"search_term_string"}}],"inLanguage":"lv-LV"}]}},"_links":{"self":[{"href":"https:\/\/merelinn.com\/lv\/wp-json\/wp\/v2\/product\/6312","targetHints":{"allow":["GET"]}}],"collection":[{"href":"https:\/\/merelinn.com\/lv\/wp-json\/wp\/v2\/product"}],"about":[{"href":"https:\/\/merelinn.com\/lv\/wp-json\/wp\/v2\/types\/product"}],"replies":[{"embeddable":true,"href":"https:\/\/merelinn.com\/lv\/wp-json\/wp\/v2\/comments?post=6312"}],"version-history":[{"count":0,"href":"https:\/\/merelinn.com\/lv\/wp-json\/wp\/v2\/product\/6312\/revisions"}],"wp:featuredmedia":[{"embeddable":true,"href":"https:\/\/merelinn.com\/lv\/wp-json\/wp\/v2\/media\/6286"}],"wp:attachment":[{"href":"https:\/\/merelinn.com\/lv\/wp-json\/wp\/v2\/media?parent=6312"}],"wp:term":[{"taxonomy":"product_brand","embeddable":true,"href":"https:\/\/merelinn.com\/lv\/wp-json\/wp\/v2\/product_brand?post=6312"},{"taxonomy":"product_cat","embeddable":true,"href":"https:\/\/merelinn.com\/lv\/wp-json\/wp\/v2\/product_cat?post=6312"},{"taxonomy":"product_tag","embeddable":true,"href":"https:\/\/merelinn.com\/lv\/wp-json\/wp\/v2\/product_tag?post=6312"}],"curies":[{"name":"wp","href":"https:\/\/api.w.org\/{rel}","templated":true}]}}