{"id":6258,"date":"2025-05-16T13:24:46","date_gmt":"2025-05-16T10:24:46","guid":{"rendered":"https:\/\/merelinn.com\/product\/olli-snatch-and-anti-shock-block\/"},"modified":"2025-05-16T13:28:09","modified_gmt":"2025-05-16T10:28:09","slug":"olli-snatch-and-anti-shock-block","status":"publish","type":"product","link":"https:\/\/merelinn.com\/lv\/product\/olli-snatch-and-anti-shock-block\/","title":{"rendered":"Olli\u2122 &#8211; Snatch and Anti-shock block"},"content":{"rendered":"<p><b>Olli\u2122 Block<\/b> \u2013 inovat\u012bvs trieciendro\u0161s bloks, izstr\u0101d\u0101ts, lai uzlabotu dro\u0161\u012bbu un efektivit\u0101ti uz j\u016bsu ku\u0123a kl\u0101ja.<br \/>\nPateicoties modern\u0101m tehnolo\u0123ij\u0101m un augstas kvalit\u0101tes materi\u0101liem, <b>Olli\u2122 Block<\/b> nodro\u0161ina uzticam\u012bbu, ilgm\u016b\u017e\u012bbu un \u0113rtu lieto\u0161anu.<\/p>\n<p><b>Olli\u2122 Block galven\u0101s priek\u0161roc\u012bbas:<\/b><\/p>\n<ul>\n<li><b>Kl\u0101ja aizsardz\u012bba:<\/b><br \/>\n\u012apa\u0161s dizains nov\u0113r\u0161 boj\u0101jumus un skr\u0101p\u0113jumus uz kl\u0101ja, saglab\u0101jot t\u0101 st\u0101vokli.<\/li>\n<li><b>Viegla uzst\u0101d\u012b\u0161ana:<\/b><br \/>\nBloku var viegli atv\u0113rt un uzst\u0101d\u012bt uz jau saspringtiem \u0161kautiem \u2013 ietaupa laiku un p\u016bles manevru laik\u0101.<\/li>\n<li><b>Pa\u0161sm\u0113r\u0113jo\u0161i gult\u0146i:<\/b><br \/>\nNodro\u0161ina vienm\u0113r\u012bgu darb\u012bbu bez regul\u0101ras apkalpo\u0161anas nepiecie\u0161am\u012bbas.<\/li>\n<li><b>Liela iztur\u012bba un mazs svars:<\/b><br \/>\nIzgatavots no tehnopolim\u0113riem un superpolim\u0113riem, ko izmanto avi\u0101cijas un kosmosa nozar\u0113 \u2013 augst\u0101k\u0101 iztur\u012bba pret slodz\u0113m.<\/li>\n<\/ul>\n<p><b>Tehnisk\u0101 specifik\u0101cija:<\/b><\/p>\n<ul>\n<li><b>Materi\u0101li:<\/b> Tehnopolim\u0113ri un superpolim\u0113ri no avi\u0101cijas nozares<\/li>\n<li><b>Konstrukcija:<\/b> Monol\u012bta forma bez kust\u012bg\u0101m s\u0101nu da\u013c\u0101m, kas nov\u0113r\u0161 pl\u012b\u0161anas risku<\/li>\n<li><b>Izm\u0113ri:<\/b> Pieejami da\u017e\u0101di izm\u0113ri atbilsto\u0161i vajadz\u012bb\u0101m<\/li>\n<\/ul>\n<p><b>K\u0101p\u0113c izv\u0113l\u0113ties Olli\u2122 Block:<\/b><\/p>\n<p>Parastajiem blokiem nepiecie\u0161ama bie\u017ea apkope un tie var saboj\u0101t kl\u0101ju.<br \/>\n<b>Olli\u2122 Block<\/b> atrisina \u0161\u012bs probl\u0113mas ar savu inovat\u012bvo dizainu un m\u016bsdien\u012bgiem materi\u0101liem. Tas ir viegls, iztur\u012bgs un viegli uzst\u0101d\u0101ms \u2013 \u012bsts pal\u012bgs uz kl\u0101ja.<\/p>\n<p><b>Speriet soli bur\u0101\u0161anas n\u0101kotn\u0113 ar Olli\u2122 Block. Pas\u016btiet jau \u0161odien un saj\u016btiet at\u0161\u0137ir\u012bbu kvalit\u0101t\u0113 un \u0113rt\u012bb\u0101!<\/b><\/p>\n","protected":false},"excerpt":{"rendered":"<p><b>Olli\u2122 Block<\/b> \u2013 inovat\u012bvs trieciendro\u0161s bloks, izstr\u0101d\u0101ts, lai uzlabotu dro\u0161\u012bbu un efektivit\u0101ti uz j\u016bsu ku\u0123a kl\u0101ja.<br \/>\n<b><\/b><\/p>\n","protected":false},"featured_media":6196,"comment_status":"open","ping_status":"closed","template":"","meta":{"_acf_changed":false},"product_brand":[253],"product_cat":[139],"product_tag":[113],"class_list":{"0":"post-6258","1":"product","2":"type-product","3":"status-publish","4":"has-post-thumbnail","6":"product_brand-easysea","7":"product_cat-tackle-ring-lv","8":"product_tag-populars","10":"first","11":"instock","12":"taxable","13":"shipping-taxable","14":"purchasable","15":"product-type-variable"},"acf":[],"yoast_head":"<!-- This site is optimized with the Yoast SEO plugin v25.1 - https:\/\/yoast.com\/wordpress\/plugins\/seo\/ -->\n<title>Olli\u2122 - Snatch and Anti-shock block - Merelinn<\/title>\n<meta name=\"robots\" content=\"noindex, follow, max-snippet:-1, max-image-preview:large, max-video-preview:-1\" \/>\n<meta property=\"og:locale\" content=\"lv_LV\" \/>\n<meta property=\"og:type\" content=\"article\" \/>\n<meta property=\"og:title\" content=\"Olli\u2122 - Snatch and Anti-shock block - Merelinn\" \/>\n<meta property=\"og:description\" content=\"Olli\u2122 Block \u2013 inovat\u012bvs trieciendro\u0161s bloks, izstr\u0101d\u0101ts, lai uzlabotu dro\u0161\u012bbu un efektivit\u0101ti uz j\u016bsu ku\u0123a kl\u0101ja.\" \/>\n<meta property=\"og:url\" content=\"https:\/\/merelinn.com\/lv\/product\/olli-snatch-and-anti-shock-block\/\" \/>\n<meta property=\"og:site_name\" content=\"Merelinn\" \/>\n<meta property=\"article:modified_time\" content=\"2025-05-16T10:28:09+00:00\" \/>\n<meta property=\"og:image\" content=\"https:\/\/merelinn.com\/wp-content\/uploads\/2025\/05\/4.png\" \/>\n\t<meta property=\"og:image:width\" content=\"1080\" \/>\n\t<meta property=\"og:image:height\" content=\"1080\" \/>\n\t<meta property=\"og:image:type\" content=\"image\/png\" \/>\n<meta name=\"twitter:card\" content=\"summary_large_image\" \/>\n<meta name=\"twitter:label1\" content=\"Est. reading time\" \/>\n\t<meta name=\"twitter:data1\" content=\"2 minutes\" \/>\n<script type=\"application\/ld+json\" class=\"yoast-schema-graph\">{\"@context\":\"https:\/\/schema.org\",\"@graph\":[{\"@type\":\"WebPage\",\"@id\":\"https:\/\/merelinn.com\/lv\/product\/olli-snatch-and-anti-shock-block\/\",\"url\":\"https:\/\/merelinn.com\/lv\/product\/olli-snatch-and-anti-shock-block\/\",\"name\":\"Olli\u2122 - Snatch and Anti-shock block - Merelinn\",\"isPartOf\":{\"@id\":\"https:\/\/merelinn.com\/lv\/#website\"},\"primaryImageOfPage\":{\"@id\":\"https:\/\/merelinn.com\/lv\/product\/olli-snatch-and-anti-shock-block\/#primaryimage\"},\"image\":{\"@id\":\"https:\/\/merelinn.com\/lv\/product\/olli-snatch-and-anti-shock-block\/#primaryimage\"},\"thumbnailUrl\":\"https:\/\/merelinn.com\/wp-content\/uploads\/2025\/05\/4.png\",\"datePublished\":\"2025-05-16T10:24:46+00:00\",\"dateModified\":\"2025-05-16T10:28:09+00:00\",\"breadcrumb\":{\"@id\":\"https:\/\/merelinn.com\/lv\/product\/olli-snatch-and-anti-shock-block\/#breadcrumb\"},\"inLanguage\":\"lv-LV\",\"potentialAction\":[{\"@type\":\"ReadAction\",\"target\":[\"https:\/\/merelinn.com\/lv\/product\/olli-snatch-and-anti-shock-block\/\"]}]},{\"@type\":\"ImageObject\",\"inLanguage\":\"lv-LV\",\"@id\":\"https:\/\/merelinn.com\/lv\/product\/olli-snatch-and-anti-shock-block\/#primaryimage\",\"url\":\"https:\/\/merelinn.com\/wp-content\/uploads\/2025\/05\/4.png\",\"contentUrl\":\"https:\/\/merelinn.com\/wp-content\/uploads\/2025\/05\/4.png\",\"width\":1080,\"height\":1080},{\"@type\":\"BreadcrumbList\",\"@id\":\"https:\/\/merelinn.com\/lv\/product\/olli-snatch-and-anti-shock-block\/#breadcrumb\",\"itemListElement\":[{\"@type\":\"ListItem\",\"position\":1,\"name\":\"M\u0101jas lapa\",\"item\":\"https:\/\/merelinn.com\/lv\/\"},{\"@type\":\"ListItem\",\"position\":2,\"name\":\"Veikals\",\"item\":\"https:\/\/merelinn.com\/lv\/?page_id=1551\"},{\"@type\":\"ListItem\",\"position\":3,\"name\":\"Taliu gredzens\",\"item\":\"https:\/\/merelinn.com\/lv\/product-category\/tackle-ring-lv\/\"},{\"@type\":\"ListItem\",\"position\":4,\"name\":\"Olli\u2122 &#8211; Snatch and Anti-shock block\"}]},{\"@type\":\"WebSite\",\"@id\":\"https:\/\/merelinn.com\/lv\/#website\",\"url\":\"https:\/\/merelinn.com\/lv\/\",\"name\":\"Merelinn\",\"description\":\"\",\"potentialAction\":[{\"@type\":\"SearchAction\",\"target\":{\"@type\":\"EntryPoint\",\"urlTemplate\":\"https:\/\/merelinn.com\/lv\/?s={search_term_string}\"},\"query-input\":{\"@type\":\"PropertyValueSpecification\",\"valueRequired\":true,\"valueName\":\"search_term_string\"}}],\"inLanguage\":\"lv-LV\"}]}<\/script>\n<!-- \/ Yoast SEO plugin. -->","yoast_head_json":{"title":"Olli\u2122 - Snatch and Anti-shock block - Merelinn","robots":{"index":"noindex","follow":"follow","max-snippet":"max-snippet:-1","max-image-preview":"max-image-preview:large","max-video-preview":"max-video-preview:-1"},"og_locale":"lv_LV","og_type":"article","og_title":"Olli\u2122 - Snatch and Anti-shock block - Merelinn","og_description":"Olli\u2122 Block \u2013 inovat\u012bvs trieciendro\u0161s bloks, izstr\u0101d\u0101ts, lai uzlabotu dro\u0161\u012bbu un efektivit\u0101ti uz j\u016bsu ku\u0123a kl\u0101ja.","og_url":"https:\/\/merelinn.com\/lv\/product\/olli-snatch-and-anti-shock-block\/","og_site_name":"Merelinn","article_modified_time":"2025-05-16T10:28:09+00:00","og_image":[{"width":1080,"height":1080,"url":"https:\/\/merelinn.com\/wp-content\/uploads\/2025\/05\/4.png","type":"image\/png"}],"twitter_card":"summary_large_image","twitter_misc":{"Est. reading time":"2 minutes"},"schema":{"@context":"https:\/\/schema.org","@graph":[{"@type":"WebPage","@id":"https:\/\/merelinn.com\/lv\/product\/olli-snatch-and-anti-shock-block\/","url":"https:\/\/merelinn.com\/lv\/product\/olli-snatch-and-anti-shock-block\/","name":"Olli\u2122 - Snatch and Anti-shock block - Merelinn","isPartOf":{"@id":"https:\/\/merelinn.com\/lv\/#website"},"primaryImageOfPage":{"@id":"https:\/\/merelinn.com\/lv\/product\/olli-snatch-and-anti-shock-block\/#primaryimage"},"image":{"@id":"https:\/\/merelinn.com\/lv\/product\/olli-snatch-and-anti-shock-block\/#primaryimage"},"thumbnailUrl":"https:\/\/merelinn.com\/wp-content\/uploads\/2025\/05\/4.png","datePublished":"2025-05-16T10:24:46+00:00","dateModified":"2025-05-16T10:28:09+00:00","breadcrumb":{"@id":"https:\/\/merelinn.com\/lv\/product\/olli-snatch-and-anti-shock-block\/#breadcrumb"},"inLanguage":"lv-LV","potentialAction":[{"@type":"ReadAction","target":["https:\/\/merelinn.com\/lv\/product\/olli-snatch-and-anti-shock-block\/"]}]},{"@type":"ImageObject","inLanguage":"lv-LV","@id":"https:\/\/merelinn.com\/lv\/product\/olli-snatch-and-anti-shock-block\/#primaryimage","url":"https:\/\/merelinn.com\/wp-content\/uploads\/2025\/05\/4.png","contentUrl":"https:\/\/merelinn.com\/wp-content\/uploads\/2025\/05\/4.png","width":1080,"height":1080},{"@type":"BreadcrumbList","@id":"https:\/\/merelinn.com\/lv\/product\/olli-snatch-and-anti-shock-block\/#breadcrumb","itemListElement":[{"@type":"ListItem","position":1,"name":"M\u0101jas lapa","item":"https:\/\/merelinn.com\/lv\/"},{"@type":"ListItem","position":2,"name":"Veikals","item":"https:\/\/merelinn.com\/lv\/?page_id=1551"},{"@type":"ListItem","position":3,"name":"Taliu gredzens","item":"https:\/\/merelinn.com\/lv\/product-category\/tackle-ring-lv\/"},{"@type":"ListItem","position":4,"name":"Olli\u2122 &#8211; Snatch and Anti-shock block"}]},{"@type":"WebSite","@id":"https:\/\/merelinn.com\/lv\/#website","url":"https:\/\/merelinn.com\/lv\/","name":"Merelinn","description":"","potentialAction":[{"@type":"SearchAction","target":{"@type":"EntryPoint","urlTemplate":"https:\/\/merelinn.com\/lv\/?s={search_term_string}"},"query-input":{"@type":"PropertyValueSpecification","valueRequired":true,"valueName":"search_term_string"}}],"inLanguage":"lv-LV"}]}},"_links":{"self":[{"href":"https:\/\/merelinn.com\/lv\/wp-json\/wp\/v2\/product\/6258","targetHints":{"allow":["GET"]}}],"collection":[{"href":"https:\/\/merelinn.com\/lv\/wp-json\/wp\/v2\/product"}],"about":[{"href":"https:\/\/merelinn.com\/lv\/wp-json\/wp\/v2\/types\/product"}],"replies":[{"embeddable":true,"href":"https:\/\/merelinn.com\/lv\/wp-json\/wp\/v2\/comments?post=6258"}],"version-history":[{"count":0,"href":"https:\/\/merelinn.com\/lv\/wp-json\/wp\/v2\/product\/6258\/revisions"}],"wp:featuredmedia":[{"embeddable":true,"href":"https:\/\/merelinn.com\/lv\/wp-json\/wp\/v2\/media\/6196"}],"wp:attachment":[{"href":"https:\/\/merelinn.com\/lv\/wp-json\/wp\/v2\/media?parent=6258"}],"wp:term":[{"taxonomy":"product_brand","embeddable":true,"href":"https:\/\/merelinn.com\/lv\/wp-json\/wp\/v2\/product_brand?post=6258"},{"taxonomy":"product_cat","embeddable":true,"href":"https:\/\/merelinn.com\/lv\/wp-json\/wp\/v2\/product_cat?post=6258"},{"taxonomy":"product_tag","embeddable":true,"href":"https:\/\/merelinn.com\/lv\/wp-json\/wp\/v2\/product_tag?post=6258"}],"curies":[{"name":"wp","href":"https:\/\/api.w.org\/{rel}","templated":true}]}}