{"id":6105,"date":"2025-05-16T11:17:12","date_gmt":"2025-05-16T08:17:12","guid":{"rendered":"https:\/\/merelinn.com\/product\/flipper-anti-mould-winch-cover\/"},"modified":"2025-05-16T11:58:44","modified_gmt":"2025-05-16T08:58:44","slug":"flipper-anti-mould-winch-cover","status":"publish","type":"product","link":"https:\/\/merelinn.com\/lv\/product\/flipper-anti-mould-winch-cover\/","title":{"rendered":"Flipper\u2122 Anti-Mould Winch Cover"},"content":{"rendered":"<p><b>Flipper\u2122 Anti-Mould Winch Cover<\/b><\/p>\n<p><b>Aizsarg\u0101 savas vin\u010das ar Flipper\u2122 pretpel\u0113juma p\u0101rsegu<\/b> \u2013 \u012bpa\u0161i izstr\u0101d\u0101tu, lai nov\u0113rstu pel\u0113juma un mitruma uzkr\u0101\u0161anos, nodro\u0161inot ilgsto\u0161u aizsardz\u012bbu un uzticamu darb\u012bbu.<\/p>\n<p>\u0160im p\u0101rsegam ir <b>ieb\u016bv\u0113ta ventil\u0101cija<\/b>, kas veicina gaisa cirkul\u0101ciju, nov\u0113r\u0161 mitruma uzkr\u0101\u0161anos un nodro\u0161ina \u0101tr\u0101ku iz\u017e\u016b\u0161anu \u2013 pat skarbos j\u016bras apst\u0101k\u013cos.<\/p>\n<p>Izgatavots no <b>augstas kvalit\u0101tes materi\u0101liem, kas ir notur\u012bgi pret UV starojumu un laikapst\u0101k\u013ciem<\/b>, \u0161is p\u0101rsegs ir ide\u0101li piem\u0113rots izmanto\u0161anai uz j\u016bras.<\/p>\n<p><b>Patiess it\u0101\u013cu dizains<\/b> pie\u0161\u0137ir p\u0101rsegam ne tikai funkcionalit\u0101ti, bet ar\u012b est\u0113tisku izskatu uz kl\u0101ja. To ir viegli uzlikt un no\u0146emt \u2013 praktiskuma un stila apvienojums.<\/p>\n<p><b>Pagariniet savu vin\u010du kalpo\u0161anas laiku un uzturiet t\u0101s nevainojam\u0101 st\u0101vokl\u012b ar Flipper\u2122 Anti-Mould Winch Cover.<\/b><\/p>\n","protected":false},"excerpt":{"rendered":"<p><b>Flipper\u2122 Anti-Mould Winch Cover<\/b><\/p>\n<p><b>Aizsarg\u0101 savas vin\u010das ar Flipper\u2122 pretpel\u0113juma p\u0101rsegu<\/b> \u2013 \u012bpa\u0161i izstr\u0101d\u0101tu, lai nov\u0113rstu pel\u0113juma un mitruma uzkr\u0101\u0161anos, nodro\u0161inot ilgsto\u0161u aizsardz\u012bbu un uzticamu darb\u012bbu.<\/p>\n","protected":false},"featured_media":6070,"comment_status":"open","ping_status":"closed","template":"","meta":{"_acf_changed":false},"product_brand":[253],"product_cat":[177],"product_tag":[113],"class_list":{"0":"post-6105","1":"product","2":"type-product","3":"status-publish","4":"has-post-thumbnail","6":"product_brand-easysea","7":"product_cat-winch-covers-lv","8":"product_tag-populars","10":"first","11":"instock","12":"taxable","13":"shipping-taxable","14":"purchasable","15":"product-type-variable"},"acf":[],"yoast_head":"<!-- This site is optimized with the Yoast SEO plugin v25.1 - https:\/\/yoast.com\/wordpress\/plugins\/seo\/ -->\n<title>Flipper\u2122 Anti-Mould Winch Cover - Merelinn<\/title>\n<meta name=\"robots\" content=\"noindex, follow, max-snippet:-1, max-image-preview:large, max-video-preview:-1\" \/>\n<meta property=\"og:locale\" content=\"lv_LV\" \/>\n<meta property=\"og:type\" content=\"article\" \/>\n<meta property=\"og:title\" content=\"Flipper\u2122 Anti-Mould Winch Cover - Merelinn\" \/>\n<meta property=\"og:description\" content=\"Flipper\u2122 Anti-Mould Winch Cover  Aizsarg\u0101 savas vin\u010das ar Flipper\u2122 pretpel\u0113juma p\u0101rsegu \u2013 \u012bpa\u0161i izstr\u0101d\u0101tu, lai nov\u0113rstu pel\u0113juma un mitruma uzkr\u0101\u0161anos, nodro\u0161inot ilgsto\u0161u aizsardz\u012bbu un uzticamu darb\u012bbu.\" \/>\n<meta property=\"og:url\" content=\"https:\/\/merelinn.com\/lv\/product\/flipper-anti-mould-winch-cover\/\" \/>\n<meta property=\"og:site_name\" content=\"Merelinn\" \/>\n<meta property=\"article:modified_time\" content=\"2025-05-16T08:58:44+00:00\" \/>\n<meta property=\"og:image\" content=\"https:\/\/merelinn.com\/wp-content\/uploads\/2025\/05\/CWC-Anti-Mould-winch-cover-3.png\" \/>\n\t<meta property=\"og:image:width\" content=\"1080\" \/>\n\t<meta property=\"og:image:height\" content=\"1080\" \/>\n\t<meta property=\"og:image:type\" content=\"image\/png\" \/>\n<meta name=\"twitter:card\" content=\"summary_large_image\" \/>\n<meta name=\"twitter:label1\" content=\"Est. reading time\" \/>\n\t<meta name=\"twitter:data1\" content=\"1 minute\" \/>\n<script type=\"application\/ld+json\" class=\"yoast-schema-graph\">{\"@context\":\"https:\/\/schema.org\",\"@graph\":[{\"@type\":\"WebPage\",\"@id\":\"https:\/\/merelinn.com\/lv\/product\/flipper-anti-mould-winch-cover\/\",\"url\":\"https:\/\/merelinn.com\/lv\/product\/flipper-anti-mould-winch-cover\/\",\"name\":\"Flipper\u2122 Anti-Mould Winch Cover - Merelinn\",\"isPartOf\":{\"@id\":\"https:\/\/merelinn.com\/lv\/#website\"},\"primaryImageOfPage\":{\"@id\":\"https:\/\/merelinn.com\/lv\/product\/flipper-anti-mould-winch-cover\/#primaryimage\"},\"image\":{\"@id\":\"https:\/\/merelinn.com\/lv\/product\/flipper-anti-mould-winch-cover\/#primaryimage\"},\"thumbnailUrl\":\"https:\/\/merelinn.com\/wp-content\/uploads\/2025\/05\/CWC-Anti-Mould-winch-cover-3.png\",\"datePublished\":\"2025-05-16T08:17:12+00:00\",\"dateModified\":\"2025-05-16T08:58:44+00:00\",\"breadcrumb\":{\"@id\":\"https:\/\/merelinn.com\/lv\/product\/flipper-anti-mould-winch-cover\/#breadcrumb\"},\"inLanguage\":\"lv-LV\",\"potentialAction\":[{\"@type\":\"ReadAction\",\"target\":[\"https:\/\/merelinn.com\/lv\/product\/flipper-anti-mould-winch-cover\/\"]}]},{\"@type\":\"ImageObject\",\"inLanguage\":\"lv-LV\",\"@id\":\"https:\/\/merelinn.com\/lv\/product\/flipper-anti-mould-winch-cover\/#primaryimage\",\"url\":\"https:\/\/merelinn.com\/wp-content\/uploads\/2025\/05\/CWC-Anti-Mould-winch-cover-3.png\",\"contentUrl\":\"https:\/\/merelinn.com\/wp-content\/uploads\/2025\/05\/CWC-Anti-Mould-winch-cover-3.png\",\"width\":1080,\"height\":1080},{\"@type\":\"BreadcrumbList\",\"@id\":\"https:\/\/merelinn.com\/lv\/product\/flipper-anti-mould-winch-cover\/#breadcrumb\",\"itemListElement\":[{\"@type\":\"ListItem\",\"position\":1,\"name\":\"M\u0101jas lapa\",\"item\":\"https:\/\/merelinn.com\/lv\/\"},{\"@type\":\"ListItem\",\"position\":2,\"name\":\"Veikals\",\"item\":\"https:\/\/merelinn.com\/lv\/?page_id=1551\"},{\"@type\":\"ListItem\",\"position\":3,\"name\":\"Vin\u010du p\u0101rsegi\",\"item\":\"https:\/\/merelinn.com\/lv\/product-category\/winch-covers-lv\/\"},{\"@type\":\"ListItem\",\"position\":4,\"name\":\"Flipper\u2122 Anti-Mould Winch Cover\"}]},{\"@type\":\"WebSite\",\"@id\":\"https:\/\/merelinn.com\/lv\/#website\",\"url\":\"https:\/\/merelinn.com\/lv\/\",\"name\":\"Merelinn\",\"description\":\"\",\"potentialAction\":[{\"@type\":\"SearchAction\",\"target\":{\"@type\":\"EntryPoint\",\"urlTemplate\":\"https:\/\/merelinn.com\/lv\/?s={search_term_string}\"},\"query-input\":{\"@type\":\"PropertyValueSpecification\",\"valueRequired\":true,\"valueName\":\"search_term_string\"}}],\"inLanguage\":\"lv-LV\"}]}<\/script>\n<!-- \/ Yoast SEO plugin. -->","yoast_head_json":{"title":"Flipper\u2122 Anti-Mould Winch Cover - Merelinn","robots":{"index":"noindex","follow":"follow","max-snippet":"max-snippet:-1","max-image-preview":"max-image-preview:large","max-video-preview":"max-video-preview:-1"},"og_locale":"lv_LV","og_type":"article","og_title":"Flipper\u2122 Anti-Mould Winch Cover - Merelinn","og_description":"Flipper\u2122 Anti-Mould Winch Cover  Aizsarg\u0101 savas vin\u010das ar Flipper\u2122 pretpel\u0113juma p\u0101rsegu \u2013 \u012bpa\u0161i izstr\u0101d\u0101tu, lai nov\u0113rstu pel\u0113juma un mitruma uzkr\u0101\u0161anos, nodro\u0161inot ilgsto\u0161u aizsardz\u012bbu un uzticamu darb\u012bbu.","og_url":"https:\/\/merelinn.com\/lv\/product\/flipper-anti-mould-winch-cover\/","og_site_name":"Merelinn","article_modified_time":"2025-05-16T08:58:44+00:00","og_image":[{"width":1080,"height":1080,"url":"https:\/\/merelinn.com\/wp-content\/uploads\/2025\/05\/CWC-Anti-Mould-winch-cover-3.png","type":"image\/png"}],"twitter_card":"summary_large_image","twitter_misc":{"Est. reading time":"1 minute"},"schema":{"@context":"https:\/\/schema.org","@graph":[{"@type":"WebPage","@id":"https:\/\/merelinn.com\/lv\/product\/flipper-anti-mould-winch-cover\/","url":"https:\/\/merelinn.com\/lv\/product\/flipper-anti-mould-winch-cover\/","name":"Flipper\u2122 Anti-Mould Winch Cover - Merelinn","isPartOf":{"@id":"https:\/\/merelinn.com\/lv\/#website"},"primaryImageOfPage":{"@id":"https:\/\/merelinn.com\/lv\/product\/flipper-anti-mould-winch-cover\/#primaryimage"},"image":{"@id":"https:\/\/merelinn.com\/lv\/product\/flipper-anti-mould-winch-cover\/#primaryimage"},"thumbnailUrl":"https:\/\/merelinn.com\/wp-content\/uploads\/2025\/05\/CWC-Anti-Mould-winch-cover-3.png","datePublished":"2025-05-16T08:17:12+00:00","dateModified":"2025-05-16T08:58:44+00:00","breadcrumb":{"@id":"https:\/\/merelinn.com\/lv\/product\/flipper-anti-mould-winch-cover\/#breadcrumb"},"inLanguage":"lv-LV","potentialAction":[{"@type":"ReadAction","target":["https:\/\/merelinn.com\/lv\/product\/flipper-anti-mould-winch-cover\/"]}]},{"@type":"ImageObject","inLanguage":"lv-LV","@id":"https:\/\/merelinn.com\/lv\/product\/flipper-anti-mould-winch-cover\/#primaryimage","url":"https:\/\/merelinn.com\/wp-content\/uploads\/2025\/05\/CWC-Anti-Mould-winch-cover-3.png","contentUrl":"https:\/\/merelinn.com\/wp-content\/uploads\/2025\/05\/CWC-Anti-Mould-winch-cover-3.png","width":1080,"height":1080},{"@type":"BreadcrumbList","@id":"https:\/\/merelinn.com\/lv\/product\/flipper-anti-mould-winch-cover\/#breadcrumb","itemListElement":[{"@type":"ListItem","position":1,"name":"M\u0101jas lapa","item":"https:\/\/merelinn.com\/lv\/"},{"@type":"ListItem","position":2,"name":"Veikals","item":"https:\/\/merelinn.com\/lv\/?page_id=1551"},{"@type":"ListItem","position":3,"name":"Vin\u010du p\u0101rsegi","item":"https:\/\/merelinn.com\/lv\/product-category\/winch-covers-lv\/"},{"@type":"ListItem","position":4,"name":"Flipper\u2122 Anti-Mould Winch Cover"}]},{"@type":"WebSite","@id":"https:\/\/merelinn.com\/lv\/#website","url":"https:\/\/merelinn.com\/lv\/","name":"Merelinn","description":"","potentialAction":[{"@type":"SearchAction","target":{"@type":"EntryPoint","urlTemplate":"https:\/\/merelinn.com\/lv\/?s={search_term_string}"},"query-input":{"@type":"PropertyValueSpecification","valueRequired":true,"valueName":"search_term_string"}}],"inLanguage":"lv-LV"}]}},"_links":{"self":[{"href":"https:\/\/merelinn.com\/lv\/wp-json\/wp\/v2\/product\/6105","targetHints":{"allow":["GET"]}}],"collection":[{"href":"https:\/\/merelinn.com\/lv\/wp-json\/wp\/v2\/product"}],"about":[{"href":"https:\/\/merelinn.com\/lv\/wp-json\/wp\/v2\/types\/product"}],"replies":[{"embeddable":true,"href":"https:\/\/merelinn.com\/lv\/wp-json\/wp\/v2\/comments?post=6105"}],"version-history":[{"count":0,"href":"https:\/\/merelinn.com\/lv\/wp-json\/wp\/v2\/product\/6105\/revisions"}],"wp:featuredmedia":[{"embeddable":true,"href":"https:\/\/merelinn.com\/lv\/wp-json\/wp\/v2\/media\/6070"}],"wp:attachment":[{"href":"https:\/\/merelinn.com\/lv\/wp-json\/wp\/v2\/media?parent=6105"}],"wp:term":[{"taxonomy":"product_brand","embeddable":true,"href":"https:\/\/merelinn.com\/lv\/wp-json\/wp\/v2\/product_brand?post=6105"},{"taxonomy":"product_cat","embeddable":true,"href":"https:\/\/merelinn.com\/lv\/wp-json\/wp\/v2\/product_cat?post=6105"},{"taxonomy":"product_tag","embeddable":true,"href":"https:\/\/merelinn.com\/lv\/wp-json\/wp\/v2\/product_tag?post=6105"}],"curies":[{"name":"wp","href":"https:\/\/api.w.org\/{rel}","templated":true}]}}