{"id":6058,"date":"2025-05-16T10:25:16","date_gmt":"2025-05-16T07:25:16","guid":{"rendered":"https:\/\/merelinn.com\/product\/flipper-max-foldable-winch-handle-10\/"},"modified":"2025-05-16T10:35:10","modified_gmt":"2025-05-16T07:35:10","slug":"flipper-max-foldable-winch-handle-10","status":"publish","type":"product","link":"https:\/\/merelinn.com\/lv\/product\/flipper-max-foldable-winch-handle-10\/","title":{"rendered":"Flipper\u2122 &#8211; Max Foldable Winch Handle 10&#8221;"},"content":{"rendered":"<p><b>Flipper\u2122 Max \u2013 vair\u0101k jaudas, maz\u0101k piep\u016bles. Vienm\u0113r pa rokai.<\/b><\/p>\n<p>Atkl\u0101j jaunu komforta un kontroles l\u012bmeni ar <b>Flipper\u2122 Max<\/b> \u2013 salok\u0101mu vin\u010das rokturi ar <b>gar\u0101ko sviru tirg\u016b<\/b>.<br \/>\nVairs nav j\u0101no\u0146em rokturis katra manevra laik\u0101. Vienk\u0101r\u0161i saloki \u2013 un turpini!<\/p>\n<p><b>Priek\u0161roc\u012bbas, kas run\u0101 pa\u0161as par sevi:<\/b><\/p>\n<p><b>Efektivit\u0101te<\/b> \u2013 \u0100tr\u0101k un vienk\u0101r\u0161\u0101k p\u0101rvaldi buras, ietaupot laiku katram manevram.<br \/>\n<b>Jauda<\/b> \u2013 Pagarin\u0101t\u0101 <b>379 mm (14,92 collas)<\/b> svira samazina nepiecie\u0161amo piep\u016bli.<br \/>\n<b>Dro\u0161\u012bba<\/b> \u2013 Salok\u0101mais meh\u0101nisms likvid\u0113 izvirz\u012bjumus un padara p\u0101rvieto\u0161anos uz kl\u0101ja dro\u0161\u0101ku.<br \/>\n<b>Univers\u0101lums<\/b> \u2013 Piem\u0113rots liel\u0101kajai da\u013cai vin\u010du un jebk\u0101da tipa jaht\u0101m.<br \/>\n<b>Iztur\u012bba<\/b> \u2013 Korpuss no CNC apstr\u0101d\u0101ta 6082 alum\u012bnija, savienojumi no 316L ner\u016bs\u0113jo\u0161\u0101 t\u0113rauda \u2013 rad\u012bts ilgam darbam.<\/p>\n<p><b>Pirmais rokturis pasaul\u0113 ar r\u0101\u010da funkciju<\/b><\/p>\n<p>Maksim\u0101laj\u0101 sviras re\u017e\u012bm\u0101 <b>Flipper\u2122 Max<\/b> darbojas k\u0101 r\u0101\u010dis \u2013 nodro\u0161inot prec\u012bzu, jaud\u012bgu un p\u0101rliecino\u0161u darb\u012bbu, kad tas ir vissvar\u012bg\u0101k.<\/p>\n<p><b>Vienm\u0113r sav\u0101 viet\u0101. Vienm\u0113r gatavs.<\/b><\/p>\n<p>Ar <b>Flipper\u2122 Max<\/b> tu vari aizmirst par roktura no\u0146em\u0161anu un p\u0101rvieto\u0161anu. Tas vienm\u0113r paliek piestiprin\u0101ts pie vin\u010das, netrauc\u0113 kust\u012bbai un ir gatavs lieto\u0161anai, kad vien tas nepiecie\u0161ams.<\/p>\n<p><b>Padari bur\u0101\u0161anu vienk\u0101r\u0161\u0101ku. Saj\u016bti at\u0161\u0137ir\u012bbu jau no pirm\u0101 apgrieziena.<\/b><\/p>\n<p>\ud83d\uded2 <b>Pas\u016bti Flipper\u2122 Max jau \u0161odien un p\u0101rv\u0113rt katru manevru baud\u0101!<\/b><\/p>\n","protected":false},"excerpt":{"rendered":"<p><b>Flipper\u2122 Max \u2013 vair\u0101k jaudas, maz\u0101k piep\u016bles. Vienm\u0113r pa rokai.<\/b><\/p>\n<p>Atkl\u0101j jaunu komforta un kontroles l\u012bmeni ar <b>Flipper\u2122 Max<\/b> \u2013 salok\u0101mu vin\u010das rokturi ar <b>gar\u0101ko sviru tirg\u016b<\/b>.<br \/>\nVairs nav j\u0101no\u0146em rokturis katra manevra laik\u0101. Vienk\u0101r\u0161i saloki \u2013 un turpini!<\/p>\n","protected":false},"featured_media":6017,"comment_status":"open","ping_status":"closed","template":"","meta":{"_acf_changed":false},"product_brand":[253],"product_cat":[129],"product_tag":[113],"class_list":{"0":"post-6058","1":"product","2":"type-product","3":"status-publish","4":"has-post-thumbnail","6":"product_brand-easysea","7":"product_cat-winch-handle-lv","8":"product_tag-populars","10":"first","11":"instock","12":"taxable","13":"shipping-taxable","14":"purchasable","15":"product-type-simple"},"acf":[],"yoast_head":"<!-- This site is optimized with the Yoast SEO plugin v25.1 - https:\/\/yoast.com\/wordpress\/plugins\/seo\/ -->\n<title>Flipper\u2122 - Max Foldable Winch Handle 10&#039;&#039; - Merelinn<\/title>\n<meta name=\"robots\" content=\"noindex, follow, max-snippet:-1, max-image-preview:large, max-video-preview:-1\" \/>\n<meta property=\"og:locale\" content=\"lv_LV\" \/>\n<meta property=\"og:type\" content=\"article\" \/>\n<meta property=\"og:title\" content=\"Flipper\u2122 - Max Foldable Winch Handle 10&#039;&#039; - Merelinn\" \/>\n<meta property=\"og:description\" content=\"Flipper\u2122 Max \u2013 vair\u0101k jaudas, maz\u0101k piep\u016bles. Vienm\u0113r pa rokai.  Atkl\u0101j jaunu komforta un kontroles l\u012bmeni ar Flipper\u2122 Max \u2013 salok\u0101mu vin\u010das rokturi ar gar\u0101ko sviru tirg\u016b. Vairs nav j\u0101no\u0146em rokturis katra manevra laik\u0101. Vienk\u0101r\u0161i saloki \u2013 un turpini!\" \/>\n<meta property=\"og:url\" content=\"https:\/\/merelinn.com\/lv\/product\/flipper-max-foldable-winch-handle-10\/\" \/>\n<meta property=\"og:site_name\" content=\"Merelinn\" \/>\n<meta property=\"article:modified_time\" content=\"2025-05-16T07:35:10+00:00\" \/>\n<meta property=\"og:image\" content=\"https:\/\/merelinn.com\/wp-content\/uploads\/2025\/05\/foldable\u2013winch\u2013handle\u2013flipper\u2013max\u201310\u2013inch\u2013easysea\u2013sailing\u2013equipment\u2013innovative\u2013sailing\u2013accessory\u2013boat\u2013accessory\u2013sailing\u2013winch\u2013handle\u2013lightweight\u2013durable\u2013winch\u2013handle\u2013ergonomic\u2013winch\u2013handle\u2013u-14.png\" \/>\n\t<meta property=\"og:image:width\" content=\"1080\" \/>\n\t<meta property=\"og:image:height\" content=\"1080\" \/>\n\t<meta property=\"og:image:type\" content=\"image\/png\" \/>\n<meta name=\"twitter:card\" content=\"summary_large_image\" \/>\n<meta name=\"twitter:label1\" content=\"Est. reading time\" \/>\n\t<meta name=\"twitter:data1\" content=\"2 minutes\" \/>\n<script type=\"application\/ld+json\" class=\"yoast-schema-graph\">{\"@context\":\"https:\/\/schema.org\",\"@graph\":[{\"@type\":\"WebPage\",\"@id\":\"https:\/\/merelinn.com\/lv\/product\/flipper-max-foldable-winch-handle-10\/\",\"url\":\"https:\/\/merelinn.com\/lv\/product\/flipper-max-foldable-winch-handle-10\/\",\"name\":\"Flipper\u2122 - Max Foldable Winch Handle 10'' - Merelinn\",\"isPartOf\":{\"@id\":\"https:\/\/merelinn.com\/lv\/#website\"},\"primaryImageOfPage\":{\"@id\":\"https:\/\/merelinn.com\/lv\/product\/flipper-max-foldable-winch-handle-10\/#primaryimage\"},\"image\":{\"@id\":\"https:\/\/merelinn.com\/lv\/product\/flipper-max-foldable-winch-handle-10\/#primaryimage\"},\"thumbnailUrl\":\"https:\/\/merelinn.com\/wp-content\/uploads\/2025\/05\/foldable\u2013winch\u2013handle\u2013flipper\u2013max\u201310\u2013inch\u2013easysea\u2013sailing\u2013equipment\u2013innovative\u2013sailing\u2013accessory\u2013boat\u2013accessory\u2013sailing\u2013winch\u2013handle\u2013lightweight\u2013durable\u2013winch\u2013handle\u2013ergonomic\u2013winch\u2013handle\u2013u-3.png\",\"datePublished\":\"2025-05-16T07:25:16+00:00\",\"dateModified\":\"2025-05-16T07:35:10+00:00\",\"breadcrumb\":{\"@id\":\"https:\/\/merelinn.com\/lv\/product\/flipper-max-foldable-winch-handle-10\/#breadcrumb\"},\"inLanguage\":\"lv-LV\",\"potentialAction\":[{\"@type\":\"ReadAction\",\"target\":[\"https:\/\/merelinn.com\/lv\/product\/flipper-max-foldable-winch-handle-10\/\"]}]},{\"@type\":\"ImageObject\",\"inLanguage\":\"lv-LV\",\"@id\":\"https:\/\/merelinn.com\/lv\/product\/flipper-max-foldable-winch-handle-10\/#primaryimage\",\"url\":\"https:\/\/merelinn.com\/wp-content\/uploads\/2025\/05\/foldable\u2013winch\u2013handle\u2013flipper\u2013max\u201310\u2013inch\u2013easysea\u2013sailing\u2013equipment\u2013innovative\u2013sailing\u2013accessory\u2013boat\u2013accessory\u2013sailing\u2013winch\u2013handle\u2013lightweight\u2013durable\u2013winch\u2013handle\u2013ergonomic\u2013winch\u2013handle\u2013u-3.png\",\"contentUrl\":\"https:\/\/merelinn.com\/wp-content\/uploads\/2025\/05\/foldable\u2013winch\u2013handle\u2013flipper\u2013max\u201310\u2013inch\u2013easysea\u2013sailing\u2013equipment\u2013innovative\u2013sailing\u2013accessory\u2013boat\u2013accessory\u2013sailing\u2013winch\u2013handle\u2013lightweight\u2013durable\u2013winch\u2013handle\u2013ergonomic\u2013winch\u2013handle\u2013u-3.png\",\"width\":1080,\"height\":1080},{\"@type\":\"BreadcrumbList\",\"@id\":\"https:\/\/merelinn.com\/lv\/product\/flipper-max-foldable-winch-handle-10\/#breadcrumb\",\"itemListElement\":[{\"@type\":\"ListItem\",\"position\":1,\"name\":\"M\u0101jas lapa\",\"item\":\"https:\/\/merelinn.com\/lv\/\"},{\"@type\":\"ListItem\",\"position\":2,\"name\":\"Veikals\",\"item\":\"https:\/\/merelinn.com\/lv\/?page_id=1551\"},{\"@type\":\"ListItem\",\"position\":3,\"name\":\"Vin\u010das rokturs\",\"item\":\"https:\/\/merelinn.com\/lv\/product-category\/winch-handle-lv\/\"},{\"@type\":\"ListItem\",\"position\":4,\"name\":\"Flipper\u2122 &#8211; Max Foldable Winch Handle 10&#8221;\"}]},{\"@type\":\"WebSite\",\"@id\":\"https:\/\/merelinn.com\/lv\/#website\",\"url\":\"https:\/\/merelinn.com\/lv\/\",\"name\":\"Merelinn\",\"description\":\"\",\"potentialAction\":[{\"@type\":\"SearchAction\",\"target\":{\"@type\":\"EntryPoint\",\"urlTemplate\":\"https:\/\/merelinn.com\/lv\/?s={search_term_string}\"},\"query-input\":{\"@type\":\"PropertyValueSpecification\",\"valueRequired\":true,\"valueName\":\"search_term_string\"}}],\"inLanguage\":\"lv-LV\"}]}<\/script>\n<!-- \/ Yoast SEO plugin. -->","yoast_head_json":{"title":"Flipper\u2122 - Max Foldable Winch Handle 10'' - Merelinn","robots":{"index":"noindex","follow":"follow","max-snippet":"max-snippet:-1","max-image-preview":"max-image-preview:large","max-video-preview":"max-video-preview:-1"},"og_locale":"lv_LV","og_type":"article","og_title":"Flipper\u2122 - Max Foldable Winch Handle 10'' - Merelinn","og_description":"Flipper\u2122 Max \u2013 vair\u0101k jaudas, maz\u0101k piep\u016bles. Vienm\u0113r pa rokai.  Atkl\u0101j jaunu komforta un kontroles l\u012bmeni ar Flipper\u2122 Max \u2013 salok\u0101mu vin\u010das rokturi ar gar\u0101ko sviru tirg\u016b. Vairs nav j\u0101no\u0146em rokturis katra manevra laik\u0101. Vienk\u0101r\u0161i saloki \u2013 un turpini!","og_url":"https:\/\/merelinn.com\/lv\/product\/flipper-max-foldable-winch-handle-10\/","og_site_name":"Merelinn","article_modified_time":"2025-05-16T07:35:10+00:00","og_image":[{"width":1080,"height":1080,"url":"https:\/\/merelinn.com\/wp-content\/uploads\/2025\/05\/foldable\u2013winch\u2013handle\u2013flipper\u2013max\u201310\u2013inch\u2013easysea\u2013sailing\u2013equipment\u2013innovative\u2013sailing\u2013accessory\u2013boat\u2013accessory\u2013sailing\u2013winch\u2013handle\u2013lightweight\u2013durable\u2013winch\u2013handle\u2013ergonomic\u2013winch\u2013handle\u2013u-14.png","type":"image\/png"}],"twitter_card":"summary_large_image","twitter_misc":{"Est. reading time":"2 minutes"},"schema":{"@context":"https:\/\/schema.org","@graph":[{"@type":"WebPage","@id":"https:\/\/merelinn.com\/lv\/product\/flipper-max-foldable-winch-handle-10\/","url":"https:\/\/merelinn.com\/lv\/product\/flipper-max-foldable-winch-handle-10\/","name":"Flipper\u2122 - Max Foldable Winch Handle 10'' - Merelinn","isPartOf":{"@id":"https:\/\/merelinn.com\/lv\/#website"},"primaryImageOfPage":{"@id":"https:\/\/merelinn.com\/lv\/product\/flipper-max-foldable-winch-handle-10\/#primaryimage"},"image":{"@id":"https:\/\/merelinn.com\/lv\/product\/flipper-max-foldable-winch-handle-10\/#primaryimage"},"thumbnailUrl":"https:\/\/merelinn.com\/wp-content\/uploads\/2025\/05\/foldable\u2013winch\u2013handle\u2013flipper\u2013max\u201310\u2013inch\u2013easysea\u2013sailing\u2013equipment\u2013innovative\u2013sailing\u2013accessory\u2013boat\u2013accessory\u2013sailing\u2013winch\u2013handle\u2013lightweight\u2013durable\u2013winch\u2013handle\u2013ergonomic\u2013winch\u2013handle\u2013u-3.png","datePublished":"2025-05-16T07:25:16+00:00","dateModified":"2025-05-16T07:35:10+00:00","breadcrumb":{"@id":"https:\/\/merelinn.com\/lv\/product\/flipper-max-foldable-winch-handle-10\/#breadcrumb"},"inLanguage":"lv-LV","potentialAction":[{"@type":"ReadAction","target":["https:\/\/merelinn.com\/lv\/product\/flipper-max-foldable-winch-handle-10\/"]}]},{"@type":"ImageObject","inLanguage":"lv-LV","@id":"https:\/\/merelinn.com\/lv\/product\/flipper-max-foldable-winch-handle-10\/#primaryimage","url":"https:\/\/merelinn.com\/wp-content\/uploads\/2025\/05\/foldable\u2013winch\u2013handle\u2013flipper\u2013max\u201310\u2013inch\u2013easysea\u2013sailing\u2013equipment\u2013innovative\u2013sailing\u2013accessory\u2013boat\u2013accessory\u2013sailing\u2013winch\u2013handle\u2013lightweight\u2013durable\u2013winch\u2013handle\u2013ergonomic\u2013winch\u2013handle\u2013u-3.png","contentUrl":"https:\/\/merelinn.com\/wp-content\/uploads\/2025\/05\/foldable\u2013winch\u2013handle\u2013flipper\u2013max\u201310\u2013inch\u2013easysea\u2013sailing\u2013equipment\u2013innovative\u2013sailing\u2013accessory\u2013boat\u2013accessory\u2013sailing\u2013winch\u2013handle\u2013lightweight\u2013durable\u2013winch\u2013handle\u2013ergonomic\u2013winch\u2013handle\u2013u-3.png","width":1080,"height":1080},{"@type":"BreadcrumbList","@id":"https:\/\/merelinn.com\/lv\/product\/flipper-max-foldable-winch-handle-10\/#breadcrumb","itemListElement":[{"@type":"ListItem","position":1,"name":"M\u0101jas lapa","item":"https:\/\/merelinn.com\/lv\/"},{"@type":"ListItem","position":2,"name":"Veikals","item":"https:\/\/merelinn.com\/lv\/?page_id=1551"},{"@type":"ListItem","position":3,"name":"Vin\u010das rokturs","item":"https:\/\/merelinn.com\/lv\/product-category\/winch-handle-lv\/"},{"@type":"ListItem","position":4,"name":"Flipper\u2122 &#8211; Max Foldable Winch Handle 10&#8221;"}]},{"@type":"WebSite","@id":"https:\/\/merelinn.com\/lv\/#website","url":"https:\/\/merelinn.com\/lv\/","name":"Merelinn","description":"","potentialAction":[{"@type":"SearchAction","target":{"@type":"EntryPoint","urlTemplate":"https:\/\/merelinn.com\/lv\/?s={search_term_string}"},"query-input":{"@type":"PropertyValueSpecification","valueRequired":true,"valueName":"search_term_string"}}],"inLanguage":"lv-LV"}]}},"_links":{"self":[{"href":"https:\/\/merelinn.com\/lv\/wp-json\/wp\/v2\/product\/6058","targetHints":{"allow":["GET"]}}],"collection":[{"href":"https:\/\/merelinn.com\/lv\/wp-json\/wp\/v2\/product"}],"about":[{"href":"https:\/\/merelinn.com\/lv\/wp-json\/wp\/v2\/types\/product"}],"replies":[{"embeddable":true,"href":"https:\/\/merelinn.com\/lv\/wp-json\/wp\/v2\/comments?post=6058"}],"version-history":[{"count":0,"href":"https:\/\/merelinn.com\/lv\/wp-json\/wp\/v2\/product\/6058\/revisions"}],"wp:featuredmedia":[{"embeddable":true,"href":"https:\/\/merelinn.com\/lv\/wp-json\/wp\/v2\/media\/6017"}],"wp:attachment":[{"href":"https:\/\/merelinn.com\/lv\/wp-json\/wp\/v2\/media?parent=6058"}],"wp:term":[{"taxonomy":"product_brand","embeddable":true,"href":"https:\/\/merelinn.com\/lv\/wp-json\/wp\/v2\/product_brand?post=6058"},{"taxonomy":"product_cat","embeddable":true,"href":"https:\/\/merelinn.com\/lv\/wp-json\/wp\/v2\/product_cat?post=6058"},{"taxonomy":"product_tag","embeddable":true,"href":"https:\/\/merelinn.com\/lv\/wp-json\/wp\/v2\/product_tag?post=6058"}],"curies":[{"name":"wp","href":"https:\/\/api.w.org\/{rel}","templated":true}]}}