{"id":5348,"date":"2025-05-05T15:03:12","date_gmt":"2025-05-05T12:03:12","guid":{"rendered":"https:\/\/merelinn.com\/product\/mirka-deros-ii-625-eu-o-150-mm-orbit-2-5-mm\/"},"modified":"2025-05-06T17:03:14","modified_gmt":"2025-05-06T14:03:14","slug":"mirka-deros-ii-625-eu-o-150-mm-orbit-2-5-mm","status":"publish","type":"product","link":"https:\/\/merelinn.com\/lv\/product\/mirka-deros-ii-625-eu-o-150-mm-orbit-2-5-mm\/","title":{"rendered":"Mirka\u00ae DEROS II 625 EU \u00d8 150 mm, orbit\u0101ls 2,5 mm"},"content":{"rendered":"<p class=\"ds-markdown-paragraph\">Efekt\u012bv\u0101\u00a0<strong>Mirka\u00ae DEROS II<\/strong>\u00a0ir kompakta un viegli lietojama elektrisk\u0101 sl\u012bpma\u0161\u012bna. N\u0101kam\u0101s paaudzes\u00a0<strong>Mirka DEROS II<\/strong>\u00a0turpina veiksm\u012bg\u0101s orbit\u0101l\u0101s sl\u012bpma\u0161\u012bnas st\u0101stu ar daudziem lietot\u0101jam draudz\u012bgiem uzlabojumiem. Zema profila un viegl\u0101\u00a0<strong>Mirka DEROS<\/strong>\u00a0sl\u012bpma\u0161\u012bna ir paz\u012bstama ar savu augsto ergonomiku un l\u012bdzsvaroto dizainu, nodro\u0161inot augstu operatora komfortu.<\/p>\n<p class=\"ds-markdown-paragraph\"><strong>Mirka DEROS II<\/strong>\u00a0var lietot ilgsto\u0161i bez noguruma, pateicoties t\u0101s zemajam trok\u0161\u0146a l\u012bmenim un zem\u0101m vibr\u0101cij\u0101m. Jaunais dizains padara sl\u012bp\u0113\u0161anas \u0101truma regul\u0113\u0161anu v\u0113l \u0113rt\u0101ku: papildus viegli lietojamai sl\u012bp\u0113\u0161anas \u0101truma regul\u0113\u0161anas svirai,\u00a0<strong>Mirka DEROS II<\/strong>\u00a0ir ar\u012b skaidri redzami LED indikatori \u0101truma izv\u0113lei un atsevi\u0161\u0137s iesl\u0113g\u0161anas\/izsl\u0113g\u0161anas sl\u0113dzis.<\/p>\n<p class=\"ds-markdown-paragraph\">Pateicoties ilgm\u016b\u017e\u012bgajam un efekt\u012bvajam bezs\u016bknu motoram,\u00a0<strong>Mirka DEROS II<\/strong>\u00a0uztur stabilu \u0101trumu un viegli tiek gal\u0101 ar pat vispras\u012bg\u0101kajiem darbiem. K\u0101 da\u013ca no Mirka bezputek\u013cu sl\u012bp\u0113\u0161anas risin\u0101juma,\u00a0<strong>Mirka DEROS<\/strong>\u00a0nodro\u0161ina efekt\u012bvu bezputek\u013cu sl\u012bp\u0113\u0161anu, un Bluetooth savienojam\u012bba \u013cauj bezprobl\u0113mu integr\u0113t ar\u00a0<strong>myMirka<\/strong>\u00a0lietotni vibr\u0101ciju uzraudz\u012bbai.<\/p>\n<p class=\"ds-markdown-paragraph\"><strong>Mirka\u00ae DEROS II galven\u0101s \u012bpa\u0161\u012bbas:<\/strong><br \/>\n\u2022 Kompakta, ergonomiska un viegli lietojama.<br \/>\n\u2022 Augsts operatora komforts \u2192 var lietot ilgsto\u0161i bez noguruma.<br \/>\n\u2022 Viegli lietojama sl\u012bp\u0113\u0161anas \u0101truma regul\u0113\u0161anas svira ar skaidri redzamiem LED indikatoriem apgriezieniem.<br \/>\n\u2022 Nodro\u0161ina efekt\u012bvu bezputek\u013cu sl\u012bp\u0113\u0161anu.<br \/>\n\u2022 Efekt\u012bvs un ilgm\u016b\u017e\u012bgs bezs\u016bknu motors.<br \/>\n\u2022 Viegli tiek gal\u0101 ar pat pras\u012bg\u0101kajiem darbiem.<br \/>\n\u2022 Bluetooth savienojam\u012bba un vibr\u0101ciju uzraudz\u012bba.<\/p>\n","protected":false},"excerpt":{"rendered":"<p><strong>Mirka\u00ae DEROS II 625<\/strong>\u00a0ir 150 mm tie\u0161\u0101 elektrisk\u0101 orbit\u0101l\u0101 sl\u012bpma\u0161\u012bna, kas izstr\u0101d\u0101ta efekt\u012bvai un bezputek\u013cu sl\u012bp\u0113\u0161anai da\u017e\u0101d\u0101m virsm\u0101m.\u00a0<strong>Mirka DEROS II 625<\/strong>\u00a0ir ar 150 mm sl\u012bp\u0113\u0161anas galdu un 2,5 mm oscil\u0101ciju, kas piem\u0113rota smalk\u0101kiem graudiem un priek\u0161pul\u0113\u0161anai.<\/p>\n","protected":false},"featured_media":5309,"comment_status":"open","ping_status":"closed","template":"","meta":{"_acf_changed":false},"product_brand":[252],"product_cat":[149],"product_tag":[113],"class_list":{"0":"post-5348","1":"product","2":"type-product","3":"status-publish","4":"has-post-thumbnail","6":"product_brand-mirka","7":"product_cat-electric-sanders-lv","8":"product_tag-populars","10":"first","11":"instock","12":"taxable","13":"shipping-taxable","14":"purchasable","15":"product-type-simple"},"acf":[],"yoast_head":"<!-- This site is optimized with the Yoast SEO plugin v25.1 - https:\/\/yoast.com\/wordpress\/plugins\/seo\/ -->\n<title>Mirka\u00ae DEROS II 625 EU \u00d8 150 mm, orbit\u0101ls 2,5 mm - Merelinn<\/title>\n<meta name=\"robots\" content=\"noindex, follow, max-snippet:-1, max-image-preview:large, max-video-preview:-1\" \/>\n<meta property=\"og:locale\" content=\"lv_LV\" \/>\n<meta property=\"og:type\" content=\"article\" \/>\n<meta property=\"og:title\" content=\"Mirka\u00ae DEROS II 625 EU \u00d8 150 mm, orbit\u0101ls 2,5 mm - Merelinn\" \/>\n<meta property=\"og:description\" content=\"Mirka\u00ae DEROS II 625\u00a0ir 150 mm tie\u0161\u0101 elektrisk\u0101 orbit\u0101l\u0101 sl\u012bpma\u0161\u012bna, kas izstr\u0101d\u0101ta efekt\u012bvai un bezputek\u013cu sl\u012bp\u0113\u0161anai da\u017e\u0101d\u0101m virsm\u0101m.\u00a0Mirka DEROS II 625\u00a0ir ar 150 mm sl\u012bp\u0113\u0161anas galdu un 2,5 mm oscil\u0101ciju, kas piem\u0113rota smalk\u0101kiem graudiem un priek\u0161pul\u0113\u0161anai.\" \/>\n<meta property=\"og:url\" content=\"https:\/\/merelinn.com\/lv\/product\/mirka-deros-ii-625-eu-o-150-mm-orbit-2-5-mm\/\" \/>\n<meta property=\"og:site_name\" content=\"Merelinn\" \/>\n<meta property=\"article:modified_time\" content=\"2025-05-06T14:03:14+00:00\" \/>\n<meta property=\"og:image\" content=\"https:\/\/merelinn.com\/wp-content\/uploads\/2025\/05\/MID6254044f.webp\" \/>\n\t<meta property=\"og:image:width\" content=\"500\" \/>\n\t<meta property=\"og:image:height\" content=\"500\" \/>\n\t<meta property=\"og:image:type\" content=\"image\/webp\" \/>\n<meta name=\"twitter:card\" content=\"summary_large_image\" \/>\n<meta name=\"twitter:label1\" content=\"Est. reading time\" \/>\n\t<meta name=\"twitter:data1\" content=\"2 minutes\" \/>\n<script type=\"application\/ld+json\" class=\"yoast-schema-graph\">{\"@context\":\"https:\/\/schema.org\",\"@graph\":[{\"@type\":\"WebPage\",\"@id\":\"https:\/\/merelinn.com\/lv\/product\/mirka-deros-ii-625-eu-o-150-mm-orbit-2-5-mm\/\",\"url\":\"https:\/\/merelinn.com\/lv\/product\/mirka-deros-ii-625-eu-o-150-mm-orbit-2-5-mm\/\",\"name\":\"Mirka\u00ae DEROS II 625 EU \u00d8 150 mm, orbit\u0101ls 2,5 mm - Merelinn\",\"isPartOf\":{\"@id\":\"https:\/\/merelinn.com\/lv\/#website\"},\"primaryImageOfPage\":{\"@id\":\"https:\/\/merelinn.com\/lv\/product\/mirka-deros-ii-625-eu-o-150-mm-orbit-2-5-mm\/#primaryimage\"},\"image\":{\"@id\":\"https:\/\/merelinn.com\/lv\/product\/mirka-deros-ii-625-eu-o-150-mm-orbit-2-5-mm\/#primaryimage\"},\"thumbnailUrl\":\"https:\/\/merelinn.com\/wp-content\/uploads\/2025\/05\/MID6254044g.webp\",\"datePublished\":\"2025-05-05T12:03:12+00:00\",\"dateModified\":\"2025-05-06T14:03:14+00:00\",\"breadcrumb\":{\"@id\":\"https:\/\/merelinn.com\/lv\/product\/mirka-deros-ii-625-eu-o-150-mm-orbit-2-5-mm\/#breadcrumb\"},\"inLanguage\":\"lv-LV\",\"potentialAction\":[{\"@type\":\"ReadAction\",\"target\":[\"https:\/\/merelinn.com\/lv\/product\/mirka-deros-ii-625-eu-o-150-mm-orbit-2-5-mm\/\"]}]},{\"@type\":\"ImageObject\",\"inLanguage\":\"lv-LV\",\"@id\":\"https:\/\/merelinn.com\/lv\/product\/mirka-deros-ii-625-eu-o-150-mm-orbit-2-5-mm\/#primaryimage\",\"url\":\"https:\/\/merelinn.com\/wp-content\/uploads\/2025\/05\/MID6254044g.webp\",\"contentUrl\":\"https:\/\/merelinn.com\/wp-content\/uploads\/2025\/05\/MID6254044g.webp\",\"width\":500,\"height\":500},{\"@type\":\"BreadcrumbList\",\"@id\":\"https:\/\/merelinn.com\/lv\/product\/mirka-deros-ii-625-eu-o-150-mm-orbit-2-5-mm\/#breadcrumb\",\"itemListElement\":[{\"@type\":\"ListItem\",\"position\":1,\"name\":\"M\u0101jas lapa\",\"item\":\"https:\/\/merelinn.com\/lv\/\"},{\"@type\":\"ListItem\",\"position\":2,\"name\":\"Veikals\",\"item\":\"https:\/\/merelinn.com\/lv\/?page_id=1551\"},{\"@type\":\"ListItem\",\"position\":3,\"name\":\"Mirka instrumenti\",\"item\":\"https:\/\/merelinn.com\/lv\/product-category\/mirka-tools-lv\/\"},{\"@type\":\"ListItem\",\"position\":4,\"name\":\"Elektrisk\u0101s sl\u012bpma\u0161\u012bnas\",\"item\":\"https:\/\/merelinn.com\/lv\/product-category\/mirka-tools-lv\/electric-sanders-lv\/\"},{\"@type\":\"ListItem\",\"position\":5,\"name\":\"Mirka\u00ae DEROS II 625 EU \u00d8 150 mm, orbit\u0101ls 2,5 mm\"}]},{\"@type\":\"WebSite\",\"@id\":\"https:\/\/merelinn.com\/lv\/#website\",\"url\":\"https:\/\/merelinn.com\/lv\/\",\"name\":\"Merelinn\",\"description\":\"\",\"potentialAction\":[{\"@type\":\"SearchAction\",\"target\":{\"@type\":\"EntryPoint\",\"urlTemplate\":\"https:\/\/merelinn.com\/lv\/?s={search_term_string}\"},\"query-input\":{\"@type\":\"PropertyValueSpecification\",\"valueRequired\":true,\"valueName\":\"search_term_string\"}}],\"inLanguage\":\"lv-LV\"}]}<\/script>\n<!-- \/ Yoast SEO plugin. -->","yoast_head_json":{"title":"Mirka\u00ae DEROS II 625 EU \u00d8 150 mm, orbit\u0101ls 2,5 mm - Merelinn","robots":{"index":"noindex","follow":"follow","max-snippet":"max-snippet:-1","max-image-preview":"max-image-preview:large","max-video-preview":"max-video-preview:-1"},"og_locale":"lv_LV","og_type":"article","og_title":"Mirka\u00ae DEROS II 625 EU \u00d8 150 mm, orbit\u0101ls 2,5 mm - Merelinn","og_description":"Mirka\u00ae DEROS II 625\u00a0ir 150 mm tie\u0161\u0101 elektrisk\u0101 orbit\u0101l\u0101 sl\u012bpma\u0161\u012bna, kas izstr\u0101d\u0101ta efekt\u012bvai un bezputek\u013cu sl\u012bp\u0113\u0161anai da\u017e\u0101d\u0101m virsm\u0101m.\u00a0Mirka DEROS II 625\u00a0ir ar 150 mm sl\u012bp\u0113\u0161anas galdu un 2,5 mm oscil\u0101ciju, kas piem\u0113rota smalk\u0101kiem graudiem un priek\u0161pul\u0113\u0161anai.","og_url":"https:\/\/merelinn.com\/lv\/product\/mirka-deros-ii-625-eu-o-150-mm-orbit-2-5-mm\/","og_site_name":"Merelinn","article_modified_time":"2025-05-06T14:03:14+00:00","og_image":[{"width":500,"height":500,"url":"https:\/\/merelinn.com\/wp-content\/uploads\/2025\/05\/MID6254044f.webp","type":"image\/webp"}],"twitter_card":"summary_large_image","twitter_misc":{"Est. reading time":"2 minutes"},"schema":{"@context":"https:\/\/schema.org","@graph":[{"@type":"WebPage","@id":"https:\/\/merelinn.com\/lv\/product\/mirka-deros-ii-625-eu-o-150-mm-orbit-2-5-mm\/","url":"https:\/\/merelinn.com\/lv\/product\/mirka-deros-ii-625-eu-o-150-mm-orbit-2-5-mm\/","name":"Mirka\u00ae DEROS II 625 EU \u00d8 150 mm, orbit\u0101ls 2,5 mm - Merelinn","isPartOf":{"@id":"https:\/\/merelinn.com\/lv\/#website"},"primaryImageOfPage":{"@id":"https:\/\/merelinn.com\/lv\/product\/mirka-deros-ii-625-eu-o-150-mm-orbit-2-5-mm\/#primaryimage"},"image":{"@id":"https:\/\/merelinn.com\/lv\/product\/mirka-deros-ii-625-eu-o-150-mm-orbit-2-5-mm\/#primaryimage"},"thumbnailUrl":"https:\/\/merelinn.com\/wp-content\/uploads\/2025\/05\/MID6254044g.webp","datePublished":"2025-05-05T12:03:12+00:00","dateModified":"2025-05-06T14:03:14+00:00","breadcrumb":{"@id":"https:\/\/merelinn.com\/lv\/product\/mirka-deros-ii-625-eu-o-150-mm-orbit-2-5-mm\/#breadcrumb"},"inLanguage":"lv-LV","potentialAction":[{"@type":"ReadAction","target":["https:\/\/merelinn.com\/lv\/product\/mirka-deros-ii-625-eu-o-150-mm-orbit-2-5-mm\/"]}]},{"@type":"ImageObject","inLanguage":"lv-LV","@id":"https:\/\/merelinn.com\/lv\/product\/mirka-deros-ii-625-eu-o-150-mm-orbit-2-5-mm\/#primaryimage","url":"https:\/\/merelinn.com\/wp-content\/uploads\/2025\/05\/MID6254044g.webp","contentUrl":"https:\/\/merelinn.com\/wp-content\/uploads\/2025\/05\/MID6254044g.webp","width":500,"height":500},{"@type":"BreadcrumbList","@id":"https:\/\/merelinn.com\/lv\/product\/mirka-deros-ii-625-eu-o-150-mm-orbit-2-5-mm\/#breadcrumb","itemListElement":[{"@type":"ListItem","position":1,"name":"M\u0101jas lapa","item":"https:\/\/merelinn.com\/lv\/"},{"@type":"ListItem","position":2,"name":"Veikals","item":"https:\/\/merelinn.com\/lv\/?page_id=1551"},{"@type":"ListItem","position":3,"name":"Mirka instrumenti","item":"https:\/\/merelinn.com\/lv\/product-category\/mirka-tools-lv\/"},{"@type":"ListItem","position":4,"name":"Elektrisk\u0101s sl\u012bpma\u0161\u012bnas","item":"https:\/\/merelinn.com\/lv\/product-category\/mirka-tools-lv\/electric-sanders-lv\/"},{"@type":"ListItem","position":5,"name":"Mirka\u00ae DEROS II 625 EU \u00d8 150 mm, orbit\u0101ls 2,5 mm"}]},{"@type":"WebSite","@id":"https:\/\/merelinn.com\/lv\/#website","url":"https:\/\/merelinn.com\/lv\/","name":"Merelinn","description":"","potentialAction":[{"@type":"SearchAction","target":{"@type":"EntryPoint","urlTemplate":"https:\/\/merelinn.com\/lv\/?s={search_term_string}"},"query-input":{"@type":"PropertyValueSpecification","valueRequired":true,"valueName":"search_term_string"}}],"inLanguage":"lv-LV"}]}},"_links":{"self":[{"href":"https:\/\/merelinn.com\/lv\/wp-json\/wp\/v2\/product\/5348","targetHints":{"allow":["GET"]}}],"collection":[{"href":"https:\/\/merelinn.com\/lv\/wp-json\/wp\/v2\/product"}],"about":[{"href":"https:\/\/merelinn.com\/lv\/wp-json\/wp\/v2\/types\/product"}],"replies":[{"embeddable":true,"href":"https:\/\/merelinn.com\/lv\/wp-json\/wp\/v2\/comments?post=5348"}],"version-history":[{"count":1,"href":"https:\/\/merelinn.com\/lv\/wp-json\/wp\/v2\/product\/5348\/revisions"}],"predecessor-version":[{"id":5361,"href":"https:\/\/merelinn.com\/lv\/wp-json\/wp\/v2\/product\/5348\/revisions\/5361"}],"wp:featuredmedia":[{"embeddable":true,"href":"https:\/\/merelinn.com\/lv\/wp-json\/wp\/v2\/media\/5309"}],"wp:attachment":[{"href":"https:\/\/merelinn.com\/lv\/wp-json\/wp\/v2\/media?parent=5348"}],"wp:term":[{"taxonomy":"product_brand","embeddable":true,"href":"https:\/\/merelinn.com\/lv\/wp-json\/wp\/v2\/product_brand?post=5348"},{"taxonomy":"product_cat","embeddable":true,"href":"https:\/\/merelinn.com\/lv\/wp-json\/wp\/v2\/product_cat?post=5348"},{"taxonomy":"product_tag","embeddable":true,"href":"https:\/\/merelinn.com\/lv\/wp-json\/wp\/v2\/product_tag?post=5348"}],"curies":[{"name":"wp","href":"https:\/\/api.w.org\/{rel}","templated":true}]}}