{"id":5337,"date":"2025-05-05T14:47:10","date_gmt":"2025-05-05T11:47:10","guid":{"rendered":"https:\/\/merelinn.com\/product\/olli-anti-shock-low-friction-ring-aluminium-s-size\/"},"modified":"2025-05-16T12:17:59","modified_gmt":"2025-05-16T09:17:59","slug":"olli-anti-shock-low-friction-ring-aluminium-s-size","status":"publish","type":"product","link":"https:\/\/merelinn.com\/lv\/product\/olli-anti-shock-low-friction-ring-aluminium-s-size\/","title":{"rendered":"Olli\u2122 &#8211; Pret triecieniem iztur\u012bgs zema berzes alum\u012bnija gredzens"},"content":{"rendered":"<p><b>Olli\u2122 priek\u0161roc\u012bbas:<\/b><\/p>\n<ul>\n<li style=\"font-weight: 400;\" aria-level=\"1\"><b>Kl\u0101ja aizsardz\u012bba:<\/b><span style=\"font-weight: 400;\"><br \/>\n<\/span><span style=\"font-weight: 400;\">Speci\u0101ls gumijas p\u0101rkl\u0101jums absorb\u0113 triecienus un nov\u0113r\u0161 virsmas boj\u0101jumus.<\/span><\/li>\n<li style=\"font-weight: 400;\" aria-level=\"1\"><b>Augstas kvalit\u0101tes materi\u0101li:<\/b><span style=\"font-weight: 400;\"><br \/>\n<\/span><span style=\"font-weight: 400;\">Izgatavots no mas\u012bva CNC apstr\u0101d\u0101ta alum\u012bnija \u2013 iztur\u012bgs un uzticams dizains.<\/span><\/li>\n<li style=\"font-weight: 400;\" aria-level=\"1\"><b>Iztur\u012bba pret koroziju:<\/b><span style=\"font-weight: 400;\"><br \/>\n<\/span><span style=\"font-weight: 400;\">J\u016bras klases anod\u0113\u0161ana un dubults gumijas p\u0101rkl\u0101jums aizsarg\u0101 no agres\u012bvas j\u016bras vides ietekmes.<\/span><\/li>\n<li style=\"font-weight: 400;\" aria-level=\"1\"><b>Daudzpus\u012bgs pielietojums:<\/b><span style=\"font-weight: 400;\"><br \/>\n<\/span><span style=\"font-weight: 400;\">Piem\u0113rots da\u017e\u0101du tipu ku\u0123iem un da\u017e\u0101d\u0101m takel\u0101\u017eas sist\u0113m\u0101m.<\/span><\/li>\n<\/ul>\n<p>&nbsp;<\/p>\n<p><b>Tehnisk\u0101 specifik\u0101cija:<\/b><\/p>\n<ul>\n<li style=\"font-weight: 400;\" aria-level=\"1\"><b>Materi\u0101ls:<\/b><span style=\"font-weight: 400;\"> Anod\u0113ts alum\u012bnijs<\/span><\/li>\n<li style=\"font-weight: 400;\" aria-level=\"1\"><b>P\u0101rkl\u0101jums:<\/b><span style=\"font-weight: 400;\"> Dubults aizsarg\u0101jo\u0161s gumijas sl\u0101nis<\/span><\/li>\n<li style=\"font-weight: 400;\" aria-level=\"1\"><b>Ra\u017eots:<\/b><span style=\"font-weight: 400;\"> It\u0101lij\u0101, izmantojot augstas precizit\u0101tes tehnolo\u0123ijas<\/span><\/li>\n<\/ul>\n<p>&nbsp;<\/p>\n<p><span style=\"font-weight: 400;\">Izv\u0113loties <\/span><b>Olli\u2122<\/b><span style=\"font-weight: 400;\">, j\u016bs ieguld\u0101t sava ku\u0123a iztur\u012bb\u0101 un dro\u0161\u012bb\u0101.<\/span><span style=\"font-weight: 400;\"><br \/>\n<\/span><span style=\"font-weight: 400;\">Nepalaidiet gar\u0101m iesp\u0113ju uzlabot apr\u012bkojumu ar modern\u0101m tehnolo\u0123ij\u0101m.<\/span><span style=\"font-weight: 400;\"><br \/>\n<\/span><b>Pas\u016btiet Olli\u2122 jau \u0161odien un saj\u016btiet at\u0161\u0137ir\u012bbu kvalit\u0101t\u0113 un uzticam\u012bb\u0101!<\/b><\/p>\n","protected":false},"excerpt":{"rendered":"<p><b>Olli\u2122<\/b><span style=\"font-weight: 400;\"> \u2013 inovat\u012bvs pretsitiena gredzens ar zemu berzes koeficientu, rad\u012bts, lai aizsarg\u0101tu j\u016bsu kl\u0101ju un uzlabotu takel\u0101\u017eas sist\u0113mu darb\u012bbu.<\/span><span style=\"font-weight: 400;\"><br \/>\n<\/span><span style=\"font-weight: 400;\">Pateicoties patent\u0113tajam gumijas p\u0101rkl\u0101jumam, <\/span><b>Olli\u2122<\/b><span style=\"font-weight: 400;\"> nov\u0113r\u0161 boj\u0101jumus un skr\u0101p\u0113jumus uz kl\u0101ja, nodro\u0161inot j\u016bsu ku\u0123a ilgm\u016b\u017e\u012bbu un klusumu ekspluat\u0101cijas laik\u0101.<\/span><\/p>\n","protected":false},"featured_media":5188,"comment_status":"open","ping_status":"closed","template":"","meta":{"_acf_changed":false},"product_brand":[253],"product_cat":[139],"product_tag":[113],"class_list":{"0":"post-5337","1":"product","2":"type-product","3":"status-publish","4":"has-post-thumbnail","6":"product_brand-easysea","7":"product_cat-tackle-ring-lv","8":"product_tag-populars","10":"first","11":"instock","12":"taxable","13":"shipping-taxable","14":"purchasable","15":"product-type-variable"},"acf":[],"yoast_head":"<!-- This site is optimized with the Yoast SEO plugin v25.1 - https:\/\/yoast.com\/wordpress\/plugins\/seo\/ -->\n<title>Olli\u2122 - Pret triecieniem iztur\u012bgs zema berzes alum\u012bnija gredzens - Merelinn<\/title>\n<meta name=\"robots\" content=\"noindex, follow, max-snippet:-1, max-image-preview:large, max-video-preview:-1\" \/>\n<meta property=\"og:locale\" content=\"lv_LV\" \/>\n<meta property=\"og:type\" content=\"article\" \/>\n<meta property=\"og:title\" content=\"Olli\u2122 - Pret triecieniem iztur\u012bgs zema berzes alum\u012bnija gredzens - Merelinn\" \/>\n<meta property=\"og:description\" content=\"Olli\u2122 \u2013 inovat\u012bvs pretsitiena gredzens ar zemu berzes koeficientu, rad\u012bts, lai aizsarg\u0101tu j\u016bsu kl\u0101ju un uzlabotu takel\u0101\u017eas sist\u0113mu darb\u012bbu. Pateicoties patent\u0113tajam gumijas p\u0101rkl\u0101jumam, Olli\u2122 nov\u0113r\u0161 boj\u0101jumus un skr\u0101p\u0113jumus uz kl\u0101ja, nodro\u0161inot j\u016bsu ku\u0123a ilgm\u016b\u017e\u012bbu un klusumu ekspluat\u0101cijas laik\u0101.\" \/>\n<meta property=\"og:url\" content=\"https:\/\/merelinn.com\/lv\/product\/olli-anti-shock-low-friction-ring-aluminium-s-size\/\" \/>\n<meta property=\"og:site_name\" content=\"Merelinn\" \/>\n<meta property=\"article:modified_time\" content=\"2025-05-16T09:17:59+00:00\" \/>\n<meta property=\"og:image\" content=\"https:\/\/merelinn.com\/wp-content\/uploads\/2025\/05\/SRA-__-Olli\u2122-Anti-Shock-solid-ring-aluminium-8.png\" \/>\n\t<meta property=\"og:image:width\" content=\"1080\" \/>\n\t<meta property=\"og:image:height\" content=\"1080\" \/>\n\t<meta property=\"og:image:type\" content=\"image\/png\" \/>\n<meta name=\"twitter:card\" content=\"summary_large_image\" \/>\n<meta name=\"twitter:label1\" content=\"Est. reading time\" \/>\n\t<meta name=\"twitter:data1\" content=\"1 minute\" \/>\n<script type=\"application\/ld+json\" class=\"yoast-schema-graph\">{\"@context\":\"https:\/\/schema.org\",\"@graph\":[{\"@type\":\"WebPage\",\"@id\":\"https:\/\/merelinn.com\/lv\/product\/olli-anti-shock-low-friction-ring-aluminium-s-size\/\",\"url\":\"https:\/\/merelinn.com\/lv\/product\/olli-anti-shock-low-friction-ring-aluminium-s-size\/\",\"name\":\"Olli\u2122 - Pret triecieniem iztur\u012bgs zema berzes alum\u012bnija gredzens - Merelinn\",\"isPartOf\":{\"@id\":\"https:\/\/merelinn.com\/lv\/#website\"},\"primaryImageOfPage\":{\"@id\":\"https:\/\/merelinn.com\/lv\/product\/olli-anti-shock-low-friction-ring-aluminium-s-size\/#primaryimage\"},\"image\":{\"@id\":\"https:\/\/merelinn.com\/lv\/product\/olli-anti-shock-low-friction-ring-aluminium-s-size\/#primaryimage\"},\"thumbnailUrl\":\"https:\/\/merelinn.com\/wp-content\/uploads\/2025\/05\/SRA-__-Olli\u2122-Anti-Shock-solid-ring-aluminium-8.png\",\"datePublished\":\"2025-05-05T11:47:10+00:00\",\"dateModified\":\"2025-05-16T09:17:59+00:00\",\"breadcrumb\":{\"@id\":\"https:\/\/merelinn.com\/lv\/product\/olli-anti-shock-low-friction-ring-aluminium-s-size\/#breadcrumb\"},\"inLanguage\":\"lv-LV\",\"potentialAction\":[{\"@type\":\"ReadAction\",\"target\":[\"https:\/\/merelinn.com\/lv\/product\/olli-anti-shock-low-friction-ring-aluminium-s-size\/\"]}]},{\"@type\":\"ImageObject\",\"inLanguage\":\"lv-LV\",\"@id\":\"https:\/\/merelinn.com\/lv\/product\/olli-anti-shock-low-friction-ring-aluminium-s-size\/#primaryimage\",\"url\":\"https:\/\/merelinn.com\/wp-content\/uploads\/2025\/05\/SRA-__-Olli\u2122-Anti-Shock-solid-ring-aluminium-8.png\",\"contentUrl\":\"https:\/\/merelinn.com\/wp-content\/uploads\/2025\/05\/SRA-__-Olli\u2122-Anti-Shock-solid-ring-aluminium-8.png\",\"width\":1080,\"height\":1080},{\"@type\":\"BreadcrumbList\",\"@id\":\"https:\/\/merelinn.com\/lv\/product\/olli-anti-shock-low-friction-ring-aluminium-s-size\/#breadcrumb\",\"itemListElement\":[{\"@type\":\"ListItem\",\"position\":1,\"name\":\"M\u0101jas lapa\",\"item\":\"https:\/\/merelinn.com\/lv\/\"},{\"@type\":\"ListItem\",\"position\":2,\"name\":\"Veikals\",\"item\":\"https:\/\/merelinn.com\/lv\/?page_id=1551\"},{\"@type\":\"ListItem\",\"position\":3,\"name\":\"Taliu gredzens\",\"item\":\"https:\/\/merelinn.com\/lv\/product-category\/tackle-ring-lv\/\"},{\"@type\":\"ListItem\",\"position\":4,\"name\":\"Olli\u2122 &#8211; Pret triecieniem iztur\u012bgs zema berzes alum\u012bnija gredzens\"}]},{\"@type\":\"WebSite\",\"@id\":\"https:\/\/merelinn.com\/lv\/#website\",\"url\":\"https:\/\/merelinn.com\/lv\/\",\"name\":\"Merelinn\",\"description\":\"\",\"potentialAction\":[{\"@type\":\"SearchAction\",\"target\":{\"@type\":\"EntryPoint\",\"urlTemplate\":\"https:\/\/merelinn.com\/lv\/?s={search_term_string}\"},\"query-input\":{\"@type\":\"PropertyValueSpecification\",\"valueRequired\":true,\"valueName\":\"search_term_string\"}}],\"inLanguage\":\"lv-LV\"}]}<\/script>\n<!-- \/ Yoast SEO plugin. -->","yoast_head_json":{"title":"Olli\u2122 - Pret triecieniem iztur\u012bgs zema berzes alum\u012bnija gredzens - Merelinn","robots":{"index":"noindex","follow":"follow","max-snippet":"max-snippet:-1","max-image-preview":"max-image-preview:large","max-video-preview":"max-video-preview:-1"},"og_locale":"lv_LV","og_type":"article","og_title":"Olli\u2122 - Pret triecieniem iztur\u012bgs zema berzes alum\u012bnija gredzens - Merelinn","og_description":"Olli\u2122 \u2013 inovat\u012bvs pretsitiena gredzens ar zemu berzes koeficientu, rad\u012bts, lai aizsarg\u0101tu j\u016bsu kl\u0101ju un uzlabotu takel\u0101\u017eas sist\u0113mu darb\u012bbu. Pateicoties patent\u0113tajam gumijas p\u0101rkl\u0101jumam, Olli\u2122 nov\u0113r\u0161 boj\u0101jumus un skr\u0101p\u0113jumus uz kl\u0101ja, nodro\u0161inot j\u016bsu ku\u0123a ilgm\u016b\u017e\u012bbu un klusumu ekspluat\u0101cijas laik\u0101.","og_url":"https:\/\/merelinn.com\/lv\/product\/olli-anti-shock-low-friction-ring-aluminium-s-size\/","og_site_name":"Merelinn","article_modified_time":"2025-05-16T09:17:59+00:00","og_image":[{"width":1080,"height":1080,"url":"https:\/\/merelinn.com\/wp-content\/uploads\/2025\/05\/SRA-__-Olli\u2122-Anti-Shock-solid-ring-aluminium-8.png","type":"image\/png"}],"twitter_card":"summary_large_image","twitter_misc":{"Est. reading time":"1 minute"},"schema":{"@context":"https:\/\/schema.org","@graph":[{"@type":"WebPage","@id":"https:\/\/merelinn.com\/lv\/product\/olli-anti-shock-low-friction-ring-aluminium-s-size\/","url":"https:\/\/merelinn.com\/lv\/product\/olli-anti-shock-low-friction-ring-aluminium-s-size\/","name":"Olli\u2122 - Pret triecieniem iztur\u012bgs zema berzes alum\u012bnija gredzens - Merelinn","isPartOf":{"@id":"https:\/\/merelinn.com\/lv\/#website"},"primaryImageOfPage":{"@id":"https:\/\/merelinn.com\/lv\/product\/olli-anti-shock-low-friction-ring-aluminium-s-size\/#primaryimage"},"image":{"@id":"https:\/\/merelinn.com\/lv\/product\/olli-anti-shock-low-friction-ring-aluminium-s-size\/#primaryimage"},"thumbnailUrl":"https:\/\/merelinn.com\/wp-content\/uploads\/2025\/05\/SRA-__-Olli\u2122-Anti-Shock-solid-ring-aluminium-8.png","datePublished":"2025-05-05T11:47:10+00:00","dateModified":"2025-05-16T09:17:59+00:00","breadcrumb":{"@id":"https:\/\/merelinn.com\/lv\/product\/olli-anti-shock-low-friction-ring-aluminium-s-size\/#breadcrumb"},"inLanguage":"lv-LV","potentialAction":[{"@type":"ReadAction","target":["https:\/\/merelinn.com\/lv\/product\/olli-anti-shock-low-friction-ring-aluminium-s-size\/"]}]},{"@type":"ImageObject","inLanguage":"lv-LV","@id":"https:\/\/merelinn.com\/lv\/product\/olli-anti-shock-low-friction-ring-aluminium-s-size\/#primaryimage","url":"https:\/\/merelinn.com\/wp-content\/uploads\/2025\/05\/SRA-__-Olli\u2122-Anti-Shock-solid-ring-aluminium-8.png","contentUrl":"https:\/\/merelinn.com\/wp-content\/uploads\/2025\/05\/SRA-__-Olli\u2122-Anti-Shock-solid-ring-aluminium-8.png","width":1080,"height":1080},{"@type":"BreadcrumbList","@id":"https:\/\/merelinn.com\/lv\/product\/olli-anti-shock-low-friction-ring-aluminium-s-size\/#breadcrumb","itemListElement":[{"@type":"ListItem","position":1,"name":"M\u0101jas lapa","item":"https:\/\/merelinn.com\/lv\/"},{"@type":"ListItem","position":2,"name":"Veikals","item":"https:\/\/merelinn.com\/lv\/?page_id=1551"},{"@type":"ListItem","position":3,"name":"Taliu gredzens","item":"https:\/\/merelinn.com\/lv\/product-category\/tackle-ring-lv\/"},{"@type":"ListItem","position":4,"name":"Olli\u2122 &#8211; Pret triecieniem iztur\u012bgs zema berzes alum\u012bnija gredzens"}]},{"@type":"WebSite","@id":"https:\/\/merelinn.com\/lv\/#website","url":"https:\/\/merelinn.com\/lv\/","name":"Merelinn","description":"","potentialAction":[{"@type":"SearchAction","target":{"@type":"EntryPoint","urlTemplate":"https:\/\/merelinn.com\/lv\/?s={search_term_string}"},"query-input":{"@type":"PropertyValueSpecification","valueRequired":true,"valueName":"search_term_string"}}],"inLanguage":"lv-LV"}]}},"_links":{"self":[{"href":"https:\/\/merelinn.com\/lv\/wp-json\/wp\/v2\/product\/5337","targetHints":{"allow":["GET"]}}],"collection":[{"href":"https:\/\/merelinn.com\/lv\/wp-json\/wp\/v2\/product"}],"about":[{"href":"https:\/\/merelinn.com\/lv\/wp-json\/wp\/v2\/types\/product"}],"replies":[{"embeddable":true,"href":"https:\/\/merelinn.com\/lv\/wp-json\/wp\/v2\/comments?post=5337"}],"version-history":[{"count":1,"href":"https:\/\/merelinn.com\/lv\/wp-json\/wp\/v2\/product\/5337\/revisions"}],"predecessor-version":[{"id":5344,"href":"https:\/\/merelinn.com\/lv\/wp-json\/wp\/v2\/product\/5337\/revisions\/5344"}],"wp:featuredmedia":[{"embeddable":true,"href":"https:\/\/merelinn.com\/lv\/wp-json\/wp\/v2\/media\/5188"}],"wp:attachment":[{"href":"https:\/\/merelinn.com\/lv\/wp-json\/wp\/v2\/media?parent=5337"}],"wp:term":[{"taxonomy":"product_brand","embeddable":true,"href":"https:\/\/merelinn.com\/lv\/wp-json\/wp\/v2\/product_brand?post=5337"},{"taxonomy":"product_cat","embeddable":true,"href":"https:\/\/merelinn.com\/lv\/wp-json\/wp\/v2\/product_cat?post=5337"},{"taxonomy":"product_tag","embeddable":true,"href":"https:\/\/merelinn.com\/lv\/wp-json\/wp\/v2\/product_tag?post=5337"}],"curies":[{"name":"wp","href":"https:\/\/api.w.org\/{rel}","templated":true}]}}