{"id":5327,"date":"2025-05-05T14:09:13","date_gmt":"2025-05-05T11:09:13","guid":{"rendered":"https:\/\/merelinn.com\/product\/flipper-foldable-winch-handle-8\/"},"modified":"2025-05-06T17:03:31","modified_gmt":"2025-05-06T14:03:31","slug":"flipper-foldable-winch-handle-8","status":"publish","type":"product","link":"https:\/\/merelinn.com\/lv\/product\/flipper-foldable-winch-handle-8\/","title":{"rendered":"Flipper\u2122 &#8211; Salokams vin\u010das rokturs 8 collas (20 cm)"},"content":{"rendered":"<p><span style=\"font-weight: 400;\">Iepaz\u012bsties ar <\/span><b>Flipper<\/b><span style=\"font-weight: 400;\"> \u2014 inovat\u012bvu vin\u010das rokturi, kas maina sp\u0113les noteikumus uz kl\u0101ja. Aizmirsti past\u0101v\u012bgu no\u0146em\u0161anu un mekl\u0113\u0161anu. Gudrs salok\u0101mais meh\u0101nisms \u013cauj to saloc\u012bt ar vienu kust\u012bbu \u2014 un tu esi gatavs n\u0101kamajam manevram.<\/span><\/p>\n<p><b>Maksim\u0101la efektivit\u0101te<\/b><\/p>\n<p><span style=\"font-weight: 400;\">Atbr\u012bvo un savelc \u0161kautus bez liek\u0101m kust\u012bb\u0101m \u2014 rokturis vienm\u0113r ir viet\u0101, netrauc\u0113 un nepaz\u016bd.<\/span><\/p>\n<p>&nbsp;<\/p>\n<p><b>Piln\u012bga uzticam\u012bba<\/b><\/p>\n<p><span style=\"font-weight: 400;\">Vairs nek\u0101du rokturu p\u0101r bortu \u2014 Flipper vienm\u0113r ir tev l\u012bdz\u0101s, jebkuros apst\u0101k\u013cos.<\/span><\/p>\n<p>&nbsp;<\/p>\n<p><b>Ziben\u012bgi manevri<\/b><\/p>\n<p><span style=\"font-weight: 400;\">Kontrol\u0113 buras viegli \u2014 \u0101tr\u0101k, pl\u016bden\u0101k un ar maksim\u0101lu precizit\u0101ti. Katra darb\u012bba uz kl\u0101ja k\u013c\u016bst vienk\u0101r\u0161\u0101ka.<\/span><\/p>\n<p>&nbsp;<\/p>\n<p><b>Augst\u0101k\u0101 kvalit\u0101te<\/b><\/p>\n<p><span style=\"font-weight: 400;\">In\u017eeniertehniska precizit\u0101te, iztur\u012bgi materi\u0101li un ilgm\u016b\u017e\u012bba. Flipper ir rokturis, kuru tu nev\u0113l\u0113sies nomain\u012bt.<\/span><\/p>\n<p>&nbsp;<\/p>\n<p><b>P\u0113d\u0113jais vin\u010das rokturis, k\u0101ds tev jebkad b\u016bs vajadz\u012bgs<\/b><\/p>\n<p><span style=\"font-weight: 400;\">Piln\u012bb\u0101 atv\u0113rt\u0101 st\u0101vokl\u012b Flipper darbojas k\u0101 standarta <\/span><b>20 cm (8 collu)<\/b><span style=\"font-weight: 400;\"> vin\u010das rokturis \u2014 iztur\u012bgs, uzticams un \u0113rts. Ide\u0101li l\u012bdzsvarots, lai nodro\u0161in\u0101tu perfektu kontroli katr\u0101 manevr\u0101.<\/span><\/p>\n<p>&nbsp;<\/p>\n<p><b>Pirmais rokturis pasaul\u0113 ar r\u0101\u010da funkciju<\/b><\/p>\n<p><span style=\"font-weight: 400;\">Unik\u0101l\u0101 re\u017e\u012bm\u0101 roktura garums sasniedz pat <\/span><b>314 mm (12,36 collas)<\/b><span style=\"font-weight: 400;\">, padarot to par <\/span><b>gar\u0101ko sviru tirg\u016b<\/b><span style=\"font-weight: 400;\">. Izmanto to k\u0101 r\u0101ci, lai sasniegtu maksim\u0101lu sp\u0113ku \u2014 \u012bpa\u0161i vissvar\u012bg\u0101kajos br\u012b\u017eos.<\/span><\/p>\n<p>&nbsp;<\/p>\n<p><b>Flipper \u2013 kompaktums, jauda un \u0113rtums vien\u0101 roktur\u012b.<\/b><\/p>\n","protected":false},"excerpt":{"rendered":"<p><b>Flipper \u2013 n\u0101kam\u0101s paaudzes vin\u010das rokturis<\/b><span style=\"font-weight: 400;\"><br \/>\n<\/span><span style=\"font-weight: 400;\">Vairs nek\u0101das steigas. Tikai tu un v\u0113j\u0161.<\/span><span style=\"font-weight: 400;\"><br \/>\n<\/span><span style=\"font-weight: 400;\">Aizmirsti par no\u0146em\u0161anu un pazaud\u0113tiem rokturiem \u2014 vienk\u0101r\u0161i saloki un dodies t\u0101l\u0101k!<\/span><\/p>\n","protected":false},"featured_media":5242,"comment_status":"open","ping_status":"closed","template":"","meta":{"_acf_changed":false},"product_brand":[253],"product_cat":[129],"product_tag":[113],"class_list":{"0":"post-5327","1":"product","2":"type-product","3":"status-publish","4":"has-post-thumbnail","6":"product_brand-easysea","7":"product_cat-winch-handle-lv","8":"product_tag-populars","10":"first","11":"instock","12":"taxable","13":"shipping-taxable","14":"purchasable","15":"product-type-simple"},"acf":[],"yoast_head":"<!-- This site is optimized with the Yoast SEO plugin v25.1 - https:\/\/yoast.com\/wordpress\/plugins\/seo\/ -->\n<title>Flipper\u2122 - Salokams vin\u010das rokturs 8 collas (20 cm) - Merelinn<\/title>\n<meta name=\"robots\" content=\"noindex, follow, max-snippet:-1, max-image-preview:large, max-video-preview:-1\" \/>\n<meta property=\"og:locale\" content=\"lv_LV\" \/>\n<meta property=\"og:type\" content=\"article\" \/>\n<meta property=\"og:title\" content=\"Flipper\u2122 - Salokams vin\u010das rokturs 8 collas (20 cm) - Merelinn\" \/>\n<meta property=\"og:description\" content=\"Flipper \u2013 n\u0101kam\u0101s paaudzes vin\u010das rokturis Vairs nek\u0101das steigas. Tikai tu un v\u0113j\u0161. Aizmirsti par no\u0146em\u0161anu un pazaud\u0113tiem rokturiem \u2014 vienk\u0101r\u0161i saloki un dodies t\u0101l\u0101k!\" \/>\n<meta property=\"og:url\" content=\"https:\/\/merelinn.com\/lv\/product\/flipper-foldable-winch-handle-8\/\" \/>\n<meta property=\"og:site_name\" content=\"Merelinn\" \/>\n<meta property=\"article:modified_time\" content=\"2025-05-06T14:03:31+00:00\" \/>\n<meta property=\"og:image\" content=\"https:\/\/merelinn.com\/wp-content\/uploads\/2025\/05\/foldable\u2013winch\u2013handle\u2013flipper\u2013easysea-7.png\" \/>\n\t<meta property=\"og:image:width\" content=\"1500\" \/>\n\t<meta property=\"og:image:height\" content=\"1500\" \/>\n\t<meta property=\"og:image:type\" content=\"image\/png\" \/>\n<meta name=\"twitter:card\" content=\"summary_large_image\" \/>\n<meta name=\"twitter:label1\" content=\"Est. reading time\" \/>\n\t<meta name=\"twitter:data1\" content=\"2 minutes\" \/>\n<script type=\"application\/ld+json\" class=\"yoast-schema-graph\">{\"@context\":\"https:\/\/schema.org\",\"@graph\":[{\"@type\":\"WebPage\",\"@id\":\"https:\/\/merelinn.com\/lv\/product\/flipper-foldable-winch-handle-8\/\",\"url\":\"https:\/\/merelinn.com\/lv\/product\/flipper-foldable-winch-handle-8\/\",\"name\":\"Flipper\u2122 - Salokams vin\u010das rokturs 8 collas (20 cm) - Merelinn\",\"isPartOf\":{\"@id\":\"https:\/\/merelinn.com\/lv\/#website\"},\"primaryImageOfPage\":{\"@id\":\"https:\/\/merelinn.com\/lv\/product\/flipper-foldable-winch-handle-8\/#primaryimage\"},\"image\":{\"@id\":\"https:\/\/merelinn.com\/lv\/product\/flipper-foldable-winch-handle-8\/#primaryimage\"},\"thumbnailUrl\":\"https:\/\/merelinn.com\/wp-content\/uploads\/2025\/05\/foldable\u2013winch\u2013handle\u2013flipper\u2013easysea-7.png\",\"datePublished\":\"2025-05-05T11:09:13+00:00\",\"dateModified\":\"2025-05-06T14:03:31+00:00\",\"breadcrumb\":{\"@id\":\"https:\/\/merelinn.com\/lv\/product\/flipper-foldable-winch-handle-8\/#breadcrumb\"},\"inLanguage\":\"lv-LV\",\"potentialAction\":[{\"@type\":\"ReadAction\",\"target\":[\"https:\/\/merelinn.com\/lv\/product\/flipper-foldable-winch-handle-8\/\"]}]},{\"@type\":\"ImageObject\",\"inLanguage\":\"lv-LV\",\"@id\":\"https:\/\/merelinn.com\/lv\/product\/flipper-foldable-winch-handle-8\/#primaryimage\",\"url\":\"https:\/\/merelinn.com\/wp-content\/uploads\/2025\/05\/foldable\u2013winch\u2013handle\u2013flipper\u2013easysea-7.png\",\"contentUrl\":\"https:\/\/merelinn.com\/wp-content\/uploads\/2025\/05\/foldable\u2013winch\u2013handle\u2013flipper\u2013easysea-7.png\",\"width\":1500,\"height\":1500},{\"@type\":\"BreadcrumbList\",\"@id\":\"https:\/\/merelinn.com\/lv\/product\/flipper-foldable-winch-handle-8\/#breadcrumb\",\"itemListElement\":[{\"@type\":\"ListItem\",\"position\":1,\"name\":\"M\u0101jas lapa\",\"item\":\"https:\/\/merelinn.com\/lv\/\"},{\"@type\":\"ListItem\",\"position\":2,\"name\":\"Veikals\",\"item\":\"https:\/\/merelinn.com\/lv\/?page_id=1551\"},{\"@type\":\"ListItem\",\"position\":3,\"name\":\"Vin\u010das rokturs\",\"item\":\"https:\/\/merelinn.com\/lv\/product-category\/winch-handle-lv\/\"},{\"@type\":\"ListItem\",\"position\":4,\"name\":\"Flipper\u2122 &#8212; Salokams vin\u010das rokturs 8 collas (20 cm)\"}]},{\"@type\":\"WebSite\",\"@id\":\"https:\/\/merelinn.com\/lv\/#website\",\"url\":\"https:\/\/merelinn.com\/lv\/\",\"name\":\"Merelinn\",\"description\":\"\",\"potentialAction\":[{\"@type\":\"SearchAction\",\"target\":{\"@type\":\"EntryPoint\",\"urlTemplate\":\"https:\/\/merelinn.com\/lv\/?s={search_term_string}\"},\"query-input\":{\"@type\":\"PropertyValueSpecification\",\"valueRequired\":true,\"valueName\":\"search_term_string\"}}],\"inLanguage\":\"lv-LV\"}]}<\/script>\n<!-- \/ Yoast SEO plugin. -->","yoast_head_json":{"title":"Flipper\u2122 - Salokams vin\u010das rokturs 8 collas (20 cm) - Merelinn","robots":{"index":"noindex","follow":"follow","max-snippet":"max-snippet:-1","max-image-preview":"max-image-preview:large","max-video-preview":"max-video-preview:-1"},"og_locale":"lv_LV","og_type":"article","og_title":"Flipper\u2122 - Salokams vin\u010das rokturs 8 collas (20 cm) - Merelinn","og_description":"Flipper \u2013 n\u0101kam\u0101s paaudzes vin\u010das rokturis Vairs nek\u0101das steigas. Tikai tu un v\u0113j\u0161. Aizmirsti par no\u0146em\u0161anu un pazaud\u0113tiem rokturiem \u2014 vienk\u0101r\u0161i saloki un dodies t\u0101l\u0101k!","og_url":"https:\/\/merelinn.com\/lv\/product\/flipper-foldable-winch-handle-8\/","og_site_name":"Merelinn","article_modified_time":"2025-05-06T14:03:31+00:00","og_image":[{"width":1500,"height":1500,"url":"https:\/\/merelinn.com\/wp-content\/uploads\/2025\/05\/foldable\u2013winch\u2013handle\u2013flipper\u2013easysea-7.png","type":"image\/png"}],"twitter_card":"summary_large_image","twitter_misc":{"Est. reading time":"2 minutes"},"schema":{"@context":"https:\/\/schema.org","@graph":[{"@type":"WebPage","@id":"https:\/\/merelinn.com\/lv\/product\/flipper-foldable-winch-handle-8\/","url":"https:\/\/merelinn.com\/lv\/product\/flipper-foldable-winch-handle-8\/","name":"Flipper\u2122 - Salokams vin\u010das rokturs 8 collas (20 cm) - Merelinn","isPartOf":{"@id":"https:\/\/merelinn.com\/lv\/#website"},"primaryImageOfPage":{"@id":"https:\/\/merelinn.com\/lv\/product\/flipper-foldable-winch-handle-8\/#primaryimage"},"image":{"@id":"https:\/\/merelinn.com\/lv\/product\/flipper-foldable-winch-handle-8\/#primaryimage"},"thumbnailUrl":"https:\/\/merelinn.com\/wp-content\/uploads\/2025\/05\/foldable\u2013winch\u2013handle\u2013flipper\u2013easysea-7.png","datePublished":"2025-05-05T11:09:13+00:00","dateModified":"2025-05-06T14:03:31+00:00","breadcrumb":{"@id":"https:\/\/merelinn.com\/lv\/product\/flipper-foldable-winch-handle-8\/#breadcrumb"},"inLanguage":"lv-LV","potentialAction":[{"@type":"ReadAction","target":["https:\/\/merelinn.com\/lv\/product\/flipper-foldable-winch-handle-8\/"]}]},{"@type":"ImageObject","inLanguage":"lv-LV","@id":"https:\/\/merelinn.com\/lv\/product\/flipper-foldable-winch-handle-8\/#primaryimage","url":"https:\/\/merelinn.com\/wp-content\/uploads\/2025\/05\/foldable\u2013winch\u2013handle\u2013flipper\u2013easysea-7.png","contentUrl":"https:\/\/merelinn.com\/wp-content\/uploads\/2025\/05\/foldable\u2013winch\u2013handle\u2013flipper\u2013easysea-7.png","width":1500,"height":1500},{"@type":"BreadcrumbList","@id":"https:\/\/merelinn.com\/lv\/product\/flipper-foldable-winch-handle-8\/#breadcrumb","itemListElement":[{"@type":"ListItem","position":1,"name":"M\u0101jas lapa","item":"https:\/\/merelinn.com\/lv\/"},{"@type":"ListItem","position":2,"name":"Veikals","item":"https:\/\/merelinn.com\/lv\/?page_id=1551"},{"@type":"ListItem","position":3,"name":"Vin\u010das rokturs","item":"https:\/\/merelinn.com\/lv\/product-category\/winch-handle-lv\/"},{"@type":"ListItem","position":4,"name":"Flipper\u2122 &#8212; Salokams vin\u010das rokturs 8 collas (20 cm)"}]},{"@type":"WebSite","@id":"https:\/\/merelinn.com\/lv\/#website","url":"https:\/\/merelinn.com\/lv\/","name":"Merelinn","description":"","potentialAction":[{"@type":"SearchAction","target":{"@type":"EntryPoint","urlTemplate":"https:\/\/merelinn.com\/lv\/?s={search_term_string}"},"query-input":{"@type":"PropertyValueSpecification","valueRequired":true,"valueName":"search_term_string"}}],"inLanguage":"lv-LV"}]}},"_links":{"self":[{"href":"https:\/\/merelinn.com\/lv\/wp-json\/wp\/v2\/product\/5327","targetHints":{"allow":["GET"]}}],"collection":[{"href":"https:\/\/merelinn.com\/lv\/wp-json\/wp\/v2\/product"}],"about":[{"href":"https:\/\/merelinn.com\/lv\/wp-json\/wp\/v2\/types\/product"}],"replies":[{"embeddable":true,"href":"https:\/\/merelinn.com\/lv\/wp-json\/wp\/v2\/comments?post=5327"}],"version-history":[{"count":1,"href":"https:\/\/merelinn.com\/lv\/wp-json\/wp\/v2\/product\/5327\/revisions"}],"predecessor-version":[{"id":5334,"href":"https:\/\/merelinn.com\/lv\/wp-json\/wp\/v2\/product\/5327\/revisions\/5334"}],"wp:featuredmedia":[{"embeddable":true,"href":"https:\/\/merelinn.com\/lv\/wp-json\/wp\/v2\/media\/5242"}],"wp:attachment":[{"href":"https:\/\/merelinn.com\/lv\/wp-json\/wp\/v2\/media?parent=5327"}],"wp:term":[{"taxonomy":"product_brand","embeddable":true,"href":"https:\/\/merelinn.com\/lv\/wp-json\/wp\/v2\/product_brand?post=5327"},{"taxonomy":"product_cat","embeddable":true,"href":"https:\/\/merelinn.com\/lv\/wp-json\/wp\/v2\/product_cat?post=5327"},{"taxonomy":"product_tag","embeddable":true,"href":"https:\/\/merelinn.com\/lv\/wp-json\/wp\/v2\/product_tag?post=5327"}],"curies":[{"name":"wp","href":"https:\/\/api.w.org\/{rel}","templated":true}]}}