{"id":3286,"date":"2025-04-09T11:16:47","date_gmt":"2025-04-09T08:16:47","guid":{"rendered":"https:\/\/merelinn.com\/services\/synthetic-teak\/"},"modified":"2025-04-24T12:32:31","modified_gmt":"2025-04-24T09:32:31","slug":"sintetiskais-tikkoks","status":"publish","type":"page","link":"https:\/\/merelinn.com\/lv\/pakalpojumi\/sintetiskais-tikkoks\/","title":{"rendered":"Sint\u0113tiskais t\u012bkkoks"},"content":{"rendered":"","protected":false},"excerpt":{"rendered":"<p>Sint\u0113tiskais t\u012bkkoka kl\u0101js no viena no vado\u0161ajiem materi\u0101lu un pane\u013cu ra\u017eot\u0101jiem \u2014 BMF. Sist\u0113mas: Teektrue un Deckfab.<\/p>\n","protected":false},"author":1,"featured_media":7582,"parent":3251,"menu_order":0,"comment_status":"closed","ping_status":"closed","template":"","meta":{"_acf_changed":false,"footnotes":""},"categories":[88],"tags":[],"class_list":["post-3286","page","type-page","status-publish","has-post-thumbnail","hentry","category-services-lv"],"acf":{"photo_gallery":{"images":[[{"id":2998,"title":"synth_teak_1","caption":"","full_image_url":"https:\/\/merelinn.com\/wp-content\/uploads\/2025\/04\/synth_teak_1.jpg","thumbnail_image_url":"https:\/\/merelinn.com\/wp-content\/uploads\/2025\/04\/synth_teak_1-150x150.jpg","large_srcset":"https:\/\/merelinn.com\/wp-content\/uploads\/2025\/04\/synth_teak_1.jpg 544w, https:\/\/merelinn.com\/wp-content\/uploads\/2025\/04\/synth_teak_1-225x300.jpg 225w","medium_srcset":"https:\/\/merelinn.com\/wp-content\/uploads\/2025\/04\/synth_teak_1-225x300.jpg 225w, https:\/\/merelinn.com\/wp-content\/uploads\/2025\/04\/synth_teak_1.jpg 544w","media_details":{"width":544,"height":725,"sizes":{"medium":{"file":"synth_teak_1-225x300.jpg","width":225,"height":300,"mime-type":"image\/jpeg","filesize":15281,"source_url":"https:\/\/merelinn.com\/wp-content\/uploads\/2025\/04\/synth_teak_1-225x300.jpg"},"thumbnail":{"file":"synth_teak_1-150x150.jpg","width":150,"height":150,"mime-type":"image\/jpeg","filesize":5947,"source_url":"https:\/\/merelinn.com\/wp-content\/uploads\/2025\/04\/synth_teak_1-150x150.jpg"},"woocommerce_thumbnail":{"file":"synth_teak_1-300x300.jpg","width":300,"height":300,"mime-type":"image\/jpeg","filesize":21177,"source_url":"https:\/\/merelinn.com\/wp-content\/uploads\/2025\/04\/synth_teak_1-300x300.jpg"},"woocommerce_gallery_thumbnail":{"file":"synth_teak_1-100x100.jpg","width":100,"height":100,"mime-type":"image\/jpeg","filesize":3040,"source_url":"https:\/\/merelinn.com\/wp-content\/uploads\/2025\/04\/synth_teak_1-100x100.jpg"}}},"alt_text":"","url":"","target":""}]]}},"yoast_head":"<!-- This site is optimized with the Yoast SEO plugin v25.1 - https:\/\/yoast.com\/wordpress\/plugins\/seo\/ -->\n<title>Sint\u0113tiskais t\u012bkkoks - Merelinn<\/title>\n<meta name=\"description\" content=\"Sint\u0113tiskais t\u012bkkoka kl\u0101js no viena no vado\u0161ajiem materi\u0101lu un pane\u013cu ra\u017eot\u0101jiem \u2014 BMF. Sist\u0113mas: Teektrue un Deckfab.\" \/>\n<meta name=\"robots\" content=\"noindex, follow, max-snippet:-1, max-image-preview:large, max-video-preview:-1\" \/>\n<meta property=\"og:locale\" content=\"lv_LV\" \/>\n<meta property=\"og:type\" content=\"article\" \/>\n<meta property=\"og:title\" content=\"Sint\u0113tiskais t\u012bkkoks - Merelinn\" \/>\n<meta property=\"og:description\" content=\"Sint\u0113tiskais t\u012bkkoka kl\u0101js no viena no vado\u0161ajiem materi\u0101lu un pane\u013cu ra\u017eot\u0101jiem \u2014 BMF. Sist\u0113mas: Teektrue un Deckfab.\" \/>\n<meta property=\"og:url\" content=\"https:\/\/merelinn.com\/lv\/pakalpojumi\/sintetiskais-tikkoks\/\" \/>\n<meta property=\"og:site_name\" content=\"Merelinn\" \/>\n<meta property=\"article:modified_time\" content=\"2025-04-24T09:32:31+00:00\" \/>\n<meta property=\"og:image\" content=\"https:\/\/merelinn.com\/wp-content\/uploads\/2025\/04\/cetteup-ydtEwxH5OcQ-unsplash.jpg\" \/>\n\t<meta property=\"og:image:width\" content=\"1920\" \/>\n\t<meta property=\"og:image:height\" content=\"1280\" \/>\n\t<meta property=\"og:image:type\" content=\"image\/jpeg\" \/>\n<meta name=\"twitter:card\" content=\"summary_large_image\" \/>\n<meta name=\"twitter:label1\" content=\"Est. reading time\" \/>\n\t<meta name=\"twitter:data1\" content=\"1 minute\" \/>\n<script type=\"application\/ld+json\" class=\"yoast-schema-graph\">{\"@context\":\"https:\/\/schema.org\",\"@graph\":[{\"@type\":\"WebPage\",\"@id\":\"https:\/\/merelinn.com\/lv\/pakalpojumi\/sintetiskais-tikkoks\/\",\"url\":\"https:\/\/merelinn.com\/lv\/pakalpojumi\/sintetiskais-tikkoks\/\",\"name\":\"Sint\u0113tiskais t\u012bkkoks - Merelinn\",\"isPartOf\":{\"@id\":\"https:\/\/merelinn.com\/lv\/#website\"},\"primaryImageOfPage\":{\"@id\":\"https:\/\/merelinn.com\/lv\/pakalpojumi\/sintetiskais-tikkoks\/#primaryimage\"},\"image\":{\"@id\":\"https:\/\/merelinn.com\/lv\/pakalpojumi\/sintetiskais-tikkoks\/#primaryimage\"},\"thumbnailUrl\":\"https:\/\/merelinn.com\/wp-content\/uploads\/2026\/01\/IMG_5782.jpeg\",\"datePublished\":\"2025-04-09T08:16:47+00:00\",\"dateModified\":\"2025-04-24T09:32:31+00:00\",\"description\":\"Sint\u0113tiskais t\u012bkkoka kl\u0101js no viena no vado\u0161ajiem materi\u0101lu un pane\u013cu ra\u017eot\u0101jiem \u2014 BMF. Sist\u0113mas: Teektrue un Deckfab.\",\"breadcrumb\":{\"@id\":\"https:\/\/merelinn.com\/lv\/pakalpojumi\/sintetiskais-tikkoks\/#breadcrumb\"},\"inLanguage\":\"lv-LV\",\"potentialAction\":[{\"@type\":\"ReadAction\",\"target\":[\"https:\/\/merelinn.com\/lv\/pakalpojumi\/sintetiskais-tikkoks\/\"]}]},{\"@type\":\"ImageObject\",\"inLanguage\":\"lv-LV\",\"@id\":\"https:\/\/merelinn.com\/lv\/pakalpojumi\/sintetiskais-tikkoks\/#primaryimage\",\"url\":\"https:\/\/merelinn.com\/wp-content\/uploads\/2026\/01\/IMG_5782.jpeg\",\"contentUrl\":\"https:\/\/merelinn.com\/wp-content\/uploads\/2026\/01\/IMG_5782.jpeg\",\"width\":1215,\"height\":797},{\"@type\":\"BreadcrumbList\",\"@id\":\"https:\/\/merelinn.com\/lv\/pakalpojumi\/sintetiskais-tikkoks\/#breadcrumb\",\"itemListElement\":[{\"@type\":\"ListItem\",\"position\":1,\"name\":\"M\u0101jas lapa\",\"item\":\"https:\/\/merelinn.com\/lv\/\"},{\"@type\":\"ListItem\",\"position\":2,\"name\":\"Pakalpojumi\",\"item\":\"https:\/\/merelinn.com\/lv\/pakalpojumi\/\"},{\"@type\":\"ListItem\",\"position\":3,\"name\":\"Sint\u0113tiskais t\u012bkkoks\"}]},{\"@type\":\"WebSite\",\"@id\":\"https:\/\/merelinn.com\/lv\/#website\",\"url\":\"https:\/\/merelinn.com\/lv\/\",\"name\":\"Merelinn\",\"description\":\"\",\"potentialAction\":[{\"@type\":\"SearchAction\",\"target\":{\"@type\":\"EntryPoint\",\"urlTemplate\":\"https:\/\/merelinn.com\/lv\/?s={search_term_string}\"},\"query-input\":{\"@type\":\"PropertyValueSpecification\",\"valueRequired\":true,\"valueName\":\"search_term_string\"}}],\"inLanguage\":\"lv-LV\"}]}<\/script>\n<!-- \/ Yoast SEO plugin. -->","yoast_head_json":{"title":"Sint\u0113tiskais t\u012bkkoks - Merelinn","description":"Sint\u0113tiskais t\u012bkkoka kl\u0101js no viena no vado\u0161ajiem materi\u0101lu un pane\u013cu ra\u017eot\u0101jiem \u2014 BMF. Sist\u0113mas: Teektrue un Deckfab.","robots":{"index":"noindex","follow":"follow","max-snippet":"max-snippet:-1","max-image-preview":"max-image-preview:large","max-video-preview":"max-video-preview:-1"},"og_locale":"lv_LV","og_type":"article","og_title":"Sint\u0113tiskais t\u012bkkoks - Merelinn","og_description":"Sint\u0113tiskais t\u012bkkoka kl\u0101js no viena no vado\u0161ajiem materi\u0101lu un pane\u013cu ra\u017eot\u0101jiem \u2014 BMF. Sist\u0113mas: Teektrue un Deckfab.","og_url":"https:\/\/merelinn.com\/lv\/pakalpojumi\/sintetiskais-tikkoks\/","og_site_name":"Merelinn","article_modified_time":"2025-04-24T09:32:31+00:00","og_image":[{"width":1920,"height":1280,"url":"https:\/\/merelinn.com\/wp-content\/uploads\/2025\/04\/cetteup-ydtEwxH5OcQ-unsplash.jpg","type":"image\/jpeg"}],"twitter_card":"summary_large_image","twitter_misc":{"Est. reading time":"1 minute"},"schema":{"@context":"https:\/\/schema.org","@graph":[{"@type":"WebPage","@id":"https:\/\/merelinn.com\/lv\/pakalpojumi\/sintetiskais-tikkoks\/","url":"https:\/\/merelinn.com\/lv\/pakalpojumi\/sintetiskais-tikkoks\/","name":"Sint\u0113tiskais t\u012bkkoks - Merelinn","isPartOf":{"@id":"https:\/\/merelinn.com\/lv\/#website"},"primaryImageOfPage":{"@id":"https:\/\/merelinn.com\/lv\/pakalpojumi\/sintetiskais-tikkoks\/#primaryimage"},"image":{"@id":"https:\/\/merelinn.com\/lv\/pakalpojumi\/sintetiskais-tikkoks\/#primaryimage"},"thumbnailUrl":"https:\/\/merelinn.com\/wp-content\/uploads\/2026\/01\/IMG_5782.jpeg","datePublished":"2025-04-09T08:16:47+00:00","dateModified":"2025-04-24T09:32:31+00:00","description":"Sint\u0113tiskais t\u012bkkoka kl\u0101js no viena no vado\u0161ajiem materi\u0101lu un pane\u013cu ra\u017eot\u0101jiem \u2014 BMF. Sist\u0113mas: Teektrue un Deckfab.","breadcrumb":{"@id":"https:\/\/merelinn.com\/lv\/pakalpojumi\/sintetiskais-tikkoks\/#breadcrumb"},"inLanguage":"lv-LV","potentialAction":[{"@type":"ReadAction","target":["https:\/\/merelinn.com\/lv\/pakalpojumi\/sintetiskais-tikkoks\/"]}]},{"@type":"ImageObject","inLanguage":"lv-LV","@id":"https:\/\/merelinn.com\/lv\/pakalpojumi\/sintetiskais-tikkoks\/#primaryimage","url":"https:\/\/merelinn.com\/wp-content\/uploads\/2026\/01\/IMG_5782.jpeg","contentUrl":"https:\/\/merelinn.com\/wp-content\/uploads\/2026\/01\/IMG_5782.jpeg","width":1215,"height":797},{"@type":"BreadcrumbList","@id":"https:\/\/merelinn.com\/lv\/pakalpojumi\/sintetiskais-tikkoks\/#breadcrumb","itemListElement":[{"@type":"ListItem","position":1,"name":"M\u0101jas lapa","item":"https:\/\/merelinn.com\/lv\/"},{"@type":"ListItem","position":2,"name":"Pakalpojumi","item":"https:\/\/merelinn.com\/lv\/pakalpojumi\/"},{"@type":"ListItem","position":3,"name":"Sint\u0113tiskais t\u012bkkoks"}]},{"@type":"WebSite","@id":"https:\/\/merelinn.com\/lv\/#website","url":"https:\/\/merelinn.com\/lv\/","name":"Merelinn","description":"","potentialAction":[{"@type":"SearchAction","target":{"@type":"EntryPoint","urlTemplate":"https:\/\/merelinn.com\/lv\/?s={search_term_string}"},"query-input":{"@type":"PropertyValueSpecification","valueRequired":true,"valueName":"search_term_string"}}],"inLanguage":"lv-LV"}]}},"_links":{"self":[{"href":"https:\/\/merelinn.com\/lv\/wp-json\/wp\/v2\/pages\/3286","targetHints":{"allow":["GET"]}}],"collection":[{"href":"https:\/\/merelinn.com\/lv\/wp-json\/wp\/v2\/pages"}],"about":[{"href":"https:\/\/merelinn.com\/lv\/wp-json\/wp\/v2\/types\/page"}],"author":[{"embeddable":true,"href":"https:\/\/merelinn.com\/lv\/wp-json\/wp\/v2\/users\/1"}],"replies":[{"embeddable":true,"href":"https:\/\/merelinn.com\/lv\/wp-json\/wp\/v2\/comments?post=3286"}],"version-history":[{"count":1,"href":"https:\/\/merelinn.com\/lv\/wp-json\/wp\/v2\/pages\/3286\/revisions"}],"predecessor-version":[{"id":4117,"href":"https:\/\/merelinn.com\/lv\/wp-json\/wp\/v2\/pages\/3286\/revisions\/4117"}],"up":[{"embeddable":true,"href":"https:\/\/merelinn.com\/lv\/wp-json\/wp\/v2\/pages\/3251"}],"wp:featuredmedia":[{"embeddable":true,"href":"https:\/\/merelinn.com\/lv\/wp-json\/wp\/v2\/media\/7582"}],"wp:attachment":[{"href":"https:\/\/merelinn.com\/lv\/wp-json\/wp\/v2\/media?parent=3286"}],"wp:term":[{"taxonomy":"category","embeddable":true,"href":"https:\/\/merelinn.com\/lv\/wp-json\/wp\/v2\/categories?post=3286"},{"taxonomy":"post_tag","embeddable":true,"href":"https:\/\/merelinn.com\/lv\/wp-json\/wp\/v2\/tags?post=3286"}],"curies":[{"name":"wp","href":"https:\/\/api.w.org\/{rel}","templated":true}]}}