{"id":3278,"date":"2025-04-09T11:55:46","date_gmt":"2025-04-09T08:55:46","guid":{"rendered":"https:\/\/merelinn.com\/services\/natural-teak-restoration\/"},"modified":"2025-04-24T12:17:54","modified_gmt":"2025-04-24T09:17:54","slug":"dabiga-tikkoka-restauracija","status":"publish","type":"page","link":"https:\/\/merelinn.com\/lv\/pakalpojumi\/dabiga-tikkoka-restauracija\/","title":{"rendered":"Dab\u012bg\u0101 t\u012bkkoka restaur\u0101cija"},"content":{"rendered":"","protected":false},"excerpt":{"rendered":"<p>Dab\u012bg\u0101 t\u012bkkoka kl\u0101ju restaur\u0101cija un apkope atbilsto\u0161i augst\u0101kajiem standartiem.<\/p>\n","protected":false},"author":1,"featured_media":1846,"parent":3251,"menu_order":0,"comment_status":"closed","ping_status":"closed","template":"","meta":{"_acf_changed":false,"footnotes":""},"categories":[88],"tags":[],"class_list":["post-3278","page","type-page","status-publish","has-post-thumbnail","hentry","category-services-lv"],"acf":{"photo_gallery":{"images":[[{"id":2973,"title":"reat_teak","caption":"","full_image_url":"https:\/\/merelinn.com\/wp-content\/uploads\/2025\/04\/reat_teak.jpg","thumbnail_image_url":"https:\/\/merelinn.com\/wp-content\/uploads\/2025\/04\/reat_teak-150x150.jpg","large_srcset":"https:\/\/merelinn.com\/wp-content\/uploads\/2025\/04\/reat_teak.jpg 607w, https:\/\/merelinn.com\/wp-content\/uploads\/2025\/04\/reat_teak-300x270.jpg 300w, https:\/\/merelinn.com\/wp-content\/uploads\/2025\/04\/reat_teak-600x540.jpg 600w","medium_srcset":"https:\/\/merelinn.com\/wp-content\/uploads\/2025\/04\/reat_teak-300x270.jpg 300w, https:\/\/merelinn.com\/wp-content\/uploads\/2025\/04\/reat_teak-600x540.jpg 600w, https:\/\/merelinn.com\/wp-content\/uploads\/2025\/04\/reat_teak.jpg 607w","media_details":{"width":607,"height":546,"sizes":{"medium":{"file":"reat_teak-300x270.jpg","width":300,"height":270,"mime-type":"image\/jpeg","filesize":26502,"source_url":"https:\/\/merelinn.com\/wp-content\/uploads\/2025\/04\/reat_teak-300x270.jpg"},"thumbnail":{"file":"reat_teak-150x150.jpg","width":150,"height":150,"mime-type":"image\/jpeg","filesize":8151,"source_url":"https:\/\/merelinn.com\/wp-content\/uploads\/2025\/04\/reat_teak-150x150.jpg"},"woocommerce_thumbnail":{"file":"reat_teak-300x300.jpg","width":300,"height":300,"mime-type":"image\/jpeg","filesize":29265,"source_url":"https:\/\/merelinn.com\/wp-content\/uploads\/2025\/04\/reat_teak-300x300.jpg"},"woocommerce_single":{"file":"reat_teak-600x540.jpg","width":600,"height":540,"mime-type":"image\/jpeg","filesize":93043,"source_url":"https:\/\/merelinn.com\/wp-content\/uploads\/2025\/04\/reat_teak-600x540.jpg"},"woocommerce_gallery_thumbnail":{"file":"reat_teak-100x100.jpg","width":100,"height":100,"mime-type":"image\/jpeg","filesize":4062,"source_url":"https:\/\/merelinn.com\/wp-content\/uploads\/2025\/04\/reat_teak-100x100.jpg"}}},"alt_text":"","url":"","target":""}]]}},"yoast_head":"<!-- This site is optimized with the Yoast SEO plugin v25.1 - https:\/\/yoast.com\/wordpress\/plugins\/seo\/ -->\n<title>Dab\u012bg\u0101 t\u012bkkoka restaur\u0101cija - Merelinn<\/title>\n<meta name=\"description\" content=\"Dab\u012bg\u0101 t\u012bkkoka kl\u0101ju restaur\u0101cija un apkope atbilsto\u0161i augst\u0101kajiem standartiem.\" \/>\n<meta name=\"robots\" content=\"noindex, follow, max-snippet:-1, max-image-preview:large, max-video-preview:-1\" \/>\n<meta property=\"og:locale\" content=\"lv_LV\" \/>\n<meta property=\"og:type\" content=\"article\" \/>\n<meta property=\"og:title\" content=\"Dab\u012bg\u0101 t\u012bkkoka restaur\u0101cija - Merelinn\" \/>\n<meta property=\"og:description\" content=\"Dab\u012bg\u0101 t\u012bkkoka kl\u0101ju restaur\u0101cija un apkope atbilsto\u0161i augst\u0101kajiem standartiem.\" \/>\n<meta property=\"og:url\" content=\"https:\/\/merelinn.com\/lv\/pakalpojumi\/dabiga-tikkoka-restauracija\/\" \/>\n<meta property=\"og:site_name\" content=\"Merelinn\" \/>\n<meta property=\"article:modified_time\" content=\"2025-04-24T09:17:54+00:00\" \/>\n<meta property=\"og:image\" content=\"https:\/\/merelinn.com\/wp-content\/uploads\/2025\/04\/toa-heftiba-cXsRBGPXVtA-unsplash-scaled.jpg\" \/>\n\t<meta property=\"og:image:width\" content=\"1707\" \/>\n\t<meta property=\"og:image:height\" content=\"2560\" \/>\n\t<meta property=\"og:image:type\" content=\"image\/jpeg\" \/>\n<meta name=\"twitter:card\" content=\"summary_large_image\" \/>\n<meta name=\"twitter:label1\" content=\"Est. reading time\" \/>\n\t<meta name=\"twitter:data1\" content=\"1 minute\" \/>\n<script type=\"application\/ld+json\" class=\"yoast-schema-graph\">{\"@context\":\"https:\/\/schema.org\",\"@graph\":[{\"@type\":\"WebPage\",\"@id\":\"https:\/\/merelinn.com\/lv\/pakalpojumi\/dabiga-tikkoka-restauracija\/\",\"url\":\"https:\/\/merelinn.com\/lv\/pakalpojumi\/dabiga-tikkoka-restauracija\/\",\"name\":\"Dab\u012bg\u0101 t\u012bkkoka restaur\u0101cija - Merelinn\",\"isPartOf\":{\"@id\":\"https:\/\/merelinn.com\/lv\/#website\"},\"primaryImageOfPage\":{\"@id\":\"https:\/\/merelinn.com\/lv\/pakalpojumi\/dabiga-tikkoka-restauracija\/#primaryimage\"},\"image\":{\"@id\":\"https:\/\/merelinn.com\/lv\/pakalpojumi\/dabiga-tikkoka-restauracija\/#primaryimage\"},\"thumbnailUrl\":\"https:\/\/merelinn.com\/wp-content\/uploads\/2025\/04\/toa-heftiba-cXsRBGPXVtA-unsplash-scaled.jpg\",\"datePublished\":\"2025-04-09T08:55:46+00:00\",\"dateModified\":\"2025-04-24T09:17:54+00:00\",\"description\":\"Dab\u012bg\u0101 t\u012bkkoka kl\u0101ju restaur\u0101cija un apkope atbilsto\u0161i augst\u0101kajiem standartiem.\",\"breadcrumb\":{\"@id\":\"https:\/\/merelinn.com\/lv\/pakalpojumi\/dabiga-tikkoka-restauracija\/#breadcrumb\"},\"inLanguage\":\"lv-LV\",\"potentialAction\":[{\"@type\":\"ReadAction\",\"target\":[\"https:\/\/merelinn.com\/lv\/pakalpojumi\/dabiga-tikkoka-restauracija\/\"]}]},{\"@type\":\"ImageObject\",\"inLanguage\":\"lv-LV\",\"@id\":\"https:\/\/merelinn.com\/lv\/pakalpojumi\/dabiga-tikkoka-restauracija\/#primaryimage\",\"url\":\"https:\/\/merelinn.com\/wp-content\/uploads\/2025\/04\/toa-heftiba-cXsRBGPXVtA-unsplash-scaled.jpg\",\"contentUrl\":\"https:\/\/merelinn.com\/wp-content\/uploads\/2025\/04\/toa-heftiba-cXsRBGPXVtA-unsplash-scaled.jpg\",\"width\":1707,\"height\":2560},{\"@type\":\"BreadcrumbList\",\"@id\":\"https:\/\/merelinn.com\/lv\/pakalpojumi\/dabiga-tikkoka-restauracija\/#breadcrumb\",\"itemListElement\":[{\"@type\":\"ListItem\",\"position\":1,\"name\":\"M\u0101jas lapa\",\"item\":\"https:\/\/merelinn.com\/lv\/\"},{\"@type\":\"ListItem\",\"position\":2,\"name\":\"Pakalpojumi\",\"item\":\"https:\/\/merelinn.com\/lv\/pakalpojumi\/\"},{\"@type\":\"ListItem\",\"position\":3,\"name\":\"Dab\u012bg\u0101 t\u012bkkoka restaur\u0101cija\"}]},{\"@type\":\"WebSite\",\"@id\":\"https:\/\/merelinn.com\/lv\/#website\",\"url\":\"https:\/\/merelinn.com\/lv\/\",\"name\":\"Merelinn\",\"description\":\"\",\"potentialAction\":[{\"@type\":\"SearchAction\",\"target\":{\"@type\":\"EntryPoint\",\"urlTemplate\":\"https:\/\/merelinn.com\/lv\/?s={search_term_string}\"},\"query-input\":{\"@type\":\"PropertyValueSpecification\",\"valueRequired\":true,\"valueName\":\"search_term_string\"}}],\"inLanguage\":\"lv-LV\"}]}<\/script>\n<!-- \/ Yoast SEO plugin. -->","yoast_head_json":{"title":"Dab\u012bg\u0101 t\u012bkkoka restaur\u0101cija - Merelinn","description":"Dab\u012bg\u0101 t\u012bkkoka kl\u0101ju restaur\u0101cija un apkope atbilsto\u0161i augst\u0101kajiem standartiem.","robots":{"index":"noindex","follow":"follow","max-snippet":"max-snippet:-1","max-image-preview":"max-image-preview:large","max-video-preview":"max-video-preview:-1"},"og_locale":"lv_LV","og_type":"article","og_title":"Dab\u012bg\u0101 t\u012bkkoka restaur\u0101cija - Merelinn","og_description":"Dab\u012bg\u0101 t\u012bkkoka kl\u0101ju restaur\u0101cija un apkope atbilsto\u0161i augst\u0101kajiem standartiem.","og_url":"https:\/\/merelinn.com\/lv\/pakalpojumi\/dabiga-tikkoka-restauracija\/","og_site_name":"Merelinn","article_modified_time":"2025-04-24T09:17:54+00:00","og_image":[{"width":1707,"height":2560,"url":"https:\/\/merelinn.com\/wp-content\/uploads\/2025\/04\/toa-heftiba-cXsRBGPXVtA-unsplash-scaled.jpg","type":"image\/jpeg"}],"twitter_card":"summary_large_image","twitter_misc":{"Est. reading time":"1 minute"},"schema":{"@context":"https:\/\/schema.org","@graph":[{"@type":"WebPage","@id":"https:\/\/merelinn.com\/lv\/pakalpojumi\/dabiga-tikkoka-restauracija\/","url":"https:\/\/merelinn.com\/lv\/pakalpojumi\/dabiga-tikkoka-restauracija\/","name":"Dab\u012bg\u0101 t\u012bkkoka restaur\u0101cija - Merelinn","isPartOf":{"@id":"https:\/\/merelinn.com\/lv\/#website"},"primaryImageOfPage":{"@id":"https:\/\/merelinn.com\/lv\/pakalpojumi\/dabiga-tikkoka-restauracija\/#primaryimage"},"image":{"@id":"https:\/\/merelinn.com\/lv\/pakalpojumi\/dabiga-tikkoka-restauracija\/#primaryimage"},"thumbnailUrl":"https:\/\/merelinn.com\/wp-content\/uploads\/2025\/04\/toa-heftiba-cXsRBGPXVtA-unsplash-scaled.jpg","datePublished":"2025-04-09T08:55:46+00:00","dateModified":"2025-04-24T09:17:54+00:00","description":"Dab\u012bg\u0101 t\u012bkkoka kl\u0101ju restaur\u0101cija un apkope atbilsto\u0161i augst\u0101kajiem standartiem.","breadcrumb":{"@id":"https:\/\/merelinn.com\/lv\/pakalpojumi\/dabiga-tikkoka-restauracija\/#breadcrumb"},"inLanguage":"lv-LV","potentialAction":[{"@type":"ReadAction","target":["https:\/\/merelinn.com\/lv\/pakalpojumi\/dabiga-tikkoka-restauracija\/"]}]},{"@type":"ImageObject","inLanguage":"lv-LV","@id":"https:\/\/merelinn.com\/lv\/pakalpojumi\/dabiga-tikkoka-restauracija\/#primaryimage","url":"https:\/\/merelinn.com\/wp-content\/uploads\/2025\/04\/toa-heftiba-cXsRBGPXVtA-unsplash-scaled.jpg","contentUrl":"https:\/\/merelinn.com\/wp-content\/uploads\/2025\/04\/toa-heftiba-cXsRBGPXVtA-unsplash-scaled.jpg","width":1707,"height":2560},{"@type":"BreadcrumbList","@id":"https:\/\/merelinn.com\/lv\/pakalpojumi\/dabiga-tikkoka-restauracija\/#breadcrumb","itemListElement":[{"@type":"ListItem","position":1,"name":"M\u0101jas lapa","item":"https:\/\/merelinn.com\/lv\/"},{"@type":"ListItem","position":2,"name":"Pakalpojumi","item":"https:\/\/merelinn.com\/lv\/pakalpojumi\/"},{"@type":"ListItem","position":3,"name":"Dab\u012bg\u0101 t\u012bkkoka restaur\u0101cija"}]},{"@type":"WebSite","@id":"https:\/\/merelinn.com\/lv\/#website","url":"https:\/\/merelinn.com\/lv\/","name":"Merelinn","description":"","potentialAction":[{"@type":"SearchAction","target":{"@type":"EntryPoint","urlTemplate":"https:\/\/merelinn.com\/lv\/?s={search_term_string}"},"query-input":{"@type":"PropertyValueSpecification","valueRequired":true,"valueName":"search_term_string"}}],"inLanguage":"lv-LV"}]}},"_links":{"self":[{"href":"https:\/\/merelinn.com\/lv\/wp-json\/wp\/v2\/pages\/3278","targetHints":{"allow":["GET"]}}],"collection":[{"href":"https:\/\/merelinn.com\/lv\/wp-json\/wp\/v2\/pages"}],"about":[{"href":"https:\/\/merelinn.com\/lv\/wp-json\/wp\/v2\/types\/page"}],"author":[{"embeddable":true,"href":"https:\/\/merelinn.com\/lv\/wp-json\/wp\/v2\/users\/1"}],"replies":[{"embeddable":true,"href":"https:\/\/merelinn.com\/lv\/wp-json\/wp\/v2\/comments?post=3278"}],"version-history":[{"count":2,"href":"https:\/\/merelinn.com\/lv\/wp-json\/wp\/v2\/pages\/3278\/revisions"}],"predecessor-version":[{"id":4111,"href":"https:\/\/merelinn.com\/lv\/wp-json\/wp\/v2\/pages\/3278\/revisions\/4111"}],"up":[{"embeddable":true,"href":"https:\/\/merelinn.com\/lv\/wp-json\/wp\/v2\/pages\/3251"}],"wp:featuredmedia":[{"embeddable":true,"href":"https:\/\/merelinn.com\/lv\/wp-json\/wp\/v2\/media\/1846"}],"wp:attachment":[{"href":"https:\/\/merelinn.com\/lv\/wp-json\/wp\/v2\/media?parent=3278"}],"wp:term":[{"taxonomy":"category","embeddable":true,"href":"https:\/\/merelinn.com\/lv\/wp-json\/wp\/v2\/categories?post=3278"},{"taxonomy":"post_tag","embeddable":true,"href":"https:\/\/merelinn.com\/lv\/wp-json\/wp\/v2\/tags?post=3278"}],"curies":[{"name":"wp","href":"https:\/\/api.w.org\/{rel}","templated":true}]}}