{"id":3273,"date":"2025-04-09T12:02:00","date_gmt":"2025-04-09T09:02:00","guid":{"rendered":"https:\/\/merelinn.com\/services\/plastic-boat-repair\/"},"modified":"2025-05-07T10:35:29","modified_gmt":"2025-05-07T07:35:29","slug":"plastmasas-laivu-un-korpusu-remonts","status":"publish","type":"page","link":"https:\/\/merelinn.com\/lv\/pakalpojumi\/plastmasas-laivu-un-korpusu-remonts\/","title":{"rendered":"Plastmasas laivu un korpusu remonts"},"content":{"rendered":"","protected":false},"excerpt":{"rendered":"<p>Iedobumu un plaisu nov\u0113r\u0161ana? Nekas sare\u017e\u0123\u012bts. Viss ir atrisin\u0101ms.<\/p>\n","protected":false},"author":1,"featured_media":1856,"parent":3251,"menu_order":0,"comment_status":"closed","ping_status":"closed","template":"","meta":{"_acf_changed":false,"footnotes":""},"categories":[88],"tags":[],"class_list":["post-3273","page","type-page","status-publish","has-post-thumbnail","hentry","category-services-lv"],"acf":{"photo_gallery":{"images":[[]]}},"yoast_head":"<!-- This site is optimized with the Yoast SEO plugin v25.1 - https:\/\/yoast.com\/wordpress\/plugins\/seo\/ -->\n<title>Plastmasas laivu un korpusu remonts - Merelinn<\/title>\n<meta name=\"robots\" content=\"noindex, follow, max-snippet:-1, max-image-preview:large, max-video-preview:-1\" \/>\n<meta property=\"og:locale\" content=\"lv_LV\" \/>\n<meta property=\"og:type\" content=\"article\" \/>\n<meta property=\"og:title\" content=\"Plastmasas laivu un korpusu remonts - Merelinn\" \/>\n<meta property=\"og:description\" content=\"Iedobumu un plaisu nov\u0113r\u0161ana? Nekas sare\u017e\u0123\u012bts. Viss ir atrisin\u0101ms.\" \/>\n<meta property=\"og:url\" content=\"https:\/\/merelinn.com\/lv\/pakalpojumi\/plastmasas-laivu-un-korpusu-remonts\/\" \/>\n<meta property=\"og:site_name\" content=\"Merelinn\" \/>\n<meta property=\"article:modified_time\" content=\"2025-05-07T07:35:29+00:00\" \/>\n<meta property=\"og:image\" content=\"https:\/\/merelinn.com\/wp-content\/uploads\/2025\/04\/kadet-YmDQ6_GXqQA-unsplash-scaled.jpg\" \/>\n\t<meta property=\"og:image:width\" content=\"1714\" \/>\n\t<meta property=\"og:image:height\" content=\"2560\" \/>\n\t<meta property=\"og:image:type\" content=\"image\/jpeg\" \/>\n<meta name=\"twitter:card\" content=\"summary_large_image\" \/>\n<meta name=\"twitter:label1\" content=\"Est. reading time\" \/>\n\t<meta name=\"twitter:data1\" content=\"1 minute\" \/>\n<script type=\"application\/ld+json\" class=\"yoast-schema-graph\">{\"@context\":\"https:\/\/schema.org\",\"@graph\":[{\"@type\":\"WebPage\",\"@id\":\"https:\/\/merelinn.com\/lv\/pakalpojumi\/plastmasas-laivu-un-korpusu-remonts\/\",\"url\":\"https:\/\/merelinn.com\/lv\/pakalpojumi\/plastmasas-laivu-un-korpusu-remonts\/\",\"name\":\"Plastmasas laivu un korpusu remonts - Merelinn\",\"isPartOf\":{\"@id\":\"https:\/\/merelinn.com\/lv\/#website\"},\"primaryImageOfPage\":{\"@id\":\"https:\/\/merelinn.com\/lv\/pakalpojumi\/plastmasas-laivu-un-korpusu-remonts\/#primaryimage\"},\"image\":{\"@id\":\"https:\/\/merelinn.com\/lv\/pakalpojumi\/plastmasas-laivu-un-korpusu-remonts\/#primaryimage\"},\"thumbnailUrl\":\"https:\/\/merelinn.com\/wp-content\/uploads\/2025\/04\/kadet-YmDQ6_GXqQA-unsplash-scaled.jpg\",\"datePublished\":\"2025-04-09T09:02:00+00:00\",\"dateModified\":\"2025-05-07T07:35:29+00:00\",\"breadcrumb\":{\"@id\":\"https:\/\/merelinn.com\/lv\/pakalpojumi\/plastmasas-laivu-un-korpusu-remonts\/#breadcrumb\"},\"inLanguage\":\"lv-LV\",\"potentialAction\":[{\"@type\":\"ReadAction\",\"target\":[\"https:\/\/merelinn.com\/lv\/pakalpojumi\/plastmasas-laivu-un-korpusu-remonts\/\"]}]},{\"@type\":\"ImageObject\",\"inLanguage\":\"lv-LV\",\"@id\":\"https:\/\/merelinn.com\/lv\/pakalpojumi\/plastmasas-laivu-un-korpusu-remonts\/#primaryimage\",\"url\":\"https:\/\/merelinn.com\/wp-content\/uploads\/2025\/04\/kadet-YmDQ6_GXqQA-unsplash-scaled.jpg\",\"contentUrl\":\"https:\/\/merelinn.com\/wp-content\/uploads\/2025\/04\/kadet-YmDQ6_GXqQA-unsplash-scaled.jpg\",\"width\":1714,\"height\":2560},{\"@type\":\"BreadcrumbList\",\"@id\":\"https:\/\/merelinn.com\/lv\/pakalpojumi\/plastmasas-laivu-un-korpusu-remonts\/#breadcrumb\",\"itemListElement\":[{\"@type\":\"ListItem\",\"position\":1,\"name\":\"M\u0101jas lapa\",\"item\":\"https:\/\/merelinn.com\/lv\/\"},{\"@type\":\"ListItem\",\"position\":2,\"name\":\"Pakalpojumi\",\"item\":\"https:\/\/merelinn.com\/lv\/pakalpojumi\/\"},{\"@type\":\"ListItem\",\"position\":3,\"name\":\"Plastmasas laivu un korpusu remonts\"}]},{\"@type\":\"WebSite\",\"@id\":\"https:\/\/merelinn.com\/lv\/#website\",\"url\":\"https:\/\/merelinn.com\/lv\/\",\"name\":\"Merelinn\",\"description\":\"\",\"potentialAction\":[{\"@type\":\"SearchAction\",\"target\":{\"@type\":\"EntryPoint\",\"urlTemplate\":\"https:\/\/merelinn.com\/lv\/?s={search_term_string}\"},\"query-input\":{\"@type\":\"PropertyValueSpecification\",\"valueRequired\":true,\"valueName\":\"search_term_string\"}}],\"inLanguage\":\"lv-LV\"}]}<\/script>\n<!-- \/ Yoast SEO plugin. -->","yoast_head_json":{"title":"Plastmasas laivu un korpusu remonts - Merelinn","robots":{"index":"noindex","follow":"follow","max-snippet":"max-snippet:-1","max-image-preview":"max-image-preview:large","max-video-preview":"max-video-preview:-1"},"og_locale":"lv_LV","og_type":"article","og_title":"Plastmasas laivu un korpusu remonts - Merelinn","og_description":"Iedobumu un plaisu nov\u0113r\u0161ana? Nekas sare\u017e\u0123\u012bts. Viss ir atrisin\u0101ms.","og_url":"https:\/\/merelinn.com\/lv\/pakalpojumi\/plastmasas-laivu-un-korpusu-remonts\/","og_site_name":"Merelinn","article_modified_time":"2025-05-07T07:35:29+00:00","og_image":[{"width":1714,"height":2560,"url":"https:\/\/merelinn.com\/wp-content\/uploads\/2025\/04\/kadet-YmDQ6_GXqQA-unsplash-scaled.jpg","type":"image\/jpeg"}],"twitter_card":"summary_large_image","twitter_misc":{"Est. reading time":"1 minute"},"schema":{"@context":"https:\/\/schema.org","@graph":[{"@type":"WebPage","@id":"https:\/\/merelinn.com\/lv\/pakalpojumi\/plastmasas-laivu-un-korpusu-remonts\/","url":"https:\/\/merelinn.com\/lv\/pakalpojumi\/plastmasas-laivu-un-korpusu-remonts\/","name":"Plastmasas laivu un korpusu remonts - Merelinn","isPartOf":{"@id":"https:\/\/merelinn.com\/lv\/#website"},"primaryImageOfPage":{"@id":"https:\/\/merelinn.com\/lv\/pakalpojumi\/plastmasas-laivu-un-korpusu-remonts\/#primaryimage"},"image":{"@id":"https:\/\/merelinn.com\/lv\/pakalpojumi\/plastmasas-laivu-un-korpusu-remonts\/#primaryimage"},"thumbnailUrl":"https:\/\/merelinn.com\/wp-content\/uploads\/2025\/04\/kadet-YmDQ6_GXqQA-unsplash-scaled.jpg","datePublished":"2025-04-09T09:02:00+00:00","dateModified":"2025-05-07T07:35:29+00:00","breadcrumb":{"@id":"https:\/\/merelinn.com\/lv\/pakalpojumi\/plastmasas-laivu-un-korpusu-remonts\/#breadcrumb"},"inLanguage":"lv-LV","potentialAction":[{"@type":"ReadAction","target":["https:\/\/merelinn.com\/lv\/pakalpojumi\/plastmasas-laivu-un-korpusu-remonts\/"]}]},{"@type":"ImageObject","inLanguage":"lv-LV","@id":"https:\/\/merelinn.com\/lv\/pakalpojumi\/plastmasas-laivu-un-korpusu-remonts\/#primaryimage","url":"https:\/\/merelinn.com\/wp-content\/uploads\/2025\/04\/kadet-YmDQ6_GXqQA-unsplash-scaled.jpg","contentUrl":"https:\/\/merelinn.com\/wp-content\/uploads\/2025\/04\/kadet-YmDQ6_GXqQA-unsplash-scaled.jpg","width":1714,"height":2560},{"@type":"BreadcrumbList","@id":"https:\/\/merelinn.com\/lv\/pakalpojumi\/plastmasas-laivu-un-korpusu-remonts\/#breadcrumb","itemListElement":[{"@type":"ListItem","position":1,"name":"M\u0101jas lapa","item":"https:\/\/merelinn.com\/lv\/"},{"@type":"ListItem","position":2,"name":"Pakalpojumi","item":"https:\/\/merelinn.com\/lv\/pakalpojumi\/"},{"@type":"ListItem","position":3,"name":"Plastmasas laivu un korpusu remonts"}]},{"@type":"WebSite","@id":"https:\/\/merelinn.com\/lv\/#website","url":"https:\/\/merelinn.com\/lv\/","name":"Merelinn","description":"","potentialAction":[{"@type":"SearchAction","target":{"@type":"EntryPoint","urlTemplate":"https:\/\/merelinn.com\/lv\/?s={search_term_string}"},"query-input":{"@type":"PropertyValueSpecification","valueRequired":true,"valueName":"search_term_string"}}],"inLanguage":"lv-LV"}]}},"_links":{"self":[{"href":"https:\/\/merelinn.com\/lv\/wp-json\/wp\/v2\/pages\/3273","targetHints":{"allow":["GET"]}}],"collection":[{"href":"https:\/\/merelinn.com\/lv\/wp-json\/wp\/v2\/pages"}],"about":[{"href":"https:\/\/merelinn.com\/lv\/wp-json\/wp\/v2\/types\/page"}],"author":[{"embeddable":true,"href":"https:\/\/merelinn.com\/lv\/wp-json\/wp\/v2\/users\/1"}],"replies":[{"embeddable":true,"href":"https:\/\/merelinn.com\/lv\/wp-json\/wp\/v2\/comments?post=3273"}],"version-history":[{"count":1,"href":"https:\/\/merelinn.com\/lv\/wp-json\/wp\/v2\/pages\/3273\/revisions"}],"predecessor-version":[{"id":4112,"href":"https:\/\/merelinn.com\/lv\/wp-json\/wp\/v2\/pages\/3273\/revisions\/4112"}],"up":[{"embeddable":true,"href":"https:\/\/merelinn.com\/lv\/wp-json\/wp\/v2\/pages\/3251"}],"wp:featuredmedia":[{"embeddable":true,"href":"https:\/\/merelinn.com\/lv\/wp-json\/wp\/v2\/media\/1856"}],"wp:attachment":[{"href":"https:\/\/merelinn.com\/lv\/wp-json\/wp\/v2\/media?parent=3273"}],"wp:term":[{"taxonomy":"category","embeddable":true,"href":"https:\/\/merelinn.com\/lv\/wp-json\/wp\/v2\/categories?post=3273"},{"taxonomy":"post_tag","embeddable":true,"href":"https:\/\/merelinn.com\/lv\/wp-json\/wp\/v2\/tags?post=3273"}],"curies":[{"name":"wp","href":"https:\/\/api.w.org\/{rel}","templated":true}]}}