{"id":3271,"date":"2025-04-09T11:51:52","date_gmt":"2025-04-09T08:51:52","guid":{"rendered":"https:\/\/merelinn.com\/services\/synthetic-cork\/"},"modified":"2025-05-07T10:41:56","modified_gmt":"2025-05-07T07:41:56","slug":"sintetiskais-korkis","status":"publish","type":"page","link":"https:\/\/merelinn.com\/lv\/pakalpojumi\/sintetiskais-korkis\/","title":{"rendered":"Sint\u0113tiskais kor\u0137is"},"content":{"rendered":"","protected":false},"excerpt":{"rendered":"<p>Augstas kvalit\u0101tes sint\u0113tisk\u0101 kor\u0137a kl\u0101js no BMF. Ori\u0123in\u0101ls izskats un izcili ekspluat\u0101cijas r\u0101d\u012bt\u0101ji ar Teektrue un Deckfab sist\u0113m\u0101m.<\/p>\n","protected":false},"author":1,"featured_media":2236,"parent":3251,"menu_order":0,"comment_status":"closed","ping_status":"closed","template":"","meta":{"_acf_changed":false,"footnotes":""},"categories":[88],"tags":[],"class_list":["post-3271","page","type-page","status-publish","has-post-thumbnail","hentry","category-services-lv"],"acf":{"photo_gallery":{"images":[[{"id":2991,"title":"synth_cork_2","caption":"","full_image_url":"https:\/\/merelinn.com\/wp-content\/uploads\/2025\/04\/synth_cork_2.jpg","thumbnail_image_url":"https:\/\/merelinn.com\/wp-content\/uploads\/2025\/04\/synth_cork_2-150x150.jpg","large_srcset":"https:\/\/merelinn.com\/wp-content\/uploads\/2025\/04\/synth_cork_2.jpg 567w, https:\/\/merelinn.com\/wp-content\/uploads\/2025\/04\/synth_cork_2-300x195.jpg 300w","medium_srcset":"https:\/\/merelinn.com\/wp-content\/uploads\/2025\/04\/synth_cork_2-300x195.jpg 300w, https:\/\/merelinn.com\/wp-content\/uploads\/2025\/04\/synth_cork_2.jpg 567w","media_details":{"width":567,"height":369,"sizes":{"medium":{"file":"synth_cork_2-300x195.jpg","width":300,"height":195,"mime-type":"image\/jpeg","filesize":13052,"source_url":"https:\/\/merelinn.com\/wp-content\/uploads\/2025\/04\/synth_cork_2-300x195.jpg"},"thumbnail":{"file":"synth_cork_2-150x150.jpg","width":150,"height":150,"mime-type":"image\/jpeg","filesize":5748,"source_url":"https:\/\/merelinn.com\/wp-content\/uploads\/2025\/04\/synth_cork_2-150x150.jpg"},"woocommerce_thumbnail":{"file":"synth_cork_2-300x300.jpg","width":300,"height":300,"mime-type":"image\/jpeg","filesize":17943,"source_url":"https:\/\/merelinn.com\/wp-content\/uploads\/2025\/04\/synth_cork_2-300x300.jpg"},"woocommerce_gallery_thumbnail":{"file":"synth_cork_2-100x100.jpg","width":100,"height":100,"mime-type":"image\/jpeg","filesize":3048,"source_url":"https:\/\/merelinn.com\/wp-content\/uploads\/2025\/04\/synth_cork_2-100x100.jpg"}}},"alt_text":"","url":"","target":""},{"id":2985,"title":"synth_cork_1","caption":"","full_image_url":"https:\/\/merelinn.com\/wp-content\/uploads\/2025\/04\/synth_cork_1.jpg","thumbnail_image_url":"https:\/\/merelinn.com\/wp-content\/uploads\/2025\/04\/synth_cork_1-150x150.jpg","large_srcset":"https:\/\/merelinn.com\/wp-content\/uploads\/2025\/04\/synth_cork_1.jpg 642w, https:\/\/merelinn.com\/wp-content\/uploads\/2025\/04\/synth_cork_1-300x225.jpg 300w, https:\/\/merelinn.com\/wp-content\/uploads\/2025\/04\/synth_cork_1-600x450.jpg 600w","medium_srcset":"https:\/\/merelinn.com\/wp-content\/uploads\/2025\/04\/synth_cork_1-300x225.jpg 300w, https:\/\/merelinn.com\/wp-content\/uploads\/2025\/04\/synth_cork_1-600x450.jpg 600w, https:\/\/merelinn.com\/wp-content\/uploads\/2025\/04\/synth_cork_1.jpg 642w","media_details":{"width":642,"height":482,"sizes":{"medium":{"file":"synth_cork_1-300x225.jpg","width":300,"height":225,"mime-type":"image\/jpeg","filesize":14749,"source_url":"https:\/\/merelinn.com\/wp-content\/uploads\/2025\/04\/synth_cork_1-300x225.jpg"},"thumbnail":{"file":"synth_cork_1-150x150.jpg","width":150,"height":150,"mime-type":"image\/jpeg","filesize":5276,"source_url":"https:\/\/merelinn.com\/wp-content\/uploads\/2025\/04\/synth_cork_1-150x150.jpg"},"woocommerce_thumbnail":{"file":"synth_cork_1-300x300.jpg","width":300,"height":300,"mime-type":"image\/jpeg","filesize":17342,"source_url":"https:\/\/merelinn.com\/wp-content\/uploads\/2025\/04\/synth_cork_1-300x300.jpg"},"woocommerce_single":{"file":"synth_cork_1-600x450.jpg","width":600,"height":450,"mime-type":"image\/jpeg","filesize":50159,"source_url":"https:\/\/merelinn.com\/wp-content\/uploads\/2025\/04\/synth_cork_1-600x450.jpg"},"woocommerce_gallery_thumbnail":{"file":"synth_cork_1-100x100.jpg","width":100,"height":100,"mime-type":"image\/jpeg","filesize":2852,"source_url":"https:\/\/merelinn.com\/wp-content\/uploads\/2025\/04\/synth_cork_1-100x100.jpg"}}},"alt_text":"","url":"","target":""}]]}},"yoast_head":"<!-- This site is optimized with the Yoast SEO plugin v25.1 - https:\/\/yoast.com\/wordpress\/plugins\/seo\/ -->\n<title>Sint\u0113tiskais kor\u0137is - Merelinn<\/title>\n<meta name=\"description\" content=\"Augstas kvalit\u0101tes sint\u0113tisk\u0101 kor\u0137a kl\u0101js no BMF. Ori\u0123in\u0101ls izskats un izcili ekspluat\u0101cijas r\u0101d\u012bt\u0101ji ar Teektrue un Deckfab sist\u0113m\u0101m.\" \/>\n<meta name=\"robots\" content=\"noindex, follow, max-snippet:-1, max-image-preview:large, max-video-preview:-1\" \/>\n<meta property=\"og:locale\" content=\"lv_LV\" \/>\n<meta property=\"og:type\" content=\"article\" \/>\n<meta property=\"og:title\" content=\"Sint\u0113tiskais kor\u0137is - Merelinn\" \/>\n<meta property=\"og:description\" content=\"Augstas kvalit\u0101tes sint\u0113tisk\u0101 kor\u0137a kl\u0101js no BMF. Ori\u0123in\u0101ls izskats un izcili ekspluat\u0101cijas r\u0101d\u012bt\u0101ji ar Teektrue un Deckfab sist\u0113m\u0101m.\" \/>\n<meta property=\"og:url\" content=\"https:\/\/merelinn.com\/lv\/pakalpojumi\/sintetiskais-korkis\/\" \/>\n<meta property=\"og:site_name\" content=\"Merelinn\" \/>\n<meta property=\"article:modified_time\" content=\"2025-05-07T07:41:56+00:00\" \/>\n<meta property=\"og:image\" content=\"https:\/\/merelinn.com\/wp-content\/uploads\/2025\/04\/Synthetic-cork.webp\" \/>\n\t<meta property=\"og:image:width\" content=\"750\" \/>\n\t<meta property=\"og:image:height\" content=\"563\" \/>\n\t<meta property=\"og:image:type\" content=\"image\/webp\" \/>\n<meta name=\"twitter:card\" content=\"summary_large_image\" \/>\n<meta name=\"twitter:label1\" content=\"Est. reading time\" \/>\n\t<meta name=\"twitter:data1\" content=\"1 minute\" \/>\n<script type=\"application\/ld+json\" class=\"yoast-schema-graph\">{\"@context\":\"https:\/\/schema.org\",\"@graph\":[{\"@type\":\"WebPage\",\"@id\":\"https:\/\/merelinn.com\/lv\/pakalpojumi\/sintetiskais-korkis\/\",\"url\":\"https:\/\/merelinn.com\/lv\/pakalpojumi\/sintetiskais-korkis\/\",\"name\":\"Sint\u0113tiskais kor\u0137is - Merelinn\",\"isPartOf\":{\"@id\":\"https:\/\/merelinn.com\/lv\/#website\"},\"primaryImageOfPage\":{\"@id\":\"https:\/\/merelinn.com\/lv\/pakalpojumi\/sintetiskais-korkis\/#primaryimage\"},\"image\":{\"@id\":\"https:\/\/merelinn.com\/lv\/pakalpojumi\/sintetiskais-korkis\/#primaryimage\"},\"thumbnailUrl\":\"https:\/\/merelinn.com\/wp-content\/uploads\/2025\/04\/Synthetic-cork.webp\",\"datePublished\":\"2025-04-09T08:51:52+00:00\",\"dateModified\":\"2025-05-07T07:41:56+00:00\",\"description\":\"Augstas kvalit\u0101tes sint\u0113tisk\u0101 kor\u0137a kl\u0101js no BMF. Ori\u0123in\u0101ls izskats un izcili ekspluat\u0101cijas r\u0101d\u012bt\u0101ji ar Teektrue un Deckfab sist\u0113m\u0101m.\",\"breadcrumb\":{\"@id\":\"https:\/\/merelinn.com\/lv\/pakalpojumi\/sintetiskais-korkis\/#breadcrumb\"},\"inLanguage\":\"lv-LV\",\"potentialAction\":[{\"@type\":\"ReadAction\",\"target\":[\"https:\/\/merelinn.com\/lv\/pakalpojumi\/sintetiskais-korkis\/\"]}]},{\"@type\":\"ImageObject\",\"inLanguage\":\"lv-LV\",\"@id\":\"https:\/\/merelinn.com\/lv\/pakalpojumi\/sintetiskais-korkis\/#primaryimage\",\"url\":\"https:\/\/merelinn.com\/wp-content\/uploads\/2025\/04\/Synthetic-cork.webp\",\"contentUrl\":\"https:\/\/merelinn.com\/wp-content\/uploads\/2025\/04\/Synthetic-cork.webp\",\"width\":750,\"height\":563},{\"@type\":\"BreadcrumbList\",\"@id\":\"https:\/\/merelinn.com\/lv\/pakalpojumi\/sintetiskais-korkis\/#breadcrumb\",\"itemListElement\":[{\"@type\":\"ListItem\",\"position\":1,\"name\":\"M\u0101jas lapa\",\"item\":\"https:\/\/merelinn.com\/lv\/\"},{\"@type\":\"ListItem\",\"position\":2,\"name\":\"Pakalpojumi\",\"item\":\"https:\/\/merelinn.com\/lv\/pakalpojumi\/\"},{\"@type\":\"ListItem\",\"position\":3,\"name\":\"Sint\u0113tiskais kor\u0137is\"}]},{\"@type\":\"WebSite\",\"@id\":\"https:\/\/merelinn.com\/lv\/#website\",\"url\":\"https:\/\/merelinn.com\/lv\/\",\"name\":\"Merelinn\",\"description\":\"\",\"potentialAction\":[{\"@type\":\"SearchAction\",\"target\":{\"@type\":\"EntryPoint\",\"urlTemplate\":\"https:\/\/merelinn.com\/lv\/?s={search_term_string}\"},\"query-input\":{\"@type\":\"PropertyValueSpecification\",\"valueRequired\":true,\"valueName\":\"search_term_string\"}}],\"inLanguage\":\"lv-LV\"}]}<\/script>\n<!-- \/ Yoast SEO plugin. -->","yoast_head_json":{"title":"Sint\u0113tiskais kor\u0137is - Merelinn","description":"Augstas kvalit\u0101tes sint\u0113tisk\u0101 kor\u0137a kl\u0101js no BMF. Ori\u0123in\u0101ls izskats un izcili ekspluat\u0101cijas r\u0101d\u012bt\u0101ji ar Teektrue un Deckfab sist\u0113m\u0101m.","robots":{"index":"noindex","follow":"follow","max-snippet":"max-snippet:-1","max-image-preview":"max-image-preview:large","max-video-preview":"max-video-preview:-1"},"og_locale":"lv_LV","og_type":"article","og_title":"Sint\u0113tiskais kor\u0137is - Merelinn","og_description":"Augstas kvalit\u0101tes sint\u0113tisk\u0101 kor\u0137a kl\u0101js no BMF. Ori\u0123in\u0101ls izskats un izcili ekspluat\u0101cijas r\u0101d\u012bt\u0101ji ar Teektrue un Deckfab sist\u0113m\u0101m.","og_url":"https:\/\/merelinn.com\/lv\/pakalpojumi\/sintetiskais-korkis\/","og_site_name":"Merelinn","article_modified_time":"2025-05-07T07:41:56+00:00","og_image":[{"width":750,"height":563,"url":"https:\/\/merelinn.com\/wp-content\/uploads\/2025\/04\/Synthetic-cork.webp","type":"image\/webp"}],"twitter_card":"summary_large_image","twitter_misc":{"Est. reading time":"1 minute"},"schema":{"@context":"https:\/\/schema.org","@graph":[{"@type":"WebPage","@id":"https:\/\/merelinn.com\/lv\/pakalpojumi\/sintetiskais-korkis\/","url":"https:\/\/merelinn.com\/lv\/pakalpojumi\/sintetiskais-korkis\/","name":"Sint\u0113tiskais kor\u0137is - Merelinn","isPartOf":{"@id":"https:\/\/merelinn.com\/lv\/#website"},"primaryImageOfPage":{"@id":"https:\/\/merelinn.com\/lv\/pakalpojumi\/sintetiskais-korkis\/#primaryimage"},"image":{"@id":"https:\/\/merelinn.com\/lv\/pakalpojumi\/sintetiskais-korkis\/#primaryimage"},"thumbnailUrl":"https:\/\/merelinn.com\/wp-content\/uploads\/2025\/04\/Synthetic-cork.webp","datePublished":"2025-04-09T08:51:52+00:00","dateModified":"2025-05-07T07:41:56+00:00","description":"Augstas kvalit\u0101tes sint\u0113tisk\u0101 kor\u0137a kl\u0101js no BMF. Ori\u0123in\u0101ls izskats un izcili ekspluat\u0101cijas r\u0101d\u012bt\u0101ji ar Teektrue un Deckfab sist\u0113m\u0101m.","breadcrumb":{"@id":"https:\/\/merelinn.com\/lv\/pakalpojumi\/sintetiskais-korkis\/#breadcrumb"},"inLanguage":"lv-LV","potentialAction":[{"@type":"ReadAction","target":["https:\/\/merelinn.com\/lv\/pakalpojumi\/sintetiskais-korkis\/"]}]},{"@type":"ImageObject","inLanguage":"lv-LV","@id":"https:\/\/merelinn.com\/lv\/pakalpojumi\/sintetiskais-korkis\/#primaryimage","url":"https:\/\/merelinn.com\/wp-content\/uploads\/2025\/04\/Synthetic-cork.webp","contentUrl":"https:\/\/merelinn.com\/wp-content\/uploads\/2025\/04\/Synthetic-cork.webp","width":750,"height":563},{"@type":"BreadcrumbList","@id":"https:\/\/merelinn.com\/lv\/pakalpojumi\/sintetiskais-korkis\/#breadcrumb","itemListElement":[{"@type":"ListItem","position":1,"name":"M\u0101jas lapa","item":"https:\/\/merelinn.com\/lv\/"},{"@type":"ListItem","position":2,"name":"Pakalpojumi","item":"https:\/\/merelinn.com\/lv\/pakalpojumi\/"},{"@type":"ListItem","position":3,"name":"Sint\u0113tiskais kor\u0137is"}]},{"@type":"WebSite","@id":"https:\/\/merelinn.com\/lv\/#website","url":"https:\/\/merelinn.com\/lv\/","name":"Merelinn","description":"","potentialAction":[{"@type":"SearchAction","target":{"@type":"EntryPoint","urlTemplate":"https:\/\/merelinn.com\/lv\/?s={search_term_string}"},"query-input":{"@type":"PropertyValueSpecification","valueRequired":true,"valueName":"search_term_string"}}],"inLanguage":"lv-LV"}]}},"_links":{"self":[{"href":"https:\/\/merelinn.com\/lv\/wp-json\/wp\/v2\/pages\/3271","targetHints":{"allow":["GET"]}}],"collection":[{"href":"https:\/\/merelinn.com\/lv\/wp-json\/wp\/v2\/pages"}],"about":[{"href":"https:\/\/merelinn.com\/lv\/wp-json\/wp\/v2\/types\/page"}],"author":[{"embeddable":true,"href":"https:\/\/merelinn.com\/lv\/wp-json\/wp\/v2\/users\/1"}],"replies":[{"embeddable":true,"href":"https:\/\/merelinn.com\/lv\/wp-json\/wp\/v2\/comments?post=3271"}],"version-history":[{"count":1,"href":"https:\/\/merelinn.com\/lv\/wp-json\/wp\/v2\/pages\/3271\/revisions"}],"predecessor-version":[{"id":4115,"href":"https:\/\/merelinn.com\/lv\/wp-json\/wp\/v2\/pages\/3271\/revisions\/4115"}],"up":[{"embeddable":true,"href":"https:\/\/merelinn.com\/lv\/wp-json\/wp\/v2\/pages\/3251"}],"wp:featuredmedia":[{"embeddable":true,"href":"https:\/\/merelinn.com\/lv\/wp-json\/wp\/v2\/media\/2236"}],"wp:attachment":[{"href":"https:\/\/merelinn.com\/lv\/wp-json\/wp\/v2\/media?parent=3271"}],"wp:term":[{"taxonomy":"category","embeddable":true,"href":"https:\/\/merelinn.com\/lv\/wp-json\/wp\/v2\/categories?post=3271"},{"taxonomy":"post_tag","embeddable":true,"href":"https:\/\/merelinn.com\/lv\/wp-json\/wp\/v2\/tags?post=3271"}],"curies":[{"name":"wp","href":"https:\/\/api.w.org\/{rel}","templated":true}]}}