{"id":3261,"date":"2025-04-09T16:44:57","date_gmt":"2025-04-09T13:44:57","guid":{"rendered":"https:\/\/merelinn.com\/services\/interior-works\/"},"modified":"2025-04-24T12:18:04","modified_gmt":"2025-04-24T09:18:04","slug":"ieksdarbi-interjera-darbi","status":"publish","type":"page","link":"https:\/\/merelinn.com\/lv\/pakalpojumi\/ieksdarbi-interjera-darbi\/","title":{"rendered":"Iek\u0161darbi \/ interjera darbi"},"content":{"rendered":"","protected":false},"excerpt":{"rendered":"<p>Apgaismojuma risin\u0101jumi, koka interjera restaur\u0101cija, virsmu kr\u0101so\u0161ana un gr\u012bdas segumi.<\/p>\n","protected":false},"author":1,"featured_media":7569,"parent":3251,"menu_order":0,"comment_status":"closed","ping_status":"closed","template":"","meta":{"_acf_changed":false,"footnotes":""},"categories":[88],"tags":[],"class_list":["post-3261","page","type-page","status-publish","has-post-thumbnail","hentry","category-services-lv"],"acf":{"photo_gallery":{"images":[[]]}},"yoast_head":"<!-- This site is optimized with the Yoast SEO plugin v25.1 - https:\/\/yoast.com\/wordpress\/plugins\/seo\/ -->\n<title>Iek\u0161darbi \/ interjera darbi - Merelinn<\/title>\n<meta name=\"robots\" content=\"noindex, follow, max-snippet:-1, max-image-preview:large, max-video-preview:-1\" \/>\n<meta property=\"og:locale\" content=\"lv_LV\" \/>\n<meta property=\"og:type\" content=\"article\" \/>\n<meta property=\"og:title\" content=\"Iek\u0161darbi \/ interjera darbi - Merelinn\" \/>\n<meta property=\"og:description\" content=\"Apgaismojuma risin\u0101jumi, koka interjera restaur\u0101cija, virsmu kr\u0101so\u0161ana un gr\u012bdas segumi.\" \/>\n<meta property=\"og:url\" content=\"https:\/\/merelinn.com\/lv\/pakalpojumi\/ieksdarbi-interjera-darbi\/\" \/>\n<meta property=\"og:site_name\" content=\"Merelinn\" \/>\n<meta property=\"article:modified_time\" content=\"2025-04-24T09:18:04+00:00\" \/>\n<meta property=\"og:image\" content=\"https:\/\/merelinn.com\/wp-content\/uploads\/2025\/04\/oliver-hayes-u1KGv2wYgYE-unsplash.jpg\" \/>\n\t<meta property=\"og:image:width\" content=\"1920\" \/>\n\t<meta property=\"og:image:height\" content=\"1280\" \/>\n\t<meta property=\"og:image:type\" content=\"image\/jpeg\" \/>\n<meta name=\"twitter:card\" content=\"summary_large_image\" \/>\n<meta name=\"twitter:label1\" content=\"Est. reading time\" \/>\n\t<meta name=\"twitter:data1\" content=\"1 minute\" \/>\n<script type=\"application\/ld+json\" class=\"yoast-schema-graph\">{\"@context\":\"https:\/\/schema.org\",\"@graph\":[{\"@type\":\"WebPage\",\"@id\":\"https:\/\/merelinn.com\/lv\/pakalpojumi\/ieksdarbi-interjera-darbi\/\",\"url\":\"https:\/\/merelinn.com\/lv\/pakalpojumi\/ieksdarbi-interjera-darbi\/\",\"name\":\"Iek\u0161darbi \/ interjera darbi - Merelinn\",\"isPartOf\":{\"@id\":\"https:\/\/merelinn.com\/lv\/#website\"},\"primaryImageOfPage\":{\"@id\":\"https:\/\/merelinn.com\/lv\/pakalpojumi\/ieksdarbi-interjera-darbi\/#primaryimage\"},\"image\":{\"@id\":\"https:\/\/merelinn.com\/lv\/pakalpojumi\/ieksdarbi-interjera-darbi\/#primaryimage\"},\"thumbnailUrl\":\"https:\/\/merelinn.com\/wp-content\/uploads\/2026\/01\/IMG_5759.jpeg\",\"datePublished\":\"2025-04-09T13:44:57+00:00\",\"dateModified\":\"2025-04-24T09:18:04+00:00\",\"breadcrumb\":{\"@id\":\"https:\/\/merelinn.com\/lv\/pakalpojumi\/ieksdarbi-interjera-darbi\/#breadcrumb\"},\"inLanguage\":\"lv-LV\",\"potentialAction\":[{\"@type\":\"ReadAction\",\"target\":[\"https:\/\/merelinn.com\/lv\/pakalpojumi\/ieksdarbi-interjera-darbi\/\"]}]},{\"@type\":\"ImageObject\",\"inLanguage\":\"lv-LV\",\"@id\":\"https:\/\/merelinn.com\/lv\/pakalpojumi\/ieksdarbi-interjera-darbi\/#primaryimage\",\"url\":\"https:\/\/merelinn.com\/wp-content\/uploads\/2026\/01\/IMG_5759.jpeg\",\"contentUrl\":\"https:\/\/merelinn.com\/wp-content\/uploads\/2026\/01\/IMG_5759.jpeg\",\"width\":2040,\"height\":1530},{\"@type\":\"BreadcrumbList\",\"@id\":\"https:\/\/merelinn.com\/lv\/pakalpojumi\/ieksdarbi-interjera-darbi\/#breadcrumb\",\"itemListElement\":[{\"@type\":\"ListItem\",\"position\":1,\"name\":\"M\u0101jas lapa\",\"item\":\"https:\/\/merelinn.com\/lv\/\"},{\"@type\":\"ListItem\",\"position\":2,\"name\":\"Pakalpojumi\",\"item\":\"https:\/\/merelinn.com\/lv\/pakalpojumi\/\"},{\"@type\":\"ListItem\",\"position\":3,\"name\":\"Iek\u0161darbi \/ interjera darbi\"}]},{\"@type\":\"WebSite\",\"@id\":\"https:\/\/merelinn.com\/lv\/#website\",\"url\":\"https:\/\/merelinn.com\/lv\/\",\"name\":\"Merelinn\",\"description\":\"\",\"potentialAction\":[{\"@type\":\"SearchAction\",\"target\":{\"@type\":\"EntryPoint\",\"urlTemplate\":\"https:\/\/merelinn.com\/lv\/?s={search_term_string}\"},\"query-input\":{\"@type\":\"PropertyValueSpecification\",\"valueRequired\":true,\"valueName\":\"search_term_string\"}}],\"inLanguage\":\"lv-LV\"}]}<\/script>\n<!-- \/ Yoast SEO plugin. -->","yoast_head_json":{"title":"Iek\u0161darbi \/ interjera darbi - Merelinn","robots":{"index":"noindex","follow":"follow","max-snippet":"max-snippet:-1","max-image-preview":"max-image-preview:large","max-video-preview":"max-video-preview:-1"},"og_locale":"lv_LV","og_type":"article","og_title":"Iek\u0161darbi \/ interjera darbi - Merelinn","og_description":"Apgaismojuma risin\u0101jumi, koka interjera restaur\u0101cija, virsmu kr\u0101so\u0161ana un gr\u012bdas segumi.","og_url":"https:\/\/merelinn.com\/lv\/pakalpojumi\/ieksdarbi-interjera-darbi\/","og_site_name":"Merelinn","article_modified_time":"2025-04-24T09:18:04+00:00","og_image":[{"width":1920,"height":1280,"url":"https:\/\/merelinn.com\/wp-content\/uploads\/2025\/04\/oliver-hayes-u1KGv2wYgYE-unsplash.jpg","type":"image\/jpeg"}],"twitter_card":"summary_large_image","twitter_misc":{"Est. reading time":"1 minute"},"schema":{"@context":"https:\/\/schema.org","@graph":[{"@type":"WebPage","@id":"https:\/\/merelinn.com\/lv\/pakalpojumi\/ieksdarbi-interjera-darbi\/","url":"https:\/\/merelinn.com\/lv\/pakalpojumi\/ieksdarbi-interjera-darbi\/","name":"Iek\u0161darbi \/ interjera darbi - Merelinn","isPartOf":{"@id":"https:\/\/merelinn.com\/lv\/#website"},"primaryImageOfPage":{"@id":"https:\/\/merelinn.com\/lv\/pakalpojumi\/ieksdarbi-interjera-darbi\/#primaryimage"},"image":{"@id":"https:\/\/merelinn.com\/lv\/pakalpojumi\/ieksdarbi-interjera-darbi\/#primaryimage"},"thumbnailUrl":"https:\/\/merelinn.com\/wp-content\/uploads\/2026\/01\/IMG_5759.jpeg","datePublished":"2025-04-09T13:44:57+00:00","dateModified":"2025-04-24T09:18:04+00:00","breadcrumb":{"@id":"https:\/\/merelinn.com\/lv\/pakalpojumi\/ieksdarbi-interjera-darbi\/#breadcrumb"},"inLanguage":"lv-LV","potentialAction":[{"@type":"ReadAction","target":["https:\/\/merelinn.com\/lv\/pakalpojumi\/ieksdarbi-interjera-darbi\/"]}]},{"@type":"ImageObject","inLanguage":"lv-LV","@id":"https:\/\/merelinn.com\/lv\/pakalpojumi\/ieksdarbi-interjera-darbi\/#primaryimage","url":"https:\/\/merelinn.com\/wp-content\/uploads\/2026\/01\/IMG_5759.jpeg","contentUrl":"https:\/\/merelinn.com\/wp-content\/uploads\/2026\/01\/IMG_5759.jpeg","width":2040,"height":1530},{"@type":"BreadcrumbList","@id":"https:\/\/merelinn.com\/lv\/pakalpojumi\/ieksdarbi-interjera-darbi\/#breadcrumb","itemListElement":[{"@type":"ListItem","position":1,"name":"M\u0101jas lapa","item":"https:\/\/merelinn.com\/lv\/"},{"@type":"ListItem","position":2,"name":"Pakalpojumi","item":"https:\/\/merelinn.com\/lv\/pakalpojumi\/"},{"@type":"ListItem","position":3,"name":"Iek\u0161darbi \/ interjera darbi"}]},{"@type":"WebSite","@id":"https:\/\/merelinn.com\/lv\/#website","url":"https:\/\/merelinn.com\/lv\/","name":"Merelinn","description":"","potentialAction":[{"@type":"SearchAction","target":{"@type":"EntryPoint","urlTemplate":"https:\/\/merelinn.com\/lv\/?s={search_term_string}"},"query-input":{"@type":"PropertyValueSpecification","valueRequired":true,"valueName":"search_term_string"}}],"inLanguage":"lv-LV"}]}},"_links":{"self":[{"href":"https:\/\/merelinn.com\/lv\/wp-json\/wp\/v2\/pages\/3261","targetHints":{"allow":["GET"]}}],"collection":[{"href":"https:\/\/merelinn.com\/lv\/wp-json\/wp\/v2\/pages"}],"about":[{"href":"https:\/\/merelinn.com\/lv\/wp-json\/wp\/v2\/types\/page"}],"author":[{"embeddable":true,"href":"https:\/\/merelinn.com\/lv\/wp-json\/wp\/v2\/users\/1"}],"replies":[{"embeddable":true,"href":"https:\/\/merelinn.com\/lv\/wp-json\/wp\/v2\/comments?post=3261"}],"version-history":[{"count":1,"href":"https:\/\/merelinn.com\/lv\/wp-json\/wp\/v2\/pages\/3261\/revisions"}],"predecessor-version":[{"id":4109,"href":"https:\/\/merelinn.com\/lv\/wp-json\/wp\/v2\/pages\/3261\/revisions\/4109"}],"up":[{"embeddable":true,"href":"https:\/\/merelinn.com\/lv\/wp-json\/wp\/v2\/pages\/3251"}],"wp:featuredmedia":[{"embeddable":true,"href":"https:\/\/merelinn.com\/lv\/wp-json\/wp\/v2\/media\/7569"}],"wp:attachment":[{"href":"https:\/\/merelinn.com\/lv\/wp-json\/wp\/v2\/media?parent=3261"}],"wp:term":[{"taxonomy":"category","embeddable":true,"href":"https:\/\/merelinn.com\/lv\/wp-json\/wp\/v2\/categories?post=3261"},{"taxonomy":"post_tag","embeddable":true,"href":"https:\/\/merelinn.com\/lv\/wp-json\/wp\/v2\/tags?post=3261"}],"curies":[{"name":"wp","href":"https:\/\/api.w.org\/{rel}","templated":true}]}}