{"id":3256,"date":"2025-04-09T16:41:18","date_gmt":"2025-04-09T13:41:18","guid":{"rendered":"https:\/\/merelinn.com\/services\/boat-painting\/"},"modified":"2025-04-21T14:24:17","modified_gmt":"2025-04-21T11:24:17","slug":"boat-painting","status":"publish","type":"page","link":"https:\/\/merelinn.com\/lv\/pakalpojumi\/boat-painting\/","title":{"rendered":"Laivu kr\u0101so\u0161ana"},"content":{"rendered":"","protected":false},"excerpt":{"rendered":"<p>Kl\u0101ja un korpusa kr\u0101so\u0161ana \u2014 process, kas apvieno est\u0113tiku ar nepiecie\u0161am\u012bbu.<\/p>\n","protected":false},"author":1,"featured_media":2067,"parent":3251,"menu_order":0,"comment_status":"closed","ping_status":"closed","template":"","meta":{"_acf_changed":false,"footnotes":""},"categories":[88],"tags":[],"class_list":["post-3256","page","type-page","status-publish","has-post-thumbnail","hentry","category-services-lv"],"acf":{"photo_gallery":{"images":[[]]}},"yoast_head":"<!-- This site is optimized with the Yoast SEO plugin v25.1 - https:\/\/yoast.com\/wordpress\/plugins\/seo\/ -->\n<title>Laivu kr\u0101so\u0161ana - Merelinn<\/title>\n<meta name=\"description\" content=\"Kl\u0101ja un korpusa kr\u0101so\u0161ana \u2014 process, kas apvieno est\u0113tiku ar nepiecie\u0161am\u012bbu.\" \/>\n<meta name=\"robots\" content=\"noindex, follow, max-snippet:-1, max-image-preview:large, max-video-preview:-1\" \/>\n<meta property=\"og:locale\" content=\"lv_LV\" \/>\n<meta property=\"og:type\" content=\"article\" \/>\n<meta property=\"og:title\" content=\"Laivu kr\u0101so\u0161ana - Merelinn\" \/>\n<meta property=\"og:description\" content=\"Kl\u0101ja un korpusa kr\u0101so\u0161ana \u2014 process, kas apvieno est\u0113tiku ar nepiecie\u0161am\u012bbu.\" \/>\n<meta property=\"og:url\" content=\"https:\/\/merelinn.com\/lv\/pakalpojumi\/boat-painting\/\" \/>\n<meta property=\"og:site_name\" content=\"Merelinn\" \/>\n<meta property=\"article:modified_time\" content=\"2025-04-21T11:24:17+00:00\" \/>\n<meta property=\"og:image\" content=\"https:\/\/merelinn.com\/wp-content\/uploads\/2025\/04\/jamie-morrison-aOXXCpLoQz0-unsplash.jpg\" \/>\n\t<meta property=\"og:image:width\" content=\"1920\" \/>\n\t<meta property=\"og:image:height\" content=\"1281\" \/>\n\t<meta property=\"og:image:type\" content=\"image\/jpeg\" \/>\n<meta name=\"twitter:card\" content=\"summary_large_image\" \/>\n<meta name=\"twitter:label1\" content=\"Est. reading time\" \/>\n\t<meta name=\"twitter:data1\" content=\"1 minute\" \/>\n<script type=\"application\/ld+json\" class=\"yoast-schema-graph\">{\"@context\":\"https:\/\/schema.org\",\"@graph\":[{\"@type\":\"WebPage\",\"@id\":\"https:\/\/merelinn.com\/lv\/pakalpojumi\/boat-painting\/\",\"url\":\"https:\/\/merelinn.com\/lv\/pakalpojumi\/boat-painting\/\",\"name\":\"Laivu kr\u0101so\u0161ana - Merelinn\",\"isPartOf\":{\"@id\":\"https:\/\/merelinn.com\/lv\/#website\"},\"primaryImageOfPage\":{\"@id\":\"https:\/\/merelinn.com\/lv\/pakalpojumi\/boat-painting\/#primaryimage\"},\"image\":{\"@id\":\"https:\/\/merelinn.com\/lv\/pakalpojumi\/boat-painting\/#primaryimage\"},\"thumbnailUrl\":\"https:\/\/merelinn.com\/wp-content\/uploads\/2025\/04\/jamie-morrison-aOXXCpLoQz0-unsplash.jpg\",\"datePublished\":\"2025-04-09T13:41:18+00:00\",\"dateModified\":\"2025-04-21T11:24:17+00:00\",\"description\":\"Kl\u0101ja un korpusa kr\u0101so\u0161ana \u2014 process, kas apvieno est\u0113tiku ar nepiecie\u0161am\u012bbu.\",\"breadcrumb\":{\"@id\":\"https:\/\/merelinn.com\/lv\/pakalpojumi\/boat-painting\/#breadcrumb\"},\"inLanguage\":\"lv-LV\",\"potentialAction\":[{\"@type\":\"ReadAction\",\"target\":[\"https:\/\/merelinn.com\/lv\/pakalpojumi\/boat-painting\/\"]}]},{\"@type\":\"ImageObject\",\"inLanguage\":\"lv-LV\",\"@id\":\"https:\/\/merelinn.com\/lv\/pakalpojumi\/boat-painting\/#primaryimage\",\"url\":\"https:\/\/merelinn.com\/wp-content\/uploads\/2025\/04\/jamie-morrison-aOXXCpLoQz0-unsplash.jpg\",\"contentUrl\":\"https:\/\/merelinn.com\/wp-content\/uploads\/2025\/04\/jamie-morrison-aOXXCpLoQz0-unsplash.jpg\",\"width\":1920,\"height\":1281},{\"@type\":\"BreadcrumbList\",\"@id\":\"https:\/\/merelinn.com\/lv\/pakalpojumi\/boat-painting\/#breadcrumb\",\"itemListElement\":[{\"@type\":\"ListItem\",\"position\":1,\"name\":\"M\u0101jas lapa\",\"item\":\"https:\/\/merelinn.com\/lv\/\"},{\"@type\":\"ListItem\",\"position\":2,\"name\":\"Pakalpojumi\",\"item\":\"https:\/\/merelinn.com\/lv\/pakalpojumi\/\"},{\"@type\":\"ListItem\",\"position\":3,\"name\":\"Laivu kr\u0101so\u0161ana\"}]},{\"@type\":\"WebSite\",\"@id\":\"https:\/\/merelinn.com\/lv\/#website\",\"url\":\"https:\/\/merelinn.com\/lv\/\",\"name\":\"Merelinn\",\"description\":\"\",\"potentialAction\":[{\"@type\":\"SearchAction\",\"target\":{\"@type\":\"EntryPoint\",\"urlTemplate\":\"https:\/\/merelinn.com\/lv\/?s={search_term_string}\"},\"query-input\":{\"@type\":\"PropertyValueSpecification\",\"valueRequired\":true,\"valueName\":\"search_term_string\"}}],\"inLanguage\":\"lv-LV\"}]}<\/script>\n<!-- \/ Yoast SEO plugin. -->","yoast_head_json":{"title":"Laivu kr\u0101so\u0161ana - Merelinn","description":"Kl\u0101ja un korpusa kr\u0101so\u0161ana \u2014 process, kas apvieno est\u0113tiku ar nepiecie\u0161am\u012bbu.","robots":{"index":"noindex","follow":"follow","max-snippet":"max-snippet:-1","max-image-preview":"max-image-preview:large","max-video-preview":"max-video-preview:-1"},"og_locale":"lv_LV","og_type":"article","og_title":"Laivu kr\u0101so\u0161ana - Merelinn","og_description":"Kl\u0101ja un korpusa kr\u0101so\u0161ana \u2014 process, kas apvieno est\u0113tiku ar nepiecie\u0161am\u012bbu.","og_url":"https:\/\/merelinn.com\/lv\/pakalpojumi\/boat-painting\/","og_site_name":"Merelinn","article_modified_time":"2025-04-21T11:24:17+00:00","og_image":[{"width":1920,"height":1281,"url":"https:\/\/merelinn.com\/wp-content\/uploads\/2025\/04\/jamie-morrison-aOXXCpLoQz0-unsplash.jpg","type":"image\/jpeg"}],"twitter_card":"summary_large_image","twitter_misc":{"Est. reading time":"1 minute"},"schema":{"@context":"https:\/\/schema.org","@graph":[{"@type":"WebPage","@id":"https:\/\/merelinn.com\/lv\/pakalpojumi\/boat-painting\/","url":"https:\/\/merelinn.com\/lv\/pakalpojumi\/boat-painting\/","name":"Laivu kr\u0101so\u0161ana - Merelinn","isPartOf":{"@id":"https:\/\/merelinn.com\/lv\/#website"},"primaryImageOfPage":{"@id":"https:\/\/merelinn.com\/lv\/pakalpojumi\/boat-painting\/#primaryimage"},"image":{"@id":"https:\/\/merelinn.com\/lv\/pakalpojumi\/boat-painting\/#primaryimage"},"thumbnailUrl":"https:\/\/merelinn.com\/wp-content\/uploads\/2025\/04\/jamie-morrison-aOXXCpLoQz0-unsplash.jpg","datePublished":"2025-04-09T13:41:18+00:00","dateModified":"2025-04-21T11:24:17+00:00","description":"Kl\u0101ja un korpusa kr\u0101so\u0161ana \u2014 process, kas apvieno est\u0113tiku ar nepiecie\u0161am\u012bbu.","breadcrumb":{"@id":"https:\/\/merelinn.com\/lv\/pakalpojumi\/boat-painting\/#breadcrumb"},"inLanguage":"lv-LV","potentialAction":[{"@type":"ReadAction","target":["https:\/\/merelinn.com\/lv\/pakalpojumi\/boat-painting\/"]}]},{"@type":"ImageObject","inLanguage":"lv-LV","@id":"https:\/\/merelinn.com\/lv\/pakalpojumi\/boat-painting\/#primaryimage","url":"https:\/\/merelinn.com\/wp-content\/uploads\/2025\/04\/jamie-morrison-aOXXCpLoQz0-unsplash.jpg","contentUrl":"https:\/\/merelinn.com\/wp-content\/uploads\/2025\/04\/jamie-morrison-aOXXCpLoQz0-unsplash.jpg","width":1920,"height":1281},{"@type":"BreadcrumbList","@id":"https:\/\/merelinn.com\/lv\/pakalpojumi\/boat-painting\/#breadcrumb","itemListElement":[{"@type":"ListItem","position":1,"name":"M\u0101jas lapa","item":"https:\/\/merelinn.com\/lv\/"},{"@type":"ListItem","position":2,"name":"Pakalpojumi","item":"https:\/\/merelinn.com\/lv\/pakalpojumi\/"},{"@type":"ListItem","position":3,"name":"Laivu kr\u0101so\u0161ana"}]},{"@type":"WebSite","@id":"https:\/\/merelinn.com\/lv\/#website","url":"https:\/\/merelinn.com\/lv\/","name":"Merelinn","description":"","potentialAction":[{"@type":"SearchAction","target":{"@type":"EntryPoint","urlTemplate":"https:\/\/merelinn.com\/lv\/?s={search_term_string}"},"query-input":{"@type":"PropertyValueSpecification","valueRequired":true,"valueName":"search_term_string"}}],"inLanguage":"lv-LV"}]}},"_links":{"self":[{"href":"https:\/\/merelinn.com\/lv\/wp-json\/wp\/v2\/pages\/3256","targetHints":{"allow":["GET"]}}],"collection":[{"href":"https:\/\/merelinn.com\/lv\/wp-json\/wp\/v2\/pages"}],"about":[{"href":"https:\/\/merelinn.com\/lv\/wp-json\/wp\/v2\/types\/page"}],"author":[{"embeddable":true,"href":"https:\/\/merelinn.com\/lv\/wp-json\/wp\/v2\/users\/1"}],"replies":[{"embeddable":true,"href":"https:\/\/merelinn.com\/lv\/wp-json\/wp\/v2\/comments?post=3256"}],"version-history":[{"count":3,"href":"https:\/\/merelinn.com\/lv\/wp-json\/wp\/v2\/pages\/3256\/revisions"}],"predecessor-version":[{"id":3775,"href":"https:\/\/merelinn.com\/lv\/wp-json\/wp\/v2\/pages\/3256\/revisions\/3775"}],"up":[{"embeddable":true,"href":"https:\/\/merelinn.com\/lv\/wp-json\/wp\/v2\/pages\/3251"}],"wp:featuredmedia":[{"embeddable":true,"href":"https:\/\/merelinn.com\/lv\/wp-json\/wp\/v2\/media\/2067"}],"wp:attachment":[{"href":"https:\/\/merelinn.com\/lv\/wp-json\/wp\/v2\/media?parent=3256"}],"wp:term":[{"taxonomy":"category","embeddable":true,"href":"https:\/\/merelinn.com\/lv\/wp-json\/wp\/v2\/categories?post=3256"},{"taxonomy":"post_tag","embeddable":true,"href":"https:\/\/merelinn.com\/lv\/wp-json\/wp\/v2\/tags?post=3256"}],"curies":[{"name":"wp","href":"https:\/\/api.w.org\/{rel}","templated":true}]}}