{"id":3233,"date":"2024-09-17T07:36:29","date_gmt":"2024-09-17T04:36:29","guid":{"rendered":"https:\/\/merelinn.com\/order-success\/"},"modified":"2025-05-15T16:06:38","modified_gmt":"2025-05-15T13:06:38","slug":"order-success","status":"publish","type":"page","link":"https:\/\/merelinn.com\/lv\/order-success\/","title":{"rendered":"Pas\u016bt\u012bjums veiksm\u012bgi noform\u0113ts"},"content":{"rendered":"\t\t<div data-elementor-type=\"wp-page\" data-elementor-id=\"3233\" class=\"elementor elementor-3233 elementor-1150\" data-elementor-post-type=\"page\">\n\t\t\t\t<div class=\"elementor-element elementor-element-bb6cc1f e-flex e-con-boxed e-con e-parent\" data-id=\"bb6cc1f\" data-element_type=\"container\">\n\t\t\t\t\t<div class=\"e-con-inner\">\n\t\t<div class=\"elementor-element elementor-element-9769093 e-con-full e-flex e-con e-child\" data-id=\"9769093\" data-element_type=\"container\">\n\t\t<div class=\"elementor-element elementor-element-d20647f e-con-full e-grid e-con e-child\" data-id=\"d20647f\" data-element_type=\"container\">\n\t\t\t\t<div class=\"elementor-element elementor-element-a9232bd elementor-view-framed elementor-shape-circle elementor-widget elementor-widget-icon\" data-id=\"a9232bd\" data-element_type=\"widget\" data-widget_type=\"icon.default\">\n\t\t\t\t<div class=\"elementor-widget-container\">\n\t\t\t\t\t\t\t<div class=\"elementor-icon-wrapper\">\n\t\t\t<div class=\"elementor-icon\">\n\t\t\t<svg xmlns=\"http:\/\/www.w3.org\/2000\/svg\" width=\"64\" height=\"64\" viewBox=\"0 0 64 64\" fill=\"none\"><path d=\"M31.9987 58.6654C46.7263 58.6654 58.6654 46.7263 58.6654 31.9987C58.6654 17.2711 46.7263 5.33203 31.9987 5.33203C17.2711 5.33203 5.33203 17.2711 5.33203 31.9987C5.33203 46.7263 17.2711 58.6654 31.9987 58.6654Z\" stroke=\"#61993B\" stroke-width=\"3\"><\/path><path d=\"M22.6641 33.332L27.9974 38.6654L41.3307 25.332\" stroke=\"#61993B\" stroke-width=\"3\" stroke-linecap=\"round\" stroke-linejoin=\"round\"><\/path><\/svg>\t\t\t<\/div>\n\t\t<\/div>\n\t\t\t\t\t\t<\/div>\n\t\t\t\t<\/div>\n\t\t\t\t<\/div>\n\t\t\t\t<\/div>\n\t\t<div class=\"elementor-element elementor-element-11056d0 e-con-full e-flex e-con e-child\" data-id=\"11056d0\" data-element_type=\"container\">\n\t\t\t\t<div class=\"elementor-element elementor-element-9ad2fce elementor-widget elementor-widget-heading\" data-id=\"9ad2fce\" data-element_type=\"widget\" data-widget_type=\"heading.default\">\n\t\t\t\t<div class=\"elementor-widget-container\">\n\t\t\t\t\t<h1 class=\"elementor-heading-title elementor-size-default\">J\u016bsu pas\u016bt\u012bjums ir veiksm\u012bgi noform\u0113ts!<\/h1>\t\t\t\t<\/div>\n\t\t\t\t<\/div>\n\t\t\t\t<div class=\"elementor-element elementor-element-89a4620 elementor-widget elementor-widget-heading\" data-id=\"89a4620\" data-element_type=\"widget\" data-widget_type=\"heading.default\">\n\t\t\t\t<div class=\"elementor-widget-container\">\n\t\t\t\t\t<p class=\"elementor-heading-title elementor-size-default\">M\u0113s nos\u016bt\u012bsim jums apstiprin\u0101juma e-pastu un pazi\u0146osim, kad pas\u016bt\u012bjums tiks izs\u016bt\u012bts.<\/p>\t\t\t\t<\/div>\n\t\t\t\t<\/div>\n\t\t\t\t<\/div>\n\t\t<div class=\"elementor-element elementor-element-9824ed1 e-con-full e-flex e-con e-child\" data-id=\"9824ed1\" data-element_type=\"container\">\n\t\t<div class=\"elementor-element elementor-element-9d392b1 e-con-full e-flex e-con e-child\" data-id=\"9d392b1\" data-element_type=\"container\">\n\t\t\t\t<div class=\"elementor-element elementor-element-872b32c shop-order-success-page__text elementor-widget elementor-widget-text-editor\" data-id=\"872b32c\" data-element_type=\"widget\" data-widget_type=\"text-editor.default\">\n\t\t\t\t<div class=\"elementor-widget-container\">\n\t\t\t\t\t\t\t\t\t<p>Ja rodas gr\u016bt\u012bbas ar maks\u0101jumu, varat sazin\u0101ties ar mums,<br data-start=\"190\" data-end=\"193\" \/>rakstot uz e-pastu <strong><a class=\"css-1rn59kg\" title=\"mailto:orders@omanikfactory.com\" href=\"mailto:orders@merelinn.com\" data-testid=\"link-with-safety\" data-renderer-mark=\"true\">orders@merelinn.com<\/a><\/strong> vai zvanot pa t\u0101lruni <a href=\"tel:+37255673165\"><strong>+372 55 673 165<\/strong><\/a>.<\/p>\t\t\t\t\t\t\t\t<\/div>\n\t\t\t\t<\/div>\n\t\t\t\t<\/div>\n\t\t\t\t<\/div>\n\t\t<div class=\"elementor-element elementor-element-9b5bb43 e-con-full e-flex e-con e-child\" data-id=\"9b5bb43\" data-element_type=\"container\">\n\t\t\t\t<div class=\"elementor-element elementor-element-a68d497 elementor-widget elementor-widget-button\" data-id=\"a68d497\" data-element_type=\"widget\" data-widget_type=\"button.default\">\n\t\t\t\t<div class=\"elementor-widget-container\">\n\t\t\t\t\t\t\t\t\t<div class=\"elementor-button-wrapper\">\n\t\t\t\t\t<a class=\"elementor-button elementor-button-link elementor-size-sm\" href=\"\/lv\/veikals\/\">\n\t\t\t\t\t\t<span class=\"elementor-button-content-wrapper\">\n\t\t\t\t\t\t\t\t\t<span class=\"elementor-button-text\">Turpin\u0101t iepirkties<\/span>\n\t\t\t\t\t<\/span>\n\t\t\t\t\t<\/a>\n\t\t\t\t<\/div>\n\t\t\t\t\t\t\t\t<\/div>\n\t\t\t\t<\/div>\n\t\t\t\t<\/div>\n\t\t\t\t\t<\/div>\n\t\t\t\t<\/div>\n\t\t\t\t<\/div>\n\t\t","protected":false},"excerpt":{"rendered":"<p>J\u016bsu pas\u016bt\u012bjums ir veiksm\u012bgi noform\u0113ts! M\u0113s nos\u016bt\u012bsim jums apstiprin\u0101juma e-pastu un pazi\u0146osim, kad pas\u016bt\u012bjums tiks izs\u016bt\u012bts. Ja rodas gr\u016bt\u012bbas ar maks\u0101jumu, varat sazin\u0101ties ar mums,rakstot uz e-pastu orders@merelinn.com vai zvanot pa t\u0101lruni +372 55 673 165. Turpin\u0101t iepirkties<\/p>\n","protected":false},"author":2,"featured_media":0,"parent":0,"menu_order":0,"comment_status":"closed","ping_status":"closed","template":"","meta":{"_acf_changed":false,"footnotes":""},"categories":[],"tags":[],"class_list":["post-3233","page","type-page","status-publish","hentry"],"acf":[],"yoast_head":"<!-- This site is optimized with the Yoast SEO plugin v25.1 - https:\/\/yoast.com\/wordpress\/plugins\/seo\/ -->\n<title>Pas\u016bt\u012bjums veiksm\u012bgi noform\u0113ts - Merelinn<\/title>\n<meta name=\"robots\" content=\"noindex, follow, max-snippet:-1, max-image-preview:large, max-video-preview:-1\" \/>\n<meta property=\"og:locale\" content=\"lv_LV\" \/>\n<meta property=\"og:type\" content=\"article\" \/>\n<meta property=\"og:title\" content=\"Pas\u016bt\u012bjums veiksm\u012bgi noform\u0113ts - Merelinn\" \/>\n<meta property=\"og:description\" content=\"J\u016bsu pas\u016bt\u012bjums ir veiksm\u012bgi noform\u0113ts! M\u0113s nos\u016bt\u012bsim jums apstiprin\u0101juma e-pastu un pazi\u0146osim, kad pas\u016bt\u012bjums tiks izs\u016bt\u012bts. Ja rodas gr\u016bt\u012bbas ar maks\u0101jumu, varat sazin\u0101ties ar mums,rakstot uz e-pastu orders@merelinn.com vai zvanot pa t\u0101lruni +372 55 673 165. Turpin\u0101t iepirkties\" \/>\n<meta property=\"og:url\" content=\"https:\/\/merelinn.com\/lv\/order-success\/\" \/>\n<meta property=\"og:site_name\" content=\"Merelinn\" \/>\n<meta property=\"article:modified_time\" content=\"2025-05-15T13:06:38+00:00\" \/>\n<meta name=\"twitter:card\" content=\"summary_large_image\" \/>\n<meta name=\"twitter:label1\" content=\"Est. reading time\" \/>\n\t<meta name=\"twitter:data1\" content=\"1 minute\" \/>\n<script type=\"application\/ld+json\" class=\"yoast-schema-graph\">{\"@context\":\"https:\/\/schema.org\",\"@graph\":[{\"@type\":\"WebPage\",\"@id\":\"https:\/\/merelinn.com\/lv\/order-success\/\",\"url\":\"https:\/\/merelinn.com\/lv\/order-success\/\",\"name\":\"Pas\u016bt\u012bjums veiksm\u012bgi noform\u0113ts - Merelinn\",\"isPartOf\":{\"@id\":\"https:\/\/merelinn.com\/lv\/#website\"},\"datePublished\":\"2024-09-17T04:36:29+00:00\",\"dateModified\":\"2025-05-15T13:06:38+00:00\",\"breadcrumb\":{\"@id\":\"https:\/\/merelinn.com\/lv\/order-success\/#breadcrumb\"},\"inLanguage\":\"lv-LV\",\"potentialAction\":[{\"@type\":\"ReadAction\",\"target\":[\"https:\/\/merelinn.com\/lv\/order-success\/\"]}]},{\"@type\":\"BreadcrumbList\",\"@id\":\"https:\/\/merelinn.com\/lv\/order-success\/#breadcrumb\",\"itemListElement\":[{\"@type\":\"ListItem\",\"position\":1,\"name\":\"M\u0101jas lapa\",\"item\":\"https:\/\/merelinn.com\/lv\/\"},{\"@type\":\"ListItem\",\"position\":2,\"name\":\"Pas\u016bt\u012bjums veiksm\u012bgi noform\u0113ts\"}]},{\"@type\":\"WebSite\",\"@id\":\"https:\/\/merelinn.com\/lv\/#website\",\"url\":\"https:\/\/merelinn.com\/lv\/\",\"name\":\"Merelinn\",\"description\":\"\",\"potentialAction\":[{\"@type\":\"SearchAction\",\"target\":{\"@type\":\"EntryPoint\",\"urlTemplate\":\"https:\/\/merelinn.com\/lv\/?s={search_term_string}\"},\"query-input\":{\"@type\":\"PropertyValueSpecification\",\"valueRequired\":true,\"valueName\":\"search_term_string\"}}],\"inLanguage\":\"lv-LV\"}]}<\/script>\n<!-- \/ Yoast SEO plugin. -->","yoast_head_json":{"title":"Pas\u016bt\u012bjums veiksm\u012bgi noform\u0113ts - Merelinn","robots":{"index":"noindex","follow":"follow","max-snippet":"max-snippet:-1","max-image-preview":"max-image-preview:large","max-video-preview":"max-video-preview:-1"},"og_locale":"lv_LV","og_type":"article","og_title":"Pas\u016bt\u012bjums veiksm\u012bgi noform\u0113ts - Merelinn","og_description":"J\u016bsu pas\u016bt\u012bjums ir veiksm\u012bgi noform\u0113ts! M\u0113s nos\u016bt\u012bsim jums apstiprin\u0101juma e-pastu un pazi\u0146osim, kad pas\u016bt\u012bjums tiks izs\u016bt\u012bts. Ja rodas gr\u016bt\u012bbas ar maks\u0101jumu, varat sazin\u0101ties ar mums,rakstot uz e-pastu orders@merelinn.com vai zvanot pa t\u0101lruni +372 55 673 165. Turpin\u0101t iepirkties","og_url":"https:\/\/merelinn.com\/lv\/order-success\/","og_site_name":"Merelinn","article_modified_time":"2025-05-15T13:06:38+00:00","twitter_card":"summary_large_image","twitter_misc":{"Est. reading time":"1 minute"},"schema":{"@context":"https:\/\/schema.org","@graph":[{"@type":"WebPage","@id":"https:\/\/merelinn.com\/lv\/order-success\/","url":"https:\/\/merelinn.com\/lv\/order-success\/","name":"Pas\u016bt\u012bjums veiksm\u012bgi noform\u0113ts - Merelinn","isPartOf":{"@id":"https:\/\/merelinn.com\/lv\/#website"},"datePublished":"2024-09-17T04:36:29+00:00","dateModified":"2025-05-15T13:06:38+00:00","breadcrumb":{"@id":"https:\/\/merelinn.com\/lv\/order-success\/#breadcrumb"},"inLanguage":"lv-LV","potentialAction":[{"@type":"ReadAction","target":["https:\/\/merelinn.com\/lv\/order-success\/"]}]},{"@type":"BreadcrumbList","@id":"https:\/\/merelinn.com\/lv\/order-success\/#breadcrumb","itemListElement":[{"@type":"ListItem","position":1,"name":"M\u0101jas lapa","item":"https:\/\/merelinn.com\/lv\/"},{"@type":"ListItem","position":2,"name":"Pas\u016bt\u012bjums veiksm\u012bgi noform\u0113ts"}]},{"@type":"WebSite","@id":"https:\/\/merelinn.com\/lv\/#website","url":"https:\/\/merelinn.com\/lv\/","name":"Merelinn","description":"","potentialAction":[{"@type":"SearchAction","target":{"@type":"EntryPoint","urlTemplate":"https:\/\/merelinn.com\/lv\/?s={search_term_string}"},"query-input":{"@type":"PropertyValueSpecification","valueRequired":true,"valueName":"search_term_string"}}],"inLanguage":"lv-LV"}]}},"_links":{"self":[{"href":"https:\/\/merelinn.com\/lv\/wp-json\/wp\/v2\/pages\/3233","targetHints":{"allow":["GET"]}}],"collection":[{"href":"https:\/\/merelinn.com\/lv\/wp-json\/wp\/v2\/pages"}],"about":[{"href":"https:\/\/merelinn.com\/lv\/wp-json\/wp\/v2\/types\/page"}],"author":[{"embeddable":true,"href":"https:\/\/merelinn.com\/lv\/wp-json\/wp\/v2\/users\/2"}],"replies":[{"embeddable":true,"href":"https:\/\/merelinn.com\/lv\/wp-json\/wp\/v2\/comments?post=3233"}],"version-history":[{"count":10,"href":"https:\/\/merelinn.com\/lv\/wp-json\/wp\/v2\/pages\/3233\/revisions"}],"predecessor-version":[{"id":5968,"href":"https:\/\/merelinn.com\/lv\/wp-json\/wp\/v2\/pages\/3233\/revisions\/5968"}],"wp:attachment":[{"href":"https:\/\/merelinn.com\/lv\/wp-json\/wp\/v2\/media?parent=3233"}],"wp:term":[{"taxonomy":"category","embeddable":true,"href":"https:\/\/merelinn.com\/lv\/wp-json\/wp\/v2\/categories?post=3233"},{"taxonomy":"post_tag","embeddable":true,"href":"https:\/\/merelinn.com\/lv\/wp-json\/wp\/v2\/tags?post=3233"}],"curies":[{"name":"wp","href":"https:\/\/api.w.org\/{rel}","templated":true}]}}