{"id":6366,"date":"2025-05-16T15:03:40","date_gmt":"2025-05-16T12:03:40","guid":{"rendered":"https:\/\/merelinn.com\/product\/soft-shackle-in-dyneema\/"},"modified":"2025-05-16T15:12:54","modified_gmt":"2025-05-16T12:12:54","slug":"soft-shackle-in-dyneema","status":"publish","type":"product","link":"https:\/\/merelinn.com\/lt\/produktas\/soft-shackle-in-dyneema\/","title":{"rendered":"Soft Shackle in Dyneema\u00ae"},"content":{"rendered":"<p><b>Soft Shackle i\u0161 Dyneema\u00ae Olli\u2122<\/b> \u2013 novatori\u0161kas mink\u0161tas \u0161aklis, sukurtas pa\u010dioms sud\u0117tingiausioms buriavimo s\u0105lygoms.<\/p>\n<p>Puikiai dera su <b>Olli\u2122 sm\u016bgius sugerian\u010diu, ma\u017eos trinties \u017eiedu<\/b>.<\/p>\n<p>\u0160is auk\u0161tos kokyb\u0117s tekstilinis jungtis u\u017etikrina patikimum\u0105, lengvum\u0105 ir saugum\u0105 \u2013 daugeliu atvej\u0173 lenkia tradicinius metalinius \u0161aklius.<\/p>\n<p><b>Pagrindiniai privalumai:<\/b><\/p>\n<ul>\n<li><b>I\u0161skirtinis tvirtumas:<\/b><br \/>\nPagamintas i\u0161 Dyneema\u00ae SK78 \u2013 didel\u0117 tempimo j\u0117ga ir labai ma\u017eas svoris.<\/li>\n<li><b>Apsauga deniui ir takela\u017eui:<\/b><br \/>\nMink\u0161tas korpusas apsaugo nuo \u012fbr\u0117\u017eim\u0173 ir \u012flinkim\u0173 ant denio ir laivo \u012frangos.<\/li>\n<li><b>Patogus naudojimas:<\/b><br \/>\nGreitai ir lengvai atidaromas bei u\u017edaromas \u2013 idealiai tinka bur\u0117ms keisti ir takela\u017eui reguliuoti.<\/li>\n<li><b>Universalumas:<\/b><br \/>\nTinka bur\u0117ms, blokams, virv\u0117ms ir kitai \u012frangai pritvirtinti \u2013 tiek sportiniams, tiek pramoginiams laivams.<\/li>\n<\/ul>\n<p><b>Technin\u0117s specifikacijos:<\/b><\/p>\n<ul>\n<li><b>Med\u017eiaga:<\/b> Dyneema\u00ae SK78<\/li>\n<\/ul>\n<p><b>Kod\u0117l verta rinktis Soft Shackle i\u0161 Dyneema\u00ae Olli\u2122:<\/b><\/p>\n<p>\u0160iuolaikiniame buriavime svarbiausia \u2013 \u012frangos patikimumas ir efektyvumas.<br \/>\nTekstilini\u0173 \u0161akli\u0173 naudojimas suma\u017eina svor\u012f, padidina saugum\u0105 ir palengvina valdym\u0105.<\/p>\n<p><b>\u017denkite \u012f buriavimo ir j\u016brin\u0117s laisvalaikio ateit\u012f \u2013 pajuskite skirtum\u0105 su Soft Shackle i\u0161 Dyneema\u00ae Olli\u2122 kiekviename mazge ir manevre!<\/b><\/p>\n","protected":false},"excerpt":{"rendered":"<p><b>Soft Shackle i\u0161 Dyneema\u00ae Olli\u2122<\/b> \u2013 novatori\u0161kas mink\u0161tas \u0161aklis, sukurtas pa\u010dioms sud\u0117tingiausioms buriavimo s\u0105lygoms.<\/p>\n<p>Puikiai dera su <b>Olli\u2122 sm\u016bgius sugerian\u010diu, ma\u017eos trinties \u017eiedu<\/b>.<\/p>\n","protected":false},"featured_media":6331,"comment_status":"open","ping_status":"closed","template":"","meta":{"_acf_changed":false},"product_brand":[253],"product_cat":[184],"product_tag":[114],"class_list":{"0":"post-6366","1":"product","2":"type-product","3":"status-publish","4":"has-post-thumbnail","6":"product_brand-easysea","7":"product_cat-slings-lt","8":"product_tag-populiarus","10":"first","11":"instock","12":"taxable","13":"shipping-taxable","14":"purchasable","15":"product-type-variable"},"acf":[],"yoast_head":"<!-- This site is optimized with the Yoast SEO plugin v25.1 - https:\/\/yoast.com\/wordpress\/plugins\/seo\/ -->\n<title>Soft Shackle in Dyneema\u00ae - Merelinn<\/title>\n<meta name=\"robots\" content=\"noindex, follow, max-snippet:-1, max-image-preview:large, max-video-preview:-1\" \/>\n<meta property=\"og:locale\" content=\"lt_LT\" \/>\n<meta property=\"og:type\" content=\"article\" \/>\n<meta property=\"og:title\" content=\"Soft Shackle in Dyneema\u00ae - Merelinn\" \/>\n<meta property=\"og:description\" content=\"Soft Shackle i\u0161 Dyneema\u00ae Olli\u2122 \u2013 novatori\u0161kas mink\u0161tas \u0161aklis, sukurtas pa\u010dioms sud\u0117tingiausioms buriavimo s\u0105lygoms.  Puikiai dera su Olli\u2122 sm\u016bgius sugerian\u010diu, ma\u017eos trinties \u017eiedu.\" \/>\n<meta property=\"og:url\" content=\"https:\/\/merelinn.com\/lt\/produktas\/soft-shackle-in-dyneema\/\" \/>\n<meta property=\"og:site_name\" content=\"Merelinn\" \/>\n<meta property=\"article:modified_time\" content=\"2025-05-16T12:12:54+00:00\" \/>\n<meta property=\"og:image\" content=\"https:\/\/merelinn.com\/wp-content\/uploads\/2025\/05\/1.png\" \/>\n\t<meta property=\"og:image:width\" content=\"1080\" \/>\n\t<meta property=\"og:image:height\" content=\"1080\" \/>\n\t<meta property=\"og:image:type\" content=\"image\/png\" \/>\n<meta name=\"twitter:card\" content=\"summary_large_image\" \/>\n<meta name=\"twitter:label1\" content=\"Est. reading time\" \/>\n\t<meta name=\"twitter:data1\" content=\"2 minut\u0117s\" \/>\n<script type=\"application\/ld+json\" class=\"yoast-schema-graph\">{\"@context\":\"https:\/\/schema.org\",\"@graph\":[{\"@type\":\"WebPage\",\"@id\":\"https:\/\/merelinn.com\/lt\/produktas\/soft-shackle-in-dyneema\/\",\"url\":\"https:\/\/merelinn.com\/lt\/produktas\/soft-shackle-in-dyneema\/\",\"name\":\"Soft Shackle in Dyneema\u00ae - Merelinn\",\"isPartOf\":{\"@id\":\"https:\/\/merelinn.com\/lt\/#website\"},\"primaryImageOfPage\":{\"@id\":\"https:\/\/merelinn.com\/lt\/produktas\/soft-shackle-in-dyneema\/#primaryimage\"},\"image\":{\"@id\":\"https:\/\/merelinn.com\/lt\/produktas\/soft-shackle-in-dyneema\/#primaryimage\"},\"thumbnailUrl\":\"https:\/\/merelinn.com\/wp-content\/uploads\/2025\/05\/1.png\",\"datePublished\":\"2025-05-16T12:03:40+00:00\",\"dateModified\":\"2025-05-16T12:12:54+00:00\",\"breadcrumb\":{\"@id\":\"https:\/\/merelinn.com\/lt\/produktas\/soft-shackle-in-dyneema\/#breadcrumb\"},\"inLanguage\":\"lt-LT\",\"potentialAction\":[{\"@type\":\"ReadAction\",\"target\":[\"https:\/\/merelinn.com\/lt\/produktas\/soft-shackle-in-dyneema\/\"]}]},{\"@type\":\"ImageObject\",\"inLanguage\":\"lt-LT\",\"@id\":\"https:\/\/merelinn.com\/lt\/produktas\/soft-shackle-in-dyneema\/#primaryimage\",\"url\":\"https:\/\/merelinn.com\/wp-content\/uploads\/2025\/05\/1.png\",\"contentUrl\":\"https:\/\/merelinn.com\/wp-content\/uploads\/2025\/05\/1.png\",\"width\":1080,\"height\":1080},{\"@type\":\"BreadcrumbList\",\"@id\":\"https:\/\/merelinn.com\/lt\/produktas\/soft-shackle-in-dyneema\/#breadcrumb\",\"itemListElement\":[{\"@type\":\"ListItem\",\"position\":1,\"name\":\"Pagrindinis puslapis\",\"item\":\"https:\/\/merelinn.com\/lt\/\"},{\"@type\":\"ListItem\",\"position\":2,\"name\":\"Parduotuv\u0117\",\"item\":\"https:\/\/merelinn.com\/lt\/?page_id=1555\"},{\"@type\":\"ListItem\",\"position\":3,\"name\":\"Dir\u017eai\",\"item\":\"https:\/\/merelinn.com\/lt\/produkto-kategorija\/slings-lt\/\"},{\"@type\":\"ListItem\",\"position\":4,\"name\":\"Soft Shackle in Dyneema\u00ae\"}]},{\"@type\":\"WebSite\",\"@id\":\"https:\/\/merelinn.com\/lt\/#website\",\"url\":\"https:\/\/merelinn.com\/lt\/\",\"name\":\"Merelinn\",\"description\":\"\",\"potentialAction\":[{\"@type\":\"SearchAction\",\"target\":{\"@type\":\"EntryPoint\",\"urlTemplate\":\"https:\/\/merelinn.com\/lt\/?s={search_term_string}\"},\"query-input\":{\"@type\":\"PropertyValueSpecification\",\"valueRequired\":true,\"valueName\":\"search_term_string\"}}],\"inLanguage\":\"lt-LT\"}]}<\/script>\n<!-- \/ Yoast SEO plugin. -->","yoast_head_json":{"title":"Soft Shackle in Dyneema\u00ae - Merelinn","robots":{"index":"noindex","follow":"follow","max-snippet":"max-snippet:-1","max-image-preview":"max-image-preview:large","max-video-preview":"max-video-preview:-1"},"og_locale":"lt_LT","og_type":"article","og_title":"Soft Shackle in Dyneema\u00ae - Merelinn","og_description":"Soft Shackle i\u0161 Dyneema\u00ae Olli\u2122 \u2013 novatori\u0161kas mink\u0161tas \u0161aklis, sukurtas pa\u010dioms sud\u0117tingiausioms buriavimo s\u0105lygoms.  Puikiai dera su Olli\u2122 sm\u016bgius sugerian\u010diu, ma\u017eos trinties \u017eiedu.","og_url":"https:\/\/merelinn.com\/lt\/produktas\/soft-shackle-in-dyneema\/","og_site_name":"Merelinn","article_modified_time":"2025-05-16T12:12:54+00:00","og_image":[{"width":1080,"height":1080,"url":"https:\/\/merelinn.com\/wp-content\/uploads\/2025\/05\/1.png","type":"image\/png"}],"twitter_card":"summary_large_image","twitter_misc":{"Est. reading time":"2 minut\u0117s"},"schema":{"@context":"https:\/\/schema.org","@graph":[{"@type":"WebPage","@id":"https:\/\/merelinn.com\/lt\/produktas\/soft-shackle-in-dyneema\/","url":"https:\/\/merelinn.com\/lt\/produktas\/soft-shackle-in-dyneema\/","name":"Soft Shackle in Dyneema\u00ae - Merelinn","isPartOf":{"@id":"https:\/\/merelinn.com\/lt\/#website"},"primaryImageOfPage":{"@id":"https:\/\/merelinn.com\/lt\/produktas\/soft-shackle-in-dyneema\/#primaryimage"},"image":{"@id":"https:\/\/merelinn.com\/lt\/produktas\/soft-shackle-in-dyneema\/#primaryimage"},"thumbnailUrl":"https:\/\/merelinn.com\/wp-content\/uploads\/2025\/05\/1.png","datePublished":"2025-05-16T12:03:40+00:00","dateModified":"2025-05-16T12:12:54+00:00","breadcrumb":{"@id":"https:\/\/merelinn.com\/lt\/produktas\/soft-shackle-in-dyneema\/#breadcrumb"},"inLanguage":"lt-LT","potentialAction":[{"@type":"ReadAction","target":["https:\/\/merelinn.com\/lt\/produktas\/soft-shackle-in-dyneema\/"]}]},{"@type":"ImageObject","inLanguage":"lt-LT","@id":"https:\/\/merelinn.com\/lt\/produktas\/soft-shackle-in-dyneema\/#primaryimage","url":"https:\/\/merelinn.com\/wp-content\/uploads\/2025\/05\/1.png","contentUrl":"https:\/\/merelinn.com\/wp-content\/uploads\/2025\/05\/1.png","width":1080,"height":1080},{"@type":"BreadcrumbList","@id":"https:\/\/merelinn.com\/lt\/produktas\/soft-shackle-in-dyneema\/#breadcrumb","itemListElement":[{"@type":"ListItem","position":1,"name":"Pagrindinis puslapis","item":"https:\/\/merelinn.com\/lt\/"},{"@type":"ListItem","position":2,"name":"Parduotuv\u0117","item":"https:\/\/merelinn.com\/lt\/?page_id=1555"},{"@type":"ListItem","position":3,"name":"Dir\u017eai","item":"https:\/\/merelinn.com\/lt\/produkto-kategorija\/slings-lt\/"},{"@type":"ListItem","position":4,"name":"Soft Shackle in Dyneema\u00ae"}]},{"@type":"WebSite","@id":"https:\/\/merelinn.com\/lt\/#website","url":"https:\/\/merelinn.com\/lt\/","name":"Merelinn","description":"","potentialAction":[{"@type":"SearchAction","target":{"@type":"EntryPoint","urlTemplate":"https:\/\/merelinn.com\/lt\/?s={search_term_string}"},"query-input":{"@type":"PropertyValueSpecification","valueRequired":true,"valueName":"search_term_string"}}],"inLanguage":"lt-LT"}]}},"_links":{"self":[{"href":"https:\/\/merelinn.com\/lt\/wp-json\/wp\/v2\/product\/6366","targetHints":{"allow":["GET"]}}],"collection":[{"href":"https:\/\/merelinn.com\/lt\/wp-json\/wp\/v2\/product"}],"about":[{"href":"https:\/\/merelinn.com\/lt\/wp-json\/wp\/v2\/types\/product"}],"replies":[{"embeddable":true,"href":"https:\/\/merelinn.com\/lt\/wp-json\/wp\/v2\/comments?post=6366"}],"version-history":[{"count":0,"href":"https:\/\/merelinn.com\/lt\/wp-json\/wp\/v2\/product\/6366\/revisions"}],"wp:featuredmedia":[{"embeddable":true,"href":"https:\/\/merelinn.com\/lt\/wp-json\/wp\/v2\/media\/6331"}],"wp:attachment":[{"href":"https:\/\/merelinn.com\/lt\/wp-json\/wp\/v2\/media?parent=6366"}],"wp:term":[{"taxonomy":"product_brand","embeddable":true,"href":"https:\/\/merelinn.com\/lt\/wp-json\/wp\/v2\/product_brand?post=6366"},{"taxonomy":"product_cat","embeddable":true,"href":"https:\/\/merelinn.com\/lt\/wp-json\/wp\/v2\/product_cat?post=6366"},{"taxonomy":"product_tag","embeddable":true,"href":"https:\/\/merelinn.com\/lt\/wp-json\/wp\/v2\/product_tag?post=6366"}],"curies":[{"name":"wp","href":"https:\/\/api.w.org\/{rel}","templated":true}]}}