{"id":6316,"date":"2025-05-16T14:41:01","date_gmt":"2025-05-16T11:41:01","guid":{"rendered":"https:\/\/merelinn.com\/product\/sheathed-loop-dyneema\/"},"modified":"2025-05-16T15:24:30","modified_gmt":"2025-05-16T12:24:30","slug":"sheathed-loop-dyneema","status":"publish","type":"product","link":"https:\/\/merelinn.com\/lt\/produktas\/sheathed-loop-dyneema\/","title":{"rendered":"Sheathed Loop Dyneema\u00ae"},"content":{"rendered":"<p><b>Sheathed Loop Dyneema\u00ae skirta Olli\u2122<\/b> \u2013 auk\u0161\u010diausios kokyb\u0117s tekstilin\u0117 kilpa, sukurta atlaikyti sunkiausias s\u0105lygas buriavime.<\/p>\n<p>Idealiai dera su <b>Olli\u2122 sm\u016bgius sugerian\u010diu, ma\u017eo trinties \u017eiedu<\/b>, u\u017etikrinant efektyvum\u0105 ir saugum\u0105.<\/p>\n<p><b>Pagrindiniai privalumai:<\/b><\/p>\n<ul>\n<li><b><\/b><b>Apsaugin\u0117 danga:<\/b><br \/>\nI\u0161orinis sluoksnis saugo nuo UV spinduli\u0173, trinties ir oro s\u0105lyg\u0173 \u2013 ilgam tarnavimo laikui.<\/li>\n<li><b><\/b><b>Itin stipri:<\/b><br \/>\nDyneema\u00ae \u0161erdis u\u017etikrina didel\u0119 apkrov\u0105 ir ma\u017e\u0105 svor\u012f \u2013 be deformacijos.<\/li>\n<li><b><\/b><b>Puikus suderinamumas su Olli\u2122:<\/b><br \/>\nOptimizuotas dizainas ma\u017eina trint\u012f ir pagerina bendr\u0105 \u012frangos darb\u0105.<\/li>\n<li><b><\/b><b>Universalumas:<\/b><br \/>\nTinka vis\u0173 tip\u0173 takela\u017eui \u2013 nuo regat\u0173 iki poilsinio buriavimo.<\/li>\n<\/ul>\n<p><b>Technin\u0117 informacija:<\/b><\/p>\n<ul>\n<li><b><\/b><b>Med\u017eiaga:<\/b> Dyneema\u00ae \u0161erdis su apsauginiu sluoksniu<\/li>\n<\/ul>\n<p><b>Kod\u0117l verta rinktis Sheathed Loop Dyneema\u00ae skirt\u0105 Olli\u2122:<\/b><\/p>\n<p>Buriavime svarbiausia \u2013 saugumas ir ilgaam\u017ei\u0161kumas. \u0160i kilpa apjungia pa\u017eangias med\u017eiagas ir i\u0161man\u0173 dizain\u0105.<\/p>\n<p><b>Jei tinka sportui \u2013 poilsin\u0117ms kelion\u0117ms tai beveik am\u017einas sprendimas.<\/b><br \/>\nU\u017esisakykite <b>Sheathed Loop Dyneema\u00ae Olli\u2122<\/b> jau dabar ir pajuskite skirtum\u0105 kiekviename mazge ir manevre!<\/p>\n","protected":false},"excerpt":{"rendered":"<p><b>Sheathed Loop Dyneema\u00ae skirta Olli\u2122<\/b> \u2013 auk\u0161\u010diausios kokyb\u0117s tekstilin\u0117 kilpa, sukurta atlaikyti sunkiausias s\u0105lygas buriavime.<\/p>\n","protected":false},"featured_media":6287,"comment_status":"open","ping_status":"closed","template":"","meta":{"_acf_changed":false},"product_brand":[253],"product_cat":[184],"product_tag":[114],"class_list":{"0":"post-6316","1":"product","2":"type-product","3":"status-publish","4":"has-post-thumbnail","6":"product_brand-easysea","7":"product_cat-slings-lt","8":"product_tag-populiarus","10":"first","11":"instock","12":"taxable","13":"shipping-taxable","14":"purchasable","15":"product-type-variable"},"acf":[],"yoast_head":"<!-- This site is optimized with the Yoast SEO plugin v25.1 - https:\/\/yoast.com\/wordpress\/plugins\/seo\/ -->\n<title>Sheathed Loop Dyneema\u00ae - Merelinn<\/title>\n<meta name=\"robots\" content=\"noindex, follow, max-snippet:-1, max-image-preview:large, max-video-preview:-1\" \/>\n<meta property=\"og:locale\" content=\"lt_LT\" \/>\n<meta property=\"og:type\" content=\"article\" \/>\n<meta property=\"og:title\" content=\"Sheathed Loop Dyneema\u00ae - Merelinn\" \/>\n<meta property=\"og:description\" content=\"Sheathed Loop Dyneema\u00ae skirta Olli\u2122 \u2013 auk\u0161\u010diausios kokyb\u0117s tekstilin\u0117 kilpa, sukurta atlaikyti sunkiausias s\u0105lygas buriavime.\" \/>\n<meta property=\"og:url\" content=\"https:\/\/merelinn.com\/lt\/produktas\/sheathed-loop-dyneema\/\" \/>\n<meta property=\"og:site_name\" content=\"Merelinn\" \/>\n<meta property=\"article:modified_time\" content=\"2025-05-16T12:24:30+00:00\" \/>\n<meta property=\"og:image\" content=\"https:\/\/merelinn.com\/wp-content\/uploads\/2025\/05\/1-2.png\" \/>\n\t<meta property=\"og:image:width\" content=\"1080\" \/>\n\t<meta property=\"og:image:height\" content=\"1080\" \/>\n\t<meta property=\"og:image:type\" content=\"image\/png\" \/>\n<meta name=\"twitter:card\" content=\"summary_large_image\" \/>\n<meta name=\"twitter:label1\" content=\"Est. reading time\" \/>\n\t<meta name=\"twitter:data1\" content=\"1 minut\u0117\" \/>\n<script type=\"application\/ld+json\" class=\"yoast-schema-graph\">{\"@context\":\"https:\/\/schema.org\",\"@graph\":[{\"@type\":\"WebPage\",\"@id\":\"https:\/\/merelinn.com\/lt\/produktas\/sheathed-loop-dyneema\/\",\"url\":\"https:\/\/merelinn.com\/lt\/produktas\/sheathed-loop-dyneema\/\",\"name\":\"Sheathed Loop Dyneema\u00ae - Merelinn\",\"isPartOf\":{\"@id\":\"https:\/\/merelinn.com\/lt\/#website\"},\"primaryImageOfPage\":{\"@id\":\"https:\/\/merelinn.com\/lt\/produktas\/sheathed-loop-dyneema\/#primaryimage\"},\"image\":{\"@id\":\"https:\/\/merelinn.com\/lt\/produktas\/sheathed-loop-dyneema\/#primaryimage\"},\"thumbnailUrl\":\"https:\/\/merelinn.com\/wp-content\/uploads\/2025\/05\/1-2.png\",\"datePublished\":\"2025-05-16T11:41:01+00:00\",\"dateModified\":\"2025-05-16T12:24:30+00:00\",\"breadcrumb\":{\"@id\":\"https:\/\/merelinn.com\/lt\/produktas\/sheathed-loop-dyneema\/#breadcrumb\"},\"inLanguage\":\"lt-LT\",\"potentialAction\":[{\"@type\":\"ReadAction\",\"target\":[\"https:\/\/merelinn.com\/lt\/produktas\/sheathed-loop-dyneema\/\"]}]},{\"@type\":\"ImageObject\",\"inLanguage\":\"lt-LT\",\"@id\":\"https:\/\/merelinn.com\/lt\/produktas\/sheathed-loop-dyneema\/#primaryimage\",\"url\":\"https:\/\/merelinn.com\/wp-content\/uploads\/2025\/05\/1-2.png\",\"contentUrl\":\"https:\/\/merelinn.com\/wp-content\/uploads\/2025\/05\/1-2.png\",\"width\":1080,\"height\":1080},{\"@type\":\"BreadcrumbList\",\"@id\":\"https:\/\/merelinn.com\/lt\/produktas\/sheathed-loop-dyneema\/#breadcrumb\",\"itemListElement\":[{\"@type\":\"ListItem\",\"position\":1,\"name\":\"Pagrindinis puslapis\",\"item\":\"https:\/\/merelinn.com\/lt\/\"},{\"@type\":\"ListItem\",\"position\":2,\"name\":\"Parduotuv\u0117\",\"item\":\"https:\/\/merelinn.com\/lt\/?page_id=1555\"},{\"@type\":\"ListItem\",\"position\":3,\"name\":\"Dir\u017eai\",\"item\":\"https:\/\/merelinn.com\/lt\/produkto-kategorija\/slings-lt\/\"},{\"@type\":\"ListItem\",\"position\":4,\"name\":\"Sheathed Loop Dyneema\u00ae\"}]},{\"@type\":\"WebSite\",\"@id\":\"https:\/\/merelinn.com\/lt\/#website\",\"url\":\"https:\/\/merelinn.com\/lt\/\",\"name\":\"Merelinn\",\"description\":\"\",\"potentialAction\":[{\"@type\":\"SearchAction\",\"target\":{\"@type\":\"EntryPoint\",\"urlTemplate\":\"https:\/\/merelinn.com\/lt\/?s={search_term_string}\"},\"query-input\":{\"@type\":\"PropertyValueSpecification\",\"valueRequired\":true,\"valueName\":\"search_term_string\"}}],\"inLanguage\":\"lt-LT\"}]}<\/script>\n<!-- \/ Yoast SEO plugin. -->","yoast_head_json":{"title":"Sheathed Loop Dyneema\u00ae - Merelinn","robots":{"index":"noindex","follow":"follow","max-snippet":"max-snippet:-1","max-image-preview":"max-image-preview:large","max-video-preview":"max-video-preview:-1"},"og_locale":"lt_LT","og_type":"article","og_title":"Sheathed Loop Dyneema\u00ae - Merelinn","og_description":"Sheathed Loop Dyneema\u00ae skirta Olli\u2122 \u2013 auk\u0161\u010diausios kokyb\u0117s tekstilin\u0117 kilpa, sukurta atlaikyti sunkiausias s\u0105lygas buriavime.","og_url":"https:\/\/merelinn.com\/lt\/produktas\/sheathed-loop-dyneema\/","og_site_name":"Merelinn","article_modified_time":"2025-05-16T12:24:30+00:00","og_image":[{"width":1080,"height":1080,"url":"https:\/\/merelinn.com\/wp-content\/uploads\/2025\/05\/1-2.png","type":"image\/png"}],"twitter_card":"summary_large_image","twitter_misc":{"Est. reading time":"1 minut\u0117"},"schema":{"@context":"https:\/\/schema.org","@graph":[{"@type":"WebPage","@id":"https:\/\/merelinn.com\/lt\/produktas\/sheathed-loop-dyneema\/","url":"https:\/\/merelinn.com\/lt\/produktas\/sheathed-loop-dyneema\/","name":"Sheathed Loop Dyneema\u00ae - Merelinn","isPartOf":{"@id":"https:\/\/merelinn.com\/lt\/#website"},"primaryImageOfPage":{"@id":"https:\/\/merelinn.com\/lt\/produktas\/sheathed-loop-dyneema\/#primaryimage"},"image":{"@id":"https:\/\/merelinn.com\/lt\/produktas\/sheathed-loop-dyneema\/#primaryimage"},"thumbnailUrl":"https:\/\/merelinn.com\/wp-content\/uploads\/2025\/05\/1-2.png","datePublished":"2025-05-16T11:41:01+00:00","dateModified":"2025-05-16T12:24:30+00:00","breadcrumb":{"@id":"https:\/\/merelinn.com\/lt\/produktas\/sheathed-loop-dyneema\/#breadcrumb"},"inLanguage":"lt-LT","potentialAction":[{"@type":"ReadAction","target":["https:\/\/merelinn.com\/lt\/produktas\/sheathed-loop-dyneema\/"]}]},{"@type":"ImageObject","inLanguage":"lt-LT","@id":"https:\/\/merelinn.com\/lt\/produktas\/sheathed-loop-dyneema\/#primaryimage","url":"https:\/\/merelinn.com\/wp-content\/uploads\/2025\/05\/1-2.png","contentUrl":"https:\/\/merelinn.com\/wp-content\/uploads\/2025\/05\/1-2.png","width":1080,"height":1080},{"@type":"BreadcrumbList","@id":"https:\/\/merelinn.com\/lt\/produktas\/sheathed-loop-dyneema\/#breadcrumb","itemListElement":[{"@type":"ListItem","position":1,"name":"Pagrindinis puslapis","item":"https:\/\/merelinn.com\/lt\/"},{"@type":"ListItem","position":2,"name":"Parduotuv\u0117","item":"https:\/\/merelinn.com\/lt\/?page_id=1555"},{"@type":"ListItem","position":3,"name":"Dir\u017eai","item":"https:\/\/merelinn.com\/lt\/produkto-kategorija\/slings-lt\/"},{"@type":"ListItem","position":4,"name":"Sheathed Loop Dyneema\u00ae"}]},{"@type":"WebSite","@id":"https:\/\/merelinn.com\/lt\/#website","url":"https:\/\/merelinn.com\/lt\/","name":"Merelinn","description":"","potentialAction":[{"@type":"SearchAction","target":{"@type":"EntryPoint","urlTemplate":"https:\/\/merelinn.com\/lt\/?s={search_term_string}"},"query-input":{"@type":"PropertyValueSpecification","valueRequired":true,"valueName":"search_term_string"}}],"inLanguage":"lt-LT"}]}},"_links":{"self":[{"href":"https:\/\/merelinn.com\/lt\/wp-json\/wp\/v2\/product\/6316","targetHints":{"allow":["GET"]}}],"collection":[{"href":"https:\/\/merelinn.com\/lt\/wp-json\/wp\/v2\/product"}],"about":[{"href":"https:\/\/merelinn.com\/lt\/wp-json\/wp\/v2\/types\/product"}],"replies":[{"embeddable":true,"href":"https:\/\/merelinn.com\/lt\/wp-json\/wp\/v2\/comments?post=6316"}],"version-history":[{"count":1,"href":"https:\/\/merelinn.com\/lt\/wp-json\/wp\/v2\/product\/6316\/revisions"}],"predecessor-version":[{"id":6375,"href":"https:\/\/merelinn.com\/lt\/wp-json\/wp\/v2\/product\/6316\/revisions\/6375"}],"wp:featuredmedia":[{"embeddable":true,"href":"https:\/\/merelinn.com\/lt\/wp-json\/wp\/v2\/media\/6287"}],"wp:attachment":[{"href":"https:\/\/merelinn.com\/lt\/wp-json\/wp\/v2\/media?parent=6316"}],"wp:term":[{"taxonomy":"product_brand","embeddable":true,"href":"https:\/\/merelinn.com\/lt\/wp-json\/wp\/v2\/product_brand?post=6316"},{"taxonomy":"product_cat","embeddable":true,"href":"https:\/\/merelinn.com\/lt\/wp-json\/wp\/v2\/product_cat?post=6316"},{"taxonomy":"product_tag","embeddable":true,"href":"https:\/\/merelinn.com\/lt\/wp-json\/wp\/v2\/product_tag?post=6316"}],"curies":[{"name":"wp","href":"https:\/\/api.w.org\/{rel}","templated":true}]}}