{"id":6262,"date":"2025-05-16T13:24:46","date_gmt":"2025-05-16T10:24:46","guid":{"rendered":"https:\/\/merelinn.com\/product\/olli-snatch-and-anti-shock-block\/"},"modified":"2025-05-16T13:29:00","modified_gmt":"2025-05-16T10:29:00","slug":"olli-snatch-and-anti-shock-block","status":"publish","type":"product","link":"https:\/\/merelinn.com\/lt\/produktas\/olli-snatch-and-anti-shock-block\/","title":{"rendered":"Olli\u2122 &#8211; Snatch and Anti-shock block"},"content":{"rendered":"<p><b>Olli\u2122 Block<\/b> \u2013 novatori\u0161kas sm\u016bgius sugeriantis blokas, sukurtas siekiant padidinti saugum\u0105 ir efektyvum\u0105 j\u016bs\u0173 laivei.<br \/>\nNaudojant pa\u017eangias technologijas ir auk\u0161tos kokyb\u0117s med\u017eiagas, <b>Olli\u2122 Block<\/b> u\u017etikrina patikimum\u0105, ilgaam\u017ei\u0161kum\u0105 ir paprast\u0105 naudojim\u0105.<\/p>\n<p><b>Pagrindiniai Olli\u2122 Block privalumai:<\/b><\/p>\n<ul>\n<li><b>Denio apsauga:<\/b><br \/>\nSpeciali konstrukcija apsaugo nuo pa\u017eeidim\u0173 ir \u012fbr\u0117\u017eim\u0173, pad\u0117dama i\u0161saugoti denio b\u016bkl\u0119.<\/li>\n<li><b>Lengvas montavimas:<\/b><br \/>\nBlokas lengvai atsidaro ir gali b\u016bti montuojamas net ant \u012ftempt\u0173 virvi\u0173 \u2013 taupo laik\u0105 ir j\u0117gas manevr\u0173 metu.<\/li>\n<li><b>Savaime besitepantys guoliai:<\/b><br \/>\nU\u017etikrina skland\u0173 veikim\u0105 be nuolatin\u0117s prie\u017ei\u016bros.<\/li>\n<li><b>Tvirta ir lengva konstrukcija:<\/b><br \/>\nPagamintas i\u0161 technopolimer\u0173 ir superpolimer\u0173, naudojam\u0173 aviacijos ir kosmoso pramon\u0117je \u2013 atsparus apkrovoms ir ilgalaikis.<\/li>\n<\/ul>\n<p><b>Technin\u0117 specifikacija:<\/b><\/p>\n<ul>\n<li><b>Med\u017eiagos:<\/b> Technopolimerai ir superpolimerai, naudojami aviacijoje<\/li>\n<li><b>Konstrukcija:<\/b> Monolitin\u0117 konstrukcija be judan\u010di\u0173 \u0161onini\u0173 dali\u0173 \u2013 be l\u016b\u017eimo rizikos<\/li>\n<li><b>Dyd\u017eiai:<\/b> Galimi keli dyd\u017eiai pagal poreikius<\/li>\n<\/ul>\n<p><b>Kod\u0117l verta rinktis Olli\u2122 Block:<\/b><\/p>\n<p>\u012eprasti blokai reikalauja nuolatin\u0117s prie\u017ei\u016bros ir gali pa\u017eeisti den\u012f.<br \/>\n<b>Olli\u2122 Block<\/b> \u0161ias problemas i\u0161sprend\u017eia d\u0117l pa\u017eangaus dizaino ir moderni\u0173 med\u017eiag\u0173. Lengvas, tvirtas ir patogiai montuojamas \u2013 tai nepakei\u010diamas \u012frankis kiekviename denyje.<\/p>\n<p><b>\u017denkite \u012f buriavimo ateit\u012f su Olli\u2122 Block. U\u017esisakykite \u0161iandien ir pajuskite skirtum\u0105 kokyb\u0117je ir patogume!<\/b><\/p>\n","protected":false},"excerpt":{"rendered":"<p><b>Olli\u2122 Block<\/b> \u2013 novatori\u0161kas sm\u016bgius sugeriantis blokas, sukurtas siekiant padidinti saugum\u0105 ir efektyvum\u0105 j\u016bs\u0173 laivei.<br \/>\n<b><\/b><\/p>\n","protected":false},"featured_media":6197,"comment_status":"open","ping_status":"closed","template":"","meta":{"_acf_changed":false},"product_brand":[253],"product_cat":[140],"product_tag":[114],"class_list":{"0":"post-6262","1":"product","2":"type-product","3":"status-publish","4":"has-post-thumbnail","6":"product_brand-easysea","7":"product_cat-tackle-ring-lt","8":"product_tag-populiarus","10":"first","11":"instock","12":"taxable","13":"shipping-taxable","14":"purchasable","15":"product-type-variable"},"acf":[],"yoast_head":"<!-- This site is optimized with the Yoast SEO plugin v25.1 - https:\/\/yoast.com\/wordpress\/plugins\/seo\/ -->\n<title>Olli\u2122 - Snatch and Anti-shock block - Merelinn<\/title>\n<meta name=\"robots\" content=\"noindex, follow, max-snippet:-1, max-image-preview:large, max-video-preview:-1\" \/>\n<meta property=\"og:locale\" content=\"lt_LT\" \/>\n<meta property=\"og:type\" content=\"article\" \/>\n<meta property=\"og:title\" content=\"Olli\u2122 - Snatch and Anti-shock block - Merelinn\" \/>\n<meta property=\"og:description\" content=\"Olli\u2122 Block \u2013 novatori\u0161kas sm\u016bgius sugeriantis blokas, sukurtas siekiant padidinti saugum\u0105 ir efektyvum\u0105 j\u016bs\u0173 laivei.\" \/>\n<meta property=\"og:url\" content=\"https:\/\/merelinn.com\/lt\/produktas\/olli-snatch-and-anti-shock-block\/\" \/>\n<meta property=\"og:site_name\" content=\"Merelinn\" \/>\n<meta property=\"article:modified_time\" content=\"2025-05-16T10:29:00+00:00\" \/>\n<meta property=\"og:image\" content=\"https:\/\/merelinn.com\/wp-content\/uploads\/2025\/05\/4.png\" \/>\n\t<meta property=\"og:image:width\" content=\"1080\" \/>\n\t<meta property=\"og:image:height\" content=\"1080\" \/>\n\t<meta property=\"og:image:type\" content=\"image\/png\" \/>\n<meta name=\"twitter:card\" content=\"summary_large_image\" \/>\n<meta name=\"twitter:label1\" content=\"Est. reading time\" \/>\n\t<meta name=\"twitter:data1\" content=\"2 minut\u0117s\" \/>\n<script type=\"application\/ld+json\" class=\"yoast-schema-graph\">{\"@context\":\"https:\/\/schema.org\",\"@graph\":[{\"@type\":\"WebPage\",\"@id\":\"https:\/\/merelinn.com\/lt\/produktas\/olli-snatch-and-anti-shock-block\/\",\"url\":\"https:\/\/merelinn.com\/lt\/produktas\/olli-snatch-and-anti-shock-block\/\",\"name\":\"Olli\u2122 - Snatch and Anti-shock block - Merelinn\",\"isPartOf\":{\"@id\":\"https:\/\/merelinn.com\/lt\/#website\"},\"primaryImageOfPage\":{\"@id\":\"https:\/\/merelinn.com\/lt\/produktas\/olli-snatch-and-anti-shock-block\/#primaryimage\"},\"image\":{\"@id\":\"https:\/\/merelinn.com\/lt\/produktas\/olli-snatch-and-anti-shock-block\/#primaryimage\"},\"thumbnailUrl\":\"https:\/\/merelinn.com\/wp-content\/uploads\/2025\/05\/4.png\",\"datePublished\":\"2025-05-16T10:24:46+00:00\",\"dateModified\":\"2025-05-16T10:29:00+00:00\",\"breadcrumb\":{\"@id\":\"https:\/\/merelinn.com\/lt\/produktas\/olli-snatch-and-anti-shock-block\/#breadcrumb\"},\"inLanguage\":\"lt-LT\",\"potentialAction\":[{\"@type\":\"ReadAction\",\"target\":[\"https:\/\/merelinn.com\/lt\/produktas\/olli-snatch-and-anti-shock-block\/\"]}]},{\"@type\":\"ImageObject\",\"inLanguage\":\"lt-LT\",\"@id\":\"https:\/\/merelinn.com\/lt\/produktas\/olli-snatch-and-anti-shock-block\/#primaryimage\",\"url\":\"https:\/\/merelinn.com\/wp-content\/uploads\/2025\/05\/4.png\",\"contentUrl\":\"https:\/\/merelinn.com\/wp-content\/uploads\/2025\/05\/4.png\",\"width\":1080,\"height\":1080},{\"@type\":\"BreadcrumbList\",\"@id\":\"https:\/\/merelinn.com\/lt\/produktas\/olli-snatch-and-anti-shock-block\/#breadcrumb\",\"itemListElement\":[{\"@type\":\"ListItem\",\"position\":1,\"name\":\"Pagrindinis puslapis\",\"item\":\"https:\/\/merelinn.com\/lt\/\"},{\"@type\":\"ListItem\",\"position\":2,\"name\":\"Parduotuv\u0117\",\"item\":\"https:\/\/merelinn.com\/lt\/?page_id=1555\"},{\"@type\":\"ListItem\",\"position\":3,\"name\":\"Tali\u0173 \u017eiedas\",\"item\":\"https:\/\/merelinn.com\/lt\/produkto-kategorija\/tackle-ring-lt\/\"},{\"@type\":\"ListItem\",\"position\":4,\"name\":\"Olli\u2122 &#8211; Snatch and Anti-shock block\"}]},{\"@type\":\"WebSite\",\"@id\":\"https:\/\/merelinn.com\/lt\/#website\",\"url\":\"https:\/\/merelinn.com\/lt\/\",\"name\":\"Merelinn\",\"description\":\"\",\"potentialAction\":[{\"@type\":\"SearchAction\",\"target\":{\"@type\":\"EntryPoint\",\"urlTemplate\":\"https:\/\/merelinn.com\/lt\/?s={search_term_string}\"},\"query-input\":{\"@type\":\"PropertyValueSpecification\",\"valueRequired\":true,\"valueName\":\"search_term_string\"}}],\"inLanguage\":\"lt-LT\"}]}<\/script>\n<!-- \/ Yoast SEO plugin. -->","yoast_head_json":{"title":"Olli\u2122 - Snatch and Anti-shock block - Merelinn","robots":{"index":"noindex","follow":"follow","max-snippet":"max-snippet:-1","max-image-preview":"max-image-preview:large","max-video-preview":"max-video-preview:-1"},"og_locale":"lt_LT","og_type":"article","og_title":"Olli\u2122 - Snatch and Anti-shock block - Merelinn","og_description":"Olli\u2122 Block \u2013 novatori\u0161kas sm\u016bgius sugeriantis blokas, sukurtas siekiant padidinti saugum\u0105 ir efektyvum\u0105 j\u016bs\u0173 laivei.","og_url":"https:\/\/merelinn.com\/lt\/produktas\/olli-snatch-and-anti-shock-block\/","og_site_name":"Merelinn","article_modified_time":"2025-05-16T10:29:00+00:00","og_image":[{"width":1080,"height":1080,"url":"https:\/\/merelinn.com\/wp-content\/uploads\/2025\/05\/4.png","type":"image\/png"}],"twitter_card":"summary_large_image","twitter_misc":{"Est. reading time":"2 minut\u0117s"},"schema":{"@context":"https:\/\/schema.org","@graph":[{"@type":"WebPage","@id":"https:\/\/merelinn.com\/lt\/produktas\/olli-snatch-and-anti-shock-block\/","url":"https:\/\/merelinn.com\/lt\/produktas\/olli-snatch-and-anti-shock-block\/","name":"Olli\u2122 - Snatch and Anti-shock block - Merelinn","isPartOf":{"@id":"https:\/\/merelinn.com\/lt\/#website"},"primaryImageOfPage":{"@id":"https:\/\/merelinn.com\/lt\/produktas\/olli-snatch-and-anti-shock-block\/#primaryimage"},"image":{"@id":"https:\/\/merelinn.com\/lt\/produktas\/olli-snatch-and-anti-shock-block\/#primaryimage"},"thumbnailUrl":"https:\/\/merelinn.com\/wp-content\/uploads\/2025\/05\/4.png","datePublished":"2025-05-16T10:24:46+00:00","dateModified":"2025-05-16T10:29:00+00:00","breadcrumb":{"@id":"https:\/\/merelinn.com\/lt\/produktas\/olli-snatch-and-anti-shock-block\/#breadcrumb"},"inLanguage":"lt-LT","potentialAction":[{"@type":"ReadAction","target":["https:\/\/merelinn.com\/lt\/produktas\/olli-snatch-and-anti-shock-block\/"]}]},{"@type":"ImageObject","inLanguage":"lt-LT","@id":"https:\/\/merelinn.com\/lt\/produktas\/olli-snatch-and-anti-shock-block\/#primaryimage","url":"https:\/\/merelinn.com\/wp-content\/uploads\/2025\/05\/4.png","contentUrl":"https:\/\/merelinn.com\/wp-content\/uploads\/2025\/05\/4.png","width":1080,"height":1080},{"@type":"BreadcrumbList","@id":"https:\/\/merelinn.com\/lt\/produktas\/olli-snatch-and-anti-shock-block\/#breadcrumb","itemListElement":[{"@type":"ListItem","position":1,"name":"Pagrindinis puslapis","item":"https:\/\/merelinn.com\/lt\/"},{"@type":"ListItem","position":2,"name":"Parduotuv\u0117","item":"https:\/\/merelinn.com\/lt\/?page_id=1555"},{"@type":"ListItem","position":3,"name":"Tali\u0173 \u017eiedas","item":"https:\/\/merelinn.com\/lt\/produkto-kategorija\/tackle-ring-lt\/"},{"@type":"ListItem","position":4,"name":"Olli\u2122 &#8211; Snatch and Anti-shock block"}]},{"@type":"WebSite","@id":"https:\/\/merelinn.com\/lt\/#website","url":"https:\/\/merelinn.com\/lt\/","name":"Merelinn","description":"","potentialAction":[{"@type":"SearchAction","target":{"@type":"EntryPoint","urlTemplate":"https:\/\/merelinn.com\/lt\/?s={search_term_string}"},"query-input":{"@type":"PropertyValueSpecification","valueRequired":true,"valueName":"search_term_string"}}],"inLanguage":"lt-LT"}]}},"_links":{"self":[{"href":"https:\/\/merelinn.com\/lt\/wp-json\/wp\/v2\/product\/6262","targetHints":{"allow":["GET"]}}],"collection":[{"href":"https:\/\/merelinn.com\/lt\/wp-json\/wp\/v2\/product"}],"about":[{"href":"https:\/\/merelinn.com\/lt\/wp-json\/wp\/v2\/types\/product"}],"replies":[{"embeddable":true,"href":"https:\/\/merelinn.com\/lt\/wp-json\/wp\/v2\/comments?post=6262"}],"version-history":[{"count":0,"href":"https:\/\/merelinn.com\/lt\/wp-json\/wp\/v2\/product\/6262\/revisions"}],"wp:featuredmedia":[{"embeddable":true,"href":"https:\/\/merelinn.com\/lt\/wp-json\/wp\/v2\/media\/6197"}],"wp:attachment":[{"href":"https:\/\/merelinn.com\/lt\/wp-json\/wp\/v2\/media?parent=6262"}],"wp:term":[{"taxonomy":"product_brand","embeddable":true,"href":"https:\/\/merelinn.com\/lt\/wp-json\/wp\/v2\/product_brand?post=6262"},{"taxonomy":"product_cat","embeddable":true,"href":"https:\/\/merelinn.com\/lt\/wp-json\/wp\/v2\/product_cat?post=6262"},{"taxonomy":"product_tag","embeddable":true,"href":"https:\/\/merelinn.com\/lt\/wp-json\/wp\/v2\/product_tag?post=6262"}],"curies":[{"name":"wp","href":"https:\/\/api.w.org\/{rel}","templated":true}]}}