{"id":6109,"date":"2025-05-16T11:17:12","date_gmt":"2025-05-16T08:17:12","guid":{"rendered":"https:\/\/merelinn.com\/product\/flipper-anti-mould-winch-cover\/"},"modified":"2025-05-16T12:00:18","modified_gmt":"2025-05-16T09:00:18","slug":"flipper-anti-mould-winch-cover","status":"publish","type":"product","link":"https:\/\/merelinn.com\/lt\/produktas\/flipper-anti-mould-winch-cover\/","title":{"rendered":"Flipper\u2122 Anti-Mould Winch Cover"},"content":{"rendered":"<p><b>Flipper\u2122 Anti-Mould Winch Cover<\/b><\/p>\n<p><b>Apsaugokite savo gerves su Flipper\u2122 pel\u0117siui atspariu dangteliu<\/b> \u2013 sukurtu tam, kad b\u016bt\u0173 i\u0161vengta pel\u0117si\u0173 ir dr\u0117gm\u0117s kaupimosi, taip u\u017etikrinant ilgalaik\u012f \u012frangos veikim\u0105 ir patikim\u0105 apsaug\u0105.<\/p>\n<p>\u0160is dangtelis turi <b>integruot\u0105 ventiliacij\u0105<\/b>, kuri skatina oro cirkuliacij\u0105, neleid\u017eia kauptis dr\u0117gmei ir padeda grei\u010diau i\u0161d\u017ei\u016bti \u2013 net ir sud\u0117tingomis j\u016brin\u0117mis s\u0105lygomis.<\/p>\n<p>Pagamintas i\u0161 <b>auk\u0161tos kokyb\u0117s, UV spinduliams ir oro s\u0105lygoms atspari\u0173 med\u017eiag\u0173<\/b>, jis puikiai tinka naudoti j\u016broje.<\/p>\n<p><b>Stilingas itali\u0161kas dizainas<\/b> daro \u0161\u012f dangtel\u012f ne tik funkcional\u0173, bet ir esteti\u0161k\u0105 j\u016bs\u0173 denio akcent\u0105. J\u012f lengva u\u017ed\u0117ti ir nuimti \u2013 tai prakti\u0161kumo ir stiliaus derinys.<\/p>\n<p><b>Prat\u0119skite savo gervi\u0173 tarnavimo laik\u0105 ir i\u0161laikykite jas puikios b\u016bkl\u0117s su Flipper\u2122 Anti-Mould Winch Cover.<\/b><\/p>\n","protected":false},"excerpt":{"rendered":"<p><b>Apsaugokite savo gerves su Flipper\u2122 pel\u0117siui atspariu dangteliu<\/b> \u2013 sukurtu tam, kad b\u016bt\u0173 i\u0161vengta pel\u0117si\u0173 ir dr\u0117gm\u0117s kaupimosi, taip u\u017etikrinant ilgalaik\u012f \u012frangos veikim\u0105 ir patikim\u0105 apsaug\u0105.<\/p>\n","protected":false},"featured_media":6071,"comment_status":"open","ping_status":"closed","template":"","meta":{"_acf_changed":false},"product_brand":[253],"product_cat":[182],"product_tag":[114],"class_list":{"0":"post-6109","1":"product","2":"type-product","3":"status-publish","4":"has-post-thumbnail","6":"product_brand-easysea","7":"product_cat-winch-covers-lt","8":"product_tag-populiarus","10":"first","11":"instock","12":"taxable","13":"shipping-taxable","14":"purchasable","15":"product-type-variable"},"acf":[],"yoast_head":"<!-- This site is optimized with the Yoast SEO plugin v25.1 - https:\/\/yoast.com\/wordpress\/plugins\/seo\/ -->\n<title>Flipper\u2122 Anti-Mould Winch Cover - Merelinn<\/title>\n<meta name=\"robots\" content=\"noindex, follow, max-snippet:-1, max-image-preview:large, max-video-preview:-1\" \/>\n<meta property=\"og:locale\" content=\"lt_LT\" \/>\n<meta property=\"og:type\" content=\"article\" \/>\n<meta property=\"og:title\" content=\"Flipper\u2122 Anti-Mould Winch Cover - Merelinn\" \/>\n<meta property=\"og:description\" content=\"Apsaugokite savo gerves su Flipper\u2122 pel\u0117siui atspariu dangteliu \u2013 sukurtu tam, kad b\u016bt\u0173 i\u0161vengta pel\u0117si\u0173 ir dr\u0117gm\u0117s kaupimosi, taip u\u017etikrinant ilgalaik\u012f \u012frangos veikim\u0105 ir patikim\u0105 apsaug\u0105.\" \/>\n<meta property=\"og:url\" content=\"https:\/\/merelinn.com\/lt\/produktas\/flipper-anti-mould-winch-cover\/\" \/>\n<meta property=\"og:site_name\" content=\"Merelinn\" \/>\n<meta property=\"article:modified_time\" content=\"2025-05-16T09:00:18+00:00\" \/>\n<meta property=\"og:image\" content=\"https:\/\/merelinn.com\/wp-content\/uploads\/2025\/05\/CWC-Anti-Mould-winch-cover-3.png\" \/>\n\t<meta property=\"og:image:width\" content=\"1080\" \/>\n\t<meta property=\"og:image:height\" content=\"1080\" \/>\n\t<meta property=\"og:image:type\" content=\"image\/png\" \/>\n<meta name=\"twitter:card\" content=\"summary_large_image\" \/>\n<meta name=\"twitter:label1\" content=\"Est. reading time\" \/>\n\t<meta name=\"twitter:data1\" content=\"1 minut\u0117\" \/>\n<script type=\"application\/ld+json\" class=\"yoast-schema-graph\">{\"@context\":\"https:\/\/schema.org\",\"@graph\":[{\"@type\":\"WebPage\",\"@id\":\"https:\/\/merelinn.com\/lt\/produktas\/flipper-anti-mould-winch-cover\/\",\"url\":\"https:\/\/merelinn.com\/lt\/produktas\/flipper-anti-mould-winch-cover\/\",\"name\":\"Flipper\u2122 Anti-Mould Winch Cover - Merelinn\",\"isPartOf\":{\"@id\":\"https:\/\/merelinn.com\/lt\/#website\"},\"primaryImageOfPage\":{\"@id\":\"https:\/\/merelinn.com\/lt\/produktas\/flipper-anti-mould-winch-cover\/#primaryimage\"},\"image\":{\"@id\":\"https:\/\/merelinn.com\/lt\/produktas\/flipper-anti-mould-winch-cover\/#primaryimage\"},\"thumbnailUrl\":\"https:\/\/merelinn.com\/wp-content\/uploads\/2025\/05\/CWC-Anti-Mould-winch-cover-3.png\",\"datePublished\":\"2025-05-16T08:17:12+00:00\",\"dateModified\":\"2025-05-16T09:00:18+00:00\",\"breadcrumb\":{\"@id\":\"https:\/\/merelinn.com\/lt\/produktas\/flipper-anti-mould-winch-cover\/#breadcrumb\"},\"inLanguage\":\"lt-LT\",\"potentialAction\":[{\"@type\":\"ReadAction\",\"target\":[\"https:\/\/merelinn.com\/lt\/produktas\/flipper-anti-mould-winch-cover\/\"]}]},{\"@type\":\"ImageObject\",\"inLanguage\":\"lt-LT\",\"@id\":\"https:\/\/merelinn.com\/lt\/produktas\/flipper-anti-mould-winch-cover\/#primaryimage\",\"url\":\"https:\/\/merelinn.com\/wp-content\/uploads\/2025\/05\/CWC-Anti-Mould-winch-cover-3.png\",\"contentUrl\":\"https:\/\/merelinn.com\/wp-content\/uploads\/2025\/05\/CWC-Anti-Mould-winch-cover-3.png\",\"width\":1080,\"height\":1080},{\"@type\":\"BreadcrumbList\",\"@id\":\"https:\/\/merelinn.com\/lt\/produktas\/flipper-anti-mould-winch-cover\/#breadcrumb\",\"itemListElement\":[{\"@type\":\"ListItem\",\"position\":1,\"name\":\"Pagrindinis puslapis\",\"item\":\"https:\/\/merelinn.com\/lt\/\"},{\"@type\":\"ListItem\",\"position\":2,\"name\":\"Parduotuv\u0117\",\"item\":\"https:\/\/merelinn.com\/lt\/?page_id=1555\"},{\"@type\":\"ListItem\",\"position\":3,\"name\":\"Gerviu dangtukai\",\"item\":\"https:\/\/merelinn.com\/lt\/produkto-kategorija\/winch-covers-lt\/\"},{\"@type\":\"ListItem\",\"position\":4,\"name\":\"Flipper\u2122 Anti-Mould Winch Cover\"}]},{\"@type\":\"WebSite\",\"@id\":\"https:\/\/merelinn.com\/lt\/#website\",\"url\":\"https:\/\/merelinn.com\/lt\/\",\"name\":\"Merelinn\",\"description\":\"\",\"potentialAction\":[{\"@type\":\"SearchAction\",\"target\":{\"@type\":\"EntryPoint\",\"urlTemplate\":\"https:\/\/merelinn.com\/lt\/?s={search_term_string}\"},\"query-input\":{\"@type\":\"PropertyValueSpecification\",\"valueRequired\":true,\"valueName\":\"search_term_string\"}}],\"inLanguage\":\"lt-LT\"}]}<\/script>\n<!-- \/ Yoast SEO plugin. -->","yoast_head_json":{"title":"Flipper\u2122 Anti-Mould Winch Cover - Merelinn","robots":{"index":"noindex","follow":"follow","max-snippet":"max-snippet:-1","max-image-preview":"max-image-preview:large","max-video-preview":"max-video-preview:-1"},"og_locale":"lt_LT","og_type":"article","og_title":"Flipper\u2122 Anti-Mould Winch Cover - Merelinn","og_description":"Apsaugokite savo gerves su Flipper\u2122 pel\u0117siui atspariu dangteliu \u2013 sukurtu tam, kad b\u016bt\u0173 i\u0161vengta pel\u0117si\u0173 ir dr\u0117gm\u0117s kaupimosi, taip u\u017etikrinant ilgalaik\u012f \u012frangos veikim\u0105 ir patikim\u0105 apsaug\u0105.","og_url":"https:\/\/merelinn.com\/lt\/produktas\/flipper-anti-mould-winch-cover\/","og_site_name":"Merelinn","article_modified_time":"2025-05-16T09:00:18+00:00","og_image":[{"width":1080,"height":1080,"url":"https:\/\/merelinn.com\/wp-content\/uploads\/2025\/05\/CWC-Anti-Mould-winch-cover-3.png","type":"image\/png"}],"twitter_card":"summary_large_image","twitter_misc":{"Est. reading time":"1 minut\u0117"},"schema":{"@context":"https:\/\/schema.org","@graph":[{"@type":"WebPage","@id":"https:\/\/merelinn.com\/lt\/produktas\/flipper-anti-mould-winch-cover\/","url":"https:\/\/merelinn.com\/lt\/produktas\/flipper-anti-mould-winch-cover\/","name":"Flipper\u2122 Anti-Mould Winch Cover - Merelinn","isPartOf":{"@id":"https:\/\/merelinn.com\/lt\/#website"},"primaryImageOfPage":{"@id":"https:\/\/merelinn.com\/lt\/produktas\/flipper-anti-mould-winch-cover\/#primaryimage"},"image":{"@id":"https:\/\/merelinn.com\/lt\/produktas\/flipper-anti-mould-winch-cover\/#primaryimage"},"thumbnailUrl":"https:\/\/merelinn.com\/wp-content\/uploads\/2025\/05\/CWC-Anti-Mould-winch-cover-3.png","datePublished":"2025-05-16T08:17:12+00:00","dateModified":"2025-05-16T09:00:18+00:00","breadcrumb":{"@id":"https:\/\/merelinn.com\/lt\/produktas\/flipper-anti-mould-winch-cover\/#breadcrumb"},"inLanguage":"lt-LT","potentialAction":[{"@type":"ReadAction","target":["https:\/\/merelinn.com\/lt\/produktas\/flipper-anti-mould-winch-cover\/"]}]},{"@type":"ImageObject","inLanguage":"lt-LT","@id":"https:\/\/merelinn.com\/lt\/produktas\/flipper-anti-mould-winch-cover\/#primaryimage","url":"https:\/\/merelinn.com\/wp-content\/uploads\/2025\/05\/CWC-Anti-Mould-winch-cover-3.png","contentUrl":"https:\/\/merelinn.com\/wp-content\/uploads\/2025\/05\/CWC-Anti-Mould-winch-cover-3.png","width":1080,"height":1080},{"@type":"BreadcrumbList","@id":"https:\/\/merelinn.com\/lt\/produktas\/flipper-anti-mould-winch-cover\/#breadcrumb","itemListElement":[{"@type":"ListItem","position":1,"name":"Pagrindinis puslapis","item":"https:\/\/merelinn.com\/lt\/"},{"@type":"ListItem","position":2,"name":"Parduotuv\u0117","item":"https:\/\/merelinn.com\/lt\/?page_id=1555"},{"@type":"ListItem","position":3,"name":"Gerviu dangtukai","item":"https:\/\/merelinn.com\/lt\/produkto-kategorija\/winch-covers-lt\/"},{"@type":"ListItem","position":4,"name":"Flipper\u2122 Anti-Mould Winch Cover"}]},{"@type":"WebSite","@id":"https:\/\/merelinn.com\/lt\/#website","url":"https:\/\/merelinn.com\/lt\/","name":"Merelinn","description":"","potentialAction":[{"@type":"SearchAction","target":{"@type":"EntryPoint","urlTemplate":"https:\/\/merelinn.com\/lt\/?s={search_term_string}"},"query-input":{"@type":"PropertyValueSpecification","valueRequired":true,"valueName":"search_term_string"}}],"inLanguage":"lt-LT"}]}},"_links":{"self":[{"href":"https:\/\/merelinn.com\/lt\/wp-json\/wp\/v2\/product\/6109","targetHints":{"allow":["GET"]}}],"collection":[{"href":"https:\/\/merelinn.com\/lt\/wp-json\/wp\/v2\/product"}],"about":[{"href":"https:\/\/merelinn.com\/lt\/wp-json\/wp\/v2\/types\/product"}],"replies":[{"embeddable":true,"href":"https:\/\/merelinn.com\/lt\/wp-json\/wp\/v2\/comments?post=6109"}],"version-history":[{"count":1,"href":"https:\/\/merelinn.com\/lt\/wp-json\/wp\/v2\/product\/6109\/revisions"}],"predecessor-version":[{"id":6118,"href":"https:\/\/merelinn.com\/lt\/wp-json\/wp\/v2\/product\/6109\/revisions\/6118"}],"wp:featuredmedia":[{"embeddable":true,"href":"https:\/\/merelinn.com\/lt\/wp-json\/wp\/v2\/media\/6071"}],"wp:attachment":[{"href":"https:\/\/merelinn.com\/lt\/wp-json\/wp\/v2\/media?parent=6109"}],"wp:term":[{"taxonomy":"product_brand","embeddable":true,"href":"https:\/\/merelinn.com\/lt\/wp-json\/wp\/v2\/product_brand?post=6109"},{"taxonomy":"product_cat","embeddable":true,"href":"https:\/\/merelinn.com\/lt\/wp-json\/wp\/v2\/product_cat?post=6109"},{"taxonomy":"product_tag","embeddable":true,"href":"https:\/\/merelinn.com\/lt\/wp-json\/wp\/v2\/product_tag?post=6109"}],"curies":[{"name":"wp","href":"https:\/\/api.w.org\/{rel}","templated":true}]}}