{"id":6059,"date":"2025-05-16T10:25:16","date_gmt":"2025-05-16T07:25:16","guid":{"rendered":"https:\/\/merelinn.com\/product\/flipper-max-foldable-winch-handle-10\/"},"modified":"2025-05-16T10:36:10","modified_gmt":"2025-05-16T07:36:10","slug":"flipper-max-foldable-winch-handle-10","status":"publish","type":"product","link":"https:\/\/merelinn.com\/lt\/produktas\/flipper-max-foldable-winch-handle-10\/","title":{"rendered":"Flipper\u2122 &#8211; Max Foldable Winch Handle 10&#8221;"},"content":{"rendered":"<p><b>Flipper\u2122 Max \u2013 daugiau galios, ma\u017eiau pastang\u0173. Visada po ranka.<\/b><\/p>\n<p>Atraskite nauj\u0105 komforto ir kontrol\u0117s lyg\u012f su <b>Flipper\u2122 Max<\/b> \u2013 sulankstoma gerv\u0117s rankena su <b>ilgiausiu svertu rinkoje<\/b>.<br \/>\nNebereikia nuimti rankenos kiekvienam manevrui. Tiesiog sulenkite \u2013 ir pirmyn!<\/p>\n<p><b>Privalumai, kalbantys patys u\u017e save:<\/b><\/p>\n<p><b>Efektyvumas<\/b> \u2013 Grei\u010diau ir lengviau valdykite bures, sutrumpindami kiekvieno manevro laik\u0105.<br \/>\n<b>Galia<\/b> \u2013 Prat\u0119stas <b>379 mm (14,92 colio)<\/b> svertas suma\u017eina reikiamas pastangas.<br \/>\n<b>Saugumas<\/b> \u2013 Sulankstomas dizainas pa\u0161alina i\u0161siki\u0161usias dalis ir padidina saugum\u0105 denyje.<br \/>\n<b>Universalumas<\/b> \u2013 Tinka daugeliui gervi\u0173 modeli\u0173 ir vis\u0173 tip\u0173 jachtoms.<br \/>\n<b>Ilgaam\u017ei\u0161kumas<\/b> \u2013 Korpusas pagamintas i\u0161 CNC frezuoto 6082 aliuminio, jungtys \u2013 i\u0161 316L ner\u016bdijan\u010dio plieno \u2013 sukurta ilgam naudojimui.<\/p>\n<p><b>Pirmoji pasaulyje rankena su reketiniu mechanizmu<\/b><\/p>\n<p>Maksimalaus sverto re\u017eime <b>Flipper\u2122 Max<\/b> veikia kaip reketas \u2013 u\u017etikrinantis tiksl\u0173, galing\u0105 ir patikim\u0105 veikim\u0105, ypa\u010d svarbiausiais momentais.<\/p>\n<p><b>Visada savo vietoje. Visada pasiruo\u0161usi.<\/b><\/p>\n<p>Su <b>Flipper\u2122 Max<\/b> pamir\u0161ite apie rankenos nu\u0117mim\u0105 ir perk\u0117lim\u0105. Ji tvirtai lieka prie gerv\u0117s, netrukdo jud\u0117ti denyje ir yra paruo\u0161ta naudoti bet kuri\u0105 akimirk\u0105.<\/p>\n<p><b>Palengvinkite buriavim\u0105. Pajuskite skirtum\u0105 jau nuo pirmo pasukimo.<\/b><\/p>\n<p>\ud83d\uded2 <b>U\u017esisakykite Flipper\u2122 Max jau \u0161iandien ir paverskite kiekvien\u0105 manevr\u0105 tikru malonumu!<\/b><\/p>\n","protected":false},"excerpt":{"rendered":"<p><b>Flipper\u2122 Max \u2013 daugiau galios, ma\u017eiau pastang\u0173. Visada po ranka.<\/b><\/p>\n<p>Atraskite nauj\u0105 komforto ir kontrol\u0117s lyg\u012f su <b>Flipper\u2122 Max<\/b> \u2013 sulankstoma gerv\u0117s rankena su <b>ilgiausiu svertu rinkoje<\/b>.<br \/>\nNebereikia nuimti rankenos kiekvienam manevrui. Tiesiog sulenkite \u2013 ir pirmyn!<\/p>\n","protected":false},"featured_media":6018,"comment_status":"open","ping_status":"closed","template":"","meta":{"_acf_changed":false},"product_brand":[253],"product_cat":[132],"product_tag":[114],"class_list":{"0":"post-6059","1":"product","2":"type-product","3":"status-publish","4":"has-post-thumbnail","6":"product_brand-easysea","7":"product_cat-winch-handle-lt","8":"product_tag-populiarus","10":"first","11":"instock","12":"taxable","13":"shipping-taxable","14":"purchasable","15":"product-type-simple"},"acf":[],"yoast_head":"<!-- This site is optimized with the Yoast SEO plugin v25.1 - https:\/\/yoast.com\/wordpress\/plugins\/seo\/ -->\n<title>Flipper\u2122 - Max Foldable Winch Handle 10&#039;&#039; - Merelinn<\/title>\n<meta name=\"robots\" content=\"noindex, follow, max-snippet:-1, max-image-preview:large, max-video-preview:-1\" \/>\n<meta property=\"og:locale\" content=\"lt_LT\" \/>\n<meta property=\"og:type\" content=\"article\" \/>\n<meta property=\"og:title\" content=\"Flipper\u2122 - Max Foldable Winch Handle 10&#039;&#039; - Merelinn\" \/>\n<meta property=\"og:description\" content=\"Flipper\u2122 Max \u2013 daugiau galios, ma\u017eiau pastang\u0173. Visada po ranka.  Atraskite nauj\u0105 komforto ir kontrol\u0117s lyg\u012f su Flipper\u2122 Max \u2013 sulankstoma gerv\u0117s rankena su ilgiausiu svertu rinkoje. Nebereikia nuimti rankenos kiekvienam manevrui. Tiesiog sulenkite \u2013 ir pirmyn!\" \/>\n<meta property=\"og:url\" content=\"https:\/\/merelinn.com\/lt\/produktas\/flipper-max-foldable-winch-handle-10\/\" \/>\n<meta property=\"og:site_name\" content=\"Merelinn\" \/>\n<meta property=\"article:modified_time\" content=\"2025-05-16T07:36:10+00:00\" \/>\n<meta property=\"og:image\" content=\"https:\/\/merelinn.com\/wp-content\/uploads\/2025\/05\/foldable\u2013winch\u2013handle\u2013flipper\u2013max\u201310\u2013inch\u2013easysea\u2013sailing\u2013equipment\u2013innovative\u2013sailing\u2013accessory\u2013boat\u2013accessory\u2013sailing\u2013winch\u2013handle\u2013lightweight\u2013durable\u2013winch\u2013handle\u2013ergonomic\u2013winch\u2013handle\u2013u-3.png\" \/>\n\t<meta property=\"og:image:width\" content=\"1080\" \/>\n\t<meta property=\"og:image:height\" content=\"1080\" \/>\n\t<meta property=\"og:image:type\" content=\"image\/png\" \/>\n<meta name=\"twitter:card\" content=\"summary_large_image\" \/>\n<meta name=\"twitter:label1\" content=\"Est. reading time\" \/>\n\t<meta name=\"twitter:data1\" content=\"2 minut\u0117s\" \/>\n<script type=\"application\/ld+json\" class=\"yoast-schema-graph\">{\"@context\":\"https:\/\/schema.org\",\"@graph\":[{\"@type\":\"WebPage\",\"@id\":\"https:\/\/merelinn.com\/lt\/produktas\/flipper-max-foldable-winch-handle-10\/\",\"url\":\"https:\/\/merelinn.com\/lt\/produktas\/flipper-max-foldable-winch-handle-10\/\",\"name\":\"Flipper\u2122 - Max Foldable Winch Handle 10'' - Merelinn\",\"isPartOf\":{\"@id\":\"https:\/\/merelinn.com\/lt\/#website\"},\"primaryImageOfPage\":{\"@id\":\"https:\/\/merelinn.com\/lt\/produktas\/flipper-max-foldable-winch-handle-10\/#primaryimage\"},\"image\":{\"@id\":\"https:\/\/merelinn.com\/lt\/produktas\/flipper-max-foldable-winch-handle-10\/#primaryimage\"},\"thumbnailUrl\":\"https:\/\/merelinn.com\/wp-content\/uploads\/2025\/05\/foldable\u2013winch\u2013handle\u2013flipper\u2013max\u201310\u2013inch\u2013easysea\u2013sailing\u2013equipment\u2013innovative\u2013sailing\u2013accessory\u2013boat\u2013accessory\u2013sailing\u2013winch\u2013handle\u2013lightweight\u2013durable\u2013winch\u2013handle\u2013ergonomic\u2013winch\u2013handle\u2013u-3.png\",\"datePublished\":\"2025-05-16T07:25:16+00:00\",\"dateModified\":\"2025-05-16T07:36:10+00:00\",\"breadcrumb\":{\"@id\":\"https:\/\/merelinn.com\/lt\/produktas\/flipper-max-foldable-winch-handle-10\/#breadcrumb\"},\"inLanguage\":\"lt-LT\",\"potentialAction\":[{\"@type\":\"ReadAction\",\"target\":[\"https:\/\/merelinn.com\/lt\/produktas\/flipper-max-foldable-winch-handle-10\/\"]}]},{\"@type\":\"ImageObject\",\"inLanguage\":\"lt-LT\",\"@id\":\"https:\/\/merelinn.com\/lt\/produktas\/flipper-max-foldable-winch-handle-10\/#primaryimage\",\"url\":\"https:\/\/merelinn.com\/wp-content\/uploads\/2025\/05\/foldable\u2013winch\u2013handle\u2013flipper\u2013max\u201310\u2013inch\u2013easysea\u2013sailing\u2013equipment\u2013innovative\u2013sailing\u2013accessory\u2013boat\u2013accessory\u2013sailing\u2013winch\u2013handle\u2013lightweight\u2013durable\u2013winch\u2013handle\u2013ergonomic\u2013winch\u2013handle\u2013u-3.png\",\"contentUrl\":\"https:\/\/merelinn.com\/wp-content\/uploads\/2025\/05\/foldable\u2013winch\u2013handle\u2013flipper\u2013max\u201310\u2013inch\u2013easysea\u2013sailing\u2013equipment\u2013innovative\u2013sailing\u2013accessory\u2013boat\u2013accessory\u2013sailing\u2013winch\u2013handle\u2013lightweight\u2013durable\u2013winch\u2013handle\u2013ergonomic\u2013winch\u2013handle\u2013u-3.png\",\"width\":1080,\"height\":1080},{\"@type\":\"BreadcrumbList\",\"@id\":\"https:\/\/merelinn.com\/lt\/produktas\/flipper-max-foldable-winch-handle-10\/#breadcrumb\",\"itemListElement\":[{\"@type\":\"ListItem\",\"position\":1,\"name\":\"Pagrindinis puslapis\",\"item\":\"https:\/\/merelinn.com\/lt\/\"},{\"@type\":\"ListItem\",\"position\":2,\"name\":\"Parduotuv\u0117\",\"item\":\"https:\/\/merelinn.com\/lt\/?page_id=1555\"},{\"@type\":\"ListItem\",\"position\":3,\"name\":\"Vin\u010dos ranken\u0117l\u0117\",\"item\":\"https:\/\/merelinn.com\/lt\/produkto-kategorija\/winch-handle-lt\/\"},{\"@type\":\"ListItem\",\"position\":4,\"name\":\"Flipper\u2122 &#8211; Max Foldable Winch Handle 10&#8221;\"}]},{\"@type\":\"WebSite\",\"@id\":\"https:\/\/merelinn.com\/lt\/#website\",\"url\":\"https:\/\/merelinn.com\/lt\/\",\"name\":\"Merelinn\",\"description\":\"\",\"potentialAction\":[{\"@type\":\"SearchAction\",\"target\":{\"@type\":\"EntryPoint\",\"urlTemplate\":\"https:\/\/merelinn.com\/lt\/?s={search_term_string}\"},\"query-input\":{\"@type\":\"PropertyValueSpecification\",\"valueRequired\":true,\"valueName\":\"search_term_string\"}}],\"inLanguage\":\"lt-LT\"}]}<\/script>\n<!-- \/ Yoast SEO plugin. -->","yoast_head_json":{"title":"Flipper\u2122 - Max Foldable Winch Handle 10'' - Merelinn","robots":{"index":"noindex","follow":"follow","max-snippet":"max-snippet:-1","max-image-preview":"max-image-preview:large","max-video-preview":"max-video-preview:-1"},"og_locale":"lt_LT","og_type":"article","og_title":"Flipper\u2122 - Max Foldable Winch Handle 10'' - Merelinn","og_description":"Flipper\u2122 Max \u2013 daugiau galios, ma\u017eiau pastang\u0173. Visada po ranka.  Atraskite nauj\u0105 komforto ir kontrol\u0117s lyg\u012f su Flipper\u2122 Max \u2013 sulankstoma gerv\u0117s rankena su ilgiausiu svertu rinkoje. Nebereikia nuimti rankenos kiekvienam manevrui. Tiesiog sulenkite \u2013 ir pirmyn!","og_url":"https:\/\/merelinn.com\/lt\/produktas\/flipper-max-foldable-winch-handle-10\/","og_site_name":"Merelinn","article_modified_time":"2025-05-16T07:36:10+00:00","og_image":[{"width":1080,"height":1080,"url":"https:\/\/merelinn.com\/wp-content\/uploads\/2025\/05\/foldable\u2013winch\u2013handle\u2013flipper\u2013max\u201310\u2013inch\u2013easysea\u2013sailing\u2013equipment\u2013innovative\u2013sailing\u2013accessory\u2013boat\u2013accessory\u2013sailing\u2013winch\u2013handle\u2013lightweight\u2013durable\u2013winch\u2013handle\u2013ergonomic\u2013winch\u2013handle\u2013u-3.png","type":"image\/png"}],"twitter_card":"summary_large_image","twitter_misc":{"Est. reading time":"2 minut\u0117s"},"schema":{"@context":"https:\/\/schema.org","@graph":[{"@type":"WebPage","@id":"https:\/\/merelinn.com\/lt\/produktas\/flipper-max-foldable-winch-handle-10\/","url":"https:\/\/merelinn.com\/lt\/produktas\/flipper-max-foldable-winch-handle-10\/","name":"Flipper\u2122 - Max Foldable Winch Handle 10'' - Merelinn","isPartOf":{"@id":"https:\/\/merelinn.com\/lt\/#website"},"primaryImageOfPage":{"@id":"https:\/\/merelinn.com\/lt\/produktas\/flipper-max-foldable-winch-handle-10\/#primaryimage"},"image":{"@id":"https:\/\/merelinn.com\/lt\/produktas\/flipper-max-foldable-winch-handle-10\/#primaryimage"},"thumbnailUrl":"https:\/\/merelinn.com\/wp-content\/uploads\/2025\/05\/foldable\u2013winch\u2013handle\u2013flipper\u2013max\u201310\u2013inch\u2013easysea\u2013sailing\u2013equipment\u2013innovative\u2013sailing\u2013accessory\u2013boat\u2013accessory\u2013sailing\u2013winch\u2013handle\u2013lightweight\u2013durable\u2013winch\u2013handle\u2013ergonomic\u2013winch\u2013handle\u2013u-3.png","datePublished":"2025-05-16T07:25:16+00:00","dateModified":"2025-05-16T07:36:10+00:00","breadcrumb":{"@id":"https:\/\/merelinn.com\/lt\/produktas\/flipper-max-foldable-winch-handle-10\/#breadcrumb"},"inLanguage":"lt-LT","potentialAction":[{"@type":"ReadAction","target":["https:\/\/merelinn.com\/lt\/produktas\/flipper-max-foldable-winch-handle-10\/"]}]},{"@type":"ImageObject","inLanguage":"lt-LT","@id":"https:\/\/merelinn.com\/lt\/produktas\/flipper-max-foldable-winch-handle-10\/#primaryimage","url":"https:\/\/merelinn.com\/wp-content\/uploads\/2025\/05\/foldable\u2013winch\u2013handle\u2013flipper\u2013max\u201310\u2013inch\u2013easysea\u2013sailing\u2013equipment\u2013innovative\u2013sailing\u2013accessory\u2013boat\u2013accessory\u2013sailing\u2013winch\u2013handle\u2013lightweight\u2013durable\u2013winch\u2013handle\u2013ergonomic\u2013winch\u2013handle\u2013u-3.png","contentUrl":"https:\/\/merelinn.com\/wp-content\/uploads\/2025\/05\/foldable\u2013winch\u2013handle\u2013flipper\u2013max\u201310\u2013inch\u2013easysea\u2013sailing\u2013equipment\u2013innovative\u2013sailing\u2013accessory\u2013boat\u2013accessory\u2013sailing\u2013winch\u2013handle\u2013lightweight\u2013durable\u2013winch\u2013handle\u2013ergonomic\u2013winch\u2013handle\u2013u-3.png","width":1080,"height":1080},{"@type":"BreadcrumbList","@id":"https:\/\/merelinn.com\/lt\/produktas\/flipper-max-foldable-winch-handle-10\/#breadcrumb","itemListElement":[{"@type":"ListItem","position":1,"name":"Pagrindinis puslapis","item":"https:\/\/merelinn.com\/lt\/"},{"@type":"ListItem","position":2,"name":"Parduotuv\u0117","item":"https:\/\/merelinn.com\/lt\/?page_id=1555"},{"@type":"ListItem","position":3,"name":"Vin\u010dos ranken\u0117l\u0117","item":"https:\/\/merelinn.com\/lt\/produkto-kategorija\/winch-handle-lt\/"},{"@type":"ListItem","position":4,"name":"Flipper\u2122 &#8211; Max Foldable Winch Handle 10&#8221;"}]},{"@type":"WebSite","@id":"https:\/\/merelinn.com\/lt\/#website","url":"https:\/\/merelinn.com\/lt\/","name":"Merelinn","description":"","potentialAction":[{"@type":"SearchAction","target":{"@type":"EntryPoint","urlTemplate":"https:\/\/merelinn.com\/lt\/?s={search_term_string}"},"query-input":{"@type":"PropertyValueSpecification","valueRequired":true,"valueName":"search_term_string"}}],"inLanguage":"lt-LT"}]}},"_links":{"self":[{"href":"https:\/\/merelinn.com\/lt\/wp-json\/wp\/v2\/product\/6059","targetHints":{"allow":["GET"]}}],"collection":[{"href":"https:\/\/merelinn.com\/lt\/wp-json\/wp\/v2\/product"}],"about":[{"href":"https:\/\/merelinn.com\/lt\/wp-json\/wp\/v2\/types\/product"}],"replies":[{"embeddable":true,"href":"https:\/\/merelinn.com\/lt\/wp-json\/wp\/v2\/comments?post=6059"}],"version-history":[{"count":0,"href":"https:\/\/merelinn.com\/lt\/wp-json\/wp\/v2\/product\/6059\/revisions"}],"wp:featuredmedia":[{"embeddable":true,"href":"https:\/\/merelinn.com\/lt\/wp-json\/wp\/v2\/media\/6018"}],"wp:attachment":[{"href":"https:\/\/merelinn.com\/lt\/wp-json\/wp\/v2\/media?parent=6059"}],"wp:term":[{"taxonomy":"product_brand","embeddable":true,"href":"https:\/\/merelinn.com\/lt\/wp-json\/wp\/v2\/product_brand?post=6059"},{"taxonomy":"product_cat","embeddable":true,"href":"https:\/\/merelinn.com\/lt\/wp-json\/wp\/v2\/product_cat?post=6059"},{"taxonomy":"product_tag","embeddable":true,"href":"https:\/\/merelinn.com\/lt\/wp-json\/wp\/v2\/product_tag?post=6059"}],"curies":[{"name":"wp","href":"https:\/\/api.w.org\/{rel}","templated":true}]}}