{"id":5349,"date":"2025-05-05T15:03:12","date_gmt":"2025-05-05T12:03:12","guid":{"rendered":"https:\/\/merelinn.com\/product\/mirka-deros-ii-625-eu-o-150-mm-orbit-2-5-mm\/"},"modified":"2025-05-06T17:03:38","modified_gmt":"2025-05-06T14:03:38","slug":"mirka-deros-ii-625-eu-o-150-mm-orbit-2-5-mm","status":"publish","type":"product","link":"https:\/\/merelinn.com\/lt\/produktas\/mirka-deros-ii-625-eu-o-150-mm-orbit-2-5-mm\/","title":{"rendered":"Mirka\u00ae DEROS II 625 EU \u00d8 150 mm, orbitas 2,5 mm"},"content":{"rendered":"<p class=\"ds-markdown-paragraph\">Efektyvus\u00a0<strong>Mirka\u00ae DEROS II<\/strong>\u00a0yra kompakti\u0161kas ir lengvai naudojamas elektrinis \u0161lifuoklis. Kitos kartos\u00a0<strong>Mirka DEROS II<\/strong>\u00a0t\u0119sia s\u0117kmingo orbitinio \u0161lifuoklio istorij\u0105 su daugybe vartotojui pritaikyt\u0173 patobulinim\u0173. \u017demo profilio ir lengvas\u00a0<strong>Mirka DEROS<\/strong>\u00a0\u0161lifuoklis yra \u017einomas d\u0117l savo puikios ergonomikos ir subalansuoto dizaino, u\u017etikrinan\u010dio auk\u0161t\u0105 operatoriaus komfort\u0105.<\/p>\n<p class=\"ds-markdown-paragraph\"><strong>Mirka DEROS II<\/strong>\u00a0gali b\u016bti naudojamas ilg\u0105 laik\u0105 ne\u012fsitempiant d\u0117l \u017eemo triuk\u0161mo lygio ir ma\u017e\u0173 vibracij\u0173. Naujas dizainas daro \u0161lifavimo grei\u010dio reguliavim\u0105 dar lengvesn\u012f: be paprasto \u0161lifavimo grei\u010dio reguliavimo svirties,\u00a0<strong>Mirka DEROS II<\/strong>\u00a0taip pat turi ai\u0161kiai matomus LED indikatorius grei\u010dio parinkimui ir atskir\u0105 \u012fjungimo\/i\u0161jungimo jungikl\u012f.<\/p>\n<p class=\"ds-markdown-paragraph\">D\u0117l ilgaam\u017eio ir efektyvaus be\u0161epe\u010dio variklio,\u00a0<strong>Mirka DEROS II<\/strong>\u00a0i\u0161laiko pastov\u0173 greit\u012f ir lengvai susidoroja net su reiklesniais darbais. Kaip dalis Mirka dulki\u0173 \u0161lifavimo sistemos,\u00a0<strong>Mirka DEROS<\/strong>\u00a0leid\u017eia efektyviai \u0161lifuoti be dulki\u0173, o Bluetooth ry\u0161ys leid\u017eia lengvai integruotis su\u00a0<strong>myMirka<\/strong>\u00a0programa vibracij\u0173 steb\u0117jimui.<\/p>\n<p class=\"ds-markdown-paragraph\"><strong>Mirka\u00ae DEROS II pagrindin\u0117s savyb\u0117s:<\/strong><br \/>\n\u2022 Kompakti\u0161kas, ergonomi\u0161kas ir lengvai naudojamas.<br \/>\n\u2022 Auk\u0161tas operatoriaus komfortas \u2192 gali b\u016bti naudojamas ilg\u0105 laik\u0105 ne\u012fsitempiant.<br \/>\n\u2022 Lengvai valdoma \u0161lifavimo grei\u010dio reguliavimo svirtis su ai\u0161kiai matomais LED indikatoriais RPM.<br \/>\n\u2022 U\u017etikrina efektyv\u0173 \u0161lifavim\u0105 be dulki\u0173.<br \/>\n\u2022 Efektyvus ir ilgaam\u017eis be\u0161epe\u010dis variklis.<br \/>\n\u2022 Lengvai susidoroja su reiklesniais darbais.<br \/>\n\u2022 Bluetooth ry\u0161ys ir vibracij\u0173 steb\u0117jimas.<\/p>\n","protected":false},"excerpt":{"rendered":"<p><strong>Mirka\u00ae DEROS II 625<\/strong>\u00a0yra 150 mm tiesiogin\u0117s veiklos elektrinis orbitinis \u0161lifuoklis, sukurtas efektyviam ir dulki\u0173 \u0161lifavimui \u012fvairi\u0173 pavir\u0161i\u0173.\u00a0<strong>Mirka DEROS II 625<\/strong>\u00a0turi 150 mm pagalv\u0117l\u0119 ir 2,5 mm svyravim\u0105, tinkam\u0105 smulkesniems \u0161lifavimo gr\u016bdeliams ir prie\u0161poliravimui.<\/p>\n","protected":false},"featured_media":5310,"comment_status":"open","ping_status":"closed","template":"","meta":{"_acf_changed":false},"product_brand":[252],"product_cat":[150],"product_tag":[114],"class_list":{"0":"post-5349","1":"product","2":"type-product","3":"status-publish","4":"has-post-thumbnail","6":"product_brand-mirka","7":"product_cat-electric-sanders-lt","8":"product_tag-populiarus","10":"first","11":"instock","12":"taxable","13":"shipping-taxable","14":"purchasable","15":"product-type-simple"},"acf":[],"yoast_head":"<!-- This site is optimized with the Yoast SEO plugin v25.1 - https:\/\/yoast.com\/wordpress\/plugins\/seo\/ -->\n<title>Mirka\u00ae DEROS II 625 EU \u00d8 150 mm, orbitas 2,5 mm - Merelinn<\/title>\n<meta name=\"robots\" content=\"noindex, follow, max-snippet:-1, max-image-preview:large, max-video-preview:-1\" \/>\n<meta property=\"og:locale\" content=\"lt_LT\" \/>\n<meta property=\"og:type\" content=\"article\" \/>\n<meta property=\"og:title\" content=\"Mirka\u00ae DEROS II 625 EU \u00d8 150 mm, orbitas 2,5 mm - Merelinn\" \/>\n<meta property=\"og:description\" content=\"Mirka\u00ae DEROS II 625\u00a0yra 150 mm tiesiogin\u0117s veiklos elektrinis orbitinis \u0161lifuoklis, sukurtas efektyviam ir dulki\u0173 \u0161lifavimui \u012fvairi\u0173 pavir\u0161i\u0173.\u00a0Mirka DEROS II 625\u00a0turi 150 mm pagalv\u0117l\u0119 ir 2,5 mm svyravim\u0105, tinkam\u0105 smulkesniems \u0161lifavimo gr\u016bdeliams ir prie\u0161poliravimui.\" \/>\n<meta property=\"og:url\" content=\"https:\/\/merelinn.com\/lt\/produktas\/mirka-deros-ii-625-eu-o-150-mm-orbit-2-5-mm\/\" \/>\n<meta property=\"og:site_name\" content=\"Merelinn\" \/>\n<meta property=\"article:modified_time\" content=\"2025-05-06T14:03:38+00:00\" \/>\n<meta property=\"og:image\" content=\"https:\/\/merelinn.com\/wp-content\/uploads\/2025\/05\/MID6254044f.webp\" \/>\n\t<meta property=\"og:image:width\" content=\"500\" \/>\n\t<meta property=\"og:image:height\" content=\"500\" \/>\n\t<meta property=\"og:image:type\" content=\"image\/webp\" \/>\n<meta name=\"twitter:card\" content=\"summary_large_image\" \/>\n<meta name=\"twitter:label1\" content=\"Est. reading time\" \/>\n\t<meta name=\"twitter:data1\" content=\"2 minut\u0117s\" \/>\n<script type=\"application\/ld+json\" class=\"yoast-schema-graph\">{\"@context\":\"https:\/\/schema.org\",\"@graph\":[{\"@type\":\"WebPage\",\"@id\":\"https:\/\/merelinn.com\/lt\/produktas\/mirka-deros-ii-625-eu-o-150-mm-orbit-2-5-mm\/\",\"url\":\"https:\/\/merelinn.com\/lt\/produktas\/mirka-deros-ii-625-eu-o-150-mm-orbit-2-5-mm\/\",\"name\":\"Mirka\u00ae DEROS II 625 EU \u00d8 150 mm, orbitas 2,5 mm - Merelinn\",\"isPartOf\":{\"@id\":\"https:\/\/merelinn.com\/lt\/#website\"},\"primaryImageOfPage\":{\"@id\":\"https:\/\/merelinn.com\/lt\/produktas\/mirka-deros-ii-625-eu-o-150-mm-orbit-2-5-mm\/#primaryimage\"},\"image\":{\"@id\":\"https:\/\/merelinn.com\/lt\/produktas\/mirka-deros-ii-625-eu-o-150-mm-orbit-2-5-mm\/#primaryimage\"},\"thumbnailUrl\":\"https:\/\/merelinn.com\/wp-content\/uploads\/2025\/05\/MID6254044g.webp\",\"datePublished\":\"2025-05-05T12:03:12+00:00\",\"dateModified\":\"2025-05-06T14:03:38+00:00\",\"breadcrumb\":{\"@id\":\"https:\/\/merelinn.com\/lt\/produktas\/mirka-deros-ii-625-eu-o-150-mm-orbit-2-5-mm\/#breadcrumb\"},\"inLanguage\":\"lt-LT\",\"potentialAction\":[{\"@type\":\"ReadAction\",\"target\":[\"https:\/\/merelinn.com\/lt\/produktas\/mirka-deros-ii-625-eu-o-150-mm-orbit-2-5-mm\/\"]}]},{\"@type\":\"ImageObject\",\"inLanguage\":\"lt-LT\",\"@id\":\"https:\/\/merelinn.com\/lt\/produktas\/mirka-deros-ii-625-eu-o-150-mm-orbit-2-5-mm\/#primaryimage\",\"url\":\"https:\/\/merelinn.com\/wp-content\/uploads\/2025\/05\/MID6254044g.webp\",\"contentUrl\":\"https:\/\/merelinn.com\/wp-content\/uploads\/2025\/05\/MID6254044g.webp\",\"width\":500,\"height\":500},{\"@type\":\"BreadcrumbList\",\"@id\":\"https:\/\/merelinn.com\/lt\/produktas\/mirka-deros-ii-625-eu-o-150-mm-orbit-2-5-mm\/#breadcrumb\",\"itemListElement\":[{\"@type\":\"ListItem\",\"position\":1,\"name\":\"Pagrindinis puslapis\",\"item\":\"https:\/\/merelinn.com\/lt\/\"},{\"@type\":\"ListItem\",\"position\":2,\"name\":\"Parduotuv\u0117\",\"item\":\"https:\/\/merelinn.com\/lt\/?page_id=1555\"},{\"@type\":\"ListItem\",\"position\":3,\"name\":\"Mirka \u012frankiai\",\"item\":\"https:\/\/merelinn.com\/lt\/produkto-kategorija\/mirka-tools-lt\/\"},{\"@type\":\"ListItem\",\"position\":4,\"name\":\"Elektroslifuokliai\",\"item\":\"https:\/\/merelinn.com\/lt\/produkto-kategorija\/mirka-tools-lt\/electric-sanders-lt\/\"},{\"@type\":\"ListItem\",\"position\":5,\"name\":\"Mirka\u00ae DEROS II 625 EU \u00d8 150 mm, orbitas 2,5 mm\"}]},{\"@type\":\"WebSite\",\"@id\":\"https:\/\/merelinn.com\/lt\/#website\",\"url\":\"https:\/\/merelinn.com\/lt\/\",\"name\":\"Merelinn\",\"description\":\"\",\"potentialAction\":[{\"@type\":\"SearchAction\",\"target\":{\"@type\":\"EntryPoint\",\"urlTemplate\":\"https:\/\/merelinn.com\/lt\/?s={search_term_string}\"},\"query-input\":{\"@type\":\"PropertyValueSpecification\",\"valueRequired\":true,\"valueName\":\"search_term_string\"}}],\"inLanguage\":\"lt-LT\"}]}<\/script>\n<!-- \/ Yoast SEO plugin. -->","yoast_head_json":{"title":"Mirka\u00ae DEROS II 625 EU \u00d8 150 mm, orbitas 2,5 mm - Merelinn","robots":{"index":"noindex","follow":"follow","max-snippet":"max-snippet:-1","max-image-preview":"max-image-preview:large","max-video-preview":"max-video-preview:-1"},"og_locale":"lt_LT","og_type":"article","og_title":"Mirka\u00ae DEROS II 625 EU \u00d8 150 mm, orbitas 2,5 mm - Merelinn","og_description":"Mirka\u00ae DEROS II 625\u00a0yra 150 mm tiesiogin\u0117s veiklos elektrinis orbitinis \u0161lifuoklis, sukurtas efektyviam ir dulki\u0173 \u0161lifavimui \u012fvairi\u0173 pavir\u0161i\u0173.\u00a0Mirka DEROS II 625\u00a0turi 150 mm pagalv\u0117l\u0119 ir 2,5 mm svyravim\u0105, tinkam\u0105 smulkesniems \u0161lifavimo gr\u016bdeliams ir prie\u0161poliravimui.","og_url":"https:\/\/merelinn.com\/lt\/produktas\/mirka-deros-ii-625-eu-o-150-mm-orbit-2-5-mm\/","og_site_name":"Merelinn","article_modified_time":"2025-05-06T14:03:38+00:00","og_image":[{"width":500,"height":500,"url":"https:\/\/merelinn.com\/wp-content\/uploads\/2025\/05\/MID6254044f.webp","type":"image\/webp"}],"twitter_card":"summary_large_image","twitter_misc":{"Est. reading time":"2 minut\u0117s"},"schema":{"@context":"https:\/\/schema.org","@graph":[{"@type":"WebPage","@id":"https:\/\/merelinn.com\/lt\/produktas\/mirka-deros-ii-625-eu-o-150-mm-orbit-2-5-mm\/","url":"https:\/\/merelinn.com\/lt\/produktas\/mirka-deros-ii-625-eu-o-150-mm-orbit-2-5-mm\/","name":"Mirka\u00ae DEROS II 625 EU \u00d8 150 mm, orbitas 2,5 mm - Merelinn","isPartOf":{"@id":"https:\/\/merelinn.com\/lt\/#website"},"primaryImageOfPage":{"@id":"https:\/\/merelinn.com\/lt\/produktas\/mirka-deros-ii-625-eu-o-150-mm-orbit-2-5-mm\/#primaryimage"},"image":{"@id":"https:\/\/merelinn.com\/lt\/produktas\/mirka-deros-ii-625-eu-o-150-mm-orbit-2-5-mm\/#primaryimage"},"thumbnailUrl":"https:\/\/merelinn.com\/wp-content\/uploads\/2025\/05\/MID6254044g.webp","datePublished":"2025-05-05T12:03:12+00:00","dateModified":"2025-05-06T14:03:38+00:00","breadcrumb":{"@id":"https:\/\/merelinn.com\/lt\/produktas\/mirka-deros-ii-625-eu-o-150-mm-orbit-2-5-mm\/#breadcrumb"},"inLanguage":"lt-LT","potentialAction":[{"@type":"ReadAction","target":["https:\/\/merelinn.com\/lt\/produktas\/mirka-deros-ii-625-eu-o-150-mm-orbit-2-5-mm\/"]}]},{"@type":"ImageObject","inLanguage":"lt-LT","@id":"https:\/\/merelinn.com\/lt\/produktas\/mirka-deros-ii-625-eu-o-150-mm-orbit-2-5-mm\/#primaryimage","url":"https:\/\/merelinn.com\/wp-content\/uploads\/2025\/05\/MID6254044g.webp","contentUrl":"https:\/\/merelinn.com\/wp-content\/uploads\/2025\/05\/MID6254044g.webp","width":500,"height":500},{"@type":"BreadcrumbList","@id":"https:\/\/merelinn.com\/lt\/produktas\/mirka-deros-ii-625-eu-o-150-mm-orbit-2-5-mm\/#breadcrumb","itemListElement":[{"@type":"ListItem","position":1,"name":"Pagrindinis puslapis","item":"https:\/\/merelinn.com\/lt\/"},{"@type":"ListItem","position":2,"name":"Parduotuv\u0117","item":"https:\/\/merelinn.com\/lt\/?page_id=1555"},{"@type":"ListItem","position":3,"name":"Mirka \u012frankiai","item":"https:\/\/merelinn.com\/lt\/produkto-kategorija\/mirka-tools-lt\/"},{"@type":"ListItem","position":4,"name":"Elektroslifuokliai","item":"https:\/\/merelinn.com\/lt\/produkto-kategorija\/mirka-tools-lt\/electric-sanders-lt\/"},{"@type":"ListItem","position":5,"name":"Mirka\u00ae DEROS II 625 EU \u00d8 150 mm, orbitas 2,5 mm"}]},{"@type":"WebSite","@id":"https:\/\/merelinn.com\/lt\/#website","url":"https:\/\/merelinn.com\/lt\/","name":"Merelinn","description":"","potentialAction":[{"@type":"SearchAction","target":{"@type":"EntryPoint","urlTemplate":"https:\/\/merelinn.com\/lt\/?s={search_term_string}"},"query-input":{"@type":"PropertyValueSpecification","valueRequired":true,"valueName":"search_term_string"}}],"inLanguage":"lt-LT"}]}},"_links":{"self":[{"href":"https:\/\/merelinn.com\/lt\/wp-json\/wp\/v2\/product\/5349","targetHints":{"allow":["GET"]}}],"collection":[{"href":"https:\/\/merelinn.com\/lt\/wp-json\/wp\/v2\/product"}],"about":[{"href":"https:\/\/merelinn.com\/lt\/wp-json\/wp\/v2\/types\/product"}],"replies":[{"embeddable":true,"href":"https:\/\/merelinn.com\/lt\/wp-json\/wp\/v2\/comments?post=5349"}],"version-history":[{"count":1,"href":"https:\/\/merelinn.com\/lt\/wp-json\/wp\/v2\/product\/5349\/revisions"}],"predecessor-version":[{"id":5362,"href":"https:\/\/merelinn.com\/lt\/wp-json\/wp\/v2\/product\/5349\/revisions\/5362"}],"wp:featuredmedia":[{"embeddable":true,"href":"https:\/\/merelinn.com\/lt\/wp-json\/wp\/v2\/media\/5310"}],"wp:attachment":[{"href":"https:\/\/merelinn.com\/lt\/wp-json\/wp\/v2\/media?parent=5349"}],"wp:term":[{"taxonomy":"product_brand","embeddable":true,"href":"https:\/\/merelinn.com\/lt\/wp-json\/wp\/v2\/product_brand?post=5349"},{"taxonomy":"product_cat","embeddable":true,"href":"https:\/\/merelinn.com\/lt\/wp-json\/wp\/v2\/product_cat?post=5349"},{"taxonomy":"product_tag","embeddable":true,"href":"https:\/\/merelinn.com\/lt\/wp-json\/wp\/v2\/product_tag?post=5349"}],"curies":[{"name":"wp","href":"https:\/\/api.w.org\/{rel}","templated":true}]}}