{"id":5338,"date":"2025-05-05T14:47:10","date_gmt":"2025-05-05T11:47:10","guid":{"rendered":"https:\/\/merelinn.com\/product\/olli-anti-shock-low-friction-ring-aluminium-s-size\/"},"modified":"2025-05-16T12:18:27","modified_gmt":"2025-05-16T09:18:27","slug":"olli-anti-shock-low-friction-ring-aluminium-s-size","status":"publish","type":"product","link":"https:\/\/merelinn.com\/lt\/produktas\/olli-anti-shock-low-friction-ring-aluminium-s-size\/","title":{"rendered":"Olli\u2122 &#8211; Atsparus sm\u016bgiams \u017eemo trinties aliuminio \u017eiedas"},"content":{"rendered":"<p><b>Olli\u2122 privalumai:<\/b><\/p>\n<ul>\n<li style=\"font-weight: 400;\" aria-level=\"1\"><b>Denio apsauga:<\/b><span style=\"font-weight: 400;\"><br \/>\n<\/span><span style=\"font-weight: 400;\">Specialus guminis sluoksnis sugeria sm\u016bgius ir saugo pavir\u0161i\u0173 nuo pa\u017eeidim\u0173.<\/span><\/li>\n<li style=\"font-weight: 400;\" aria-level=\"1\"><b>Auk\u0161tos kokyb\u0117s med\u017eiagos:<\/b><span style=\"font-weight: 400;\"><br \/>\n<\/span><span style=\"font-weight: 400;\">Pagaminta i\u0161 vientiso CNC apdirbto aliuminio \u2013 stipri ir patikima konstrukcija.<\/span><\/li>\n<li style=\"font-weight: 400;\" aria-level=\"1\"><b>Atsparumas korozijai:<\/b><span style=\"font-weight: 400;\"><br \/>\n<\/span><span style=\"font-weight: 400;\">J\u016brin\u0117 anoduota danga ir dviguba gumin\u0117 apsauga garantuoja atsparum\u0105 at\u0161iauriai j\u016brinei aplinkai.<\/span><\/li>\n<li style=\"font-weight: 400;\" aria-level=\"1\"><b>Universalumas:<\/b><span style=\"font-weight: 400;\"><br \/>\n<\/span><span style=\"font-weight: 400;\">Tinka \u012fvairi\u0173 tip\u0173 laivams ir takela\u017eo sistemoms.<\/span><\/li>\n<\/ul>\n<p>&nbsp;<\/p>\n<p><b>Technin\u0117s specifikacijos:<\/b><\/p>\n<ul>\n<li style=\"font-weight: 400;\" aria-level=\"1\"><b>Med\u017eiaga:<\/b><span style=\"font-weight: 400;\"> Anoduotas aliuminis<\/span><\/li>\n<li style=\"font-weight: 400;\" aria-level=\"1\"><b>Danga:<\/b><span style=\"font-weight: 400;\"> Dviguba gumin\u0117 apsaugin\u0117 danga<\/span><\/li>\n<li style=\"font-weight: 400;\" aria-level=\"1\"><b>Pagaminta:<\/b><span style=\"font-weight: 400;\"> Italijoje, naudojant auk\u0161to tikslumo technologijas<\/span><\/li>\n<\/ul>\n<p><span style=\"font-weight: 400;\">Pasirink\u0119 <\/span><b>Olli\u2122<\/b><span style=\"font-weight: 400;\">, j\u016bs investuojate \u012f savo laivo ilgaam\u017ei\u0161kum\u0105 ir saugum\u0105.<\/span><span style=\"font-weight: 400;\"><br \/>\n<\/span><span style=\"font-weight: 400;\">Nepraleiskite progos atnaujinti \u012frang\u0105 pasitelkiant pa\u017eangiausias technologijas.<\/span><span style=\"font-weight: 400;\"><br \/>\n<\/span><b>U\u017esisakykite Olli\u2122 jau \u0161iandien ir pajuskite kokyb\u0117s bei patikimumo skirtum\u0105!<\/b><\/p>\n","protected":false},"excerpt":{"rendered":"<p><b>Olli\u2122<\/b><span style=\"font-weight: 400;\"> \u2013 novatori\u0161kas sm\u016bgius sugeriantis \u017eiedas su ma\u017ea trintimi, sukurtas j\u016bs\u0173 denio apsaugai ir takela\u017eo veikimo pagerinimui.<\/span><span style=\"font-weight: 400;\"><br \/>\n<\/span><span style=\"font-weight: 400;\">D\u0117l patentuotos gumin\u0117s dangos <\/span><b>Olli\u2122<\/b><span style=\"font-weight: 400;\"> apsaugo nuo \u012fbr\u0117\u017eim\u0173 ir pa\u017eeidim\u0173 denyje, u\u017etikrindamas ilgaam\u017ei\u0161kum\u0105, tyl\u0173 veikim\u0105 ir j\u016bs\u0173 laivo apsaug\u0105.<\/span><\/p>\n","protected":false},"featured_media":5189,"comment_status":"open","ping_status":"closed","template":"","meta":{"_acf_changed":false},"product_brand":[253],"product_cat":[140],"product_tag":[114],"class_list":{"0":"post-5338","1":"product","2":"type-product","3":"status-publish","4":"has-post-thumbnail","6":"product_brand-easysea","7":"product_cat-tackle-ring-lt","8":"product_tag-populiarus","10":"first","11":"instock","12":"taxable","13":"shipping-taxable","14":"purchasable","15":"product-type-variable"},"acf":[],"yoast_head":"<!-- This site is optimized with the Yoast SEO plugin v25.1 - https:\/\/yoast.com\/wordpress\/plugins\/seo\/ -->\n<title>Olli\u2122 - Atsparus sm\u016bgiams \u017eemo trinties aliuminio \u017eiedas - Merelinn<\/title>\n<meta name=\"robots\" content=\"noindex, follow, max-snippet:-1, max-image-preview:large, max-video-preview:-1\" \/>\n<meta property=\"og:locale\" content=\"lt_LT\" \/>\n<meta property=\"og:type\" content=\"article\" \/>\n<meta property=\"og:title\" content=\"Olli\u2122 - Atsparus sm\u016bgiams \u017eemo trinties aliuminio \u017eiedas - Merelinn\" \/>\n<meta property=\"og:description\" content=\"Olli\u2122 \u2013 novatori\u0161kas sm\u016bgius sugeriantis \u017eiedas su ma\u017ea trintimi, sukurtas j\u016bs\u0173 denio apsaugai ir takela\u017eo veikimo pagerinimui. D\u0117l patentuotos gumin\u0117s dangos Olli\u2122 apsaugo nuo \u012fbr\u0117\u017eim\u0173 ir pa\u017eeidim\u0173 denyje, u\u017etikrindamas ilgaam\u017ei\u0161kum\u0105, tyl\u0173 veikim\u0105 ir j\u016bs\u0173 laivo apsaug\u0105.\" \/>\n<meta property=\"og:url\" content=\"https:\/\/merelinn.com\/lt\/produktas\/olli-anti-shock-low-friction-ring-aluminium-s-size\/\" \/>\n<meta property=\"og:site_name\" content=\"Merelinn\" \/>\n<meta property=\"article:modified_time\" content=\"2025-05-16T09:18:27+00:00\" \/>\n<meta property=\"og:image\" content=\"https:\/\/merelinn.com\/wp-content\/uploads\/2025\/05\/SRA-__-Olli\u2122-Anti-Shock-solid-ring-aluminium-8.png\" \/>\n\t<meta property=\"og:image:width\" content=\"1080\" \/>\n\t<meta property=\"og:image:height\" content=\"1080\" \/>\n\t<meta property=\"og:image:type\" content=\"image\/png\" \/>\n<meta name=\"twitter:card\" content=\"summary_large_image\" \/>\n<meta name=\"twitter:label1\" content=\"Est. reading time\" \/>\n\t<meta name=\"twitter:data1\" content=\"1 minut\u0117\" \/>\n<script type=\"application\/ld+json\" class=\"yoast-schema-graph\">{\"@context\":\"https:\/\/schema.org\",\"@graph\":[{\"@type\":\"WebPage\",\"@id\":\"https:\/\/merelinn.com\/lt\/produktas\/olli-anti-shock-low-friction-ring-aluminium-s-size\/\",\"url\":\"https:\/\/merelinn.com\/lt\/produktas\/olli-anti-shock-low-friction-ring-aluminium-s-size\/\",\"name\":\"Olli\u2122 - Atsparus sm\u016bgiams \u017eemo trinties aliuminio \u017eiedas - Merelinn\",\"isPartOf\":{\"@id\":\"https:\/\/merelinn.com\/lt\/#website\"},\"primaryImageOfPage\":{\"@id\":\"https:\/\/merelinn.com\/lt\/produktas\/olli-anti-shock-low-friction-ring-aluminium-s-size\/#primaryimage\"},\"image\":{\"@id\":\"https:\/\/merelinn.com\/lt\/produktas\/olli-anti-shock-low-friction-ring-aluminium-s-size\/#primaryimage\"},\"thumbnailUrl\":\"https:\/\/merelinn.com\/wp-content\/uploads\/2025\/05\/SRA-__-Olli\u2122-Anti-Shock-solid-ring-aluminium-8.png\",\"datePublished\":\"2025-05-05T11:47:10+00:00\",\"dateModified\":\"2025-05-16T09:18:27+00:00\",\"breadcrumb\":{\"@id\":\"https:\/\/merelinn.com\/lt\/produktas\/olli-anti-shock-low-friction-ring-aluminium-s-size\/#breadcrumb\"},\"inLanguage\":\"lt-LT\",\"potentialAction\":[{\"@type\":\"ReadAction\",\"target\":[\"https:\/\/merelinn.com\/lt\/produktas\/olli-anti-shock-low-friction-ring-aluminium-s-size\/\"]}]},{\"@type\":\"ImageObject\",\"inLanguage\":\"lt-LT\",\"@id\":\"https:\/\/merelinn.com\/lt\/produktas\/olli-anti-shock-low-friction-ring-aluminium-s-size\/#primaryimage\",\"url\":\"https:\/\/merelinn.com\/wp-content\/uploads\/2025\/05\/SRA-__-Olli\u2122-Anti-Shock-solid-ring-aluminium-8.png\",\"contentUrl\":\"https:\/\/merelinn.com\/wp-content\/uploads\/2025\/05\/SRA-__-Olli\u2122-Anti-Shock-solid-ring-aluminium-8.png\",\"width\":1080,\"height\":1080},{\"@type\":\"BreadcrumbList\",\"@id\":\"https:\/\/merelinn.com\/lt\/produktas\/olli-anti-shock-low-friction-ring-aluminium-s-size\/#breadcrumb\",\"itemListElement\":[{\"@type\":\"ListItem\",\"position\":1,\"name\":\"Pagrindinis puslapis\",\"item\":\"https:\/\/merelinn.com\/lt\/\"},{\"@type\":\"ListItem\",\"position\":2,\"name\":\"Parduotuv\u0117\",\"item\":\"https:\/\/merelinn.com\/lt\/?page_id=1555\"},{\"@type\":\"ListItem\",\"position\":3,\"name\":\"Tali\u0173 \u017eiedas\",\"item\":\"https:\/\/merelinn.com\/lt\/produkto-kategorija\/tackle-ring-lt\/\"},{\"@type\":\"ListItem\",\"position\":4,\"name\":\"Olli\u2122 &#8211; Atsparus sm\u016bgiams \u017eemo trinties aliuminio \u017eiedas\"}]},{\"@type\":\"WebSite\",\"@id\":\"https:\/\/merelinn.com\/lt\/#website\",\"url\":\"https:\/\/merelinn.com\/lt\/\",\"name\":\"Merelinn\",\"description\":\"\",\"potentialAction\":[{\"@type\":\"SearchAction\",\"target\":{\"@type\":\"EntryPoint\",\"urlTemplate\":\"https:\/\/merelinn.com\/lt\/?s={search_term_string}\"},\"query-input\":{\"@type\":\"PropertyValueSpecification\",\"valueRequired\":true,\"valueName\":\"search_term_string\"}}],\"inLanguage\":\"lt-LT\"}]}<\/script>\n<!-- \/ Yoast SEO plugin. -->","yoast_head_json":{"title":"Olli\u2122 - Atsparus sm\u016bgiams \u017eemo trinties aliuminio \u017eiedas - Merelinn","robots":{"index":"noindex","follow":"follow","max-snippet":"max-snippet:-1","max-image-preview":"max-image-preview:large","max-video-preview":"max-video-preview:-1"},"og_locale":"lt_LT","og_type":"article","og_title":"Olli\u2122 - Atsparus sm\u016bgiams \u017eemo trinties aliuminio \u017eiedas - Merelinn","og_description":"Olli\u2122 \u2013 novatori\u0161kas sm\u016bgius sugeriantis \u017eiedas su ma\u017ea trintimi, sukurtas j\u016bs\u0173 denio apsaugai ir takela\u017eo veikimo pagerinimui. D\u0117l patentuotos gumin\u0117s dangos Olli\u2122 apsaugo nuo \u012fbr\u0117\u017eim\u0173 ir pa\u017eeidim\u0173 denyje, u\u017etikrindamas ilgaam\u017ei\u0161kum\u0105, tyl\u0173 veikim\u0105 ir j\u016bs\u0173 laivo apsaug\u0105.","og_url":"https:\/\/merelinn.com\/lt\/produktas\/olli-anti-shock-low-friction-ring-aluminium-s-size\/","og_site_name":"Merelinn","article_modified_time":"2025-05-16T09:18:27+00:00","og_image":[{"width":1080,"height":1080,"url":"https:\/\/merelinn.com\/wp-content\/uploads\/2025\/05\/SRA-__-Olli\u2122-Anti-Shock-solid-ring-aluminium-8.png","type":"image\/png"}],"twitter_card":"summary_large_image","twitter_misc":{"Est. reading time":"1 minut\u0117"},"schema":{"@context":"https:\/\/schema.org","@graph":[{"@type":"WebPage","@id":"https:\/\/merelinn.com\/lt\/produktas\/olli-anti-shock-low-friction-ring-aluminium-s-size\/","url":"https:\/\/merelinn.com\/lt\/produktas\/olli-anti-shock-low-friction-ring-aluminium-s-size\/","name":"Olli\u2122 - Atsparus sm\u016bgiams \u017eemo trinties aliuminio \u017eiedas - Merelinn","isPartOf":{"@id":"https:\/\/merelinn.com\/lt\/#website"},"primaryImageOfPage":{"@id":"https:\/\/merelinn.com\/lt\/produktas\/olli-anti-shock-low-friction-ring-aluminium-s-size\/#primaryimage"},"image":{"@id":"https:\/\/merelinn.com\/lt\/produktas\/olli-anti-shock-low-friction-ring-aluminium-s-size\/#primaryimage"},"thumbnailUrl":"https:\/\/merelinn.com\/wp-content\/uploads\/2025\/05\/SRA-__-Olli\u2122-Anti-Shock-solid-ring-aluminium-8.png","datePublished":"2025-05-05T11:47:10+00:00","dateModified":"2025-05-16T09:18:27+00:00","breadcrumb":{"@id":"https:\/\/merelinn.com\/lt\/produktas\/olli-anti-shock-low-friction-ring-aluminium-s-size\/#breadcrumb"},"inLanguage":"lt-LT","potentialAction":[{"@type":"ReadAction","target":["https:\/\/merelinn.com\/lt\/produktas\/olli-anti-shock-low-friction-ring-aluminium-s-size\/"]}]},{"@type":"ImageObject","inLanguage":"lt-LT","@id":"https:\/\/merelinn.com\/lt\/produktas\/olli-anti-shock-low-friction-ring-aluminium-s-size\/#primaryimage","url":"https:\/\/merelinn.com\/wp-content\/uploads\/2025\/05\/SRA-__-Olli\u2122-Anti-Shock-solid-ring-aluminium-8.png","contentUrl":"https:\/\/merelinn.com\/wp-content\/uploads\/2025\/05\/SRA-__-Olli\u2122-Anti-Shock-solid-ring-aluminium-8.png","width":1080,"height":1080},{"@type":"BreadcrumbList","@id":"https:\/\/merelinn.com\/lt\/produktas\/olli-anti-shock-low-friction-ring-aluminium-s-size\/#breadcrumb","itemListElement":[{"@type":"ListItem","position":1,"name":"Pagrindinis puslapis","item":"https:\/\/merelinn.com\/lt\/"},{"@type":"ListItem","position":2,"name":"Parduotuv\u0117","item":"https:\/\/merelinn.com\/lt\/?page_id=1555"},{"@type":"ListItem","position":3,"name":"Tali\u0173 \u017eiedas","item":"https:\/\/merelinn.com\/lt\/produkto-kategorija\/tackle-ring-lt\/"},{"@type":"ListItem","position":4,"name":"Olli\u2122 &#8211; Atsparus sm\u016bgiams \u017eemo trinties aliuminio \u017eiedas"}]},{"@type":"WebSite","@id":"https:\/\/merelinn.com\/lt\/#website","url":"https:\/\/merelinn.com\/lt\/","name":"Merelinn","description":"","potentialAction":[{"@type":"SearchAction","target":{"@type":"EntryPoint","urlTemplate":"https:\/\/merelinn.com\/lt\/?s={search_term_string}"},"query-input":{"@type":"PropertyValueSpecification","valueRequired":true,"valueName":"search_term_string"}}],"inLanguage":"lt-LT"}]}},"_links":{"self":[{"href":"https:\/\/merelinn.com\/lt\/wp-json\/wp\/v2\/product\/5338","targetHints":{"allow":["GET"]}}],"collection":[{"href":"https:\/\/merelinn.com\/lt\/wp-json\/wp\/v2\/product"}],"about":[{"href":"https:\/\/merelinn.com\/lt\/wp-json\/wp\/v2\/types\/product"}],"replies":[{"embeddable":true,"href":"https:\/\/merelinn.com\/lt\/wp-json\/wp\/v2\/comments?post=5338"}],"version-history":[{"count":1,"href":"https:\/\/merelinn.com\/lt\/wp-json\/wp\/v2\/product\/5338\/revisions"}],"predecessor-version":[{"id":5342,"href":"https:\/\/merelinn.com\/lt\/wp-json\/wp\/v2\/product\/5338\/revisions\/5342"}],"wp:featuredmedia":[{"embeddable":true,"href":"https:\/\/merelinn.com\/lt\/wp-json\/wp\/v2\/media\/5189"}],"wp:attachment":[{"href":"https:\/\/merelinn.com\/lt\/wp-json\/wp\/v2\/media?parent=5338"}],"wp:term":[{"taxonomy":"product_brand","embeddable":true,"href":"https:\/\/merelinn.com\/lt\/wp-json\/wp\/v2\/product_brand?post=5338"},{"taxonomy":"product_cat","embeddable":true,"href":"https:\/\/merelinn.com\/lt\/wp-json\/wp\/v2\/product_cat?post=5338"},{"taxonomy":"product_tag","embeddable":true,"href":"https:\/\/merelinn.com\/lt\/wp-json\/wp\/v2\/product_tag?post=5338"}],"curies":[{"name":"wp","href":"https:\/\/api.w.org\/{rel}","templated":true}]}}