{"id":5328,"date":"2025-05-05T14:09:13","date_gmt":"2025-05-05T11:09:13","guid":{"rendered":"https:\/\/merelinn.com\/product\/flipper-foldable-winch-handle-8\/"},"modified":"2025-05-06T17:03:57","modified_gmt":"2025-05-06T14:03:57","slug":"flipper-foldable-winch-handle-8","status":"publish","type":"product","link":"https:\/\/merelinn.com\/lt\/produktas\/flipper-foldable-winch-handle-8\/","title":{"rendered":"Flipper\u2122 &#8211; Sulankstoma vin\u010dos ranken\u0117l\u0117 8 coliai (20 cm)"},"content":{"rendered":"<p><span style=\"font-weight: 400;\">Susipa\u017einkite su <\/span><b>Flipper<\/b><span style=\"font-weight: 400;\"> \u2013 novatori\u0161ka gerv\u0117s rankena, kuri kei\u010dia \u017eaidimo taisykles denyje. Pamir\u0161kite nuolatin\u012f nu\u0117mim\u0105 ir paie\u0161kas. D\u0117l i\u0161maniojo sulankstymo mechanizmo j\u0105 galima greitai sulenkti viena ranka \u2013 ir v\u0117l esate pasiruo\u0161\u0119s veikti.<\/span><\/p>\n<p><b>Maksimalus efektyvumas<\/b><\/p>\n<p><span style=\"font-weight: 400;\">Laisvai atleiskite ir priver\u017ekite \u0161otus be papildom\u0173 judesi\u0173 \u2013 rankena visada savo vietoje, netrukdo ir nepasimeta.<\/span><\/p>\n<p>&nbsp;<\/p>\n<p><b>Absoliutus patikimumas<\/b><\/p>\n<p><span style=\"font-weight: 400;\">Joki\u0173 nukritusi\u0173 ranken\u0173 u\u017e borto \u2013 <\/span><b>Flipper<\/b><span style=\"font-weight: 400;\"> visada su jumis, bet kokiomis s\u0105lygomis.<\/span><\/p>\n<p>&nbsp;<\/p>\n<p><b>\u017daibi\u0161ki manevrai<\/b><\/p>\n<p><span style=\"font-weight: 400;\">Lengvai valdykite bures \u2013 grei\u010diau, \u0161velniau ir su visi\u0161ka kontrole. Kiekvienas veiksmas laive tampa paprastesnis.<\/span><\/p>\n<p>&nbsp;<\/p>\n<p><b>Auk\u0161\u010diausia kokyb\u0117<\/b><\/p>\n<p><span style=\"font-weight: 400;\">In\u017einerinis tikslumas, d\u0117v\u0117jimuisi atsparios med\u017eiagos ir ilgaam\u017ei\u0161kumas. <\/span><b>Flipper<\/b><span style=\"font-weight: 400;\"> \u2013 tai rankena, kurios niekada nenor\u0117site pakeisti.<\/span><\/p>\n<p>&nbsp;<\/p>\n<p><b>Paskutin\u0117 gerv\u0117s rankena, kurios jums kada nors prireiks<\/b><\/p>\n<p><span style=\"font-weight: 400;\">Visi\u0161kai i\u0161skleista <\/span><b>20 cm (8 coli\u0173)<\/b><span style=\"font-weight: 400;\"> ilgio <\/span><b>Flipper<\/b><span style=\"font-weight: 400;\"> veikia kaip \u012fprasta gerv\u0117s rankena \u2013 tvirta, patikima ir patogi. Puikiai subalansuota, kad u\u017etikrint\u0173 tiksl\u0173 valdym\u0105 kiekvieno manevro metu.<\/span><\/p>\n<p>&nbsp;<\/p>\n<p><b>Pirmoji pasaulyje rankena su reketiniu mechanizmu<\/b><\/p>\n<p><span style=\"font-weight: 400;\">Unikaliame re\u017eime rankenos ilgis siekia net <\/span><b>314 mm (12,36 colio)<\/b><span style=\"font-weight: 400;\">, tod\u0117l tai yra <\/span><b>ilgiausia svirtis rinkoje<\/b><span style=\"font-weight: 400;\">. Naudokite j\u0105 kaip reket\u0105 \u2013 maksimaliai j\u0117gai ir efektyvumui pasiekti, ypa\u010d svarbiausiais momentais.<\/span><\/p>\n<p>&nbsp;<\/p>\n<p><b>Flipper \u2013 kompakti\u0161ka j\u0117ga, tikslumas ir patogumas vienoje rankenoje.<\/b><\/p>\n","protected":false},"excerpt":{"rendered":"<p><b>Flipper \u2013 naujos kartos gerv\u0117s rankena<\/b><span style=\"font-weight: 400;\"><br \/>\n<\/span><span style=\"font-weight: 400;\">Joki\u0173 r\u016bpes\u010di\u0173. Tik tu ir v\u0117jas.<\/span><span style=\"font-weight: 400;\"><br \/>\n<\/span><span style=\"font-weight: 400;\">Nebereikia nuimti ar bijoti pamesti \u2013 tiesiog sulankstyk ir t\u0119sk!<\/span><\/p>\n","protected":false},"featured_media":5243,"comment_status":"open","ping_status":"closed","template":"","meta":{"_acf_changed":false},"product_brand":[253],"product_cat":[132],"product_tag":[114],"class_list":{"0":"post-5328","1":"product","2":"type-product","3":"status-publish","4":"has-post-thumbnail","6":"product_brand-easysea","7":"product_cat-winch-handle-lt","8":"product_tag-populiarus","10":"first","11":"instock","12":"taxable","13":"shipping-taxable","14":"purchasable","15":"product-type-simple"},"acf":[],"yoast_head":"<!-- This site is optimized with the Yoast SEO plugin v25.1 - https:\/\/yoast.com\/wordpress\/plugins\/seo\/ -->\n<title>Flipper\u2122 - Sulankstoma vin\u010dos ranken\u0117l\u0117 8 coliai (20 cm) - Merelinn<\/title>\n<meta name=\"robots\" content=\"noindex, follow, max-snippet:-1, max-image-preview:large, max-video-preview:-1\" \/>\n<meta property=\"og:locale\" content=\"lt_LT\" \/>\n<meta property=\"og:type\" content=\"article\" \/>\n<meta property=\"og:title\" content=\"Flipper\u2122 - Sulankstoma vin\u010dos ranken\u0117l\u0117 8 coliai (20 cm) - Merelinn\" \/>\n<meta property=\"og:description\" content=\"Flipper \u2013 naujos kartos gerv\u0117s rankena Joki\u0173 r\u016bpes\u010di\u0173. Tik tu ir v\u0117jas. Nebereikia nuimti ar bijoti pamesti \u2013 tiesiog sulankstyk ir t\u0119sk!\" \/>\n<meta property=\"og:url\" content=\"https:\/\/merelinn.com\/lt\/produktas\/flipper-foldable-winch-handle-8\/\" \/>\n<meta property=\"og:site_name\" content=\"Merelinn\" \/>\n<meta property=\"article:modified_time\" content=\"2025-05-06T14:03:57+00:00\" \/>\n<meta property=\"og:image\" content=\"https:\/\/merelinn.com\/wp-content\/uploads\/2025\/05\/foldable\u2013winch\u2013handle\u2013flipper\u2013easysea-7.png\" \/>\n\t<meta property=\"og:image:width\" content=\"1500\" \/>\n\t<meta property=\"og:image:height\" content=\"1500\" \/>\n\t<meta property=\"og:image:type\" content=\"image\/png\" \/>\n<meta name=\"twitter:card\" content=\"summary_large_image\" \/>\n<meta name=\"twitter:label1\" content=\"Est. reading time\" \/>\n\t<meta name=\"twitter:data1\" content=\"2 minut\u0117s\" \/>\n<script type=\"application\/ld+json\" class=\"yoast-schema-graph\">{\"@context\":\"https:\/\/schema.org\",\"@graph\":[{\"@type\":\"WebPage\",\"@id\":\"https:\/\/merelinn.com\/lt\/produktas\/flipper-foldable-winch-handle-8\/\",\"url\":\"https:\/\/merelinn.com\/lt\/produktas\/flipper-foldable-winch-handle-8\/\",\"name\":\"Flipper\u2122 - Sulankstoma vin\u010dos ranken\u0117l\u0117 8 coliai (20 cm) - Merelinn\",\"isPartOf\":{\"@id\":\"https:\/\/merelinn.com\/lt\/#website\"},\"primaryImageOfPage\":{\"@id\":\"https:\/\/merelinn.com\/lt\/produktas\/flipper-foldable-winch-handle-8\/#primaryimage\"},\"image\":{\"@id\":\"https:\/\/merelinn.com\/lt\/produktas\/flipper-foldable-winch-handle-8\/#primaryimage\"},\"thumbnailUrl\":\"https:\/\/merelinn.com\/wp-content\/uploads\/2025\/05\/foldable\u2013winch\u2013handle\u2013flipper\u2013easysea-7.png\",\"datePublished\":\"2025-05-05T11:09:13+00:00\",\"dateModified\":\"2025-05-06T14:03:57+00:00\",\"breadcrumb\":{\"@id\":\"https:\/\/merelinn.com\/lt\/produktas\/flipper-foldable-winch-handle-8\/#breadcrumb\"},\"inLanguage\":\"lt-LT\",\"potentialAction\":[{\"@type\":\"ReadAction\",\"target\":[\"https:\/\/merelinn.com\/lt\/produktas\/flipper-foldable-winch-handle-8\/\"]}]},{\"@type\":\"ImageObject\",\"inLanguage\":\"lt-LT\",\"@id\":\"https:\/\/merelinn.com\/lt\/produktas\/flipper-foldable-winch-handle-8\/#primaryimage\",\"url\":\"https:\/\/merelinn.com\/wp-content\/uploads\/2025\/05\/foldable\u2013winch\u2013handle\u2013flipper\u2013easysea-7.png\",\"contentUrl\":\"https:\/\/merelinn.com\/wp-content\/uploads\/2025\/05\/foldable\u2013winch\u2013handle\u2013flipper\u2013easysea-7.png\",\"width\":1500,\"height\":1500},{\"@type\":\"BreadcrumbList\",\"@id\":\"https:\/\/merelinn.com\/lt\/produktas\/flipper-foldable-winch-handle-8\/#breadcrumb\",\"itemListElement\":[{\"@type\":\"ListItem\",\"position\":1,\"name\":\"Pagrindinis puslapis\",\"item\":\"https:\/\/merelinn.com\/lt\/\"},{\"@type\":\"ListItem\",\"position\":2,\"name\":\"Parduotuv\u0117\",\"item\":\"https:\/\/merelinn.com\/lt\/?page_id=1555\"},{\"@type\":\"ListItem\",\"position\":3,\"name\":\"Vin\u010dos ranken\u0117l\u0117\",\"item\":\"https:\/\/merelinn.com\/lt\/produkto-kategorija\/winch-handle-lt\/\"},{\"@type\":\"ListItem\",\"position\":4,\"name\":\"Flipper\u2122 &#8212; Sulankstoma vin\u010dos ranken\u0117l\u0117 8 coliai (20 cm)\"}]},{\"@type\":\"WebSite\",\"@id\":\"https:\/\/merelinn.com\/lt\/#website\",\"url\":\"https:\/\/merelinn.com\/lt\/\",\"name\":\"Merelinn\",\"description\":\"\",\"potentialAction\":[{\"@type\":\"SearchAction\",\"target\":{\"@type\":\"EntryPoint\",\"urlTemplate\":\"https:\/\/merelinn.com\/lt\/?s={search_term_string}\"},\"query-input\":{\"@type\":\"PropertyValueSpecification\",\"valueRequired\":true,\"valueName\":\"search_term_string\"}}],\"inLanguage\":\"lt-LT\"}]}<\/script>\n<!-- \/ Yoast SEO plugin. -->","yoast_head_json":{"title":"Flipper\u2122 - Sulankstoma vin\u010dos ranken\u0117l\u0117 8 coliai (20 cm) - Merelinn","robots":{"index":"noindex","follow":"follow","max-snippet":"max-snippet:-1","max-image-preview":"max-image-preview:large","max-video-preview":"max-video-preview:-1"},"og_locale":"lt_LT","og_type":"article","og_title":"Flipper\u2122 - Sulankstoma vin\u010dos ranken\u0117l\u0117 8 coliai (20 cm) - Merelinn","og_description":"Flipper \u2013 naujos kartos gerv\u0117s rankena Joki\u0173 r\u016bpes\u010di\u0173. Tik tu ir v\u0117jas. Nebereikia nuimti ar bijoti pamesti \u2013 tiesiog sulankstyk ir t\u0119sk!","og_url":"https:\/\/merelinn.com\/lt\/produktas\/flipper-foldable-winch-handle-8\/","og_site_name":"Merelinn","article_modified_time":"2025-05-06T14:03:57+00:00","og_image":[{"width":1500,"height":1500,"url":"https:\/\/merelinn.com\/wp-content\/uploads\/2025\/05\/foldable\u2013winch\u2013handle\u2013flipper\u2013easysea-7.png","type":"image\/png"}],"twitter_card":"summary_large_image","twitter_misc":{"Est. reading time":"2 minut\u0117s"},"schema":{"@context":"https:\/\/schema.org","@graph":[{"@type":"WebPage","@id":"https:\/\/merelinn.com\/lt\/produktas\/flipper-foldable-winch-handle-8\/","url":"https:\/\/merelinn.com\/lt\/produktas\/flipper-foldable-winch-handle-8\/","name":"Flipper\u2122 - Sulankstoma vin\u010dos ranken\u0117l\u0117 8 coliai (20 cm) - Merelinn","isPartOf":{"@id":"https:\/\/merelinn.com\/lt\/#website"},"primaryImageOfPage":{"@id":"https:\/\/merelinn.com\/lt\/produktas\/flipper-foldable-winch-handle-8\/#primaryimage"},"image":{"@id":"https:\/\/merelinn.com\/lt\/produktas\/flipper-foldable-winch-handle-8\/#primaryimage"},"thumbnailUrl":"https:\/\/merelinn.com\/wp-content\/uploads\/2025\/05\/foldable\u2013winch\u2013handle\u2013flipper\u2013easysea-7.png","datePublished":"2025-05-05T11:09:13+00:00","dateModified":"2025-05-06T14:03:57+00:00","breadcrumb":{"@id":"https:\/\/merelinn.com\/lt\/produktas\/flipper-foldable-winch-handle-8\/#breadcrumb"},"inLanguage":"lt-LT","potentialAction":[{"@type":"ReadAction","target":["https:\/\/merelinn.com\/lt\/produktas\/flipper-foldable-winch-handle-8\/"]}]},{"@type":"ImageObject","inLanguage":"lt-LT","@id":"https:\/\/merelinn.com\/lt\/produktas\/flipper-foldable-winch-handle-8\/#primaryimage","url":"https:\/\/merelinn.com\/wp-content\/uploads\/2025\/05\/foldable\u2013winch\u2013handle\u2013flipper\u2013easysea-7.png","contentUrl":"https:\/\/merelinn.com\/wp-content\/uploads\/2025\/05\/foldable\u2013winch\u2013handle\u2013flipper\u2013easysea-7.png","width":1500,"height":1500},{"@type":"BreadcrumbList","@id":"https:\/\/merelinn.com\/lt\/produktas\/flipper-foldable-winch-handle-8\/#breadcrumb","itemListElement":[{"@type":"ListItem","position":1,"name":"Pagrindinis puslapis","item":"https:\/\/merelinn.com\/lt\/"},{"@type":"ListItem","position":2,"name":"Parduotuv\u0117","item":"https:\/\/merelinn.com\/lt\/?page_id=1555"},{"@type":"ListItem","position":3,"name":"Vin\u010dos ranken\u0117l\u0117","item":"https:\/\/merelinn.com\/lt\/produkto-kategorija\/winch-handle-lt\/"},{"@type":"ListItem","position":4,"name":"Flipper\u2122 &#8212; Sulankstoma vin\u010dos ranken\u0117l\u0117 8 coliai (20 cm)"}]},{"@type":"WebSite","@id":"https:\/\/merelinn.com\/lt\/#website","url":"https:\/\/merelinn.com\/lt\/","name":"Merelinn","description":"","potentialAction":[{"@type":"SearchAction","target":{"@type":"EntryPoint","urlTemplate":"https:\/\/merelinn.com\/lt\/?s={search_term_string}"},"query-input":{"@type":"PropertyValueSpecification","valueRequired":true,"valueName":"search_term_string"}}],"inLanguage":"lt-LT"}]}},"_links":{"self":[{"href":"https:\/\/merelinn.com\/lt\/wp-json\/wp\/v2\/product\/5328","targetHints":{"allow":["GET"]}}],"collection":[{"href":"https:\/\/merelinn.com\/lt\/wp-json\/wp\/v2\/product"}],"about":[{"href":"https:\/\/merelinn.com\/lt\/wp-json\/wp\/v2\/types\/product"}],"replies":[{"embeddable":true,"href":"https:\/\/merelinn.com\/lt\/wp-json\/wp\/v2\/comments?post=5328"}],"version-history":[{"count":1,"href":"https:\/\/merelinn.com\/lt\/wp-json\/wp\/v2\/product\/5328\/revisions"}],"predecessor-version":[{"id":5330,"href":"https:\/\/merelinn.com\/lt\/wp-json\/wp\/v2\/product\/5328\/revisions\/5330"}],"wp:featuredmedia":[{"embeddable":true,"href":"https:\/\/merelinn.com\/lt\/wp-json\/wp\/v2\/media\/5243"}],"wp:attachment":[{"href":"https:\/\/merelinn.com\/lt\/wp-json\/wp\/v2\/media?parent=5328"}],"wp:term":[{"taxonomy":"product_brand","embeddable":true,"href":"https:\/\/merelinn.com\/lt\/wp-json\/wp\/v2\/product_brand?post=5328"},{"taxonomy":"product_cat","embeddable":true,"href":"https:\/\/merelinn.com\/lt\/wp-json\/wp\/v2\/product_cat?post=5328"},{"taxonomy":"product_tag","embeddable":true,"href":"https:\/\/merelinn.com\/lt\/wp-json\/wp\/v2\/product_tag?post=5328"}],"curies":[{"name":"wp","href":"https:\/\/api.w.org\/{rel}","templated":true}]}}