{"id":3292,"date":"2025-04-09T16:42:58","date_gmt":"2025-04-09T13:42:58","guid":{"rendered":"https:\/\/merelinn.com\/services\/washing-cleaning\/"},"modified":"2025-04-25T12:04:34","modified_gmt":"2025-04-25T09:04:34","slug":"plovimas-ir-valymas","status":"publish","type":"page","link":"https:\/\/merelinn.com\/lt\/paslaugos\/plovimas-ir-valymas\/","title":{"rendered":"Plovimas ir valymas"},"content":{"rendered":"","protected":false},"excerpt":{"rendered":"<p>Reguliarus jachtos plovimas palengvina b\u016bsim\u0105 prie\u017ei\u016br\u0105, o \u0161varus interjeras suteikia jaukumo.<\/p>\n","protected":false},"author":1,"featured_media":2076,"parent":3252,"menu_order":0,"comment_status":"closed","ping_status":"closed","template":"","meta":{"_acf_changed":false,"footnotes":""},"categories":[89],"tags":[],"class_list":["post-3292","page","type-page","status-publish","has-post-thumbnail","hentry","category-services-lt"],"acf":{"photo_gallery":{"images":[[]]}},"yoast_head":"<!-- This site is optimized with the Yoast SEO plugin v25.1 - https:\/\/yoast.com\/wordpress\/plugins\/seo\/ -->\n<title>Plovimas ir valymas - Merelinn<\/title>\n<meta name=\"robots\" content=\"noindex, follow, max-snippet:-1, max-image-preview:large, max-video-preview:-1\" \/>\n<meta property=\"og:locale\" content=\"lt_LT\" \/>\n<meta property=\"og:type\" content=\"article\" \/>\n<meta property=\"og:title\" content=\"Plovimas ir valymas - Merelinn\" \/>\n<meta property=\"og:description\" content=\"Reguliarus jachtos plovimas palengvina b\u016bsim\u0105 prie\u017ei\u016br\u0105, o \u0161varus interjeras suteikia jaukumo.\" \/>\n<meta property=\"og:url\" content=\"https:\/\/merelinn.com\/lt\/paslaugos\/plovimas-ir-valymas\/\" \/>\n<meta property=\"og:site_name\" content=\"Merelinn\" \/>\n<meta property=\"article:modified_time\" content=\"2025-04-25T09:04:34+00:00\" \/>\n<meta property=\"og:image\" content=\"https:\/\/merelinn.com\/wp-content\/uploads\/2025\/04\/raimond-klavins-YnpQGfWzmnQ-unsplash.jpg\" \/>\n\t<meta property=\"og:image:width\" content=\"1920\" \/>\n\t<meta property=\"og:image:height\" content=\"1280\" \/>\n\t<meta property=\"og:image:type\" content=\"image\/jpeg\" \/>\n<meta name=\"twitter:card\" content=\"summary_large_image\" \/>\n<meta name=\"twitter:label1\" content=\"Est. reading time\" \/>\n\t<meta name=\"twitter:data1\" content=\"1 minut\u0117\" \/>\n<script type=\"application\/ld+json\" class=\"yoast-schema-graph\">{\"@context\":\"https:\/\/schema.org\",\"@graph\":[{\"@type\":\"WebPage\",\"@id\":\"https:\/\/merelinn.com\/lt\/paslaugos\/plovimas-ir-valymas\/\",\"url\":\"https:\/\/merelinn.com\/lt\/paslaugos\/plovimas-ir-valymas\/\",\"name\":\"Plovimas ir valymas - Merelinn\",\"isPartOf\":{\"@id\":\"https:\/\/merelinn.com\/lt\/#website\"},\"primaryImageOfPage\":{\"@id\":\"https:\/\/merelinn.com\/lt\/paslaugos\/plovimas-ir-valymas\/#primaryimage\"},\"image\":{\"@id\":\"https:\/\/merelinn.com\/lt\/paslaugos\/plovimas-ir-valymas\/#primaryimage\"},\"thumbnailUrl\":\"https:\/\/merelinn.com\/wp-content\/uploads\/2025\/04\/raimond-klavins-YnpQGfWzmnQ-unsplash.jpg\",\"datePublished\":\"2025-04-09T13:42:58+00:00\",\"dateModified\":\"2025-04-25T09:04:34+00:00\",\"breadcrumb\":{\"@id\":\"https:\/\/merelinn.com\/lt\/paslaugos\/plovimas-ir-valymas\/#breadcrumb\"},\"inLanguage\":\"lt-LT\",\"potentialAction\":[{\"@type\":\"ReadAction\",\"target\":[\"https:\/\/merelinn.com\/lt\/paslaugos\/plovimas-ir-valymas\/\"]}]},{\"@type\":\"ImageObject\",\"inLanguage\":\"lt-LT\",\"@id\":\"https:\/\/merelinn.com\/lt\/paslaugos\/plovimas-ir-valymas\/#primaryimage\",\"url\":\"https:\/\/merelinn.com\/wp-content\/uploads\/2025\/04\/raimond-klavins-YnpQGfWzmnQ-unsplash.jpg\",\"contentUrl\":\"https:\/\/merelinn.com\/wp-content\/uploads\/2025\/04\/raimond-klavins-YnpQGfWzmnQ-unsplash.jpg\",\"width\":1920,\"height\":1280},{\"@type\":\"BreadcrumbList\",\"@id\":\"https:\/\/merelinn.com\/lt\/paslaugos\/plovimas-ir-valymas\/#breadcrumb\",\"itemListElement\":[{\"@type\":\"ListItem\",\"position\":1,\"name\":\"Pagrindinis puslapis\",\"item\":\"https:\/\/merelinn.com\/lt\/\"},{\"@type\":\"ListItem\",\"position\":2,\"name\":\"Paslaugos\",\"item\":\"https:\/\/merelinn.com\/lt\/paslaugos\/\"},{\"@type\":\"ListItem\",\"position\":3,\"name\":\"Plovimas ir valymas\"}]},{\"@type\":\"WebSite\",\"@id\":\"https:\/\/merelinn.com\/lt\/#website\",\"url\":\"https:\/\/merelinn.com\/lt\/\",\"name\":\"Merelinn\",\"description\":\"\",\"potentialAction\":[{\"@type\":\"SearchAction\",\"target\":{\"@type\":\"EntryPoint\",\"urlTemplate\":\"https:\/\/merelinn.com\/lt\/?s={search_term_string}\"},\"query-input\":{\"@type\":\"PropertyValueSpecification\",\"valueRequired\":true,\"valueName\":\"search_term_string\"}}],\"inLanguage\":\"lt-LT\"}]}<\/script>\n<!-- \/ Yoast SEO plugin. -->","yoast_head_json":{"title":"Plovimas ir valymas - Merelinn","robots":{"index":"noindex","follow":"follow","max-snippet":"max-snippet:-1","max-image-preview":"max-image-preview:large","max-video-preview":"max-video-preview:-1"},"og_locale":"lt_LT","og_type":"article","og_title":"Plovimas ir valymas - Merelinn","og_description":"Reguliarus jachtos plovimas palengvina b\u016bsim\u0105 prie\u017ei\u016br\u0105, o \u0161varus interjeras suteikia jaukumo.","og_url":"https:\/\/merelinn.com\/lt\/paslaugos\/plovimas-ir-valymas\/","og_site_name":"Merelinn","article_modified_time":"2025-04-25T09:04:34+00:00","og_image":[{"width":1920,"height":1280,"url":"https:\/\/merelinn.com\/wp-content\/uploads\/2025\/04\/raimond-klavins-YnpQGfWzmnQ-unsplash.jpg","type":"image\/jpeg"}],"twitter_card":"summary_large_image","twitter_misc":{"Est. reading time":"1 minut\u0117"},"schema":{"@context":"https:\/\/schema.org","@graph":[{"@type":"WebPage","@id":"https:\/\/merelinn.com\/lt\/paslaugos\/plovimas-ir-valymas\/","url":"https:\/\/merelinn.com\/lt\/paslaugos\/plovimas-ir-valymas\/","name":"Plovimas ir valymas - Merelinn","isPartOf":{"@id":"https:\/\/merelinn.com\/lt\/#website"},"primaryImageOfPage":{"@id":"https:\/\/merelinn.com\/lt\/paslaugos\/plovimas-ir-valymas\/#primaryimage"},"image":{"@id":"https:\/\/merelinn.com\/lt\/paslaugos\/plovimas-ir-valymas\/#primaryimage"},"thumbnailUrl":"https:\/\/merelinn.com\/wp-content\/uploads\/2025\/04\/raimond-klavins-YnpQGfWzmnQ-unsplash.jpg","datePublished":"2025-04-09T13:42:58+00:00","dateModified":"2025-04-25T09:04:34+00:00","breadcrumb":{"@id":"https:\/\/merelinn.com\/lt\/paslaugos\/plovimas-ir-valymas\/#breadcrumb"},"inLanguage":"lt-LT","potentialAction":[{"@type":"ReadAction","target":["https:\/\/merelinn.com\/lt\/paslaugos\/plovimas-ir-valymas\/"]}]},{"@type":"ImageObject","inLanguage":"lt-LT","@id":"https:\/\/merelinn.com\/lt\/paslaugos\/plovimas-ir-valymas\/#primaryimage","url":"https:\/\/merelinn.com\/wp-content\/uploads\/2025\/04\/raimond-klavins-YnpQGfWzmnQ-unsplash.jpg","contentUrl":"https:\/\/merelinn.com\/wp-content\/uploads\/2025\/04\/raimond-klavins-YnpQGfWzmnQ-unsplash.jpg","width":1920,"height":1280},{"@type":"BreadcrumbList","@id":"https:\/\/merelinn.com\/lt\/paslaugos\/plovimas-ir-valymas\/#breadcrumb","itemListElement":[{"@type":"ListItem","position":1,"name":"Pagrindinis puslapis","item":"https:\/\/merelinn.com\/lt\/"},{"@type":"ListItem","position":2,"name":"Paslaugos","item":"https:\/\/merelinn.com\/lt\/paslaugos\/"},{"@type":"ListItem","position":3,"name":"Plovimas ir valymas"}]},{"@type":"WebSite","@id":"https:\/\/merelinn.com\/lt\/#website","url":"https:\/\/merelinn.com\/lt\/","name":"Merelinn","description":"","potentialAction":[{"@type":"SearchAction","target":{"@type":"EntryPoint","urlTemplate":"https:\/\/merelinn.com\/lt\/?s={search_term_string}"},"query-input":{"@type":"PropertyValueSpecification","valueRequired":true,"valueName":"search_term_string"}}],"inLanguage":"lt-LT"}]}},"_links":{"self":[{"href":"https:\/\/merelinn.com\/lt\/wp-json\/wp\/v2\/pages\/3292","targetHints":{"allow":["GET"]}}],"collection":[{"href":"https:\/\/merelinn.com\/lt\/wp-json\/wp\/v2\/pages"}],"about":[{"href":"https:\/\/merelinn.com\/lt\/wp-json\/wp\/v2\/types\/page"}],"author":[{"embeddable":true,"href":"https:\/\/merelinn.com\/lt\/wp-json\/wp\/v2\/users\/1"}],"replies":[{"embeddable":true,"href":"https:\/\/merelinn.com\/lt\/wp-json\/wp\/v2\/comments?post=3292"}],"version-history":[{"count":1,"href":"https:\/\/merelinn.com\/lt\/wp-json\/wp\/v2\/pages\/3292\/revisions"}],"predecessor-version":[{"id":4229,"href":"https:\/\/merelinn.com\/lt\/wp-json\/wp\/v2\/pages\/3292\/revisions\/4229"}],"up":[{"embeddable":true,"href":"https:\/\/merelinn.com\/lt\/wp-json\/wp\/v2\/pages\/3252"}],"wp:featuredmedia":[{"embeddable":true,"href":"https:\/\/merelinn.com\/lt\/wp-json\/wp\/v2\/media\/2076"}],"wp:attachment":[{"href":"https:\/\/merelinn.com\/lt\/wp-json\/wp\/v2\/media?parent=3292"}],"wp:term":[{"taxonomy":"category","embeddable":true,"href":"https:\/\/merelinn.com\/lt\/wp-json\/wp\/v2\/categories?post=3292"},{"taxonomy":"post_tag","embeddable":true,"href":"https:\/\/merelinn.com\/lt\/wp-json\/wp\/v2\/tags?post=3292"}],"curies":[{"name":"wp","href":"https:\/\/api.w.org\/{rel}","templated":true}]}}