{"id":3282,"date":"2025-04-09T11:55:46","date_gmt":"2025-04-09T08:55:46","guid":{"rendered":"https:\/\/merelinn.com\/services\/natural-teak-restoration\/"},"modified":"2025-04-25T12:04:57","modified_gmt":"2025-04-25T09:04:57","slug":"naturalaus-tikmedzio-restauravimas","status":"publish","type":"page","link":"https:\/\/merelinn.com\/lt\/paslaugos\/naturalaus-tikmedzio-restauravimas\/","title":{"rendered":"Nat\u016bralaus tikmed\u017eio restauravimas"},"content":{"rendered":"","protected":false},"excerpt":{"rendered":"<p>Nat\u016bralaus tiko deni\u0173 restauravimas ir prie\u017ei\u016bra pagal auk\u0161\u010diausius standartus.<\/p>\n","protected":false},"author":1,"featured_media":1847,"parent":3252,"menu_order":0,"comment_status":"closed","ping_status":"closed","template":"","meta":{"_acf_changed":false,"footnotes":""},"categories":[89],"tags":[],"class_list":["post-3282","page","type-page","status-publish","has-post-thumbnail","hentry","category-services-lt"],"acf":{"photo_gallery":{"images":[[{"id":2974,"title":"reat_teak","caption":"","full_image_url":"https:\/\/merelinn.com\/wp-content\/uploads\/2025\/04\/reat_teak.jpg","thumbnail_image_url":"https:\/\/merelinn.com\/wp-content\/uploads\/2025\/04\/reat_teak-150x150.jpg","large_srcset":"https:\/\/merelinn.com\/wp-content\/uploads\/2025\/04\/reat_teak.jpg 607w, https:\/\/merelinn.com\/wp-content\/uploads\/2025\/04\/reat_teak-300x270.jpg 300w, https:\/\/merelinn.com\/wp-content\/uploads\/2025\/04\/reat_teak-600x540.jpg 600w","medium_srcset":"https:\/\/merelinn.com\/wp-content\/uploads\/2025\/04\/reat_teak-300x270.jpg 300w, https:\/\/merelinn.com\/wp-content\/uploads\/2025\/04\/reat_teak-600x540.jpg 600w, https:\/\/merelinn.com\/wp-content\/uploads\/2025\/04\/reat_teak.jpg 607w","media_details":{"width":607,"height":546,"sizes":{"medium":{"file":"reat_teak-300x270.jpg","width":300,"height":270,"mime-type":"image\/jpeg","filesize":26502,"source_url":"https:\/\/merelinn.com\/wp-content\/uploads\/2025\/04\/reat_teak-300x270.jpg"},"thumbnail":{"file":"reat_teak-150x150.jpg","width":150,"height":150,"mime-type":"image\/jpeg","filesize":8151,"source_url":"https:\/\/merelinn.com\/wp-content\/uploads\/2025\/04\/reat_teak-150x150.jpg"},"woocommerce_thumbnail":{"file":"reat_teak-300x300.jpg","width":300,"height":300,"mime-type":"image\/jpeg","filesize":29265,"source_url":"https:\/\/merelinn.com\/wp-content\/uploads\/2025\/04\/reat_teak-300x300.jpg"},"woocommerce_single":{"file":"reat_teak-600x540.jpg","width":600,"height":540,"mime-type":"image\/jpeg","filesize":93043,"source_url":"https:\/\/merelinn.com\/wp-content\/uploads\/2025\/04\/reat_teak-600x540.jpg"},"woocommerce_gallery_thumbnail":{"file":"reat_teak-100x100.jpg","width":100,"height":100,"mime-type":"image\/jpeg","filesize":4062,"source_url":"https:\/\/merelinn.com\/wp-content\/uploads\/2025\/04\/reat_teak-100x100.jpg"}}},"alt_text":"","url":"","target":""}]]}},"yoast_head":"<!-- This site is optimized with the Yoast SEO plugin v25.1 - https:\/\/yoast.com\/wordpress\/plugins\/seo\/ -->\n<title>Nat\u016bralaus tikmed\u017eio restauravimas - Merelinn<\/title>\n<meta name=\"description\" content=\"Nat\u016bralaus tiko deni\u0173 restauravimas ir prie\u017ei\u016bra pagal auk\u0161\u010diausius standartus.\" \/>\n<meta name=\"robots\" content=\"noindex, follow, max-snippet:-1, max-image-preview:large, max-video-preview:-1\" \/>\n<meta property=\"og:locale\" content=\"lt_LT\" \/>\n<meta property=\"og:type\" content=\"article\" \/>\n<meta property=\"og:title\" content=\"Nat\u016bralaus tikmed\u017eio restauravimas - Merelinn\" \/>\n<meta property=\"og:description\" content=\"Nat\u016bralaus tiko deni\u0173 restauravimas ir prie\u017ei\u016bra pagal auk\u0161\u010diausius standartus.\" \/>\n<meta property=\"og:url\" content=\"https:\/\/merelinn.com\/lt\/paslaugos\/naturalaus-tikmedzio-restauravimas\/\" \/>\n<meta property=\"og:site_name\" content=\"Merelinn\" \/>\n<meta property=\"article:modified_time\" content=\"2025-04-25T09:04:57+00:00\" \/>\n<meta property=\"og:image\" content=\"https:\/\/merelinn.com\/wp-content\/uploads\/2025\/04\/toa-heftiba-cXsRBGPXVtA-unsplash-scaled.jpg\" \/>\n\t<meta property=\"og:image:width\" content=\"1707\" \/>\n\t<meta property=\"og:image:height\" content=\"2560\" \/>\n\t<meta property=\"og:image:type\" content=\"image\/jpeg\" \/>\n<meta name=\"twitter:card\" content=\"summary_large_image\" \/>\n<meta name=\"twitter:label1\" content=\"Est. reading time\" \/>\n\t<meta name=\"twitter:data1\" content=\"1 minut\u0117\" \/>\n<script type=\"application\/ld+json\" class=\"yoast-schema-graph\">{\"@context\":\"https:\/\/schema.org\",\"@graph\":[{\"@type\":\"WebPage\",\"@id\":\"https:\/\/merelinn.com\/lt\/paslaugos\/naturalaus-tikmedzio-restauravimas\/\",\"url\":\"https:\/\/merelinn.com\/lt\/paslaugos\/naturalaus-tikmedzio-restauravimas\/\",\"name\":\"Nat\u016bralaus tikmed\u017eio restauravimas - Merelinn\",\"isPartOf\":{\"@id\":\"https:\/\/merelinn.com\/lt\/#website\"},\"primaryImageOfPage\":{\"@id\":\"https:\/\/merelinn.com\/lt\/paslaugos\/naturalaus-tikmedzio-restauravimas\/#primaryimage\"},\"image\":{\"@id\":\"https:\/\/merelinn.com\/lt\/paslaugos\/naturalaus-tikmedzio-restauravimas\/#primaryimage\"},\"thumbnailUrl\":\"https:\/\/merelinn.com\/wp-content\/uploads\/2025\/04\/toa-heftiba-cXsRBGPXVtA-unsplash-scaled.jpg\",\"datePublished\":\"2025-04-09T08:55:46+00:00\",\"dateModified\":\"2025-04-25T09:04:57+00:00\",\"description\":\"Nat\u016bralaus tiko deni\u0173 restauravimas ir prie\u017ei\u016bra pagal auk\u0161\u010diausius standartus.\",\"breadcrumb\":{\"@id\":\"https:\/\/merelinn.com\/lt\/paslaugos\/naturalaus-tikmedzio-restauravimas\/#breadcrumb\"},\"inLanguage\":\"lt-LT\",\"potentialAction\":[{\"@type\":\"ReadAction\",\"target\":[\"https:\/\/merelinn.com\/lt\/paslaugos\/naturalaus-tikmedzio-restauravimas\/\"]}]},{\"@type\":\"ImageObject\",\"inLanguage\":\"lt-LT\",\"@id\":\"https:\/\/merelinn.com\/lt\/paslaugos\/naturalaus-tikmedzio-restauravimas\/#primaryimage\",\"url\":\"https:\/\/merelinn.com\/wp-content\/uploads\/2025\/04\/toa-heftiba-cXsRBGPXVtA-unsplash-scaled.jpg\",\"contentUrl\":\"https:\/\/merelinn.com\/wp-content\/uploads\/2025\/04\/toa-heftiba-cXsRBGPXVtA-unsplash-scaled.jpg\",\"width\":1707,\"height\":2560},{\"@type\":\"BreadcrumbList\",\"@id\":\"https:\/\/merelinn.com\/lt\/paslaugos\/naturalaus-tikmedzio-restauravimas\/#breadcrumb\",\"itemListElement\":[{\"@type\":\"ListItem\",\"position\":1,\"name\":\"Pagrindinis puslapis\",\"item\":\"https:\/\/merelinn.com\/lt\/\"},{\"@type\":\"ListItem\",\"position\":2,\"name\":\"Paslaugos\",\"item\":\"https:\/\/merelinn.com\/lt\/paslaugos\/\"},{\"@type\":\"ListItem\",\"position\":3,\"name\":\"Nat\u016bralaus tikmed\u017eio restauravimas\"}]},{\"@type\":\"WebSite\",\"@id\":\"https:\/\/merelinn.com\/lt\/#website\",\"url\":\"https:\/\/merelinn.com\/lt\/\",\"name\":\"Merelinn\",\"description\":\"\",\"potentialAction\":[{\"@type\":\"SearchAction\",\"target\":{\"@type\":\"EntryPoint\",\"urlTemplate\":\"https:\/\/merelinn.com\/lt\/?s={search_term_string}\"},\"query-input\":{\"@type\":\"PropertyValueSpecification\",\"valueRequired\":true,\"valueName\":\"search_term_string\"}}],\"inLanguage\":\"lt-LT\"}]}<\/script>\n<!-- \/ Yoast SEO plugin. -->","yoast_head_json":{"title":"Nat\u016bralaus tikmed\u017eio restauravimas - Merelinn","description":"Nat\u016bralaus tiko deni\u0173 restauravimas ir prie\u017ei\u016bra pagal auk\u0161\u010diausius standartus.","robots":{"index":"noindex","follow":"follow","max-snippet":"max-snippet:-1","max-image-preview":"max-image-preview:large","max-video-preview":"max-video-preview:-1"},"og_locale":"lt_LT","og_type":"article","og_title":"Nat\u016bralaus tikmed\u017eio restauravimas - Merelinn","og_description":"Nat\u016bralaus tiko deni\u0173 restauravimas ir prie\u017ei\u016bra pagal auk\u0161\u010diausius standartus.","og_url":"https:\/\/merelinn.com\/lt\/paslaugos\/naturalaus-tikmedzio-restauravimas\/","og_site_name":"Merelinn","article_modified_time":"2025-04-25T09:04:57+00:00","og_image":[{"width":1707,"height":2560,"url":"https:\/\/merelinn.com\/wp-content\/uploads\/2025\/04\/toa-heftiba-cXsRBGPXVtA-unsplash-scaled.jpg","type":"image\/jpeg"}],"twitter_card":"summary_large_image","twitter_misc":{"Est. reading time":"1 minut\u0117"},"schema":{"@context":"https:\/\/schema.org","@graph":[{"@type":"WebPage","@id":"https:\/\/merelinn.com\/lt\/paslaugos\/naturalaus-tikmedzio-restauravimas\/","url":"https:\/\/merelinn.com\/lt\/paslaugos\/naturalaus-tikmedzio-restauravimas\/","name":"Nat\u016bralaus tikmed\u017eio restauravimas - Merelinn","isPartOf":{"@id":"https:\/\/merelinn.com\/lt\/#website"},"primaryImageOfPage":{"@id":"https:\/\/merelinn.com\/lt\/paslaugos\/naturalaus-tikmedzio-restauravimas\/#primaryimage"},"image":{"@id":"https:\/\/merelinn.com\/lt\/paslaugos\/naturalaus-tikmedzio-restauravimas\/#primaryimage"},"thumbnailUrl":"https:\/\/merelinn.com\/wp-content\/uploads\/2025\/04\/toa-heftiba-cXsRBGPXVtA-unsplash-scaled.jpg","datePublished":"2025-04-09T08:55:46+00:00","dateModified":"2025-04-25T09:04:57+00:00","description":"Nat\u016bralaus tiko deni\u0173 restauravimas ir prie\u017ei\u016bra pagal auk\u0161\u010diausius standartus.","breadcrumb":{"@id":"https:\/\/merelinn.com\/lt\/paslaugos\/naturalaus-tikmedzio-restauravimas\/#breadcrumb"},"inLanguage":"lt-LT","potentialAction":[{"@type":"ReadAction","target":["https:\/\/merelinn.com\/lt\/paslaugos\/naturalaus-tikmedzio-restauravimas\/"]}]},{"@type":"ImageObject","inLanguage":"lt-LT","@id":"https:\/\/merelinn.com\/lt\/paslaugos\/naturalaus-tikmedzio-restauravimas\/#primaryimage","url":"https:\/\/merelinn.com\/wp-content\/uploads\/2025\/04\/toa-heftiba-cXsRBGPXVtA-unsplash-scaled.jpg","contentUrl":"https:\/\/merelinn.com\/wp-content\/uploads\/2025\/04\/toa-heftiba-cXsRBGPXVtA-unsplash-scaled.jpg","width":1707,"height":2560},{"@type":"BreadcrumbList","@id":"https:\/\/merelinn.com\/lt\/paslaugos\/naturalaus-tikmedzio-restauravimas\/#breadcrumb","itemListElement":[{"@type":"ListItem","position":1,"name":"Pagrindinis puslapis","item":"https:\/\/merelinn.com\/lt\/"},{"@type":"ListItem","position":2,"name":"Paslaugos","item":"https:\/\/merelinn.com\/lt\/paslaugos\/"},{"@type":"ListItem","position":3,"name":"Nat\u016bralaus tikmed\u017eio restauravimas"}]},{"@type":"WebSite","@id":"https:\/\/merelinn.com\/lt\/#website","url":"https:\/\/merelinn.com\/lt\/","name":"Merelinn","description":"","potentialAction":[{"@type":"SearchAction","target":{"@type":"EntryPoint","urlTemplate":"https:\/\/merelinn.com\/lt\/?s={search_term_string}"},"query-input":{"@type":"PropertyValueSpecification","valueRequired":true,"valueName":"search_term_string"}}],"inLanguage":"lt-LT"}]}},"_links":{"self":[{"href":"https:\/\/merelinn.com\/lt\/wp-json\/wp\/v2\/pages\/3282","targetHints":{"allow":["GET"]}}],"collection":[{"href":"https:\/\/merelinn.com\/lt\/wp-json\/wp\/v2\/pages"}],"about":[{"href":"https:\/\/merelinn.com\/lt\/wp-json\/wp\/v2\/types\/page"}],"author":[{"embeddable":true,"href":"https:\/\/merelinn.com\/lt\/wp-json\/wp\/v2\/users\/1"}],"replies":[{"embeddable":true,"href":"https:\/\/merelinn.com\/lt\/wp-json\/wp\/v2\/comments?post=3282"}],"version-history":[{"count":2,"href":"https:\/\/merelinn.com\/lt\/wp-json\/wp\/v2\/pages\/3282\/revisions"}],"predecessor-version":[{"id":4222,"href":"https:\/\/merelinn.com\/lt\/wp-json\/wp\/v2\/pages\/3282\/revisions\/4222"}],"up":[{"embeddable":true,"href":"https:\/\/merelinn.com\/lt\/wp-json\/wp\/v2\/pages\/3252"}],"wp:featuredmedia":[{"embeddable":true,"href":"https:\/\/merelinn.com\/lt\/wp-json\/wp\/v2\/media\/1847"}],"wp:attachment":[{"href":"https:\/\/merelinn.com\/lt\/wp-json\/wp\/v2\/media?parent=3282"}],"wp:term":[{"taxonomy":"category","embeddable":true,"href":"https:\/\/merelinn.com\/lt\/wp-json\/wp\/v2\/categories?post=3282"},{"taxonomy":"post_tag","embeddable":true,"href":"https:\/\/merelinn.com\/lt\/wp-json\/wp\/v2\/tags?post=3282"}],"curies":[{"name":"wp","href":"https:\/\/api.w.org\/{rel}","templated":true}]}}