{"id":3277,"date":"2025-04-09T12:02:00","date_gmt":"2025-04-09T09:02:00","guid":{"rendered":"https:\/\/merelinn.com\/services\/plastic-boat-repair\/"},"modified":"2025-05-07T10:35:28","modified_gmt":"2025-05-07T07:35:28","slug":"plastikiniu-valciu-ir-korpusu-remontas","status":"publish","type":"page","link":"https:\/\/merelinn.com\/lt\/paslaugos\/plastikiniu-valciu-ir-korpusu-remontas\/","title":{"rendered":"Plastikini\u0173 val\u010di\u0173 ir korpus\u0173 remontas"},"content":{"rendered":"","protected":false},"excerpt":{"rendered":"<p>\u012elenkim\u0173 ir \u012ftr\u016bkim\u0173 taisymas? Nieko baisaus. Visk\u0105 galima i\u0161spr\u0119sti.<\/p>\n","protected":false},"author":1,"featured_media":1857,"parent":3252,"menu_order":0,"comment_status":"closed","ping_status":"closed","template":"","meta":{"_acf_changed":false,"footnotes":""},"categories":[89],"tags":[],"class_list":["post-3277","page","type-page","status-publish","has-post-thumbnail","hentry","category-services-lt"],"acf":{"photo_gallery":{"images":[[]]}},"yoast_head":"<!-- This site is optimized with the Yoast SEO plugin v25.1 - https:\/\/yoast.com\/wordpress\/plugins\/seo\/ -->\n<title>Plastikini\u0173 val\u010di\u0173 ir korpus\u0173 remontas - Merelinn<\/title>\n<meta name=\"robots\" content=\"noindex, follow, max-snippet:-1, max-image-preview:large, max-video-preview:-1\" \/>\n<meta property=\"og:locale\" content=\"lt_LT\" \/>\n<meta property=\"og:type\" content=\"article\" \/>\n<meta property=\"og:title\" content=\"Plastikini\u0173 val\u010di\u0173 ir korpus\u0173 remontas - Merelinn\" \/>\n<meta property=\"og:description\" content=\"\u012elenkim\u0173 ir \u012ftr\u016bkim\u0173 taisymas? Nieko baisaus. Visk\u0105 galima i\u0161spr\u0119sti.\" \/>\n<meta property=\"og:url\" content=\"https:\/\/merelinn.com\/lt\/paslaugos\/plastikiniu-valciu-ir-korpusu-remontas\/\" \/>\n<meta property=\"og:site_name\" content=\"Merelinn\" \/>\n<meta property=\"article:modified_time\" content=\"2025-05-07T07:35:28+00:00\" \/>\n<meta property=\"og:image\" content=\"https:\/\/merelinn.com\/wp-content\/uploads\/2025\/04\/kadet-YmDQ6_GXqQA-unsplash-scaled.jpg\" \/>\n\t<meta property=\"og:image:width\" content=\"1714\" \/>\n\t<meta property=\"og:image:height\" content=\"2560\" \/>\n\t<meta property=\"og:image:type\" content=\"image\/jpeg\" \/>\n<meta name=\"twitter:card\" content=\"summary_large_image\" \/>\n<meta name=\"twitter:label1\" content=\"Est. reading time\" \/>\n\t<meta name=\"twitter:data1\" content=\"1 minut\u0117\" \/>\n<script type=\"application\/ld+json\" class=\"yoast-schema-graph\">{\"@context\":\"https:\/\/schema.org\",\"@graph\":[{\"@type\":\"WebPage\",\"@id\":\"https:\/\/merelinn.com\/lt\/paslaugos\/plastikiniu-valciu-ir-korpusu-remontas\/\",\"url\":\"https:\/\/merelinn.com\/lt\/paslaugos\/plastikiniu-valciu-ir-korpusu-remontas\/\",\"name\":\"Plastikini\u0173 val\u010di\u0173 ir korpus\u0173 remontas - Merelinn\",\"isPartOf\":{\"@id\":\"https:\/\/merelinn.com\/lt\/#website\"},\"primaryImageOfPage\":{\"@id\":\"https:\/\/merelinn.com\/lt\/paslaugos\/plastikiniu-valciu-ir-korpusu-remontas\/#primaryimage\"},\"image\":{\"@id\":\"https:\/\/merelinn.com\/lt\/paslaugos\/plastikiniu-valciu-ir-korpusu-remontas\/#primaryimage\"},\"thumbnailUrl\":\"https:\/\/merelinn.com\/wp-content\/uploads\/2025\/04\/kadet-YmDQ6_GXqQA-unsplash-scaled.jpg\",\"datePublished\":\"2025-04-09T09:02:00+00:00\",\"dateModified\":\"2025-05-07T07:35:28+00:00\",\"breadcrumb\":{\"@id\":\"https:\/\/merelinn.com\/lt\/paslaugos\/plastikiniu-valciu-ir-korpusu-remontas\/#breadcrumb\"},\"inLanguage\":\"lt-LT\",\"potentialAction\":[{\"@type\":\"ReadAction\",\"target\":[\"https:\/\/merelinn.com\/lt\/paslaugos\/plastikiniu-valciu-ir-korpusu-remontas\/\"]}]},{\"@type\":\"ImageObject\",\"inLanguage\":\"lt-LT\",\"@id\":\"https:\/\/merelinn.com\/lt\/paslaugos\/plastikiniu-valciu-ir-korpusu-remontas\/#primaryimage\",\"url\":\"https:\/\/merelinn.com\/wp-content\/uploads\/2025\/04\/kadet-YmDQ6_GXqQA-unsplash-scaled.jpg\",\"contentUrl\":\"https:\/\/merelinn.com\/wp-content\/uploads\/2025\/04\/kadet-YmDQ6_GXqQA-unsplash-scaled.jpg\",\"width\":1714,\"height\":2560},{\"@type\":\"BreadcrumbList\",\"@id\":\"https:\/\/merelinn.com\/lt\/paslaugos\/plastikiniu-valciu-ir-korpusu-remontas\/#breadcrumb\",\"itemListElement\":[{\"@type\":\"ListItem\",\"position\":1,\"name\":\"Pagrindinis puslapis\",\"item\":\"https:\/\/merelinn.com\/lt\/\"},{\"@type\":\"ListItem\",\"position\":2,\"name\":\"Paslaugos\",\"item\":\"https:\/\/merelinn.com\/lt\/paslaugos\/\"},{\"@type\":\"ListItem\",\"position\":3,\"name\":\"Plastikini\u0173 val\u010di\u0173 ir korpus\u0173 remontas\"}]},{\"@type\":\"WebSite\",\"@id\":\"https:\/\/merelinn.com\/lt\/#website\",\"url\":\"https:\/\/merelinn.com\/lt\/\",\"name\":\"Merelinn\",\"description\":\"\",\"potentialAction\":[{\"@type\":\"SearchAction\",\"target\":{\"@type\":\"EntryPoint\",\"urlTemplate\":\"https:\/\/merelinn.com\/lt\/?s={search_term_string}\"},\"query-input\":{\"@type\":\"PropertyValueSpecification\",\"valueRequired\":true,\"valueName\":\"search_term_string\"}}],\"inLanguage\":\"lt-LT\"}]}<\/script>\n<!-- \/ Yoast SEO plugin. -->","yoast_head_json":{"title":"Plastikini\u0173 val\u010di\u0173 ir korpus\u0173 remontas - Merelinn","robots":{"index":"noindex","follow":"follow","max-snippet":"max-snippet:-1","max-image-preview":"max-image-preview:large","max-video-preview":"max-video-preview:-1"},"og_locale":"lt_LT","og_type":"article","og_title":"Plastikini\u0173 val\u010di\u0173 ir korpus\u0173 remontas - Merelinn","og_description":"\u012elenkim\u0173 ir \u012ftr\u016bkim\u0173 taisymas? Nieko baisaus. Visk\u0105 galima i\u0161spr\u0119sti.","og_url":"https:\/\/merelinn.com\/lt\/paslaugos\/plastikiniu-valciu-ir-korpusu-remontas\/","og_site_name":"Merelinn","article_modified_time":"2025-05-07T07:35:28+00:00","og_image":[{"width":1714,"height":2560,"url":"https:\/\/merelinn.com\/wp-content\/uploads\/2025\/04\/kadet-YmDQ6_GXqQA-unsplash-scaled.jpg","type":"image\/jpeg"}],"twitter_card":"summary_large_image","twitter_misc":{"Est. reading time":"1 minut\u0117"},"schema":{"@context":"https:\/\/schema.org","@graph":[{"@type":"WebPage","@id":"https:\/\/merelinn.com\/lt\/paslaugos\/plastikiniu-valciu-ir-korpusu-remontas\/","url":"https:\/\/merelinn.com\/lt\/paslaugos\/plastikiniu-valciu-ir-korpusu-remontas\/","name":"Plastikini\u0173 val\u010di\u0173 ir korpus\u0173 remontas - Merelinn","isPartOf":{"@id":"https:\/\/merelinn.com\/lt\/#website"},"primaryImageOfPage":{"@id":"https:\/\/merelinn.com\/lt\/paslaugos\/plastikiniu-valciu-ir-korpusu-remontas\/#primaryimage"},"image":{"@id":"https:\/\/merelinn.com\/lt\/paslaugos\/plastikiniu-valciu-ir-korpusu-remontas\/#primaryimage"},"thumbnailUrl":"https:\/\/merelinn.com\/wp-content\/uploads\/2025\/04\/kadet-YmDQ6_GXqQA-unsplash-scaled.jpg","datePublished":"2025-04-09T09:02:00+00:00","dateModified":"2025-05-07T07:35:28+00:00","breadcrumb":{"@id":"https:\/\/merelinn.com\/lt\/paslaugos\/plastikiniu-valciu-ir-korpusu-remontas\/#breadcrumb"},"inLanguage":"lt-LT","potentialAction":[{"@type":"ReadAction","target":["https:\/\/merelinn.com\/lt\/paslaugos\/plastikiniu-valciu-ir-korpusu-remontas\/"]}]},{"@type":"ImageObject","inLanguage":"lt-LT","@id":"https:\/\/merelinn.com\/lt\/paslaugos\/plastikiniu-valciu-ir-korpusu-remontas\/#primaryimage","url":"https:\/\/merelinn.com\/wp-content\/uploads\/2025\/04\/kadet-YmDQ6_GXqQA-unsplash-scaled.jpg","contentUrl":"https:\/\/merelinn.com\/wp-content\/uploads\/2025\/04\/kadet-YmDQ6_GXqQA-unsplash-scaled.jpg","width":1714,"height":2560},{"@type":"BreadcrumbList","@id":"https:\/\/merelinn.com\/lt\/paslaugos\/plastikiniu-valciu-ir-korpusu-remontas\/#breadcrumb","itemListElement":[{"@type":"ListItem","position":1,"name":"Pagrindinis puslapis","item":"https:\/\/merelinn.com\/lt\/"},{"@type":"ListItem","position":2,"name":"Paslaugos","item":"https:\/\/merelinn.com\/lt\/paslaugos\/"},{"@type":"ListItem","position":3,"name":"Plastikini\u0173 val\u010di\u0173 ir korpus\u0173 remontas"}]},{"@type":"WebSite","@id":"https:\/\/merelinn.com\/lt\/#website","url":"https:\/\/merelinn.com\/lt\/","name":"Merelinn","description":"","potentialAction":[{"@type":"SearchAction","target":{"@type":"EntryPoint","urlTemplate":"https:\/\/merelinn.com\/lt\/?s={search_term_string}"},"query-input":{"@type":"PropertyValueSpecification","valueRequired":true,"valueName":"search_term_string"}}],"inLanguage":"lt-LT"}]}},"_links":{"self":[{"href":"https:\/\/merelinn.com\/lt\/wp-json\/wp\/v2\/pages\/3277","targetHints":{"allow":["GET"]}}],"collection":[{"href":"https:\/\/merelinn.com\/lt\/wp-json\/wp\/v2\/pages"}],"about":[{"href":"https:\/\/merelinn.com\/lt\/wp-json\/wp\/v2\/types\/page"}],"author":[{"embeddable":true,"href":"https:\/\/merelinn.com\/lt\/wp-json\/wp\/v2\/users\/1"}],"replies":[{"embeddable":true,"href":"https:\/\/merelinn.com\/lt\/wp-json\/wp\/v2\/comments?post=3277"}],"version-history":[{"count":1,"href":"https:\/\/merelinn.com\/lt\/wp-json\/wp\/v2\/pages\/3277\/revisions"}],"predecessor-version":[{"id":4224,"href":"https:\/\/merelinn.com\/lt\/wp-json\/wp\/v2\/pages\/3277\/revisions\/4224"}],"up":[{"embeddable":true,"href":"https:\/\/merelinn.com\/lt\/wp-json\/wp\/v2\/pages\/3252"}],"wp:featuredmedia":[{"embeddable":true,"href":"https:\/\/merelinn.com\/lt\/wp-json\/wp\/v2\/media\/1857"}],"wp:attachment":[{"href":"https:\/\/merelinn.com\/lt\/wp-json\/wp\/v2\/media?parent=3277"}],"wp:term":[{"taxonomy":"category","embeddable":true,"href":"https:\/\/merelinn.com\/lt\/wp-json\/wp\/v2\/categories?post=3277"},{"taxonomy":"post_tag","embeddable":true,"href":"https:\/\/merelinn.com\/lt\/wp-json\/wp\/v2\/tags?post=3277"}],"curies":[{"name":"wp","href":"https:\/\/api.w.org\/{rel}","templated":true}]}}