{"id":3276,"date":"2025-04-09T11:51:52","date_gmt":"2025-04-09T08:51:52","guid":{"rendered":"https:\/\/merelinn.com\/services\/synthetic-cork\/"},"modified":"2025-05-07T10:41:44","modified_gmt":"2025-05-07T07:41:44","slug":"sintetinis-kamstis","status":"publish","type":"page","link":"https:\/\/merelinn.com\/lt\/paslaugos\/sintetinis-kamstis\/","title":{"rendered":"Sintetinis kam\u0161tis"},"content":{"rendered":"","protected":false},"excerpt":{"rendered":"<p>Auk\u0161tos kokyb\u0117s sintetin\u0117s kam\u0161tin\u0117s dangos i\u0161 BMF. I\u0161skirtin\u0117 i\u0161vaizda ir puikios eksploatacin\u0117s savyb\u0117s su Teektrue ir Deckfab sistemomis.<\/p>\n","protected":false},"author":1,"featured_media":2237,"parent":3252,"menu_order":0,"comment_status":"closed","ping_status":"closed","template":"","meta":{"_acf_changed":false,"footnotes":""},"categories":[89],"tags":[],"class_list":["post-3276","page","type-page","status-publish","has-post-thumbnail","hentry","category-services-lt"],"acf":{"photo_gallery":{"images":[[{"id":2992,"title":"synth_cork_2","caption":"","full_image_url":"https:\/\/merelinn.com\/wp-content\/uploads\/2025\/04\/synth_cork_2.jpg","thumbnail_image_url":"https:\/\/merelinn.com\/wp-content\/uploads\/2025\/04\/synth_cork_2-150x150.jpg","large_srcset":"https:\/\/merelinn.com\/wp-content\/uploads\/2025\/04\/synth_cork_2.jpg 567w, https:\/\/merelinn.com\/wp-content\/uploads\/2025\/04\/synth_cork_2-300x195.jpg 300w","medium_srcset":"https:\/\/merelinn.com\/wp-content\/uploads\/2025\/04\/synth_cork_2-300x195.jpg 300w, https:\/\/merelinn.com\/wp-content\/uploads\/2025\/04\/synth_cork_2.jpg 567w","media_details":{"width":567,"height":369,"sizes":{"medium":{"file":"synth_cork_2-300x195.jpg","width":300,"height":195,"mime-type":"image\/jpeg","filesize":13052,"source_url":"https:\/\/merelinn.com\/wp-content\/uploads\/2025\/04\/synth_cork_2-300x195.jpg"},"thumbnail":{"file":"synth_cork_2-150x150.jpg","width":150,"height":150,"mime-type":"image\/jpeg","filesize":5748,"source_url":"https:\/\/merelinn.com\/wp-content\/uploads\/2025\/04\/synth_cork_2-150x150.jpg"},"woocommerce_thumbnail":{"file":"synth_cork_2-300x300.jpg","width":300,"height":300,"mime-type":"image\/jpeg","filesize":17943,"source_url":"https:\/\/merelinn.com\/wp-content\/uploads\/2025\/04\/synth_cork_2-300x300.jpg"},"woocommerce_gallery_thumbnail":{"file":"synth_cork_2-100x100.jpg","width":100,"height":100,"mime-type":"image\/jpeg","filesize":3048,"source_url":"https:\/\/merelinn.com\/wp-content\/uploads\/2025\/04\/synth_cork_2-100x100.jpg"}}},"alt_text":"","url":"","target":""},{"id":2986,"title":"synth_cork_1","caption":"","full_image_url":"https:\/\/merelinn.com\/wp-content\/uploads\/2025\/04\/synth_cork_1.jpg","thumbnail_image_url":"https:\/\/merelinn.com\/wp-content\/uploads\/2025\/04\/synth_cork_1-150x150.jpg","large_srcset":"https:\/\/merelinn.com\/wp-content\/uploads\/2025\/04\/synth_cork_1.jpg 642w, https:\/\/merelinn.com\/wp-content\/uploads\/2025\/04\/synth_cork_1-300x225.jpg 300w, https:\/\/merelinn.com\/wp-content\/uploads\/2025\/04\/synth_cork_1-600x450.jpg 600w","medium_srcset":"https:\/\/merelinn.com\/wp-content\/uploads\/2025\/04\/synth_cork_1-300x225.jpg 300w, https:\/\/merelinn.com\/wp-content\/uploads\/2025\/04\/synth_cork_1-600x450.jpg 600w, https:\/\/merelinn.com\/wp-content\/uploads\/2025\/04\/synth_cork_1.jpg 642w","media_details":{"width":642,"height":482,"sizes":{"medium":{"file":"synth_cork_1-300x225.jpg","width":300,"height":225,"mime-type":"image\/jpeg","filesize":14749,"source_url":"https:\/\/merelinn.com\/wp-content\/uploads\/2025\/04\/synth_cork_1-300x225.jpg"},"thumbnail":{"file":"synth_cork_1-150x150.jpg","width":150,"height":150,"mime-type":"image\/jpeg","filesize":5276,"source_url":"https:\/\/merelinn.com\/wp-content\/uploads\/2025\/04\/synth_cork_1-150x150.jpg"},"woocommerce_thumbnail":{"file":"synth_cork_1-300x300.jpg","width":300,"height":300,"mime-type":"image\/jpeg","filesize":17342,"source_url":"https:\/\/merelinn.com\/wp-content\/uploads\/2025\/04\/synth_cork_1-300x300.jpg"},"woocommerce_single":{"file":"synth_cork_1-600x450.jpg","width":600,"height":450,"mime-type":"image\/jpeg","filesize":50159,"source_url":"https:\/\/merelinn.com\/wp-content\/uploads\/2025\/04\/synth_cork_1-600x450.jpg"},"woocommerce_gallery_thumbnail":{"file":"synth_cork_1-100x100.jpg","width":100,"height":100,"mime-type":"image\/jpeg","filesize":2852,"source_url":"https:\/\/merelinn.com\/wp-content\/uploads\/2025\/04\/synth_cork_1-100x100.jpg"}}},"alt_text":"","url":"","target":""}]]}},"yoast_head":"<!-- This site is optimized with the Yoast SEO plugin v25.1 - https:\/\/yoast.com\/wordpress\/plugins\/seo\/ -->\n<title>Sintetinis kam\u0161tis - Merelinn<\/title>\n<meta name=\"description\" content=\"Auk\u0161tos kokyb\u0117s sintetin\u0117s kam\u0161tin\u0117s dangos i\u0161 BMF. I\u0161skirtin\u0117 i\u0161vaizda ir puikios eksploatacin\u0117s savyb\u0117s su Teektrue ir Deckfab sistemomis.\" \/>\n<meta name=\"robots\" content=\"noindex, follow, max-snippet:-1, max-image-preview:large, max-video-preview:-1\" \/>\n<meta property=\"og:locale\" content=\"lt_LT\" \/>\n<meta property=\"og:type\" content=\"article\" \/>\n<meta property=\"og:title\" content=\"Sintetinis kam\u0161tis - Merelinn\" \/>\n<meta property=\"og:description\" content=\"Auk\u0161tos kokyb\u0117s sintetin\u0117s kam\u0161tin\u0117s dangos i\u0161 BMF. I\u0161skirtin\u0117 i\u0161vaizda ir puikios eksploatacin\u0117s savyb\u0117s su Teektrue ir Deckfab sistemomis.\" \/>\n<meta property=\"og:url\" content=\"https:\/\/merelinn.com\/lt\/paslaugos\/sintetinis-kamstis\/\" \/>\n<meta property=\"og:site_name\" content=\"Merelinn\" \/>\n<meta property=\"article:modified_time\" content=\"2025-05-07T07:41:44+00:00\" \/>\n<meta property=\"og:image\" content=\"https:\/\/merelinn.com\/wp-content\/uploads\/2025\/04\/Synthetic-cork.webp\" \/>\n\t<meta property=\"og:image:width\" content=\"750\" \/>\n\t<meta property=\"og:image:height\" content=\"563\" \/>\n\t<meta property=\"og:image:type\" content=\"image\/webp\" \/>\n<meta name=\"twitter:card\" content=\"summary_large_image\" \/>\n<meta name=\"twitter:label1\" content=\"Est. reading time\" \/>\n\t<meta name=\"twitter:data1\" content=\"1 minut\u0117\" \/>\n<script type=\"application\/ld+json\" class=\"yoast-schema-graph\">{\"@context\":\"https:\/\/schema.org\",\"@graph\":[{\"@type\":\"WebPage\",\"@id\":\"https:\/\/merelinn.com\/lt\/paslaugos\/sintetinis-kamstis\/\",\"url\":\"https:\/\/merelinn.com\/lt\/paslaugos\/sintetinis-kamstis\/\",\"name\":\"Sintetinis kam\u0161tis - Merelinn\",\"isPartOf\":{\"@id\":\"https:\/\/merelinn.com\/lt\/#website\"},\"primaryImageOfPage\":{\"@id\":\"https:\/\/merelinn.com\/lt\/paslaugos\/sintetinis-kamstis\/#primaryimage\"},\"image\":{\"@id\":\"https:\/\/merelinn.com\/lt\/paslaugos\/sintetinis-kamstis\/#primaryimage\"},\"thumbnailUrl\":\"https:\/\/merelinn.com\/wp-content\/uploads\/2025\/04\/Synthetic-cork.webp\",\"datePublished\":\"2025-04-09T08:51:52+00:00\",\"dateModified\":\"2025-05-07T07:41:44+00:00\",\"description\":\"Auk\u0161tos kokyb\u0117s sintetin\u0117s kam\u0161tin\u0117s dangos i\u0161 BMF. I\u0161skirtin\u0117 i\u0161vaizda ir puikios eksploatacin\u0117s savyb\u0117s su Teektrue ir Deckfab sistemomis.\",\"breadcrumb\":{\"@id\":\"https:\/\/merelinn.com\/lt\/paslaugos\/sintetinis-kamstis\/#breadcrumb\"},\"inLanguage\":\"lt-LT\",\"potentialAction\":[{\"@type\":\"ReadAction\",\"target\":[\"https:\/\/merelinn.com\/lt\/paslaugos\/sintetinis-kamstis\/\"]}]},{\"@type\":\"ImageObject\",\"inLanguage\":\"lt-LT\",\"@id\":\"https:\/\/merelinn.com\/lt\/paslaugos\/sintetinis-kamstis\/#primaryimage\",\"url\":\"https:\/\/merelinn.com\/wp-content\/uploads\/2025\/04\/Synthetic-cork.webp\",\"contentUrl\":\"https:\/\/merelinn.com\/wp-content\/uploads\/2025\/04\/Synthetic-cork.webp\",\"width\":750,\"height\":563},{\"@type\":\"BreadcrumbList\",\"@id\":\"https:\/\/merelinn.com\/lt\/paslaugos\/sintetinis-kamstis\/#breadcrumb\",\"itemListElement\":[{\"@type\":\"ListItem\",\"position\":1,\"name\":\"Pagrindinis puslapis\",\"item\":\"https:\/\/merelinn.com\/lt\/\"},{\"@type\":\"ListItem\",\"position\":2,\"name\":\"Paslaugos\",\"item\":\"https:\/\/merelinn.com\/lt\/paslaugos\/\"},{\"@type\":\"ListItem\",\"position\":3,\"name\":\"Sintetinis kam\u0161tis\"}]},{\"@type\":\"WebSite\",\"@id\":\"https:\/\/merelinn.com\/lt\/#website\",\"url\":\"https:\/\/merelinn.com\/lt\/\",\"name\":\"Merelinn\",\"description\":\"\",\"potentialAction\":[{\"@type\":\"SearchAction\",\"target\":{\"@type\":\"EntryPoint\",\"urlTemplate\":\"https:\/\/merelinn.com\/lt\/?s={search_term_string}\"},\"query-input\":{\"@type\":\"PropertyValueSpecification\",\"valueRequired\":true,\"valueName\":\"search_term_string\"}}],\"inLanguage\":\"lt-LT\"}]}<\/script>\n<!-- \/ Yoast SEO plugin. -->","yoast_head_json":{"title":"Sintetinis kam\u0161tis - Merelinn","description":"Auk\u0161tos kokyb\u0117s sintetin\u0117s kam\u0161tin\u0117s dangos i\u0161 BMF. I\u0161skirtin\u0117 i\u0161vaizda ir puikios eksploatacin\u0117s savyb\u0117s su Teektrue ir Deckfab sistemomis.","robots":{"index":"noindex","follow":"follow","max-snippet":"max-snippet:-1","max-image-preview":"max-image-preview:large","max-video-preview":"max-video-preview:-1"},"og_locale":"lt_LT","og_type":"article","og_title":"Sintetinis kam\u0161tis - Merelinn","og_description":"Auk\u0161tos kokyb\u0117s sintetin\u0117s kam\u0161tin\u0117s dangos i\u0161 BMF. I\u0161skirtin\u0117 i\u0161vaizda ir puikios eksploatacin\u0117s savyb\u0117s su Teektrue ir Deckfab sistemomis.","og_url":"https:\/\/merelinn.com\/lt\/paslaugos\/sintetinis-kamstis\/","og_site_name":"Merelinn","article_modified_time":"2025-05-07T07:41:44+00:00","og_image":[{"width":750,"height":563,"url":"https:\/\/merelinn.com\/wp-content\/uploads\/2025\/04\/Synthetic-cork.webp","type":"image\/webp"}],"twitter_card":"summary_large_image","twitter_misc":{"Est. reading time":"1 minut\u0117"},"schema":{"@context":"https:\/\/schema.org","@graph":[{"@type":"WebPage","@id":"https:\/\/merelinn.com\/lt\/paslaugos\/sintetinis-kamstis\/","url":"https:\/\/merelinn.com\/lt\/paslaugos\/sintetinis-kamstis\/","name":"Sintetinis kam\u0161tis - Merelinn","isPartOf":{"@id":"https:\/\/merelinn.com\/lt\/#website"},"primaryImageOfPage":{"@id":"https:\/\/merelinn.com\/lt\/paslaugos\/sintetinis-kamstis\/#primaryimage"},"image":{"@id":"https:\/\/merelinn.com\/lt\/paslaugos\/sintetinis-kamstis\/#primaryimage"},"thumbnailUrl":"https:\/\/merelinn.com\/wp-content\/uploads\/2025\/04\/Synthetic-cork.webp","datePublished":"2025-04-09T08:51:52+00:00","dateModified":"2025-05-07T07:41:44+00:00","description":"Auk\u0161tos kokyb\u0117s sintetin\u0117s kam\u0161tin\u0117s dangos i\u0161 BMF. I\u0161skirtin\u0117 i\u0161vaizda ir puikios eksploatacin\u0117s savyb\u0117s su Teektrue ir Deckfab sistemomis.","breadcrumb":{"@id":"https:\/\/merelinn.com\/lt\/paslaugos\/sintetinis-kamstis\/#breadcrumb"},"inLanguage":"lt-LT","potentialAction":[{"@type":"ReadAction","target":["https:\/\/merelinn.com\/lt\/paslaugos\/sintetinis-kamstis\/"]}]},{"@type":"ImageObject","inLanguage":"lt-LT","@id":"https:\/\/merelinn.com\/lt\/paslaugos\/sintetinis-kamstis\/#primaryimage","url":"https:\/\/merelinn.com\/wp-content\/uploads\/2025\/04\/Synthetic-cork.webp","contentUrl":"https:\/\/merelinn.com\/wp-content\/uploads\/2025\/04\/Synthetic-cork.webp","width":750,"height":563},{"@type":"BreadcrumbList","@id":"https:\/\/merelinn.com\/lt\/paslaugos\/sintetinis-kamstis\/#breadcrumb","itemListElement":[{"@type":"ListItem","position":1,"name":"Pagrindinis puslapis","item":"https:\/\/merelinn.com\/lt\/"},{"@type":"ListItem","position":2,"name":"Paslaugos","item":"https:\/\/merelinn.com\/lt\/paslaugos\/"},{"@type":"ListItem","position":3,"name":"Sintetinis kam\u0161tis"}]},{"@type":"WebSite","@id":"https:\/\/merelinn.com\/lt\/#website","url":"https:\/\/merelinn.com\/lt\/","name":"Merelinn","description":"","potentialAction":[{"@type":"SearchAction","target":{"@type":"EntryPoint","urlTemplate":"https:\/\/merelinn.com\/lt\/?s={search_term_string}"},"query-input":{"@type":"PropertyValueSpecification","valueRequired":true,"valueName":"search_term_string"}}],"inLanguage":"lt-LT"}]}},"_links":{"self":[{"href":"https:\/\/merelinn.com\/lt\/wp-json\/wp\/v2\/pages\/3276","targetHints":{"allow":["GET"]}}],"collection":[{"href":"https:\/\/merelinn.com\/lt\/wp-json\/wp\/v2\/pages"}],"about":[{"href":"https:\/\/merelinn.com\/lt\/wp-json\/wp\/v2\/types\/page"}],"author":[{"embeddable":true,"href":"https:\/\/merelinn.com\/lt\/wp-json\/wp\/v2\/users\/1"}],"replies":[{"embeddable":true,"href":"https:\/\/merelinn.com\/lt\/wp-json\/wp\/v2\/comments?post=3276"}],"version-history":[{"count":1,"href":"https:\/\/merelinn.com\/lt\/wp-json\/wp\/v2\/pages\/3276\/revisions"}],"predecessor-version":[{"id":4227,"href":"https:\/\/merelinn.com\/lt\/wp-json\/wp\/v2\/pages\/3276\/revisions\/4227"}],"up":[{"embeddable":true,"href":"https:\/\/merelinn.com\/lt\/wp-json\/wp\/v2\/pages\/3252"}],"wp:featuredmedia":[{"embeddable":true,"href":"https:\/\/merelinn.com\/lt\/wp-json\/wp\/v2\/media\/2237"}],"wp:attachment":[{"href":"https:\/\/merelinn.com\/lt\/wp-json\/wp\/v2\/media?parent=3276"}],"wp:term":[{"taxonomy":"category","embeddable":true,"href":"https:\/\/merelinn.com\/lt\/wp-json\/wp\/v2\/categories?post=3276"},{"taxonomy":"post_tag","embeddable":true,"href":"https:\/\/merelinn.com\/lt\/wp-json\/wp\/v2\/tags?post=3276"}],"curies":[{"name":"wp","href":"https:\/\/api.w.org\/{rel}","templated":true}]}}