{"id":3275,"date":"2025-04-09T16:48:40","date_gmt":"2025-04-09T13:48:40","guid":{"rendered":"https:\/\/merelinn.com\/services\/stainless-steel-work\/"},"modified":"2025-04-25T12:04:50","modified_gmt":"2025-04-25T09:04:50","slug":"nerudijancio-plieno-darbai","status":"publish","type":"page","link":"https:\/\/merelinn.com\/lt\/paslaugos\/nerudijancio-plieno-darbai\/","title":{"rendered":"Ner\u016bdijan\u010dio plieno darbai"},"content":{"rendered":"","protected":false},"excerpt":{"rendered":"<p>Reikia tur\u0117kl\u0173, platformos ar galb\u016bt unikalaus sprendimo laivo viduje ar i\u0161or\u0117je? Mes galime tai pagaminti Jums.<\/p>\n","protected":false},"author":1,"featured_media":2095,"parent":3252,"menu_order":0,"comment_status":"closed","ping_status":"closed","template":"","meta":{"_acf_changed":false,"footnotes":""},"categories":[89],"tags":[],"class_list":["post-3275","page","type-page","status-publish","has-post-thumbnail","hentry","category-services-lt"],"acf":{"photo_gallery":{"images":[[]]}},"yoast_head":"<!-- This site is optimized with the Yoast SEO plugin v25.1 - https:\/\/yoast.com\/wordpress\/plugins\/seo\/ -->\n<title>Ner\u016bdijan\u010dio plieno darbai - Merelinn<\/title>\n<meta name=\"robots\" content=\"noindex, follow, max-snippet:-1, max-image-preview:large, max-video-preview:-1\" \/>\n<meta property=\"og:locale\" content=\"lt_LT\" \/>\n<meta property=\"og:type\" content=\"article\" \/>\n<meta property=\"og:title\" content=\"Ner\u016bdijan\u010dio plieno darbai - Merelinn\" \/>\n<meta property=\"og:description\" content=\"Reikia tur\u0117kl\u0173, platformos ar galb\u016bt unikalaus sprendimo laivo viduje ar i\u0161or\u0117je? Mes galime tai pagaminti Jums.\" \/>\n<meta property=\"og:url\" content=\"https:\/\/merelinn.com\/lt\/paslaugos\/nerudijancio-plieno-darbai\/\" \/>\n<meta property=\"og:site_name\" content=\"Merelinn\" \/>\n<meta property=\"article:modified_time\" content=\"2025-04-25T09:04:50+00:00\" \/>\n<meta property=\"og:image\" content=\"https:\/\/merelinn.com\/wp-content\/uploads\/2025\/04\/markus-spiske-MrDfuenOS9s-unsplash-scaled.jpg\" \/>\n\t<meta property=\"og:image:width\" content=\"1707\" \/>\n\t<meta property=\"og:image:height\" content=\"2560\" \/>\n\t<meta property=\"og:image:type\" content=\"image\/jpeg\" \/>\n<meta name=\"twitter:card\" content=\"summary_large_image\" \/>\n<meta name=\"twitter:label1\" content=\"Est. reading time\" \/>\n\t<meta name=\"twitter:data1\" content=\"1 minut\u0117\" \/>\n<script type=\"application\/ld+json\" class=\"yoast-schema-graph\">{\"@context\":\"https:\/\/schema.org\",\"@graph\":[{\"@type\":\"WebPage\",\"@id\":\"https:\/\/merelinn.com\/lt\/paslaugos\/nerudijancio-plieno-darbai\/\",\"url\":\"https:\/\/merelinn.com\/lt\/paslaugos\/nerudijancio-plieno-darbai\/\",\"name\":\"Ner\u016bdijan\u010dio plieno darbai - Merelinn\",\"isPartOf\":{\"@id\":\"https:\/\/merelinn.com\/lt\/#website\"},\"primaryImageOfPage\":{\"@id\":\"https:\/\/merelinn.com\/lt\/paslaugos\/nerudijancio-plieno-darbai\/#primaryimage\"},\"image\":{\"@id\":\"https:\/\/merelinn.com\/lt\/paslaugos\/nerudijancio-plieno-darbai\/#primaryimage\"},\"thumbnailUrl\":\"https:\/\/merelinn.com\/wp-content\/uploads\/2025\/04\/markus-spiske-MrDfuenOS9s-unsplash-scaled.jpg\",\"datePublished\":\"2025-04-09T13:48:40+00:00\",\"dateModified\":\"2025-04-25T09:04:50+00:00\",\"breadcrumb\":{\"@id\":\"https:\/\/merelinn.com\/lt\/paslaugos\/nerudijancio-plieno-darbai\/#breadcrumb\"},\"inLanguage\":\"lt-LT\",\"potentialAction\":[{\"@type\":\"ReadAction\",\"target\":[\"https:\/\/merelinn.com\/lt\/paslaugos\/nerudijancio-plieno-darbai\/\"]}]},{\"@type\":\"ImageObject\",\"inLanguage\":\"lt-LT\",\"@id\":\"https:\/\/merelinn.com\/lt\/paslaugos\/nerudijancio-plieno-darbai\/#primaryimage\",\"url\":\"https:\/\/merelinn.com\/wp-content\/uploads\/2025\/04\/markus-spiske-MrDfuenOS9s-unsplash-scaled.jpg\",\"contentUrl\":\"https:\/\/merelinn.com\/wp-content\/uploads\/2025\/04\/markus-spiske-MrDfuenOS9s-unsplash-scaled.jpg\",\"width\":1707,\"height\":2560},{\"@type\":\"BreadcrumbList\",\"@id\":\"https:\/\/merelinn.com\/lt\/paslaugos\/nerudijancio-plieno-darbai\/#breadcrumb\",\"itemListElement\":[{\"@type\":\"ListItem\",\"position\":1,\"name\":\"Pagrindinis puslapis\",\"item\":\"https:\/\/merelinn.com\/lt\/\"},{\"@type\":\"ListItem\",\"position\":2,\"name\":\"Paslaugos\",\"item\":\"https:\/\/merelinn.com\/lt\/paslaugos\/\"},{\"@type\":\"ListItem\",\"position\":3,\"name\":\"Ner\u016bdijan\u010dio plieno darbai\"}]},{\"@type\":\"WebSite\",\"@id\":\"https:\/\/merelinn.com\/lt\/#website\",\"url\":\"https:\/\/merelinn.com\/lt\/\",\"name\":\"Merelinn\",\"description\":\"\",\"potentialAction\":[{\"@type\":\"SearchAction\",\"target\":{\"@type\":\"EntryPoint\",\"urlTemplate\":\"https:\/\/merelinn.com\/lt\/?s={search_term_string}\"},\"query-input\":{\"@type\":\"PropertyValueSpecification\",\"valueRequired\":true,\"valueName\":\"search_term_string\"}}],\"inLanguage\":\"lt-LT\"}]}<\/script>\n<!-- \/ Yoast SEO plugin. -->","yoast_head_json":{"title":"Ner\u016bdijan\u010dio plieno darbai - Merelinn","robots":{"index":"noindex","follow":"follow","max-snippet":"max-snippet:-1","max-image-preview":"max-image-preview:large","max-video-preview":"max-video-preview:-1"},"og_locale":"lt_LT","og_type":"article","og_title":"Ner\u016bdijan\u010dio plieno darbai - Merelinn","og_description":"Reikia tur\u0117kl\u0173, platformos ar galb\u016bt unikalaus sprendimo laivo viduje ar i\u0161or\u0117je? Mes galime tai pagaminti Jums.","og_url":"https:\/\/merelinn.com\/lt\/paslaugos\/nerudijancio-plieno-darbai\/","og_site_name":"Merelinn","article_modified_time":"2025-04-25T09:04:50+00:00","og_image":[{"width":1707,"height":2560,"url":"https:\/\/merelinn.com\/wp-content\/uploads\/2025\/04\/markus-spiske-MrDfuenOS9s-unsplash-scaled.jpg","type":"image\/jpeg"}],"twitter_card":"summary_large_image","twitter_misc":{"Est. reading time":"1 minut\u0117"},"schema":{"@context":"https:\/\/schema.org","@graph":[{"@type":"WebPage","@id":"https:\/\/merelinn.com\/lt\/paslaugos\/nerudijancio-plieno-darbai\/","url":"https:\/\/merelinn.com\/lt\/paslaugos\/nerudijancio-plieno-darbai\/","name":"Ner\u016bdijan\u010dio plieno darbai - Merelinn","isPartOf":{"@id":"https:\/\/merelinn.com\/lt\/#website"},"primaryImageOfPage":{"@id":"https:\/\/merelinn.com\/lt\/paslaugos\/nerudijancio-plieno-darbai\/#primaryimage"},"image":{"@id":"https:\/\/merelinn.com\/lt\/paslaugos\/nerudijancio-plieno-darbai\/#primaryimage"},"thumbnailUrl":"https:\/\/merelinn.com\/wp-content\/uploads\/2025\/04\/markus-spiske-MrDfuenOS9s-unsplash-scaled.jpg","datePublished":"2025-04-09T13:48:40+00:00","dateModified":"2025-04-25T09:04:50+00:00","breadcrumb":{"@id":"https:\/\/merelinn.com\/lt\/paslaugos\/nerudijancio-plieno-darbai\/#breadcrumb"},"inLanguage":"lt-LT","potentialAction":[{"@type":"ReadAction","target":["https:\/\/merelinn.com\/lt\/paslaugos\/nerudijancio-plieno-darbai\/"]}]},{"@type":"ImageObject","inLanguage":"lt-LT","@id":"https:\/\/merelinn.com\/lt\/paslaugos\/nerudijancio-plieno-darbai\/#primaryimage","url":"https:\/\/merelinn.com\/wp-content\/uploads\/2025\/04\/markus-spiske-MrDfuenOS9s-unsplash-scaled.jpg","contentUrl":"https:\/\/merelinn.com\/wp-content\/uploads\/2025\/04\/markus-spiske-MrDfuenOS9s-unsplash-scaled.jpg","width":1707,"height":2560},{"@type":"BreadcrumbList","@id":"https:\/\/merelinn.com\/lt\/paslaugos\/nerudijancio-plieno-darbai\/#breadcrumb","itemListElement":[{"@type":"ListItem","position":1,"name":"Pagrindinis puslapis","item":"https:\/\/merelinn.com\/lt\/"},{"@type":"ListItem","position":2,"name":"Paslaugos","item":"https:\/\/merelinn.com\/lt\/paslaugos\/"},{"@type":"ListItem","position":3,"name":"Ner\u016bdijan\u010dio plieno darbai"}]},{"@type":"WebSite","@id":"https:\/\/merelinn.com\/lt\/#website","url":"https:\/\/merelinn.com\/lt\/","name":"Merelinn","description":"","potentialAction":[{"@type":"SearchAction","target":{"@type":"EntryPoint","urlTemplate":"https:\/\/merelinn.com\/lt\/?s={search_term_string}"},"query-input":{"@type":"PropertyValueSpecification","valueRequired":true,"valueName":"search_term_string"}}],"inLanguage":"lt-LT"}]}},"_links":{"self":[{"href":"https:\/\/merelinn.com\/lt\/wp-json\/wp\/v2\/pages\/3275","targetHints":{"allow":["GET"]}}],"collection":[{"href":"https:\/\/merelinn.com\/lt\/wp-json\/wp\/v2\/pages"}],"about":[{"href":"https:\/\/merelinn.com\/lt\/wp-json\/wp\/v2\/types\/page"}],"author":[{"embeddable":true,"href":"https:\/\/merelinn.com\/lt\/wp-json\/wp\/v2\/users\/1"}],"replies":[{"embeddable":true,"href":"https:\/\/merelinn.com\/lt\/wp-json\/wp\/v2\/comments?post=3275"}],"version-history":[{"count":1,"href":"https:\/\/merelinn.com\/lt\/wp-json\/wp\/v2\/pages\/3275\/revisions"}],"predecessor-version":[{"id":4225,"href":"https:\/\/merelinn.com\/lt\/wp-json\/wp\/v2\/pages\/3275\/revisions\/4225"}],"up":[{"embeddable":true,"href":"https:\/\/merelinn.com\/lt\/wp-json\/wp\/v2\/pages\/3252"}],"wp:featuredmedia":[{"embeddable":true,"href":"https:\/\/merelinn.com\/lt\/wp-json\/wp\/v2\/media\/2095"}],"wp:attachment":[{"href":"https:\/\/merelinn.com\/lt\/wp-json\/wp\/v2\/media?parent=3275"}],"wp:term":[{"taxonomy":"category","embeddable":true,"href":"https:\/\/merelinn.com\/lt\/wp-json\/wp\/v2\/categories?post=3275"},{"taxonomy":"post_tag","embeddable":true,"href":"https:\/\/merelinn.com\/lt\/wp-json\/wp\/v2\/tags?post=3275"}],"curies":[{"name":"wp","href":"https:\/\/api.w.org\/{rel}","templated":true}]}}