{"id":3145,"date":"2025-04-09T14:01:58","date_gmt":"2025-04-09T11:01:58","guid":{"rendered":"https:\/\/merelinn.com\/brands\/bmf\/"},"modified":"2025-04-25T17:40:12","modified_gmt":"2025-04-25T14:40:12","slug":"bmf","status":"publish","type":"page","link":"https:\/\/merelinn.com\/lt\/prekes-zenklai\/bmf\/","title":{"rendered":"Beautiful Marine Floors"},"content":{"rendered":"","protected":false},"excerpt":{"rendered":"<p>Brit\u0173 prek\u0117s \u017eenklas, besispecializuojantis prabangi\u0173 dang\u0173 tiekime jachtoms ir kateriams.<\/p>\n","protected":false},"author":1,"featured_media":2844,"parent":3140,"menu_order":0,"comment_status":"closed","ping_status":"closed","template":"","meta":{"_acf_changed":false,"footnotes":""},"categories":[84,78],"tags":[],"class_list":["post-3145","page","type-page","status-publish","has-post-thumbnail","hentry","category-bmf-main-lt","category-brands-lt"],"acf":{"photo_gallery":{"brand_gallery":[[]]}},"yoast_head":"<!-- This site is optimized with the Yoast SEO plugin v25.1 - https:\/\/yoast.com\/wordpress\/plugins\/seo\/ -->\n<title>Beautiful Marine Floors - Merelinn<\/title>\n<meta name=\"description\" content=\"Brit\u0173 prek\u0117s \u017eenklas, besispecializuojantis prabangi\u0173 dang\u0173 tiekime jachtoms ir kateriams.\" \/>\n<meta name=\"robots\" content=\"noindex, follow, max-snippet:-1, max-image-preview:large, max-video-preview:-1\" \/>\n<meta property=\"og:locale\" content=\"lt_LT\" \/>\n<meta property=\"og:type\" content=\"article\" \/>\n<meta property=\"og:title\" content=\"Beautiful Marine Floors - Merelinn\" \/>\n<meta property=\"og:description\" content=\"Brit\u0173 prek\u0117s \u017eenklas, besispecializuojantis prabangi\u0173 dang\u0173 tiekime jachtoms ir kateriams.\" \/>\n<meta property=\"og:url\" content=\"https:\/\/merelinn.com\/lt\/prekes-zenklai\/bmf\/\" \/>\n<meta property=\"og:site_name\" content=\"Merelinn\" \/>\n<meta property=\"article:modified_time\" content=\"2025-04-25T14:40:12+00:00\" \/>\n<meta property=\"og:image\" content=\"https:\/\/merelinn.com\/wp-content\/uploads\/2025\/04\/bmf.png\" \/>\n\t<meta property=\"og:image:width\" content=\"1024\" \/>\n\t<meta property=\"og:image:height\" content=\"1024\" \/>\n\t<meta property=\"og:image:type\" content=\"image\/png\" \/>\n<meta name=\"twitter:card\" content=\"summary_large_image\" \/>\n<meta name=\"twitter:label1\" content=\"Est. reading time\" \/>\n\t<meta name=\"twitter:data1\" content=\"1 minut\u0117\" \/>\n<script type=\"application\/ld+json\" class=\"yoast-schema-graph\">{\"@context\":\"https:\/\/schema.org\",\"@graph\":[{\"@type\":\"WebPage\",\"@id\":\"https:\/\/merelinn.com\/lt\/prekes-zenklai\/bmf\/\",\"url\":\"https:\/\/merelinn.com\/lt\/prekes-zenklai\/bmf\/\",\"name\":\"Beautiful Marine Floors - Merelinn\",\"isPartOf\":{\"@id\":\"https:\/\/merelinn.com\/lt\/#website\"},\"primaryImageOfPage\":{\"@id\":\"https:\/\/merelinn.com\/lt\/prekes-zenklai\/bmf\/#primaryimage\"},\"image\":{\"@id\":\"https:\/\/merelinn.com\/lt\/prekes-zenklai\/bmf\/#primaryimage\"},\"thumbnailUrl\":\"https:\/\/merelinn.com\/wp-content\/uploads\/2025\/04\/bmf.png\",\"datePublished\":\"2025-04-09T11:01:58+00:00\",\"dateModified\":\"2025-04-25T14:40:12+00:00\",\"description\":\"Brit\u0173 prek\u0117s \u017eenklas, besispecializuojantis prabangi\u0173 dang\u0173 tiekime jachtoms ir kateriams.\",\"breadcrumb\":{\"@id\":\"https:\/\/merelinn.com\/lt\/prekes-zenklai\/bmf\/#breadcrumb\"},\"inLanguage\":\"lt-LT\",\"potentialAction\":[{\"@type\":\"ReadAction\",\"target\":[\"https:\/\/merelinn.com\/lt\/prekes-zenklai\/bmf\/\"]}]},{\"@type\":\"ImageObject\",\"inLanguage\":\"lt-LT\",\"@id\":\"https:\/\/merelinn.com\/lt\/prekes-zenklai\/bmf\/#primaryimage\",\"url\":\"https:\/\/merelinn.com\/wp-content\/uploads\/2025\/04\/bmf.png\",\"contentUrl\":\"https:\/\/merelinn.com\/wp-content\/uploads\/2025\/04\/bmf.png\",\"width\":1024,\"height\":1024},{\"@type\":\"BreadcrumbList\",\"@id\":\"https:\/\/merelinn.com\/lt\/prekes-zenklai\/bmf\/#breadcrumb\",\"itemListElement\":[{\"@type\":\"ListItem\",\"position\":1,\"name\":\"Pagrindinis puslapis\",\"item\":\"https:\/\/merelinn.com\/lt\/\"},{\"@type\":\"ListItem\",\"position\":2,\"name\":\"Prek\u0117s \u017eenklai\",\"item\":\"https:\/\/merelinn.com\/lt\/prekes-zenklai\/\"},{\"@type\":\"ListItem\",\"position\":3,\"name\":\"Beautiful Marine Floors\"}]},{\"@type\":\"WebSite\",\"@id\":\"https:\/\/merelinn.com\/lt\/#website\",\"url\":\"https:\/\/merelinn.com\/lt\/\",\"name\":\"Merelinn\",\"description\":\"\",\"potentialAction\":[{\"@type\":\"SearchAction\",\"target\":{\"@type\":\"EntryPoint\",\"urlTemplate\":\"https:\/\/merelinn.com\/lt\/?s={search_term_string}\"},\"query-input\":{\"@type\":\"PropertyValueSpecification\",\"valueRequired\":true,\"valueName\":\"search_term_string\"}}],\"inLanguage\":\"lt-LT\"}]}<\/script>\n<!-- \/ Yoast SEO plugin. -->","yoast_head_json":{"title":"Beautiful Marine Floors - Merelinn","description":"Brit\u0173 prek\u0117s \u017eenklas, besispecializuojantis prabangi\u0173 dang\u0173 tiekime jachtoms ir kateriams.","robots":{"index":"noindex","follow":"follow","max-snippet":"max-snippet:-1","max-image-preview":"max-image-preview:large","max-video-preview":"max-video-preview:-1"},"og_locale":"lt_LT","og_type":"article","og_title":"Beautiful Marine Floors - Merelinn","og_description":"Brit\u0173 prek\u0117s \u017eenklas, besispecializuojantis prabangi\u0173 dang\u0173 tiekime jachtoms ir kateriams.","og_url":"https:\/\/merelinn.com\/lt\/prekes-zenklai\/bmf\/","og_site_name":"Merelinn","article_modified_time":"2025-04-25T14:40:12+00:00","og_image":[{"width":1024,"height":1024,"url":"https:\/\/merelinn.com\/wp-content\/uploads\/2025\/04\/bmf.png","type":"image\/png"}],"twitter_card":"summary_large_image","twitter_misc":{"Est. reading time":"1 minut\u0117"},"schema":{"@context":"https:\/\/schema.org","@graph":[{"@type":"WebPage","@id":"https:\/\/merelinn.com\/lt\/prekes-zenklai\/bmf\/","url":"https:\/\/merelinn.com\/lt\/prekes-zenklai\/bmf\/","name":"Beautiful Marine Floors - Merelinn","isPartOf":{"@id":"https:\/\/merelinn.com\/lt\/#website"},"primaryImageOfPage":{"@id":"https:\/\/merelinn.com\/lt\/prekes-zenklai\/bmf\/#primaryimage"},"image":{"@id":"https:\/\/merelinn.com\/lt\/prekes-zenklai\/bmf\/#primaryimage"},"thumbnailUrl":"https:\/\/merelinn.com\/wp-content\/uploads\/2025\/04\/bmf.png","datePublished":"2025-04-09T11:01:58+00:00","dateModified":"2025-04-25T14:40:12+00:00","description":"Brit\u0173 prek\u0117s \u017eenklas, besispecializuojantis prabangi\u0173 dang\u0173 tiekime jachtoms ir kateriams.","breadcrumb":{"@id":"https:\/\/merelinn.com\/lt\/prekes-zenklai\/bmf\/#breadcrumb"},"inLanguage":"lt-LT","potentialAction":[{"@type":"ReadAction","target":["https:\/\/merelinn.com\/lt\/prekes-zenklai\/bmf\/"]}]},{"@type":"ImageObject","inLanguage":"lt-LT","@id":"https:\/\/merelinn.com\/lt\/prekes-zenklai\/bmf\/#primaryimage","url":"https:\/\/merelinn.com\/wp-content\/uploads\/2025\/04\/bmf.png","contentUrl":"https:\/\/merelinn.com\/wp-content\/uploads\/2025\/04\/bmf.png","width":1024,"height":1024},{"@type":"BreadcrumbList","@id":"https:\/\/merelinn.com\/lt\/prekes-zenklai\/bmf\/#breadcrumb","itemListElement":[{"@type":"ListItem","position":1,"name":"Pagrindinis puslapis","item":"https:\/\/merelinn.com\/lt\/"},{"@type":"ListItem","position":2,"name":"Prek\u0117s \u017eenklai","item":"https:\/\/merelinn.com\/lt\/prekes-zenklai\/"},{"@type":"ListItem","position":3,"name":"Beautiful Marine Floors"}]},{"@type":"WebSite","@id":"https:\/\/merelinn.com\/lt\/#website","url":"https:\/\/merelinn.com\/lt\/","name":"Merelinn","description":"","potentialAction":[{"@type":"SearchAction","target":{"@type":"EntryPoint","urlTemplate":"https:\/\/merelinn.com\/lt\/?s={search_term_string}"},"query-input":{"@type":"PropertyValueSpecification","valueRequired":true,"valueName":"search_term_string"}}],"inLanguage":"lt-LT"}]}},"_links":{"self":[{"href":"https:\/\/merelinn.com\/lt\/wp-json\/wp\/v2\/pages\/3145","targetHints":{"allow":["GET"]}}],"collection":[{"href":"https:\/\/merelinn.com\/lt\/wp-json\/wp\/v2\/pages"}],"about":[{"href":"https:\/\/merelinn.com\/lt\/wp-json\/wp\/v2\/types\/page"}],"author":[{"embeddable":true,"href":"https:\/\/merelinn.com\/lt\/wp-json\/wp\/v2\/users\/1"}],"replies":[{"embeddable":true,"href":"https:\/\/merelinn.com\/lt\/wp-json\/wp\/v2\/comments?post=3145"}],"version-history":[{"count":3,"href":"https:\/\/merelinn.com\/lt\/wp-json\/wp\/v2\/pages\/3145\/revisions"}],"predecessor-version":[{"id":4410,"href":"https:\/\/merelinn.com\/lt\/wp-json\/wp\/v2\/pages\/3145\/revisions\/4410"}],"up":[{"embeddable":true,"href":"https:\/\/merelinn.com\/lt\/wp-json\/wp\/v2\/pages\/3140"}],"wp:featuredmedia":[{"embeddable":true,"href":"https:\/\/merelinn.com\/lt\/wp-json\/wp\/v2\/media\/2844"}],"wp:attachment":[{"href":"https:\/\/merelinn.com\/lt\/wp-json\/wp\/v2\/media?parent=3145"}],"wp:term":[{"taxonomy":"category","embeddable":true,"href":"https:\/\/merelinn.com\/lt\/wp-json\/wp\/v2\/categories?post=3145"},{"taxonomy":"post_tag","embeddable":true,"href":"https:\/\/merelinn.com\/lt\/wp-json\/wp\/v2\/tags?post=3145"}],"curies":[{"name":"wp","href":"https:\/\/api.w.org\/{rel}","templated":true}]}}