{"id":6408,"date":"2025-05-16T15:33:44","date_gmt":"2025-05-16T12:33:44","guid":{"rendered":"https:\/\/merelinn.com\/product\/covered-loop-in-dyneema\/"},"modified":"2025-05-16T15:48:34","modified_gmt":"2025-05-16T12:48:34","slug":"covered-loop-in-dyneema","status":"publish","type":"product","link":"https:\/\/merelinn.com\/fi\/tuote\/covered-loop-in-dyneema\/","title":{"rendered":"Covered Loop in Dyneema\u00ae"},"content":{"rendered":"<p><b>Covered Loop in Dyneema\u00ae<\/b> \u2013 huippuluokan tekstiilenlenkki vaativimpiin purjehdusolosuhteisiin.<\/p>\n<p>T\u00e4ydellinen yhdistelm\u00e4 <b>Olli\u2122 Anti-Shock matalakitkainen alumiinirengas<\/b> -tuotteen kanssa.<\/p>\n<p>Suojakuori ja Dyneema DSK99 -ydin tarjoavat poikkeuksellisen kest\u00e4vyyden, monik\u00e4ytt\u00f6isyyden ja pitk\u00e4ik\u00e4isyyden.<\/p>\n<p><b>T\u00e4rkeimm\u00e4t edut:<\/b><\/p>\n<ul>\n<li><b>Suojapinnoite:<\/b><br \/>\nErikoisp\u00e4\u00e4llyste suojaa UV-s\u00e4teilylt\u00e4, hankaukselta ja ymp\u00e4rist\u00f6n vaikutuksilta \u2013 pident\u00e4\u00e4 k\u00e4ytt\u00f6ik\u00e4\u00e4 merkitt\u00e4v\u00e4sti.<\/li>\n<li><b>Korkea kuormankesto:<\/b><br \/>\nDyneema DSK99 -ydin mahdollistaa suuret kuormat kevyell\u00e4 painolla.<\/li>\n<li><b>Laadukas k\u00e4sity\u00f6:<\/b><br \/>\nJokainen lenkki valmistetaan k\u00e4sin kokeneiden ammattilaisten toimesta \u2013 takaa huippuluokan viimeistelyn ja luotettavuuden.<\/li>\n<\/ul>\n<p><b>Tekniset tiedot:<\/b><\/p>\n<ul>\n<li><b>Materiaali:<\/b> Dyneema DSK99 -ydin suojakuorella<\/li>\n<\/ul>\n<p><b>Miksi valita Covered Loop in Dyneema\u00ae:<\/b><\/p>\n<p>Purjehduksessa varusteiden luotettavuus ja kest\u00e4vyys ovat avainasemassa. T\u00e4m\u00e4 lenkki yhdist\u00e4\u00e4 uusimman materiaaliteknologian ja ammattitaidon maksimaaliseen suorituskykyyn.<\/p>\n<p><b>Panosta laatuun, joka toimii vesill\u00e4.<br \/>\nTilaa Dyneema\u00ae-lenkki jo t\u00e4n\u00e4\u00e4n ja tunne ero jokaisessa solmussa ja man\u00f6\u00f6veriss\u00e4!<\/b><\/p>\n","protected":false},"excerpt":{"rendered":"<p><b>Covered Loop in Dyneema\u00ae<\/b> \u2013 huippuluokan tekstiilenlenkki vaativimpiin purjehdusolosuhteisiin.<\/p>\n<p>T\u00e4ydellinen yhdistelm\u00e4 <b>Olli\u2122 Anti-Shock matalakitkainen alumiinirengas<\/b> -tuotteen kanssa.<\/p>\n","protected":false},"featured_media":6385,"comment_status":"open","ping_status":"closed","template":"","meta":{"_acf_changed":false},"product_brand":[253],"product_cat":[174],"product_tag":[112],"class_list":{"0":"post-6408","1":"product","2":"type-product","3":"status-publish","4":"has-post-thumbnail","6":"product_brand-easysea","7":"product_cat-slings-fi","8":"product_tag-suosittu","10":"first","11":"instock","12":"taxable","13":"shipping-taxable","14":"purchasable","15":"product-type-variable"},"acf":[],"yoast_head":"<!-- This site is optimized with the Yoast SEO plugin v25.1 - https:\/\/yoast.com\/wordpress\/plugins\/seo\/ -->\n<title>Covered Loop in Dyneema\u00ae - Merelinn<\/title>\n<meta name=\"robots\" content=\"noindex, follow, max-snippet:-1, max-image-preview:large, max-video-preview:-1\" \/>\n<meta property=\"og:locale\" content=\"fi_FI\" \/>\n<meta property=\"og:type\" content=\"article\" \/>\n<meta property=\"og:title\" content=\"Covered Loop in Dyneema\u00ae - Merelinn\" \/>\n<meta property=\"og:description\" content=\"Covered Loop in Dyneema\u00ae \u2013 huippuluokan tekstiilenlenkki vaativimpiin purjehdusolosuhteisiin.  T\u00e4ydellinen yhdistelm\u00e4 Olli\u2122 Anti-Shock matalakitkainen alumiinirengas -tuotteen kanssa.\" \/>\n<meta property=\"og:url\" content=\"https:\/\/merelinn.com\/fi\/tuote\/covered-loop-in-dyneema\/\" \/>\n<meta property=\"og:site_name\" content=\"Merelinn\" \/>\n<meta property=\"article:modified_time\" content=\"2025-05-16T12:48:34+00:00\" \/>\n<meta property=\"og:image\" content=\"https:\/\/merelinn.com\/wp-content\/uploads\/2025\/05\/2-2.png\" \/>\n\t<meta property=\"og:image:width\" content=\"1080\" \/>\n\t<meta property=\"og:image:height\" content=\"1080\" \/>\n\t<meta property=\"og:image:type\" content=\"image\/png\" \/>\n<meta name=\"twitter:card\" content=\"summary_large_image\" \/>\n<meta name=\"twitter:label1\" content=\"Arvioitu lukuaika\" \/>\n\t<meta name=\"twitter:data1\" content=\"1 minuutti\" \/>\n<script type=\"application\/ld+json\" class=\"yoast-schema-graph\">{\"@context\":\"https:\/\/schema.org\",\"@graph\":[{\"@type\":\"WebPage\",\"@id\":\"https:\/\/merelinn.com\/fi\/tuote\/covered-loop-in-dyneema\/\",\"url\":\"https:\/\/merelinn.com\/fi\/tuote\/covered-loop-in-dyneema\/\",\"name\":\"Covered Loop in Dyneema\u00ae - Merelinn\",\"isPartOf\":{\"@id\":\"https:\/\/merelinn.com\/fi\/#website\"},\"primaryImageOfPage\":{\"@id\":\"https:\/\/merelinn.com\/fi\/tuote\/covered-loop-in-dyneema\/#primaryimage\"},\"image\":{\"@id\":\"https:\/\/merelinn.com\/fi\/tuote\/covered-loop-in-dyneema\/#primaryimage\"},\"thumbnailUrl\":\"https:\/\/merelinn.com\/wp-content\/uploads\/2025\/05\/2-2.png\",\"datePublished\":\"2025-05-16T12:33:44+00:00\",\"dateModified\":\"2025-05-16T12:48:34+00:00\",\"breadcrumb\":{\"@id\":\"https:\/\/merelinn.com\/fi\/tuote\/covered-loop-in-dyneema\/#breadcrumb\"},\"inLanguage\":\"fi\",\"potentialAction\":[{\"@type\":\"ReadAction\",\"target\":[\"https:\/\/merelinn.com\/fi\/tuote\/covered-loop-in-dyneema\/\"]}]},{\"@type\":\"ImageObject\",\"inLanguage\":\"fi\",\"@id\":\"https:\/\/merelinn.com\/fi\/tuote\/covered-loop-in-dyneema\/#primaryimage\",\"url\":\"https:\/\/merelinn.com\/wp-content\/uploads\/2025\/05\/2-2.png\",\"contentUrl\":\"https:\/\/merelinn.com\/wp-content\/uploads\/2025\/05\/2-2.png\",\"width\":1080,\"height\":1080},{\"@type\":\"BreadcrumbList\",\"@id\":\"https:\/\/merelinn.com\/fi\/tuote\/covered-loop-in-dyneema\/#breadcrumb\",\"itemListElement\":[{\"@type\":\"ListItem\",\"position\":1,\"name\":\"Etusivu\",\"item\":\"https:\/\/merelinn.com\/fi\/\"},{\"@type\":\"ListItem\",\"position\":2,\"name\":\"Kauppa\",\"item\":\"https:\/\/merelinn.com\/fi\/?page_id=1547\"},{\"@type\":\"ListItem\",\"position\":3,\"name\":\"Kantohihnat\",\"item\":\"https:\/\/merelinn.com\/fi\/tuote-osasto\/slings-fi\/\"},{\"@type\":\"ListItem\",\"position\":4,\"name\":\"Covered Loop in Dyneema\u00ae\"}]},{\"@type\":\"WebSite\",\"@id\":\"https:\/\/merelinn.com\/fi\/#website\",\"url\":\"https:\/\/merelinn.com\/fi\/\",\"name\":\"Merelinn\",\"description\":\"\",\"potentialAction\":[{\"@type\":\"SearchAction\",\"target\":{\"@type\":\"EntryPoint\",\"urlTemplate\":\"https:\/\/merelinn.com\/fi\/?s={search_term_string}\"},\"query-input\":{\"@type\":\"PropertyValueSpecification\",\"valueRequired\":true,\"valueName\":\"search_term_string\"}}],\"inLanguage\":\"fi\"}]}<\/script>\n<!-- \/ Yoast SEO plugin. -->","yoast_head_json":{"title":"Covered Loop in Dyneema\u00ae - Merelinn","robots":{"index":"noindex","follow":"follow","max-snippet":"max-snippet:-1","max-image-preview":"max-image-preview:large","max-video-preview":"max-video-preview:-1"},"og_locale":"fi_FI","og_type":"article","og_title":"Covered Loop in Dyneema\u00ae - Merelinn","og_description":"Covered Loop in Dyneema\u00ae \u2013 huippuluokan tekstiilenlenkki vaativimpiin purjehdusolosuhteisiin.  T\u00e4ydellinen yhdistelm\u00e4 Olli\u2122 Anti-Shock matalakitkainen alumiinirengas -tuotteen kanssa.","og_url":"https:\/\/merelinn.com\/fi\/tuote\/covered-loop-in-dyneema\/","og_site_name":"Merelinn","article_modified_time":"2025-05-16T12:48:34+00:00","og_image":[{"width":1080,"height":1080,"url":"https:\/\/merelinn.com\/wp-content\/uploads\/2025\/05\/2-2.png","type":"image\/png"}],"twitter_card":"summary_large_image","twitter_misc":{"Arvioitu lukuaika":"1 minuutti"},"schema":{"@context":"https:\/\/schema.org","@graph":[{"@type":"WebPage","@id":"https:\/\/merelinn.com\/fi\/tuote\/covered-loop-in-dyneema\/","url":"https:\/\/merelinn.com\/fi\/tuote\/covered-loop-in-dyneema\/","name":"Covered Loop in Dyneema\u00ae - Merelinn","isPartOf":{"@id":"https:\/\/merelinn.com\/fi\/#website"},"primaryImageOfPage":{"@id":"https:\/\/merelinn.com\/fi\/tuote\/covered-loop-in-dyneema\/#primaryimage"},"image":{"@id":"https:\/\/merelinn.com\/fi\/tuote\/covered-loop-in-dyneema\/#primaryimage"},"thumbnailUrl":"https:\/\/merelinn.com\/wp-content\/uploads\/2025\/05\/2-2.png","datePublished":"2025-05-16T12:33:44+00:00","dateModified":"2025-05-16T12:48:34+00:00","breadcrumb":{"@id":"https:\/\/merelinn.com\/fi\/tuote\/covered-loop-in-dyneema\/#breadcrumb"},"inLanguage":"fi","potentialAction":[{"@type":"ReadAction","target":["https:\/\/merelinn.com\/fi\/tuote\/covered-loop-in-dyneema\/"]}]},{"@type":"ImageObject","inLanguage":"fi","@id":"https:\/\/merelinn.com\/fi\/tuote\/covered-loop-in-dyneema\/#primaryimage","url":"https:\/\/merelinn.com\/wp-content\/uploads\/2025\/05\/2-2.png","contentUrl":"https:\/\/merelinn.com\/wp-content\/uploads\/2025\/05\/2-2.png","width":1080,"height":1080},{"@type":"BreadcrumbList","@id":"https:\/\/merelinn.com\/fi\/tuote\/covered-loop-in-dyneema\/#breadcrumb","itemListElement":[{"@type":"ListItem","position":1,"name":"Etusivu","item":"https:\/\/merelinn.com\/fi\/"},{"@type":"ListItem","position":2,"name":"Kauppa","item":"https:\/\/merelinn.com\/fi\/?page_id=1547"},{"@type":"ListItem","position":3,"name":"Kantohihnat","item":"https:\/\/merelinn.com\/fi\/tuote-osasto\/slings-fi\/"},{"@type":"ListItem","position":4,"name":"Covered Loop in Dyneema\u00ae"}]},{"@type":"WebSite","@id":"https:\/\/merelinn.com\/fi\/#website","url":"https:\/\/merelinn.com\/fi\/","name":"Merelinn","description":"","potentialAction":[{"@type":"SearchAction","target":{"@type":"EntryPoint","urlTemplate":"https:\/\/merelinn.com\/fi\/?s={search_term_string}"},"query-input":{"@type":"PropertyValueSpecification","valueRequired":true,"valueName":"search_term_string"}}],"inLanguage":"fi"}]}},"_links":{"self":[{"href":"https:\/\/merelinn.com\/fi\/wp-json\/wp\/v2\/product\/6408","targetHints":{"allow":["GET"]}}],"collection":[{"href":"https:\/\/merelinn.com\/fi\/wp-json\/wp\/v2\/product"}],"about":[{"href":"https:\/\/merelinn.com\/fi\/wp-json\/wp\/v2\/types\/product"}],"replies":[{"embeddable":true,"href":"https:\/\/merelinn.com\/fi\/wp-json\/wp\/v2\/comments?post=6408"}],"version-history":[{"count":0,"href":"https:\/\/merelinn.com\/fi\/wp-json\/wp\/v2\/product\/6408\/revisions"}],"wp:featuredmedia":[{"embeddable":true,"href":"https:\/\/merelinn.com\/fi\/wp-json\/wp\/v2\/media\/6385"}],"wp:attachment":[{"href":"https:\/\/merelinn.com\/fi\/wp-json\/wp\/v2\/media?parent=6408"}],"wp:term":[{"taxonomy":"product_brand","embeddable":true,"href":"https:\/\/merelinn.com\/fi\/wp-json\/wp\/v2\/product_brand?post=6408"},{"taxonomy":"product_cat","embeddable":true,"href":"https:\/\/merelinn.com\/fi\/wp-json\/wp\/v2\/product_cat?post=6408"},{"taxonomy":"product_tag","embeddable":true,"href":"https:\/\/merelinn.com\/fi\/wp-json\/wp\/v2\/product_tag?post=6408"}],"curies":[{"name":"wp","href":"https:\/\/api.w.org\/{rel}","templated":true}]}}