{"id":6358,"date":"2025-05-16T15:03:40","date_gmt":"2025-05-16T12:03:40","guid":{"rendered":"https:\/\/merelinn.com\/product\/soft-shackle-in-dyneema\/"},"modified":"2025-05-16T15:14:15","modified_gmt":"2025-05-16T12:14:15","slug":"soft-shackle-in-dyneema","status":"publish","type":"product","link":"https:\/\/merelinn.com\/fi\/tuote\/soft-shackle-in-dyneema\/","title":{"rendered":"Soft Shackle in Dyneema\u00ae"},"content":{"rendered":"<p><b>Soft Shackle Dyneema\u00ae Olli\u2122<\/b> \u2013 innovatiivinen pehme\u00e4 sakkeli, suunniteltu vaativimpiin purjehdusolosuhteisiin.<\/p>\n<p>T\u00e4ydellinen yhteensopivuus <b>Olli\u2122-iskunvaimennusrenkaan<\/b> kanssa.<\/p>\n<p>T\u00e4m\u00e4 huippuluokan tekstiiliyhdist\u00e4j\u00e4 tarjoaa poikkeuksellista kest\u00e4vyytt\u00e4, keveytt\u00e4 ja turvallisuutta \u2013 ja voittaa perinteiset metallisakkeleet monessa suhteessa.<\/p>\n<p><b>T\u00e4rkeimm\u00e4t edut:<\/b><\/p>\n<ul>\n<li><b>Erinomainen vetolujuus:<\/b><br \/>\nDyneema\u00ae SK78 -materiaalista valmistettu sakkeli kest\u00e4\u00e4 suuria kuormia pienell\u00e4 painolla.<\/li>\n<li><b>Turvallinen kannelle ja varusteille:<\/b><br \/>\nPehme\u00e4 rakenne ei aiheuta naarmuja tai painaumia kannelle, mastolle tai varusteille.<\/li>\n<li><b>Helppo k\u00e4ytt\u00e4\u00e4:<\/b><br \/>\nNopea ja k\u00e4tev\u00e4 kiinnitys- ja irrotusmekanismi nopeuttaa purjeiden vaihtoa ja takiloinnin s\u00e4\u00e4t\u00f6\u00e4.<\/li>\n<li><b>Monik\u00e4ytt\u00f6isyys:<\/b><br \/>\nSoveltuu purjeiden, plokkien ja k\u00f6ysien kiinnitykseen kaikenlaisilla veneill\u00e4.<\/li>\n<\/ul>\n<p><b>Tekniset tiedot:<\/b><\/p>\n<ul>\n<li><b>Materiaali:<\/b> Dyneema\u00ae SK78<\/li>\n<\/ul>\n<p><b>Miksi valita Soft Shackle Dyneema\u00ae Olli\u2122:<\/b><\/p>\n<p>Nykyisess\u00e4 purjehduksessa luotettavuus ja tehokkuus ovat elint\u00e4rkeit\u00e4.<br \/>\nDyneema\u00ae-sakkelit v\u00e4hent\u00e4v\u00e4t veneen kokonaispainoa, lis\u00e4\u00e4v\u00e4t turvallisuutta ja helpottavat k\u00e4sittely\u00e4.<\/p>\n<p><b>Tee harppaus purjehduksen ja veneilyn tulevaisuuteen \u2013 koe ero jokaisessa solmussa ja man\u00f6\u00f6veriss\u00e4 Soft Shackle Dyneema\u00ae Olli\u2122 -tuotteella.<\/b><\/p>\n","protected":false},"excerpt":{"rendered":"<p><b>Soft Shackle Dyneema\u00ae Olli\u2122<\/b> \u2013 innovatiivinen pehme\u00e4 sakkeli, suunniteltu vaativimpiin purjehdusolosuhteisiin.<\/p>\n<p>T\u00e4ydellinen yhteensopivuus <b>Olli\u2122-iskunvaimennusrenkaan<\/b> kanssa.<\/p>\n","protected":false},"featured_media":6329,"comment_status":"open","ping_status":"closed","template":"","meta":{"_acf_changed":false},"product_brand":[253],"product_cat":[174],"product_tag":[112],"class_list":{"0":"post-6358","1":"product","2":"type-product","3":"status-publish","4":"has-post-thumbnail","6":"product_brand-easysea","7":"product_cat-slings-fi","8":"product_tag-suosittu","10":"first","11":"instock","12":"taxable","13":"shipping-taxable","14":"purchasable","15":"product-type-variable"},"acf":[],"yoast_head":"<!-- This site is optimized with the Yoast SEO plugin v25.1 - https:\/\/yoast.com\/wordpress\/plugins\/seo\/ -->\n<title>Soft Shackle in Dyneema\u00ae - Merelinn<\/title>\n<meta name=\"robots\" content=\"noindex, follow, max-snippet:-1, max-image-preview:large, max-video-preview:-1\" \/>\n<meta property=\"og:locale\" content=\"fi_FI\" \/>\n<meta property=\"og:type\" content=\"article\" \/>\n<meta property=\"og:title\" content=\"Soft Shackle in Dyneema\u00ae - Merelinn\" \/>\n<meta property=\"og:description\" content=\"Soft Shackle Dyneema\u00ae Olli\u2122 \u2013 innovatiivinen pehme\u00e4 sakkeli, suunniteltu vaativimpiin purjehdusolosuhteisiin.  T\u00e4ydellinen yhteensopivuus Olli\u2122-iskunvaimennusrenkaan kanssa.\" \/>\n<meta property=\"og:url\" content=\"https:\/\/merelinn.com\/fi\/tuote\/soft-shackle-in-dyneema\/\" \/>\n<meta property=\"og:site_name\" content=\"Merelinn\" \/>\n<meta property=\"article:modified_time\" content=\"2025-05-16T12:14:15+00:00\" \/>\n<meta property=\"og:image\" content=\"https:\/\/merelinn.com\/wp-content\/uploads\/2025\/05\/1.png\" \/>\n\t<meta property=\"og:image:width\" content=\"1080\" \/>\n\t<meta property=\"og:image:height\" content=\"1080\" \/>\n\t<meta property=\"og:image:type\" content=\"image\/png\" \/>\n<meta name=\"twitter:card\" content=\"summary_large_image\" \/>\n<meta name=\"twitter:label1\" content=\"Arvioitu lukuaika\" \/>\n\t<meta name=\"twitter:data1\" content=\"1 minuutti\" \/>\n<script type=\"application\/ld+json\" class=\"yoast-schema-graph\">{\"@context\":\"https:\/\/schema.org\",\"@graph\":[{\"@type\":\"WebPage\",\"@id\":\"https:\/\/merelinn.com\/fi\/tuote\/soft-shackle-in-dyneema\/\",\"url\":\"https:\/\/merelinn.com\/fi\/tuote\/soft-shackle-in-dyneema\/\",\"name\":\"Soft Shackle in Dyneema\u00ae - Merelinn\",\"isPartOf\":{\"@id\":\"https:\/\/merelinn.com\/fi\/#website\"},\"primaryImageOfPage\":{\"@id\":\"https:\/\/merelinn.com\/fi\/tuote\/soft-shackle-in-dyneema\/#primaryimage\"},\"image\":{\"@id\":\"https:\/\/merelinn.com\/fi\/tuote\/soft-shackle-in-dyneema\/#primaryimage\"},\"thumbnailUrl\":\"https:\/\/merelinn.com\/wp-content\/uploads\/2025\/05\/1.png\",\"datePublished\":\"2025-05-16T12:03:40+00:00\",\"dateModified\":\"2025-05-16T12:14:15+00:00\",\"breadcrumb\":{\"@id\":\"https:\/\/merelinn.com\/fi\/tuote\/soft-shackle-in-dyneema\/#breadcrumb\"},\"inLanguage\":\"fi\",\"potentialAction\":[{\"@type\":\"ReadAction\",\"target\":[\"https:\/\/merelinn.com\/fi\/tuote\/soft-shackle-in-dyneema\/\"]}]},{\"@type\":\"ImageObject\",\"inLanguage\":\"fi\",\"@id\":\"https:\/\/merelinn.com\/fi\/tuote\/soft-shackle-in-dyneema\/#primaryimage\",\"url\":\"https:\/\/merelinn.com\/wp-content\/uploads\/2025\/05\/1.png\",\"contentUrl\":\"https:\/\/merelinn.com\/wp-content\/uploads\/2025\/05\/1.png\",\"width\":1080,\"height\":1080},{\"@type\":\"BreadcrumbList\",\"@id\":\"https:\/\/merelinn.com\/fi\/tuote\/soft-shackle-in-dyneema\/#breadcrumb\",\"itemListElement\":[{\"@type\":\"ListItem\",\"position\":1,\"name\":\"Etusivu\",\"item\":\"https:\/\/merelinn.com\/fi\/\"},{\"@type\":\"ListItem\",\"position\":2,\"name\":\"Kauppa\",\"item\":\"https:\/\/merelinn.com\/fi\/?page_id=1547\"},{\"@type\":\"ListItem\",\"position\":3,\"name\":\"Kantohihnat\",\"item\":\"https:\/\/merelinn.com\/fi\/tuote-osasto\/slings-fi\/\"},{\"@type\":\"ListItem\",\"position\":4,\"name\":\"Soft Shackle in Dyneema\u00ae\"}]},{\"@type\":\"WebSite\",\"@id\":\"https:\/\/merelinn.com\/fi\/#website\",\"url\":\"https:\/\/merelinn.com\/fi\/\",\"name\":\"Merelinn\",\"description\":\"\",\"potentialAction\":[{\"@type\":\"SearchAction\",\"target\":{\"@type\":\"EntryPoint\",\"urlTemplate\":\"https:\/\/merelinn.com\/fi\/?s={search_term_string}\"},\"query-input\":{\"@type\":\"PropertyValueSpecification\",\"valueRequired\":true,\"valueName\":\"search_term_string\"}}],\"inLanguage\":\"fi\"}]}<\/script>\n<!-- \/ Yoast SEO plugin. -->","yoast_head_json":{"title":"Soft Shackle in Dyneema\u00ae - Merelinn","robots":{"index":"noindex","follow":"follow","max-snippet":"max-snippet:-1","max-image-preview":"max-image-preview:large","max-video-preview":"max-video-preview:-1"},"og_locale":"fi_FI","og_type":"article","og_title":"Soft Shackle in Dyneema\u00ae - Merelinn","og_description":"Soft Shackle Dyneema\u00ae Olli\u2122 \u2013 innovatiivinen pehme\u00e4 sakkeli, suunniteltu vaativimpiin purjehdusolosuhteisiin.  T\u00e4ydellinen yhteensopivuus Olli\u2122-iskunvaimennusrenkaan kanssa.","og_url":"https:\/\/merelinn.com\/fi\/tuote\/soft-shackle-in-dyneema\/","og_site_name":"Merelinn","article_modified_time":"2025-05-16T12:14:15+00:00","og_image":[{"width":1080,"height":1080,"url":"https:\/\/merelinn.com\/wp-content\/uploads\/2025\/05\/1.png","type":"image\/png"}],"twitter_card":"summary_large_image","twitter_misc":{"Arvioitu lukuaika":"1 minuutti"},"schema":{"@context":"https:\/\/schema.org","@graph":[{"@type":"WebPage","@id":"https:\/\/merelinn.com\/fi\/tuote\/soft-shackle-in-dyneema\/","url":"https:\/\/merelinn.com\/fi\/tuote\/soft-shackle-in-dyneema\/","name":"Soft Shackle in Dyneema\u00ae - Merelinn","isPartOf":{"@id":"https:\/\/merelinn.com\/fi\/#website"},"primaryImageOfPage":{"@id":"https:\/\/merelinn.com\/fi\/tuote\/soft-shackle-in-dyneema\/#primaryimage"},"image":{"@id":"https:\/\/merelinn.com\/fi\/tuote\/soft-shackle-in-dyneema\/#primaryimage"},"thumbnailUrl":"https:\/\/merelinn.com\/wp-content\/uploads\/2025\/05\/1.png","datePublished":"2025-05-16T12:03:40+00:00","dateModified":"2025-05-16T12:14:15+00:00","breadcrumb":{"@id":"https:\/\/merelinn.com\/fi\/tuote\/soft-shackle-in-dyneema\/#breadcrumb"},"inLanguage":"fi","potentialAction":[{"@type":"ReadAction","target":["https:\/\/merelinn.com\/fi\/tuote\/soft-shackle-in-dyneema\/"]}]},{"@type":"ImageObject","inLanguage":"fi","@id":"https:\/\/merelinn.com\/fi\/tuote\/soft-shackle-in-dyneema\/#primaryimage","url":"https:\/\/merelinn.com\/wp-content\/uploads\/2025\/05\/1.png","contentUrl":"https:\/\/merelinn.com\/wp-content\/uploads\/2025\/05\/1.png","width":1080,"height":1080},{"@type":"BreadcrumbList","@id":"https:\/\/merelinn.com\/fi\/tuote\/soft-shackle-in-dyneema\/#breadcrumb","itemListElement":[{"@type":"ListItem","position":1,"name":"Etusivu","item":"https:\/\/merelinn.com\/fi\/"},{"@type":"ListItem","position":2,"name":"Kauppa","item":"https:\/\/merelinn.com\/fi\/?page_id=1547"},{"@type":"ListItem","position":3,"name":"Kantohihnat","item":"https:\/\/merelinn.com\/fi\/tuote-osasto\/slings-fi\/"},{"@type":"ListItem","position":4,"name":"Soft Shackle in Dyneema\u00ae"}]},{"@type":"WebSite","@id":"https:\/\/merelinn.com\/fi\/#website","url":"https:\/\/merelinn.com\/fi\/","name":"Merelinn","description":"","potentialAction":[{"@type":"SearchAction","target":{"@type":"EntryPoint","urlTemplate":"https:\/\/merelinn.com\/fi\/?s={search_term_string}"},"query-input":{"@type":"PropertyValueSpecification","valueRequired":true,"valueName":"search_term_string"}}],"inLanguage":"fi"}]}},"_links":{"self":[{"href":"https:\/\/merelinn.com\/fi\/wp-json\/wp\/v2\/product\/6358","targetHints":{"allow":["GET"]}}],"collection":[{"href":"https:\/\/merelinn.com\/fi\/wp-json\/wp\/v2\/product"}],"about":[{"href":"https:\/\/merelinn.com\/fi\/wp-json\/wp\/v2\/types\/product"}],"replies":[{"embeddable":true,"href":"https:\/\/merelinn.com\/fi\/wp-json\/wp\/v2\/comments?post=6358"}],"version-history":[{"count":0,"href":"https:\/\/merelinn.com\/fi\/wp-json\/wp\/v2\/product\/6358\/revisions"}],"wp:featuredmedia":[{"embeddable":true,"href":"https:\/\/merelinn.com\/fi\/wp-json\/wp\/v2\/media\/6329"}],"wp:attachment":[{"href":"https:\/\/merelinn.com\/fi\/wp-json\/wp\/v2\/media?parent=6358"}],"wp:term":[{"taxonomy":"product_brand","embeddable":true,"href":"https:\/\/merelinn.com\/fi\/wp-json\/wp\/v2\/product_brand?post=6358"},{"taxonomy":"product_cat","embeddable":true,"href":"https:\/\/merelinn.com\/fi\/wp-json\/wp\/v2\/product_cat?post=6358"},{"taxonomy":"product_tag","embeddable":true,"href":"https:\/\/merelinn.com\/fi\/wp-json\/wp\/v2\/product_tag?post=6358"}],"curies":[{"name":"wp","href":"https:\/\/api.w.org\/{rel}","templated":true}]}}