{"id":6308,"date":"2025-05-16T14:41:01","date_gmt":"2025-05-16T11:41:01","guid":{"rendered":"https:\/\/merelinn.com\/product\/sheathed-loop-dyneema\/"},"modified":"2025-05-16T15:17:50","modified_gmt":"2025-05-16T12:17:50","slug":"sheathed-loop-dyneema","status":"publish","type":"product","link":"https:\/\/merelinn.com\/fi\/tuote\/sheathed-loop-dyneema\/","title":{"rendered":"Sheathed Loop Dyneema\u00ae"},"content":{"rendered":"<p><b>Sheathed Loop Dyneema\u00ae Olli\u2122-k\u00e4ytt\u00f6\u00f6n<\/b> on korkealaatuinen tekstiililenkki, suunniteltu purjehduksen vaativimpiin tilanteisiin.<\/p>\n<p>Se toimii t\u00e4ydellisesti yhdess\u00e4 <b>Olli\u2122 iskunvaimentavan, matalakitkaisen renkaan<\/b> kanssa \u2013 maksimaalista suorituskyky\u00e4 ja turvallisuutta varten.<\/p>\n<p><b>Keskeiset edut:<\/b><\/p>\n<ul>\n<li><b><\/b><b>Suojaava kuori:<\/b><br \/>\nUlkokuori suojaa UV-s\u00e4teilylt\u00e4, kulumiselta ja s\u00e4\u00e4olosuhteilta, mik\u00e4 pident\u00e4\u00e4 tuotteen k\u00e4ytt\u00f6ik\u00e4\u00e4 merkitt\u00e4v\u00e4sti.<\/li>\n<li><b><\/b><b>Korkea vetolujuus:<\/b><br \/>\nDyneema\u00ae-ydin kest\u00e4\u00e4 suuria kuormia eritt\u00e4in kevyell\u00e4 rakenteella \u2013 ei muodonmuutoksia.<\/li>\n<li><b><\/b><b>Yhteensopivuus Olli\u2122-renkaan kanssa:<\/b><br \/>\nOptimoitu muotoilu takaa t\u00e4ydellisen toimivuuden \u2013 v\u00e4hemm\u00e4n kitkaa, enemm\u00e4n tehokkuutta.<\/li>\n<li><b><\/b><b>Monipuolisuus:<\/b><br \/>\nSoveltuu erinomaisesti monenlaisiin taklausratkaisuihin \u2013 kilpailuista rentoihin purjehduksiin.<\/li>\n<\/ul>\n<p><b>Tekniset tiedot:<\/b><\/p>\n<ul>\n<li><b><\/b><b>Materiaali:<\/b> Dyneema\u00ae-ydin suojakuorella<\/li>\n<\/ul>\n<p><b>Miksi valita Sheathed Loop Dyneema\u00ae Olli\u2122-k\u00e4ytt\u00f6\u00f6n:<\/b><\/p>\n<p>Purjehduksessa luotettavuus ja kest\u00e4vyys ovat kaiken perusta. T\u00e4m\u00e4 lenkki yhdist\u00e4\u00e4 huipputeknologian ja toiminnallisuuden, tarjoten huolettoman k\u00e4yt\u00f6n kaikissa olosuhteissa.<\/p>\n<p><b>Jos se on suunniteltu kilpak\u00e4ytt\u00f6\u00f6n, se on l\u00e4hes ikuinen ratkaisu vapaa-ajan veneilyyn.<\/b><br \/>\nTilaa <b>Sheathed Loop Dyneema\u00ae Olli\u2122-k\u00e4ytt\u00f6\u00f6n<\/b> jo t\u00e4n\u00e4\u00e4n ja koe ero jokaisessa solmussa ja man\u00f6\u00f6veriss\u00e4!<\/p>\n","protected":false},"excerpt":{"rendered":"<p><b>Sheathed Loop Dyneema\u00ae Olli\u2122-k\u00e4ytt\u00f6\u00f6n<\/b> on korkealaatuinen tekstiililenkki, suunniteltu purjehduksen vaativimpiin tilanteisiin.<\/p>\n","protected":false},"featured_media":6285,"comment_status":"open","ping_status":"closed","template":"","meta":{"_acf_changed":false},"product_brand":[253],"product_cat":[174],"product_tag":[112],"class_list":{"0":"post-6308","1":"product","2":"type-product","3":"status-publish","4":"has-post-thumbnail","6":"product_brand-easysea","7":"product_cat-slings-fi","8":"product_tag-suosittu","10":"first","11":"instock","12":"taxable","13":"shipping-taxable","14":"purchasable","15":"product-type-variable"},"acf":[],"yoast_head":"<!-- This site is optimized with the Yoast SEO plugin v25.1 - https:\/\/yoast.com\/wordpress\/plugins\/seo\/ -->\n<title>Sheathed Loop Dyneema\u00ae - Merelinn<\/title>\n<meta name=\"robots\" content=\"noindex, follow, max-snippet:-1, max-image-preview:large, max-video-preview:-1\" \/>\n<meta property=\"og:locale\" content=\"fi_FI\" \/>\n<meta property=\"og:type\" content=\"article\" \/>\n<meta property=\"og:title\" content=\"Sheathed Loop Dyneema\u00ae - Merelinn\" \/>\n<meta property=\"og:description\" content=\"Sheathed Loop Dyneema\u00ae Olli\u2122-k\u00e4ytt\u00f6\u00f6n on korkealaatuinen tekstiililenkki, suunniteltu purjehduksen vaativimpiin tilanteisiin.\" \/>\n<meta property=\"og:url\" content=\"https:\/\/merelinn.com\/fi\/tuote\/sheathed-loop-dyneema\/\" \/>\n<meta property=\"og:site_name\" content=\"Merelinn\" \/>\n<meta property=\"article:modified_time\" content=\"2025-05-16T12:17:50+00:00\" \/>\n<meta property=\"og:image\" content=\"https:\/\/merelinn.com\/wp-content\/uploads\/2025\/05\/1-2.png\" \/>\n\t<meta property=\"og:image:width\" content=\"1080\" \/>\n\t<meta property=\"og:image:height\" content=\"1080\" \/>\n\t<meta property=\"og:image:type\" content=\"image\/png\" \/>\n<meta name=\"twitter:card\" content=\"summary_large_image\" \/>\n<meta name=\"twitter:label1\" content=\"Arvioitu lukuaika\" \/>\n\t<meta name=\"twitter:data1\" content=\"1 minuutti\" \/>\n<script type=\"application\/ld+json\" class=\"yoast-schema-graph\">{\"@context\":\"https:\/\/schema.org\",\"@graph\":[{\"@type\":\"WebPage\",\"@id\":\"https:\/\/merelinn.com\/fi\/tuote\/sheathed-loop-dyneema\/\",\"url\":\"https:\/\/merelinn.com\/fi\/tuote\/sheathed-loop-dyneema\/\",\"name\":\"Sheathed Loop Dyneema\u00ae - Merelinn\",\"isPartOf\":{\"@id\":\"https:\/\/merelinn.com\/fi\/#website\"},\"primaryImageOfPage\":{\"@id\":\"https:\/\/merelinn.com\/fi\/tuote\/sheathed-loop-dyneema\/#primaryimage\"},\"image\":{\"@id\":\"https:\/\/merelinn.com\/fi\/tuote\/sheathed-loop-dyneema\/#primaryimage\"},\"thumbnailUrl\":\"https:\/\/merelinn.com\/wp-content\/uploads\/2025\/05\/1-2.png\",\"datePublished\":\"2025-05-16T11:41:01+00:00\",\"dateModified\":\"2025-05-16T12:17:50+00:00\",\"breadcrumb\":{\"@id\":\"https:\/\/merelinn.com\/fi\/tuote\/sheathed-loop-dyneema\/#breadcrumb\"},\"inLanguage\":\"fi\",\"potentialAction\":[{\"@type\":\"ReadAction\",\"target\":[\"https:\/\/merelinn.com\/fi\/tuote\/sheathed-loop-dyneema\/\"]}]},{\"@type\":\"ImageObject\",\"inLanguage\":\"fi\",\"@id\":\"https:\/\/merelinn.com\/fi\/tuote\/sheathed-loop-dyneema\/#primaryimage\",\"url\":\"https:\/\/merelinn.com\/wp-content\/uploads\/2025\/05\/1-2.png\",\"contentUrl\":\"https:\/\/merelinn.com\/wp-content\/uploads\/2025\/05\/1-2.png\",\"width\":1080,\"height\":1080},{\"@type\":\"BreadcrumbList\",\"@id\":\"https:\/\/merelinn.com\/fi\/tuote\/sheathed-loop-dyneema\/#breadcrumb\",\"itemListElement\":[{\"@type\":\"ListItem\",\"position\":1,\"name\":\"Etusivu\",\"item\":\"https:\/\/merelinn.com\/fi\/\"},{\"@type\":\"ListItem\",\"position\":2,\"name\":\"Kauppa\",\"item\":\"https:\/\/merelinn.com\/fi\/?page_id=1547\"},{\"@type\":\"ListItem\",\"position\":3,\"name\":\"Kantohihnat\",\"item\":\"https:\/\/merelinn.com\/fi\/tuote-osasto\/slings-fi\/\"},{\"@type\":\"ListItem\",\"position\":4,\"name\":\"Sheathed Loop Dyneema\u00ae\"}]},{\"@type\":\"WebSite\",\"@id\":\"https:\/\/merelinn.com\/fi\/#website\",\"url\":\"https:\/\/merelinn.com\/fi\/\",\"name\":\"Merelinn\",\"description\":\"\",\"potentialAction\":[{\"@type\":\"SearchAction\",\"target\":{\"@type\":\"EntryPoint\",\"urlTemplate\":\"https:\/\/merelinn.com\/fi\/?s={search_term_string}\"},\"query-input\":{\"@type\":\"PropertyValueSpecification\",\"valueRequired\":true,\"valueName\":\"search_term_string\"}}],\"inLanguage\":\"fi\"}]}<\/script>\n<!-- \/ Yoast SEO plugin. -->","yoast_head_json":{"title":"Sheathed Loop Dyneema\u00ae - Merelinn","robots":{"index":"noindex","follow":"follow","max-snippet":"max-snippet:-1","max-image-preview":"max-image-preview:large","max-video-preview":"max-video-preview:-1"},"og_locale":"fi_FI","og_type":"article","og_title":"Sheathed Loop Dyneema\u00ae - Merelinn","og_description":"Sheathed Loop Dyneema\u00ae Olli\u2122-k\u00e4ytt\u00f6\u00f6n on korkealaatuinen tekstiililenkki, suunniteltu purjehduksen vaativimpiin tilanteisiin.","og_url":"https:\/\/merelinn.com\/fi\/tuote\/sheathed-loop-dyneema\/","og_site_name":"Merelinn","article_modified_time":"2025-05-16T12:17:50+00:00","og_image":[{"width":1080,"height":1080,"url":"https:\/\/merelinn.com\/wp-content\/uploads\/2025\/05\/1-2.png","type":"image\/png"}],"twitter_card":"summary_large_image","twitter_misc":{"Arvioitu lukuaika":"1 minuutti"},"schema":{"@context":"https:\/\/schema.org","@graph":[{"@type":"WebPage","@id":"https:\/\/merelinn.com\/fi\/tuote\/sheathed-loop-dyneema\/","url":"https:\/\/merelinn.com\/fi\/tuote\/sheathed-loop-dyneema\/","name":"Sheathed Loop Dyneema\u00ae - Merelinn","isPartOf":{"@id":"https:\/\/merelinn.com\/fi\/#website"},"primaryImageOfPage":{"@id":"https:\/\/merelinn.com\/fi\/tuote\/sheathed-loop-dyneema\/#primaryimage"},"image":{"@id":"https:\/\/merelinn.com\/fi\/tuote\/sheathed-loop-dyneema\/#primaryimage"},"thumbnailUrl":"https:\/\/merelinn.com\/wp-content\/uploads\/2025\/05\/1-2.png","datePublished":"2025-05-16T11:41:01+00:00","dateModified":"2025-05-16T12:17:50+00:00","breadcrumb":{"@id":"https:\/\/merelinn.com\/fi\/tuote\/sheathed-loop-dyneema\/#breadcrumb"},"inLanguage":"fi","potentialAction":[{"@type":"ReadAction","target":["https:\/\/merelinn.com\/fi\/tuote\/sheathed-loop-dyneema\/"]}]},{"@type":"ImageObject","inLanguage":"fi","@id":"https:\/\/merelinn.com\/fi\/tuote\/sheathed-loop-dyneema\/#primaryimage","url":"https:\/\/merelinn.com\/wp-content\/uploads\/2025\/05\/1-2.png","contentUrl":"https:\/\/merelinn.com\/wp-content\/uploads\/2025\/05\/1-2.png","width":1080,"height":1080},{"@type":"BreadcrumbList","@id":"https:\/\/merelinn.com\/fi\/tuote\/sheathed-loop-dyneema\/#breadcrumb","itemListElement":[{"@type":"ListItem","position":1,"name":"Etusivu","item":"https:\/\/merelinn.com\/fi\/"},{"@type":"ListItem","position":2,"name":"Kauppa","item":"https:\/\/merelinn.com\/fi\/?page_id=1547"},{"@type":"ListItem","position":3,"name":"Kantohihnat","item":"https:\/\/merelinn.com\/fi\/tuote-osasto\/slings-fi\/"},{"@type":"ListItem","position":4,"name":"Sheathed Loop Dyneema\u00ae"}]},{"@type":"WebSite","@id":"https:\/\/merelinn.com\/fi\/#website","url":"https:\/\/merelinn.com\/fi\/","name":"Merelinn","description":"","potentialAction":[{"@type":"SearchAction","target":{"@type":"EntryPoint","urlTemplate":"https:\/\/merelinn.com\/fi\/?s={search_term_string}"},"query-input":{"@type":"PropertyValueSpecification","valueRequired":true,"valueName":"search_term_string"}}],"inLanguage":"fi"}]}},"_links":{"self":[{"href":"https:\/\/merelinn.com\/fi\/wp-json\/wp\/v2\/product\/6308","targetHints":{"allow":["GET"]}}],"collection":[{"href":"https:\/\/merelinn.com\/fi\/wp-json\/wp\/v2\/product"}],"about":[{"href":"https:\/\/merelinn.com\/fi\/wp-json\/wp\/v2\/types\/product"}],"replies":[{"embeddable":true,"href":"https:\/\/merelinn.com\/fi\/wp-json\/wp\/v2\/comments?post=6308"}],"version-history":[{"count":0,"href":"https:\/\/merelinn.com\/fi\/wp-json\/wp\/v2\/product\/6308\/revisions"}],"wp:featuredmedia":[{"embeddable":true,"href":"https:\/\/merelinn.com\/fi\/wp-json\/wp\/v2\/media\/6285"}],"wp:attachment":[{"href":"https:\/\/merelinn.com\/fi\/wp-json\/wp\/v2\/media?parent=6308"}],"wp:term":[{"taxonomy":"product_brand","embeddable":true,"href":"https:\/\/merelinn.com\/fi\/wp-json\/wp\/v2\/product_brand?post=6308"},{"taxonomy":"product_cat","embeddable":true,"href":"https:\/\/merelinn.com\/fi\/wp-json\/wp\/v2\/product_cat?post=6308"},{"taxonomy":"product_tag","embeddable":true,"href":"https:\/\/merelinn.com\/fi\/wp-json\/wp\/v2\/product_tag?post=6308"}],"curies":[{"name":"wp","href":"https:\/\/api.w.org\/{rel}","templated":true}]}}