{"id":6254,"date":"2025-05-16T13:24:46","date_gmt":"2025-05-16T10:24:46","guid":{"rendered":"https:\/\/merelinn.com\/product\/olli-snatch-and-anti-shock-block\/"},"modified":"2025-05-16T13:30:04","modified_gmt":"2025-05-16T10:30:04","slug":"olli-snatch-and-anti-shock-block","status":"publish","type":"product","link":"https:\/\/merelinn.com\/fi\/tuote\/olli-snatch-and-anti-shock-block\/","title":{"rendered":"Olli\u2122 &#8211; Snatch and Anti-shock block"},"content":{"rendered":"<p><b>Olli\u2122 Block \u2013 innovatiivinen iskunvaimentava ploki veneellesi<\/b><\/p>\n<p><b>Olli\u2122 Block<\/b> on uuden sukupolven iskunvaimentava ploki, joka on suunniteltu parantamaan veneesi <b>turvallisuutta ja tehokkuutta<\/b>.<br \/>\nKehittyneiden teknologioiden ja korkealaatuisten materiaalien ansiosta <b>Olli\u2122 Block<\/b> tarjoaa luotettavuutta, kest\u00e4vyytt\u00e4 ja helppok\u00e4ytt\u00f6isyytt\u00e4 jokaisessa purjehduksessa.<\/p>\n<p><b>Olli\u2122 Blockin t\u00e4rkeimm\u00e4t edut:<\/b><\/p>\n<ul>\n<li><b>Kannen suojaus:<\/b><br \/>\nErityinen rakenne est\u00e4\u00e4 naarmuja ja vaurioita kannella \u2013 s\u00e4ilyt\u00e4 veneesi ulkon\u00e4k\u00f6 ja arvo.<\/li>\n<li><b>Helppo asennus:<\/b><br \/>\nPloki avautuu helposti ja voidaan kiinnitt\u00e4\u00e4 jopa valmiiksi kiristettyihin k\u00f6ysiin \u2013 s\u00e4\u00e4st\u00e4t aikaa ja vaivaa man\u00f6\u00f6verien aikana.<\/li>\n<li><b>Itsevoitelevat laakerit:<\/b><br \/>\nTakaavat sujuvan toiminnan ilman jatkuvaa huoltotarvetta.<\/li>\n<li><b>Kevyt mutta kest\u00e4v\u00e4:<\/b><br \/>\nValmistettu teknopolymeereist\u00e4 ja superpolymeereist\u00e4, joita k\u00e4ytet\u00e4\u00e4n ilmailu- ja avaruusteollisuudessa \u2013 maksimaalinen kest\u00e4vyys ja pitk\u00e4 k\u00e4ytt\u00f6ik\u00e4.<\/li>\n<\/ul>\n<p><b>Tekniset tiedot:<\/b><\/p>\n<ul>\n<li><b>Materiaalit:<\/b> Teknopolymeerit ja superpolymeerit (ilmailu-\/avaruuslaatu)<\/li>\n<li><b>Rakenne:<\/b> Yhten\u00e4inen, liikkuvia sivulevyj\u00e4 ei ole \u2013 ei rikkoutumisen riski\u00e4<\/li>\n<li><b>Koot:<\/b> Saatavilla eri kokoja, jotka vastaavat erilaisia tarpeita<\/li>\n<\/ul>\n<p><b>Miksi valita Olli\u2122 Block:<\/b><\/p>\n<p>Tavalliset plokit vaativat s\u00e4\u00e4nn\u00f6llist\u00e4 huoltoa ja voivat vaurioittaa venett\u00e4si.<br \/>\n<b>Olli\u2122 Block<\/b> ratkaisee n\u00e4m\u00e4 ongelmat edistyksellisell\u00e4 rakenteellaan ja huippuluokan materiaaleillaan. Sen keveys, kest\u00e4vyys ja helppo asennus tekev\u00e4t siit\u00e4 korvaamattoman apuv\u00e4lineen jokaiselle veneilij\u00e4lle.<\/p>\n<p><b>Astu purjehduksen tulevaisuuteen Olli\u2122 Blockin avulla. Tilaa jo t\u00e4n\u00e4\u00e4n ja koe ero laadussa ja k\u00e4ytt\u00f6mukavuudessa!<\/b><\/p>\n","protected":false},"excerpt":{"rendered":"<p><b>Olli\u2122 Block<\/b> on uuden sukupolven iskunvaimentava ploki, joka on suunniteltu parantamaan veneesi <b>turvallisuutta ja tehokkuutta<\/b>.<br \/>\n<b><\/b><\/p>\n","protected":false},"featured_media":6195,"comment_status":"open","ping_status":"closed","template":"","meta":{"_acf_changed":false},"product_brand":[253],"product_cat":[138],"product_tag":[112],"class_list":{"0":"post-6254","1":"product","2":"type-product","3":"status-publish","4":"has-post-thumbnail","6":"product_brand-easysea","7":"product_cat-tackle-ring-fi","8":"product_tag-suosittu","10":"first","11":"instock","12":"taxable","13":"shipping-taxable","14":"purchasable","15":"product-type-variable"},"acf":[],"yoast_head":"<!-- This site is optimized with the Yoast SEO plugin v25.1 - https:\/\/yoast.com\/wordpress\/plugins\/seo\/ -->\n<title>Olli\u2122 - Snatch and Anti-shock block - Merelinn<\/title>\n<meta name=\"robots\" content=\"noindex, follow, max-snippet:-1, max-image-preview:large, max-video-preview:-1\" \/>\n<meta property=\"og:locale\" content=\"fi_FI\" \/>\n<meta property=\"og:type\" content=\"article\" \/>\n<meta property=\"og:title\" content=\"Olli\u2122 - Snatch and Anti-shock block - Merelinn\" \/>\n<meta property=\"og:description\" content=\"Olli\u2122 Block on uuden sukupolven iskunvaimentava ploki, joka on suunniteltu parantamaan veneesi turvallisuutta ja tehokkuutta.\" \/>\n<meta property=\"og:url\" content=\"https:\/\/merelinn.com\/fi\/tuote\/olli-snatch-and-anti-shock-block\/\" \/>\n<meta property=\"og:site_name\" content=\"Merelinn\" \/>\n<meta property=\"article:modified_time\" content=\"2025-05-16T10:30:04+00:00\" \/>\n<meta property=\"og:image\" content=\"https:\/\/merelinn.com\/wp-content\/uploads\/2025\/05\/4.png\" \/>\n\t<meta property=\"og:image:width\" content=\"1080\" \/>\n\t<meta property=\"og:image:height\" content=\"1080\" \/>\n\t<meta property=\"og:image:type\" content=\"image\/png\" \/>\n<meta name=\"twitter:card\" content=\"summary_large_image\" \/>\n<meta name=\"twitter:label1\" content=\"Arvioitu lukuaika\" \/>\n\t<meta name=\"twitter:data1\" content=\"2 minuuttia\" \/>\n<script type=\"application\/ld+json\" class=\"yoast-schema-graph\">{\"@context\":\"https:\/\/schema.org\",\"@graph\":[{\"@type\":\"WebPage\",\"@id\":\"https:\/\/merelinn.com\/fi\/tuote\/olli-snatch-and-anti-shock-block\/\",\"url\":\"https:\/\/merelinn.com\/fi\/tuote\/olli-snatch-and-anti-shock-block\/\",\"name\":\"Olli\u2122 - Snatch and Anti-shock block - Merelinn\",\"isPartOf\":{\"@id\":\"https:\/\/merelinn.com\/fi\/#website\"},\"primaryImageOfPage\":{\"@id\":\"https:\/\/merelinn.com\/fi\/tuote\/olli-snatch-and-anti-shock-block\/#primaryimage\"},\"image\":{\"@id\":\"https:\/\/merelinn.com\/fi\/tuote\/olli-snatch-and-anti-shock-block\/#primaryimage\"},\"thumbnailUrl\":\"https:\/\/merelinn.com\/wp-content\/uploads\/2025\/05\/4.png\",\"datePublished\":\"2025-05-16T10:24:46+00:00\",\"dateModified\":\"2025-05-16T10:30:04+00:00\",\"breadcrumb\":{\"@id\":\"https:\/\/merelinn.com\/fi\/tuote\/olli-snatch-and-anti-shock-block\/#breadcrumb\"},\"inLanguage\":\"fi\",\"potentialAction\":[{\"@type\":\"ReadAction\",\"target\":[\"https:\/\/merelinn.com\/fi\/tuote\/olli-snatch-and-anti-shock-block\/\"]}]},{\"@type\":\"ImageObject\",\"inLanguage\":\"fi\",\"@id\":\"https:\/\/merelinn.com\/fi\/tuote\/olli-snatch-and-anti-shock-block\/#primaryimage\",\"url\":\"https:\/\/merelinn.com\/wp-content\/uploads\/2025\/05\/4.png\",\"contentUrl\":\"https:\/\/merelinn.com\/wp-content\/uploads\/2025\/05\/4.png\",\"width\":1080,\"height\":1080},{\"@type\":\"BreadcrumbList\",\"@id\":\"https:\/\/merelinn.com\/fi\/tuote\/olli-snatch-and-anti-shock-block\/#breadcrumb\",\"itemListElement\":[{\"@type\":\"ListItem\",\"position\":1,\"name\":\"Etusivu\",\"item\":\"https:\/\/merelinn.com\/fi\/\"},{\"@type\":\"ListItem\",\"position\":2,\"name\":\"Kauppa\",\"item\":\"https:\/\/merelinn.com\/fi\/?page_id=1547\"},{\"@type\":\"ListItem\",\"position\":3,\"name\":\"Taljarinki\",\"item\":\"https:\/\/merelinn.com\/fi\/tuote-osasto\/tackle-ring-fi\/\"},{\"@type\":\"ListItem\",\"position\":4,\"name\":\"Olli\u2122 &#8211; Snatch and Anti-shock block\"}]},{\"@type\":\"WebSite\",\"@id\":\"https:\/\/merelinn.com\/fi\/#website\",\"url\":\"https:\/\/merelinn.com\/fi\/\",\"name\":\"Merelinn\",\"description\":\"\",\"potentialAction\":[{\"@type\":\"SearchAction\",\"target\":{\"@type\":\"EntryPoint\",\"urlTemplate\":\"https:\/\/merelinn.com\/fi\/?s={search_term_string}\"},\"query-input\":{\"@type\":\"PropertyValueSpecification\",\"valueRequired\":true,\"valueName\":\"search_term_string\"}}],\"inLanguage\":\"fi\"}]}<\/script>\n<!-- \/ Yoast SEO plugin. -->","yoast_head_json":{"title":"Olli\u2122 - Snatch and Anti-shock block - Merelinn","robots":{"index":"noindex","follow":"follow","max-snippet":"max-snippet:-1","max-image-preview":"max-image-preview:large","max-video-preview":"max-video-preview:-1"},"og_locale":"fi_FI","og_type":"article","og_title":"Olli\u2122 - Snatch and Anti-shock block - Merelinn","og_description":"Olli\u2122 Block on uuden sukupolven iskunvaimentava ploki, joka on suunniteltu parantamaan veneesi turvallisuutta ja tehokkuutta.","og_url":"https:\/\/merelinn.com\/fi\/tuote\/olli-snatch-and-anti-shock-block\/","og_site_name":"Merelinn","article_modified_time":"2025-05-16T10:30:04+00:00","og_image":[{"width":1080,"height":1080,"url":"https:\/\/merelinn.com\/wp-content\/uploads\/2025\/05\/4.png","type":"image\/png"}],"twitter_card":"summary_large_image","twitter_misc":{"Arvioitu lukuaika":"2 minuuttia"},"schema":{"@context":"https:\/\/schema.org","@graph":[{"@type":"WebPage","@id":"https:\/\/merelinn.com\/fi\/tuote\/olli-snatch-and-anti-shock-block\/","url":"https:\/\/merelinn.com\/fi\/tuote\/olli-snatch-and-anti-shock-block\/","name":"Olli\u2122 - Snatch and Anti-shock block - Merelinn","isPartOf":{"@id":"https:\/\/merelinn.com\/fi\/#website"},"primaryImageOfPage":{"@id":"https:\/\/merelinn.com\/fi\/tuote\/olli-snatch-and-anti-shock-block\/#primaryimage"},"image":{"@id":"https:\/\/merelinn.com\/fi\/tuote\/olli-snatch-and-anti-shock-block\/#primaryimage"},"thumbnailUrl":"https:\/\/merelinn.com\/wp-content\/uploads\/2025\/05\/4.png","datePublished":"2025-05-16T10:24:46+00:00","dateModified":"2025-05-16T10:30:04+00:00","breadcrumb":{"@id":"https:\/\/merelinn.com\/fi\/tuote\/olli-snatch-and-anti-shock-block\/#breadcrumb"},"inLanguage":"fi","potentialAction":[{"@type":"ReadAction","target":["https:\/\/merelinn.com\/fi\/tuote\/olli-snatch-and-anti-shock-block\/"]}]},{"@type":"ImageObject","inLanguage":"fi","@id":"https:\/\/merelinn.com\/fi\/tuote\/olli-snatch-and-anti-shock-block\/#primaryimage","url":"https:\/\/merelinn.com\/wp-content\/uploads\/2025\/05\/4.png","contentUrl":"https:\/\/merelinn.com\/wp-content\/uploads\/2025\/05\/4.png","width":1080,"height":1080},{"@type":"BreadcrumbList","@id":"https:\/\/merelinn.com\/fi\/tuote\/olli-snatch-and-anti-shock-block\/#breadcrumb","itemListElement":[{"@type":"ListItem","position":1,"name":"Etusivu","item":"https:\/\/merelinn.com\/fi\/"},{"@type":"ListItem","position":2,"name":"Kauppa","item":"https:\/\/merelinn.com\/fi\/?page_id=1547"},{"@type":"ListItem","position":3,"name":"Taljarinki","item":"https:\/\/merelinn.com\/fi\/tuote-osasto\/tackle-ring-fi\/"},{"@type":"ListItem","position":4,"name":"Olli\u2122 &#8211; Snatch and Anti-shock block"}]},{"@type":"WebSite","@id":"https:\/\/merelinn.com\/fi\/#website","url":"https:\/\/merelinn.com\/fi\/","name":"Merelinn","description":"","potentialAction":[{"@type":"SearchAction","target":{"@type":"EntryPoint","urlTemplate":"https:\/\/merelinn.com\/fi\/?s={search_term_string}"},"query-input":{"@type":"PropertyValueSpecification","valueRequired":true,"valueName":"search_term_string"}}],"inLanguage":"fi"}]}},"_links":{"self":[{"href":"https:\/\/merelinn.com\/fi\/wp-json\/wp\/v2\/product\/6254","targetHints":{"allow":["GET"]}}],"collection":[{"href":"https:\/\/merelinn.com\/fi\/wp-json\/wp\/v2\/product"}],"about":[{"href":"https:\/\/merelinn.com\/fi\/wp-json\/wp\/v2\/types\/product"}],"replies":[{"embeddable":true,"href":"https:\/\/merelinn.com\/fi\/wp-json\/wp\/v2\/comments?post=6254"}],"version-history":[{"count":0,"href":"https:\/\/merelinn.com\/fi\/wp-json\/wp\/v2\/product\/6254\/revisions"}],"wp:featuredmedia":[{"embeddable":true,"href":"https:\/\/merelinn.com\/fi\/wp-json\/wp\/v2\/media\/6195"}],"wp:attachment":[{"href":"https:\/\/merelinn.com\/fi\/wp-json\/wp\/v2\/media?parent=6254"}],"wp:term":[{"taxonomy":"product_brand","embeddable":true,"href":"https:\/\/merelinn.com\/fi\/wp-json\/wp\/v2\/product_brand?post=6254"},{"taxonomy":"product_cat","embeddable":true,"href":"https:\/\/merelinn.com\/fi\/wp-json\/wp\/v2\/product_cat?post=6254"},{"taxonomy":"product_tag","embeddable":true,"href":"https:\/\/merelinn.com\/fi\/wp-json\/wp\/v2\/product_tag?post=6254"}],"curies":[{"name":"wp","href":"https:\/\/api.w.org\/{rel}","templated":true}]}}