{"id":6101,"date":"2025-05-16T11:17:12","date_gmt":"2025-05-16T08:17:12","guid":{"rendered":"https:\/\/merelinn.com\/product\/flipper-anti-mould-winch-cover\/"},"modified":"2025-05-16T11:55:21","modified_gmt":"2025-05-16T08:55:21","slug":"flipper-anti-mould-winch-cover","status":"publish","type":"product","link":"https:\/\/merelinn.com\/fi\/tuote\/flipper-anti-mould-winch-cover\/","title":{"rendered":"Flipper\u2122 Anti-Mould Winch Cover"},"content":{"rendered":"<p><b>Suojaa vinssisi Flipper\u2122-homeenestokannella<\/b> \u2013 suunniteltu est\u00e4m\u00e4\u00e4n homeen ja kosteuden muodostumista, pident\u00e4en varusteesi k\u00e4ytt\u00f6ik\u00e4\u00e4 ja s\u00e4ilytt\u00e4en sen luotettavuuden.<\/p>\n<p>Kansi on varustettu <b>integroidulla ilmanvaihdolla<\/b>, joka edist\u00e4\u00e4 ilman kiertoa, ehk\u00e4isee kosteuden kertymist\u00e4 ja nopeuttaa kuivumista \u2013 my\u00f6s vaativissa meriolosuhteissa.<\/p>\n<p>Valmistettu <b>korkealaatuisista ja s\u00e4\u00e4nkest\u00e4vist\u00e4 UV-suojatuista materiaaleista<\/b>, t\u00e4m\u00e4 kansi on t\u00e4ydellinen valinta merik\u00e4ytt\u00f6\u00f6n.<\/p>\n<p><b>Tyylik\u00e4s italialainen muotoilu<\/b> tekee siit\u00e4 sek\u00e4 k\u00e4yt\u00e4nn\u00f6llisen ett\u00e4 esteettisesti miellytt\u00e4v\u00e4n lis\u00e4n kannellesi. Helppo kiinnitt\u00e4\u00e4 ja irrottaa \u2013 yhdist\u00e4en toiminnallisuuden ja tyylin.<\/p>\n<p><b>Pidenn\u00e4 vinssiesi k\u00e4ytt\u00f6ik\u00e4\u00e4 ja pid\u00e4 ne huippukunnossa Flipper\u2122-suojakannella.<\/b><\/p>\n","protected":false},"excerpt":{"rendered":"<p><b>Suojaa vinssisi Flipper\u2122-homeenestokannella<\/b> \u2013 suunniteltu est\u00e4m\u00e4\u00e4n homeen ja kosteuden muodostumista, pident\u00e4en varusteesi k\u00e4ytt\u00f6ik\u00e4\u00e4 ja s\u00e4ilytt\u00e4en sen luotettavuuden.<\/p>\n<p>&nbsp;<\/p>\n","protected":false},"featured_media":6069,"comment_status":"open","ping_status":"closed","template":"","meta":{"_acf_changed":false},"product_brand":[253],"product_cat":[172],"product_tag":[112],"class_list":{"0":"post-6101","1":"product","2":"type-product","3":"status-publish","4":"has-post-thumbnail","6":"product_brand-easysea","7":"product_cat-winch-covers-fi","8":"product_tag-suosittu","10":"first","11":"instock","12":"taxable","13":"shipping-taxable","14":"purchasable","15":"product-type-variable"},"acf":[],"yoast_head":"<!-- This site is optimized with the Yoast SEO plugin v25.1 - https:\/\/yoast.com\/wordpress\/plugins\/seo\/ -->\n<title>Flipper\u2122 Anti-Mould Winch Cover - Merelinn<\/title>\n<meta name=\"robots\" content=\"noindex, follow, max-snippet:-1, max-image-preview:large, max-video-preview:-1\" \/>\n<meta property=\"og:locale\" content=\"fi_FI\" \/>\n<meta property=\"og:type\" content=\"article\" \/>\n<meta property=\"og:title\" content=\"Flipper\u2122 Anti-Mould Winch Cover - Merelinn\" \/>\n<meta property=\"og:description\" content=\"Suojaa vinssisi Flipper\u2122-homeenestokannella \u2013 suunniteltu est\u00e4m\u00e4\u00e4n homeen ja kosteuden muodostumista, pident\u00e4en varusteesi k\u00e4ytt\u00f6ik\u00e4\u00e4 ja s\u00e4ilytt\u00e4en sen luotettavuuden.  &nbsp;\" \/>\n<meta property=\"og:url\" content=\"https:\/\/merelinn.com\/fi\/tuote\/flipper-anti-mould-winch-cover\/\" \/>\n<meta property=\"og:site_name\" content=\"Merelinn\" \/>\n<meta property=\"article:modified_time\" content=\"2025-05-16T08:55:21+00:00\" \/>\n<meta property=\"og:image\" content=\"https:\/\/merelinn.com\/wp-content\/uploads\/2025\/05\/CWC-Anti-Mould-winch-cover-3.png\" \/>\n\t<meta property=\"og:image:width\" content=\"1080\" \/>\n\t<meta property=\"og:image:height\" content=\"1080\" \/>\n\t<meta property=\"og:image:type\" content=\"image\/png\" \/>\n<meta name=\"twitter:card\" content=\"summary_large_image\" \/>\n<meta name=\"twitter:label1\" content=\"Arvioitu lukuaika\" \/>\n\t<meta name=\"twitter:data1\" content=\"1 minuutti\" \/>\n<script type=\"application\/ld+json\" class=\"yoast-schema-graph\">{\"@context\":\"https:\/\/schema.org\",\"@graph\":[{\"@type\":\"WebPage\",\"@id\":\"https:\/\/merelinn.com\/fi\/tuote\/flipper-anti-mould-winch-cover\/\",\"url\":\"https:\/\/merelinn.com\/fi\/tuote\/flipper-anti-mould-winch-cover\/\",\"name\":\"Flipper\u2122 Anti-Mould Winch Cover - Merelinn\",\"isPartOf\":{\"@id\":\"https:\/\/merelinn.com\/fi\/#website\"},\"primaryImageOfPage\":{\"@id\":\"https:\/\/merelinn.com\/fi\/tuote\/flipper-anti-mould-winch-cover\/#primaryimage\"},\"image\":{\"@id\":\"https:\/\/merelinn.com\/fi\/tuote\/flipper-anti-mould-winch-cover\/#primaryimage\"},\"thumbnailUrl\":\"https:\/\/merelinn.com\/wp-content\/uploads\/2025\/05\/CWC-Anti-Mould-winch-cover-3.png\",\"datePublished\":\"2025-05-16T08:17:12+00:00\",\"dateModified\":\"2025-05-16T08:55:21+00:00\",\"breadcrumb\":{\"@id\":\"https:\/\/merelinn.com\/fi\/tuote\/flipper-anti-mould-winch-cover\/#breadcrumb\"},\"inLanguage\":\"fi\",\"potentialAction\":[{\"@type\":\"ReadAction\",\"target\":[\"https:\/\/merelinn.com\/fi\/tuote\/flipper-anti-mould-winch-cover\/\"]}]},{\"@type\":\"ImageObject\",\"inLanguage\":\"fi\",\"@id\":\"https:\/\/merelinn.com\/fi\/tuote\/flipper-anti-mould-winch-cover\/#primaryimage\",\"url\":\"https:\/\/merelinn.com\/wp-content\/uploads\/2025\/05\/CWC-Anti-Mould-winch-cover-3.png\",\"contentUrl\":\"https:\/\/merelinn.com\/wp-content\/uploads\/2025\/05\/CWC-Anti-Mould-winch-cover-3.png\",\"width\":1080,\"height\":1080},{\"@type\":\"BreadcrumbList\",\"@id\":\"https:\/\/merelinn.com\/fi\/tuote\/flipper-anti-mould-winch-cover\/#breadcrumb\",\"itemListElement\":[{\"@type\":\"ListItem\",\"position\":1,\"name\":\"Etusivu\",\"item\":\"https:\/\/merelinn.com\/fi\/\"},{\"@type\":\"ListItem\",\"position\":2,\"name\":\"Kauppa\",\"item\":\"https:\/\/merelinn.com\/fi\/?page_id=1547\"},{\"@type\":\"ListItem\",\"position\":3,\"name\":\"Vinsseihin suojukset\",\"item\":\"https:\/\/merelinn.com\/fi\/tuote-osasto\/winch-covers-fi\/\"},{\"@type\":\"ListItem\",\"position\":4,\"name\":\"Flipper\u2122 Anti-Mould Winch Cover\"}]},{\"@type\":\"WebSite\",\"@id\":\"https:\/\/merelinn.com\/fi\/#website\",\"url\":\"https:\/\/merelinn.com\/fi\/\",\"name\":\"Merelinn\",\"description\":\"\",\"potentialAction\":[{\"@type\":\"SearchAction\",\"target\":{\"@type\":\"EntryPoint\",\"urlTemplate\":\"https:\/\/merelinn.com\/fi\/?s={search_term_string}\"},\"query-input\":{\"@type\":\"PropertyValueSpecification\",\"valueRequired\":true,\"valueName\":\"search_term_string\"}}],\"inLanguage\":\"fi\"}]}<\/script>\n<!-- \/ Yoast SEO plugin. -->","yoast_head_json":{"title":"Flipper\u2122 Anti-Mould Winch Cover - Merelinn","robots":{"index":"noindex","follow":"follow","max-snippet":"max-snippet:-1","max-image-preview":"max-image-preview:large","max-video-preview":"max-video-preview:-1"},"og_locale":"fi_FI","og_type":"article","og_title":"Flipper\u2122 Anti-Mould Winch Cover - Merelinn","og_description":"Suojaa vinssisi Flipper\u2122-homeenestokannella \u2013 suunniteltu est\u00e4m\u00e4\u00e4n homeen ja kosteuden muodostumista, pident\u00e4en varusteesi k\u00e4ytt\u00f6ik\u00e4\u00e4 ja s\u00e4ilytt\u00e4en sen luotettavuuden.  &nbsp;","og_url":"https:\/\/merelinn.com\/fi\/tuote\/flipper-anti-mould-winch-cover\/","og_site_name":"Merelinn","article_modified_time":"2025-05-16T08:55:21+00:00","og_image":[{"width":1080,"height":1080,"url":"https:\/\/merelinn.com\/wp-content\/uploads\/2025\/05\/CWC-Anti-Mould-winch-cover-3.png","type":"image\/png"}],"twitter_card":"summary_large_image","twitter_misc":{"Arvioitu lukuaika":"1 minuutti"},"schema":{"@context":"https:\/\/schema.org","@graph":[{"@type":"WebPage","@id":"https:\/\/merelinn.com\/fi\/tuote\/flipper-anti-mould-winch-cover\/","url":"https:\/\/merelinn.com\/fi\/tuote\/flipper-anti-mould-winch-cover\/","name":"Flipper\u2122 Anti-Mould Winch Cover - Merelinn","isPartOf":{"@id":"https:\/\/merelinn.com\/fi\/#website"},"primaryImageOfPage":{"@id":"https:\/\/merelinn.com\/fi\/tuote\/flipper-anti-mould-winch-cover\/#primaryimage"},"image":{"@id":"https:\/\/merelinn.com\/fi\/tuote\/flipper-anti-mould-winch-cover\/#primaryimage"},"thumbnailUrl":"https:\/\/merelinn.com\/wp-content\/uploads\/2025\/05\/CWC-Anti-Mould-winch-cover-3.png","datePublished":"2025-05-16T08:17:12+00:00","dateModified":"2025-05-16T08:55:21+00:00","breadcrumb":{"@id":"https:\/\/merelinn.com\/fi\/tuote\/flipper-anti-mould-winch-cover\/#breadcrumb"},"inLanguage":"fi","potentialAction":[{"@type":"ReadAction","target":["https:\/\/merelinn.com\/fi\/tuote\/flipper-anti-mould-winch-cover\/"]}]},{"@type":"ImageObject","inLanguage":"fi","@id":"https:\/\/merelinn.com\/fi\/tuote\/flipper-anti-mould-winch-cover\/#primaryimage","url":"https:\/\/merelinn.com\/wp-content\/uploads\/2025\/05\/CWC-Anti-Mould-winch-cover-3.png","contentUrl":"https:\/\/merelinn.com\/wp-content\/uploads\/2025\/05\/CWC-Anti-Mould-winch-cover-3.png","width":1080,"height":1080},{"@type":"BreadcrumbList","@id":"https:\/\/merelinn.com\/fi\/tuote\/flipper-anti-mould-winch-cover\/#breadcrumb","itemListElement":[{"@type":"ListItem","position":1,"name":"Etusivu","item":"https:\/\/merelinn.com\/fi\/"},{"@type":"ListItem","position":2,"name":"Kauppa","item":"https:\/\/merelinn.com\/fi\/?page_id=1547"},{"@type":"ListItem","position":3,"name":"Vinsseihin suojukset","item":"https:\/\/merelinn.com\/fi\/tuote-osasto\/winch-covers-fi\/"},{"@type":"ListItem","position":4,"name":"Flipper\u2122 Anti-Mould Winch Cover"}]},{"@type":"WebSite","@id":"https:\/\/merelinn.com\/fi\/#website","url":"https:\/\/merelinn.com\/fi\/","name":"Merelinn","description":"","potentialAction":[{"@type":"SearchAction","target":{"@type":"EntryPoint","urlTemplate":"https:\/\/merelinn.com\/fi\/?s={search_term_string}"},"query-input":{"@type":"PropertyValueSpecification","valueRequired":true,"valueName":"search_term_string"}}],"inLanguage":"fi"}]}},"_links":{"self":[{"href":"https:\/\/merelinn.com\/fi\/wp-json\/wp\/v2\/product\/6101","targetHints":{"allow":["GET"]}}],"collection":[{"href":"https:\/\/merelinn.com\/fi\/wp-json\/wp\/v2\/product"}],"about":[{"href":"https:\/\/merelinn.com\/fi\/wp-json\/wp\/v2\/types\/product"}],"replies":[{"embeddable":true,"href":"https:\/\/merelinn.com\/fi\/wp-json\/wp\/v2\/comments?post=6101"}],"version-history":[{"count":0,"href":"https:\/\/merelinn.com\/fi\/wp-json\/wp\/v2\/product\/6101\/revisions"}],"wp:featuredmedia":[{"embeddable":true,"href":"https:\/\/merelinn.com\/fi\/wp-json\/wp\/v2\/media\/6069"}],"wp:attachment":[{"href":"https:\/\/merelinn.com\/fi\/wp-json\/wp\/v2\/media?parent=6101"}],"wp:term":[{"taxonomy":"product_brand","embeddable":true,"href":"https:\/\/merelinn.com\/fi\/wp-json\/wp\/v2\/product_brand?post=6101"},{"taxonomy":"product_cat","embeddable":true,"href":"https:\/\/merelinn.com\/fi\/wp-json\/wp\/v2\/product_cat?post=6101"},{"taxonomy":"product_tag","embeddable":true,"href":"https:\/\/merelinn.com\/fi\/wp-json\/wp\/v2\/product_tag?post=6101"}],"curies":[{"name":"wp","href":"https:\/\/api.w.org\/{rel}","templated":true}]}}