{"id":6057,"date":"2025-05-16T10:25:16","date_gmt":"2025-05-16T07:25:16","guid":{"rendered":"https:\/\/merelinn.com\/product\/flipper-max-foldable-winch-handle-10\/"},"modified":"2025-05-16T10:31:53","modified_gmt":"2025-05-16T07:31:53","slug":"flipper-max-foldable-winch-handle-10","status":"publish","type":"product","link":"https:\/\/merelinn.com\/fi\/tuote\/flipper-max-foldable-winch-handle-10\/","title":{"rendered":"Flipper\u2122 &#8211; Max Foldable Winch Handle 10&#8221;"},"content":{"rendered":"<p><b>Flipper\u2122 Max \u2013 enemm\u00e4n voimaa, v\u00e4hemm\u00e4n vaivaa. Aina k\u00e4den ulottuvilla.<\/b><\/p>\n<p>Tutustu uuteen mukavuuden ja hallinnan tasoon <b>Flipper\u2122 Maxin<\/b> avulla \u2013 taitettava vinssikampi, jossa on <b>markkinoiden pisin vipuvarsi<\/b>.<br \/>\nEt tarvitse en\u00e4\u00e4 irrottaa kampea jokaisen man\u00f6\u00f6verin aikana. Taita vain \u2013 ja jatka purjehtimista!<\/p>\n<p><b>Edut, jotka puhuvat puolestaan:<\/b><\/p>\n<p><b>Tehokkuus<\/b> \u2013 Hallitse purjeita nopeammin ja helpommin, s\u00e4\u00e4st\u00e4en aikaa jokaisessa man\u00f6\u00f6veriss\u00e4.<br \/>\n<b>Voima<\/b> \u2013 Jopa <b>379 mm (14,92 tuumaa)<\/b> pitk\u00e4 vipuvarsi v\u00e4hent\u00e4\u00e4 tarvittavaa ponnistelua.<br \/>\n<b>Turvallisuus<\/b> \u2013 Taitettava rakenne poistaa ulkonevat osat ja tekee kannella liikkumisesta turvallisempaa.<br \/>\n<b>Monipuolisuus<\/b> \u2013 Sopii useimpiin vinssimalleihin ja kaikenlaisiin veneisiin.<br \/>\n<b>Kest\u00e4vyys<\/b> \u2013 Runko on valmistettu CNC-jyrsityst\u00e4 6082-alumiinista ja liitoskohdat 316L ruostumattomasta ter\u00e4ksest\u00e4 \u2013 suunniteltu kest\u00e4m\u00e4\u00e4n vuosia.<\/p>\n<p><b>Maailman ensimm\u00e4inen vinssikampi r\u00e4ikk\u00e4toiminnolla<\/b><\/p>\n<p>Maksimipituisessa asennossa <b>Flipper\u2122 Max<\/b> toimii r\u00e4ikk\u00e4n\u00e4 \u2013 tarjoten tarkan, voimakkaan ja varman ohjauksen juuri silloin, kun sit\u00e4 eniten tarvitaan.<\/p>\n<p><b>Aina paikallaan. Aina valmis.<\/b><\/p>\n<p><b>Flipper\u2122 Maxin<\/b> ansiosta voit unohtaa kamman etsimisen ja siirtelyn. Se pysyy lujasti vinssiss\u00e4 kiinni, ei ole tiell\u00e4 ja on aina valmiina k\u00e4ytt\u00f6\u00f6n.<\/p>\n<p><b>Tee purjehduksesta yksinkertaisempaa. Tunne ero jo ensimm\u00e4isest\u00e4 py\u00f6r\u00e4ytyksest\u00e4.<\/b><\/p>\n<p>\ud83d\uded2 <b>Tilaa Flipper\u2122 Max jo t\u00e4n\u00e4\u00e4n ja muuta jokainen man\u00f6\u00f6veri nautinnoksi!<\/b><\/p>\n","protected":false},"excerpt":{"rendered":"<p><b>Flipper\u2122 Max \u2013 rohkem v\u00f5imsust, v\u00e4hem pingutust. Alati k\u00e4ep\u00e4rast.<\/b><\/p>\n<p>Avasta uus mugavuse ja kontrolli tase koos <b>Flipper\u2122 Maxiga<\/b> \u2013 kokkupandav vintsiv\u00e4nt, millel on <b>k\u00f5ige pikem hoovavars turul<\/b>.<br \/>\nEnam ei ole vaja v\u00e4nda eemaldamist iga man\u00f6\u00f6vri jaoks. Lihtsalt voldi kokku \u2013 ja j\u00e4tka!<\/p>\n","protected":false},"featured_media":6016,"comment_status":"open","ping_status":"closed","template":"","meta":{"_acf_changed":false},"product_brand":[253],"product_cat":[126],"product_tag":[112],"class_list":{"0":"post-6057","1":"product","2":"type-product","3":"status-publish","4":"has-post-thumbnail","6":"product_brand-easysea","7":"product_cat-winch-handle-fi","8":"product_tag-suosittu","10":"first","11":"instock","12":"taxable","13":"shipping-taxable","14":"purchasable","15":"product-type-simple"},"acf":[],"yoast_head":"<!-- This site is optimized with the Yoast SEO plugin v25.1 - https:\/\/yoast.com\/wordpress\/plugins\/seo\/ -->\n<title>Flipper\u2122 - Max Foldable Winch Handle 10&#039;&#039; - Merelinn<\/title>\n<meta name=\"robots\" content=\"noindex, follow, max-snippet:-1, max-image-preview:large, max-video-preview:-1\" \/>\n<meta property=\"og:locale\" content=\"fi_FI\" \/>\n<meta property=\"og:type\" content=\"article\" \/>\n<meta property=\"og:title\" content=\"Flipper\u2122 - Max Foldable Winch Handle 10&#039;&#039; - Merelinn\" \/>\n<meta property=\"og:description\" content=\"Flipper\u2122 Max \u2013 rohkem v\u00f5imsust, v\u00e4hem pingutust. Alati k\u00e4ep\u00e4rast.  Avasta uus mugavuse ja kontrolli tase koos Flipper\u2122 Maxiga \u2013 kokkupandav vintsiv\u00e4nt, millel on k\u00f5ige pikem hoovavars turul. Enam ei ole vaja v\u00e4nda eemaldamist iga man\u00f6\u00f6vri jaoks. Lihtsalt voldi kokku \u2013 ja j\u00e4tka!\" \/>\n<meta property=\"og:url\" content=\"https:\/\/merelinn.com\/fi\/tuote\/flipper-max-foldable-winch-handle-10\/\" \/>\n<meta property=\"og:site_name\" content=\"Merelinn\" \/>\n<meta property=\"article:modified_time\" content=\"2025-05-16T07:31:53+00:00\" \/>\n<meta property=\"og:image\" content=\"https:\/\/merelinn.com\/wp-content\/uploads\/2025\/05\/foldable\u2013winch\u2013handle\u2013flipper\u2013max\u201310\u2013inch\u2013easysea\u2013sailing\u2013equipment\u2013innovative\u2013sailing\u2013accessory\u2013boat\u2013accessory\u2013sailing\u2013winch\u2013handle\u2013lightweight\u2013durable\u2013winch\u2013handle\u2013ergonomic\u2013winch\u2013handle\u2013u-14.png\" \/>\n\t<meta property=\"og:image:width\" content=\"1080\" \/>\n\t<meta property=\"og:image:height\" content=\"1080\" \/>\n\t<meta property=\"og:image:type\" content=\"image\/png\" \/>\n<meta name=\"twitter:card\" content=\"summary_large_image\" \/>\n<meta name=\"twitter:label1\" content=\"Arvioitu lukuaika\" \/>\n\t<meta name=\"twitter:data1\" content=\"2 minuuttia\" \/>\n<script type=\"application\/ld+json\" class=\"yoast-schema-graph\">{\"@context\":\"https:\/\/schema.org\",\"@graph\":[{\"@type\":\"WebPage\",\"@id\":\"https:\/\/merelinn.com\/fi\/tuote\/flipper-max-foldable-winch-handle-10\/\",\"url\":\"https:\/\/merelinn.com\/fi\/tuote\/flipper-max-foldable-winch-handle-10\/\",\"name\":\"Flipper\u2122 - Max Foldable Winch Handle 10'' - Merelinn\",\"isPartOf\":{\"@id\":\"https:\/\/merelinn.com\/fi\/#website\"},\"primaryImageOfPage\":{\"@id\":\"https:\/\/merelinn.com\/fi\/tuote\/flipper-max-foldable-winch-handle-10\/#primaryimage\"},\"image\":{\"@id\":\"https:\/\/merelinn.com\/fi\/tuote\/flipper-max-foldable-winch-handle-10\/#primaryimage\"},\"thumbnailUrl\":\"https:\/\/merelinn.com\/wp-content\/uploads\/2025\/05\/foldable\u2013winch\u2013handle\u2013flipper\u2013max\u201310\u2013inch\u2013easysea\u2013sailing\u2013equipment\u2013innovative\u2013sailing\u2013accessory\u2013boat\u2013accessory\u2013sailing\u2013winch\u2013handle\u2013lightweight\u2013durable\u2013winch\u2013handle\u2013ergonomic\u2013winch\u2013handle\u2013u-3.png\",\"datePublished\":\"2025-05-16T07:25:16+00:00\",\"dateModified\":\"2025-05-16T07:31:53+00:00\",\"breadcrumb\":{\"@id\":\"https:\/\/merelinn.com\/fi\/tuote\/flipper-max-foldable-winch-handle-10\/#breadcrumb\"},\"inLanguage\":\"fi\",\"potentialAction\":[{\"@type\":\"ReadAction\",\"target\":[\"https:\/\/merelinn.com\/fi\/tuote\/flipper-max-foldable-winch-handle-10\/\"]}]},{\"@type\":\"ImageObject\",\"inLanguage\":\"fi\",\"@id\":\"https:\/\/merelinn.com\/fi\/tuote\/flipper-max-foldable-winch-handle-10\/#primaryimage\",\"url\":\"https:\/\/merelinn.com\/wp-content\/uploads\/2025\/05\/foldable\u2013winch\u2013handle\u2013flipper\u2013max\u201310\u2013inch\u2013easysea\u2013sailing\u2013equipment\u2013innovative\u2013sailing\u2013accessory\u2013boat\u2013accessory\u2013sailing\u2013winch\u2013handle\u2013lightweight\u2013durable\u2013winch\u2013handle\u2013ergonomic\u2013winch\u2013handle\u2013u-3.png\",\"contentUrl\":\"https:\/\/merelinn.com\/wp-content\/uploads\/2025\/05\/foldable\u2013winch\u2013handle\u2013flipper\u2013max\u201310\u2013inch\u2013easysea\u2013sailing\u2013equipment\u2013innovative\u2013sailing\u2013accessory\u2013boat\u2013accessory\u2013sailing\u2013winch\u2013handle\u2013lightweight\u2013durable\u2013winch\u2013handle\u2013ergonomic\u2013winch\u2013handle\u2013u-3.png\",\"width\":1080,\"height\":1080},{\"@type\":\"BreadcrumbList\",\"@id\":\"https:\/\/merelinn.com\/fi\/tuote\/flipper-max-foldable-winch-handle-10\/#breadcrumb\",\"itemListElement\":[{\"@type\":\"ListItem\",\"position\":1,\"name\":\"Etusivu\",\"item\":\"https:\/\/merelinn.com\/fi\/\"},{\"@type\":\"ListItem\",\"position\":2,\"name\":\"Kauppa\",\"item\":\"https:\/\/merelinn.com\/fi\/?page_id=1547\"},{\"@type\":\"ListItem\",\"position\":3,\"name\":\"Vinttikahva\",\"item\":\"https:\/\/merelinn.com\/fi\/tuote-osasto\/winch-handle-fi\/\"},{\"@type\":\"ListItem\",\"position\":4,\"name\":\"Flipper\u2122 &#8211; Max Foldable Winch Handle 10&#8221;\"}]},{\"@type\":\"WebSite\",\"@id\":\"https:\/\/merelinn.com\/fi\/#website\",\"url\":\"https:\/\/merelinn.com\/fi\/\",\"name\":\"Merelinn\",\"description\":\"\",\"potentialAction\":[{\"@type\":\"SearchAction\",\"target\":{\"@type\":\"EntryPoint\",\"urlTemplate\":\"https:\/\/merelinn.com\/fi\/?s={search_term_string}\"},\"query-input\":{\"@type\":\"PropertyValueSpecification\",\"valueRequired\":true,\"valueName\":\"search_term_string\"}}],\"inLanguage\":\"fi\"}]}<\/script>\n<!-- \/ Yoast SEO plugin. -->","yoast_head_json":{"title":"Flipper\u2122 - Max Foldable Winch Handle 10'' - Merelinn","robots":{"index":"noindex","follow":"follow","max-snippet":"max-snippet:-1","max-image-preview":"max-image-preview:large","max-video-preview":"max-video-preview:-1"},"og_locale":"fi_FI","og_type":"article","og_title":"Flipper\u2122 - Max Foldable Winch Handle 10'' - Merelinn","og_description":"Flipper\u2122 Max \u2013 rohkem v\u00f5imsust, v\u00e4hem pingutust. Alati k\u00e4ep\u00e4rast.  Avasta uus mugavuse ja kontrolli tase koos Flipper\u2122 Maxiga \u2013 kokkupandav vintsiv\u00e4nt, millel on k\u00f5ige pikem hoovavars turul. Enam ei ole vaja v\u00e4nda eemaldamist iga man\u00f6\u00f6vri jaoks. Lihtsalt voldi kokku \u2013 ja j\u00e4tka!","og_url":"https:\/\/merelinn.com\/fi\/tuote\/flipper-max-foldable-winch-handle-10\/","og_site_name":"Merelinn","article_modified_time":"2025-05-16T07:31:53+00:00","og_image":[{"width":1080,"height":1080,"url":"https:\/\/merelinn.com\/wp-content\/uploads\/2025\/05\/foldable\u2013winch\u2013handle\u2013flipper\u2013max\u201310\u2013inch\u2013easysea\u2013sailing\u2013equipment\u2013innovative\u2013sailing\u2013accessory\u2013boat\u2013accessory\u2013sailing\u2013winch\u2013handle\u2013lightweight\u2013durable\u2013winch\u2013handle\u2013ergonomic\u2013winch\u2013handle\u2013u-14.png","type":"image\/png"}],"twitter_card":"summary_large_image","twitter_misc":{"Arvioitu lukuaika":"2 minuuttia"},"schema":{"@context":"https:\/\/schema.org","@graph":[{"@type":"WebPage","@id":"https:\/\/merelinn.com\/fi\/tuote\/flipper-max-foldable-winch-handle-10\/","url":"https:\/\/merelinn.com\/fi\/tuote\/flipper-max-foldable-winch-handle-10\/","name":"Flipper\u2122 - Max Foldable Winch Handle 10'' - Merelinn","isPartOf":{"@id":"https:\/\/merelinn.com\/fi\/#website"},"primaryImageOfPage":{"@id":"https:\/\/merelinn.com\/fi\/tuote\/flipper-max-foldable-winch-handle-10\/#primaryimage"},"image":{"@id":"https:\/\/merelinn.com\/fi\/tuote\/flipper-max-foldable-winch-handle-10\/#primaryimage"},"thumbnailUrl":"https:\/\/merelinn.com\/wp-content\/uploads\/2025\/05\/foldable\u2013winch\u2013handle\u2013flipper\u2013max\u201310\u2013inch\u2013easysea\u2013sailing\u2013equipment\u2013innovative\u2013sailing\u2013accessory\u2013boat\u2013accessory\u2013sailing\u2013winch\u2013handle\u2013lightweight\u2013durable\u2013winch\u2013handle\u2013ergonomic\u2013winch\u2013handle\u2013u-3.png","datePublished":"2025-05-16T07:25:16+00:00","dateModified":"2025-05-16T07:31:53+00:00","breadcrumb":{"@id":"https:\/\/merelinn.com\/fi\/tuote\/flipper-max-foldable-winch-handle-10\/#breadcrumb"},"inLanguage":"fi","potentialAction":[{"@type":"ReadAction","target":["https:\/\/merelinn.com\/fi\/tuote\/flipper-max-foldable-winch-handle-10\/"]}]},{"@type":"ImageObject","inLanguage":"fi","@id":"https:\/\/merelinn.com\/fi\/tuote\/flipper-max-foldable-winch-handle-10\/#primaryimage","url":"https:\/\/merelinn.com\/wp-content\/uploads\/2025\/05\/foldable\u2013winch\u2013handle\u2013flipper\u2013max\u201310\u2013inch\u2013easysea\u2013sailing\u2013equipment\u2013innovative\u2013sailing\u2013accessory\u2013boat\u2013accessory\u2013sailing\u2013winch\u2013handle\u2013lightweight\u2013durable\u2013winch\u2013handle\u2013ergonomic\u2013winch\u2013handle\u2013u-3.png","contentUrl":"https:\/\/merelinn.com\/wp-content\/uploads\/2025\/05\/foldable\u2013winch\u2013handle\u2013flipper\u2013max\u201310\u2013inch\u2013easysea\u2013sailing\u2013equipment\u2013innovative\u2013sailing\u2013accessory\u2013boat\u2013accessory\u2013sailing\u2013winch\u2013handle\u2013lightweight\u2013durable\u2013winch\u2013handle\u2013ergonomic\u2013winch\u2013handle\u2013u-3.png","width":1080,"height":1080},{"@type":"BreadcrumbList","@id":"https:\/\/merelinn.com\/fi\/tuote\/flipper-max-foldable-winch-handle-10\/#breadcrumb","itemListElement":[{"@type":"ListItem","position":1,"name":"Etusivu","item":"https:\/\/merelinn.com\/fi\/"},{"@type":"ListItem","position":2,"name":"Kauppa","item":"https:\/\/merelinn.com\/fi\/?page_id=1547"},{"@type":"ListItem","position":3,"name":"Vinttikahva","item":"https:\/\/merelinn.com\/fi\/tuote-osasto\/winch-handle-fi\/"},{"@type":"ListItem","position":4,"name":"Flipper\u2122 &#8211; Max Foldable Winch Handle 10&#8221;"}]},{"@type":"WebSite","@id":"https:\/\/merelinn.com\/fi\/#website","url":"https:\/\/merelinn.com\/fi\/","name":"Merelinn","description":"","potentialAction":[{"@type":"SearchAction","target":{"@type":"EntryPoint","urlTemplate":"https:\/\/merelinn.com\/fi\/?s={search_term_string}"},"query-input":{"@type":"PropertyValueSpecification","valueRequired":true,"valueName":"search_term_string"}}],"inLanguage":"fi"}]}},"_links":{"self":[{"href":"https:\/\/merelinn.com\/fi\/wp-json\/wp\/v2\/product\/6057","targetHints":{"allow":["GET"]}}],"collection":[{"href":"https:\/\/merelinn.com\/fi\/wp-json\/wp\/v2\/product"}],"about":[{"href":"https:\/\/merelinn.com\/fi\/wp-json\/wp\/v2\/types\/product"}],"replies":[{"embeddable":true,"href":"https:\/\/merelinn.com\/fi\/wp-json\/wp\/v2\/comments?post=6057"}],"version-history":[{"count":0,"href":"https:\/\/merelinn.com\/fi\/wp-json\/wp\/v2\/product\/6057\/revisions"}],"wp:featuredmedia":[{"embeddable":true,"href":"https:\/\/merelinn.com\/fi\/wp-json\/wp\/v2\/media\/6016"}],"wp:attachment":[{"href":"https:\/\/merelinn.com\/fi\/wp-json\/wp\/v2\/media?parent=6057"}],"wp:term":[{"taxonomy":"product_brand","embeddable":true,"href":"https:\/\/merelinn.com\/fi\/wp-json\/wp\/v2\/product_brand?post=6057"},{"taxonomy":"product_cat","embeddable":true,"href":"https:\/\/merelinn.com\/fi\/wp-json\/wp\/v2\/product_cat?post=6057"},{"taxonomy":"product_tag","embeddable":true,"href":"https:\/\/merelinn.com\/fi\/wp-json\/wp\/v2\/product_tag?post=6057"}],"curies":[{"name":"wp","href":"https:\/\/api.w.org\/{rel}","templated":true}]}}