{"id":5347,"date":"2025-05-05T15:03:12","date_gmt":"2025-05-05T12:03:12","guid":{"rendered":"https:\/\/merelinn.com\/product\/mirka-deros-ii-625-eu-o-150-mm-orbit-2-5-mm\/"},"modified":"2025-05-05T17:46:03","modified_gmt":"2025-05-05T14:46:03","slug":"mirka-deros-ii-625-eu-o-150-mm-orbit-2-5-mm","status":"publish","type":"product","link":"https:\/\/merelinn.com\/fi\/tuote\/mirka-deros-ii-625-eu-o-150-mm-orbit-2-5-mm\/","title":{"rendered":"irka\u00ae DEROS II 625 EU \u00d8 150 mm, 2,5 mm heilahdus"},"content":{"rendered":"<p class=\"ds-markdown-paragraph\">Tehokas\u00a0<strong>Mirka\u00ae DEROS II<\/strong>\u00a0on kompakti ja helppok\u00e4ytt\u00f6inen s\u00e4hk\u00f6hiomakone. Seuraavan sukupolven\u00a0<strong>Mirka DEROS II<\/strong>\u00a0jatkaa menestyksekk\u00e4\u00e4n orbitalhiomakoneen tarinaa lukuisilla k\u00e4ytt\u00e4j\u00e4\u00e4 hy\u00f6dytt\u00e4vill\u00e4 parannuksilla. Matalaprofiilinen ja kevyt\u00a0<strong>Mirka DEROS<\/strong>\u00a0-hiomakone on tunnettu erinomaisesta ergonomiastaan ja tasapainoisesta k\u00e4yt\u00f6st\u00e4\u00e4n, ja se tarjoaa k\u00e4ytt\u00e4j\u00e4lleen korkean mukavuustason.<\/p>\n<p class=\"ds-markdown-paragraph\"><strong>Mirka DEROS II<\/strong>:lla\u00a0voi ty\u00f6skennell\u00e4 pitki\u00e4 aikoja v\u00e4sym\u00e4tt\u00e4 sen hiljaisen k\u00e4yt\u00f6n ja v\u00e4h\u00e4isten t\u00e4rin\u00f6iden ansiosta. Uusi muotoilu tekee hiomonopeuden s\u00e4\u00e4t\u00e4misest\u00e4 entist\u00e4 helpompaa: helposti k\u00e4ytett\u00e4v\u00e4n hiomonopeuden s\u00e4\u00e4t\u00f6vipin lis\u00e4ksi\u00a0<strong>Mirka DEROS II<\/strong>\u00a0-hiomakoneessa on selke\u00e4sti n\u00e4kyv\u00e4t LED-n\u00e4yt\u00f6t nopeusvalitsimelle sek\u00e4 erillinen p\u00e4\u00e4lle\/pois-kytkin.<\/p>\n<p class=\"ds-markdown-paragraph\">Pitk\u00e4ik\u00e4isen ja tehokkaan harjattoman moottorin ansiosta\u00a0<strong>Mirka DEROS II<\/strong>\u00a0yll\u00e4pit\u00e4\u00e4 tasaisia kierroksia ja selviytyy vaativistakin teht\u00e4vist\u00e4 ja raskaista sovelluksista. Osana Mirkan p\u00f6lyt\u00f6nt\u00e4 hiomaratkaisua\u00a0<strong>Mirka DEROS<\/strong>\u00a0mahdollistaa tehokkaan p\u00f6lytt\u00f6m\u00e4n hiomisen, ja Bluetooth-yhteensopivuus mahdollistaa saumattoman integraation\u00a0<strong>myMirka<\/strong>-sovelluksen kanssa t\u00e4rin\u00e4n seurantaa varten.<\/p>\n<p class=\"ds-markdown-paragraph\"><strong>Mirka\u00ae DEROS II:n\u00a0p\u00e4\u00e4ominaisuudet:<\/strong><br \/>\n\u2022 Kompakti, ergonominen ja helppok\u00e4ytt\u00f6inen.<br \/>\n\u2022 Korkea k\u00e4ytt\u00f6mukavuus \u2192 voidaan k\u00e4ytt\u00e4\u00e4 pitki\u00e4 aikoja v\u00e4sym\u00e4tt\u00e4.<br \/>\n\u2022 Helppok\u00e4ytt\u00f6inen hiomonopeuden s\u00e4\u00e4t\u00f6vipin ja selke\u00e4t LED-n\u00e4yt\u00f6t kierrosluvuille.<br \/>\n\u2022 Mahdollistaa tehokkaan p\u00f6lytt\u00f6m\u00e4n hiomisen.<br \/>\n\u2022 Tehokas ja pitk\u00e4ik\u00e4inen harjaton moottori.<br \/>\n\u2022 Selviytyy vaativistakin teht\u00e4vist\u00e4 ja raskaista sovelluksista.<br \/>\n\u2022 Bluetooth-yhteys ja t\u00e4rin\u00e4n seuranta.<\/p>\n","protected":false},"excerpt":{"rendered":"<p><strong>Mirka\u00ae DEROS II 625<\/strong>\u00a0on 150 mm:n\u00a0s\u00e4hk\u00f6inen satunnaisorbitaalihiomakone, joka on kehitetty kaiken tyyppisten pintojen tehokkaaseen ja p\u00f6lytt\u00f6m\u00e4\u00e4n hiomiseen.\u00a0<strong>Mirka DEROS II 625<\/strong>\u00a0-hiomakoneessa on 150 mm:n\u00a0hiontalevy ja 2,5 mm:n\u00a0heilahdus, joka sopii hienoimpien hioma-aineiden ja esikiillotushionnan tarpeisiin.<\/p>\n","protected":false},"featured_media":5308,"comment_status":"open","ping_status":"closed","template":"","meta":{"_acf_changed":false},"product_brand":[],"product_cat":[148],"product_tag":[112],"class_list":{"0":"post-5347","1":"product","2":"type-product","3":"status-publish","4":"has-post-thumbnail","6":"product_cat-electric-sanders-fi","7":"product_tag-suosittu","9":"first","10":"instock","11":"taxable","12":"shipping-taxable","13":"purchasable","14":"product-type-simple"},"acf":[],"yoast_head":"<!-- This site is optimized with the Yoast SEO plugin v25.1 - https:\/\/yoast.com\/wordpress\/plugins\/seo\/ -->\n<title>irka\u00ae DEROS II 625 EU \u00d8 150 mm, 2,5 mm heilahdus - Merelinn<\/title>\n<meta name=\"robots\" content=\"noindex, follow, max-snippet:-1, max-image-preview:large, max-video-preview:-1\" \/>\n<meta property=\"og:locale\" content=\"fi_FI\" \/>\n<meta property=\"og:type\" content=\"article\" \/>\n<meta property=\"og:title\" content=\"irka\u00ae DEROS II 625 EU \u00d8 150 mm, 2,5 mm heilahdus - Merelinn\" \/>\n<meta property=\"og:description\" content=\"Mirka\u00ae DEROS II 625\u00a0on 150 mm:n\u00a0s\u00e4hk\u00f6inen satunnaisorbitaalihiomakone, joka on kehitetty kaiken tyyppisten pintojen tehokkaaseen ja p\u00f6lytt\u00f6m\u00e4\u00e4n hiomiseen.\u00a0Mirka DEROS II 625\u00a0-hiomakoneessa on 150 mm:n\u00a0hiontalevy ja 2,5 mm:n\u00a0heilahdus, joka sopii hienoimpien hioma-aineiden ja esikiillotushionnan tarpeisiin.\" \/>\n<meta property=\"og:url\" content=\"https:\/\/merelinn.com\/fi\/tuote\/mirka-deros-ii-625-eu-o-150-mm-orbit-2-5-mm\/\" \/>\n<meta property=\"og:site_name\" content=\"Merelinn\" \/>\n<meta property=\"article:modified_time\" content=\"2025-05-05T14:46:03+00:00\" \/>\n<meta property=\"og:image\" content=\"https:\/\/merelinn.com\/wp-content\/uploads\/2025\/05\/MID6254044f.webp\" \/>\n\t<meta property=\"og:image:width\" content=\"500\" \/>\n\t<meta property=\"og:image:height\" content=\"500\" \/>\n\t<meta property=\"og:image:type\" content=\"image\/webp\" \/>\n<meta name=\"twitter:card\" content=\"summary_large_image\" \/>\n<meta name=\"twitter:label1\" content=\"Arvioitu lukuaika\" \/>\n\t<meta name=\"twitter:data1\" content=\"2 minuuttia\" \/>\n<script type=\"application\/ld+json\" class=\"yoast-schema-graph\">{\"@context\":\"https:\/\/schema.org\",\"@graph\":[{\"@type\":\"WebPage\",\"@id\":\"https:\/\/merelinn.com\/fi\/tuote\/mirka-deros-ii-625-eu-o-150-mm-orbit-2-5-mm\/\",\"url\":\"https:\/\/merelinn.com\/fi\/tuote\/mirka-deros-ii-625-eu-o-150-mm-orbit-2-5-mm\/\",\"name\":\"irka\u00ae DEROS II 625 EU \u00d8 150 mm, 2,5 mm heilahdus - Merelinn\",\"isPartOf\":{\"@id\":\"https:\/\/merelinn.com\/fi\/#website\"},\"primaryImageOfPage\":{\"@id\":\"https:\/\/merelinn.com\/fi\/tuote\/mirka-deros-ii-625-eu-o-150-mm-orbit-2-5-mm\/#primaryimage\"},\"image\":{\"@id\":\"https:\/\/merelinn.com\/fi\/tuote\/mirka-deros-ii-625-eu-o-150-mm-orbit-2-5-mm\/#primaryimage\"},\"thumbnailUrl\":\"https:\/\/merelinn.com\/wp-content\/uploads\/2025\/05\/MID6254044g.webp\",\"datePublished\":\"2025-05-05T12:03:12+00:00\",\"dateModified\":\"2025-05-05T14:46:03+00:00\",\"breadcrumb\":{\"@id\":\"https:\/\/merelinn.com\/fi\/tuote\/mirka-deros-ii-625-eu-o-150-mm-orbit-2-5-mm\/#breadcrumb\"},\"inLanguage\":\"fi\",\"potentialAction\":[{\"@type\":\"ReadAction\",\"target\":[\"https:\/\/merelinn.com\/fi\/tuote\/mirka-deros-ii-625-eu-o-150-mm-orbit-2-5-mm\/\"]}]},{\"@type\":\"ImageObject\",\"inLanguage\":\"fi\",\"@id\":\"https:\/\/merelinn.com\/fi\/tuote\/mirka-deros-ii-625-eu-o-150-mm-orbit-2-5-mm\/#primaryimage\",\"url\":\"https:\/\/merelinn.com\/wp-content\/uploads\/2025\/05\/MID6254044g.webp\",\"contentUrl\":\"https:\/\/merelinn.com\/wp-content\/uploads\/2025\/05\/MID6254044g.webp\",\"width\":500,\"height\":500},{\"@type\":\"BreadcrumbList\",\"@id\":\"https:\/\/merelinn.com\/fi\/tuote\/mirka-deros-ii-625-eu-o-150-mm-orbit-2-5-mm\/#breadcrumb\",\"itemListElement\":[{\"@type\":\"ListItem\",\"position\":1,\"name\":\"Etusivu\",\"item\":\"https:\/\/merelinn.com\/fi\/\"},{\"@type\":\"ListItem\",\"position\":2,\"name\":\"Kauppa\",\"item\":\"https:\/\/merelinn.com\/fi\/?page_id=1547\"},{\"@type\":\"ListItem\",\"position\":3,\"name\":\"Mirka-ty\u00f6kalut\",\"item\":\"https:\/\/merelinn.com\/fi\/tuote-osasto\/mirka-tools-fi\/\"},{\"@type\":\"ListItem\",\"position\":4,\"name\":\"S\u00e4hk\u00f6hiomakoneet\",\"item\":\"https:\/\/merelinn.com\/fi\/tuote-osasto\/mirka-tools-fi\/electric-sanders-fi\/\"},{\"@type\":\"ListItem\",\"position\":5,\"name\":\"irka\u00ae DEROS II 625 EU \u00d8 150 mm, 2,5 mm heilahdus\"}]},{\"@type\":\"WebSite\",\"@id\":\"https:\/\/merelinn.com\/fi\/#website\",\"url\":\"https:\/\/merelinn.com\/fi\/\",\"name\":\"Merelinn\",\"description\":\"\",\"potentialAction\":[{\"@type\":\"SearchAction\",\"target\":{\"@type\":\"EntryPoint\",\"urlTemplate\":\"https:\/\/merelinn.com\/fi\/?s={search_term_string}\"},\"query-input\":{\"@type\":\"PropertyValueSpecification\",\"valueRequired\":true,\"valueName\":\"search_term_string\"}}],\"inLanguage\":\"fi\"}]}<\/script>\n<!-- \/ Yoast SEO plugin. -->","yoast_head_json":{"title":"irka\u00ae DEROS II 625 EU \u00d8 150 mm, 2,5 mm heilahdus - Merelinn","robots":{"index":"noindex","follow":"follow","max-snippet":"max-snippet:-1","max-image-preview":"max-image-preview:large","max-video-preview":"max-video-preview:-1"},"og_locale":"fi_FI","og_type":"article","og_title":"irka\u00ae DEROS II 625 EU \u00d8 150 mm, 2,5 mm heilahdus - Merelinn","og_description":"Mirka\u00ae DEROS II 625\u00a0on 150 mm:n\u00a0s\u00e4hk\u00f6inen satunnaisorbitaalihiomakone, joka on kehitetty kaiken tyyppisten pintojen tehokkaaseen ja p\u00f6lytt\u00f6m\u00e4\u00e4n hiomiseen.\u00a0Mirka DEROS II 625\u00a0-hiomakoneessa on 150 mm:n\u00a0hiontalevy ja 2,5 mm:n\u00a0heilahdus, joka sopii hienoimpien hioma-aineiden ja esikiillotushionnan tarpeisiin.","og_url":"https:\/\/merelinn.com\/fi\/tuote\/mirka-deros-ii-625-eu-o-150-mm-orbit-2-5-mm\/","og_site_name":"Merelinn","article_modified_time":"2025-05-05T14:46:03+00:00","og_image":[{"width":500,"height":500,"url":"https:\/\/merelinn.com\/wp-content\/uploads\/2025\/05\/MID6254044f.webp","type":"image\/webp"}],"twitter_card":"summary_large_image","twitter_misc":{"Arvioitu lukuaika":"2 minuuttia"},"schema":{"@context":"https:\/\/schema.org","@graph":[{"@type":"WebPage","@id":"https:\/\/merelinn.com\/fi\/tuote\/mirka-deros-ii-625-eu-o-150-mm-orbit-2-5-mm\/","url":"https:\/\/merelinn.com\/fi\/tuote\/mirka-deros-ii-625-eu-o-150-mm-orbit-2-5-mm\/","name":"irka\u00ae DEROS II 625 EU \u00d8 150 mm, 2,5 mm heilahdus - Merelinn","isPartOf":{"@id":"https:\/\/merelinn.com\/fi\/#website"},"primaryImageOfPage":{"@id":"https:\/\/merelinn.com\/fi\/tuote\/mirka-deros-ii-625-eu-o-150-mm-orbit-2-5-mm\/#primaryimage"},"image":{"@id":"https:\/\/merelinn.com\/fi\/tuote\/mirka-deros-ii-625-eu-o-150-mm-orbit-2-5-mm\/#primaryimage"},"thumbnailUrl":"https:\/\/merelinn.com\/wp-content\/uploads\/2025\/05\/MID6254044g.webp","datePublished":"2025-05-05T12:03:12+00:00","dateModified":"2025-05-05T14:46:03+00:00","breadcrumb":{"@id":"https:\/\/merelinn.com\/fi\/tuote\/mirka-deros-ii-625-eu-o-150-mm-orbit-2-5-mm\/#breadcrumb"},"inLanguage":"fi","potentialAction":[{"@type":"ReadAction","target":["https:\/\/merelinn.com\/fi\/tuote\/mirka-deros-ii-625-eu-o-150-mm-orbit-2-5-mm\/"]}]},{"@type":"ImageObject","inLanguage":"fi","@id":"https:\/\/merelinn.com\/fi\/tuote\/mirka-deros-ii-625-eu-o-150-mm-orbit-2-5-mm\/#primaryimage","url":"https:\/\/merelinn.com\/wp-content\/uploads\/2025\/05\/MID6254044g.webp","contentUrl":"https:\/\/merelinn.com\/wp-content\/uploads\/2025\/05\/MID6254044g.webp","width":500,"height":500},{"@type":"BreadcrumbList","@id":"https:\/\/merelinn.com\/fi\/tuote\/mirka-deros-ii-625-eu-o-150-mm-orbit-2-5-mm\/#breadcrumb","itemListElement":[{"@type":"ListItem","position":1,"name":"Etusivu","item":"https:\/\/merelinn.com\/fi\/"},{"@type":"ListItem","position":2,"name":"Kauppa","item":"https:\/\/merelinn.com\/fi\/?page_id=1547"},{"@type":"ListItem","position":3,"name":"Mirka-ty\u00f6kalut","item":"https:\/\/merelinn.com\/fi\/tuote-osasto\/mirka-tools-fi\/"},{"@type":"ListItem","position":4,"name":"S\u00e4hk\u00f6hiomakoneet","item":"https:\/\/merelinn.com\/fi\/tuote-osasto\/mirka-tools-fi\/electric-sanders-fi\/"},{"@type":"ListItem","position":5,"name":"irka\u00ae DEROS II 625 EU \u00d8 150 mm, 2,5 mm heilahdus"}]},{"@type":"WebSite","@id":"https:\/\/merelinn.com\/fi\/#website","url":"https:\/\/merelinn.com\/fi\/","name":"Merelinn","description":"","potentialAction":[{"@type":"SearchAction","target":{"@type":"EntryPoint","urlTemplate":"https:\/\/merelinn.com\/fi\/?s={search_term_string}"},"query-input":{"@type":"PropertyValueSpecification","valueRequired":true,"valueName":"search_term_string"}}],"inLanguage":"fi"}]}},"_links":{"self":[{"href":"https:\/\/merelinn.com\/fi\/wp-json\/wp\/v2\/product\/5347","targetHints":{"allow":["GET"]}}],"collection":[{"href":"https:\/\/merelinn.com\/fi\/wp-json\/wp\/v2\/product"}],"about":[{"href":"https:\/\/merelinn.com\/fi\/wp-json\/wp\/v2\/types\/product"}],"replies":[{"embeddable":true,"href":"https:\/\/merelinn.com\/fi\/wp-json\/wp\/v2\/comments?post=5347"}],"version-history":[{"count":1,"href":"https:\/\/merelinn.com\/fi\/wp-json\/wp\/v2\/product\/5347\/revisions"}],"predecessor-version":[{"id":5360,"href":"https:\/\/merelinn.com\/fi\/wp-json\/wp\/v2\/product\/5347\/revisions\/5360"}],"wp:featuredmedia":[{"embeddable":true,"href":"https:\/\/merelinn.com\/fi\/wp-json\/wp\/v2\/media\/5308"}],"wp:attachment":[{"href":"https:\/\/merelinn.com\/fi\/wp-json\/wp\/v2\/media?parent=5347"}],"wp:term":[{"taxonomy":"product_brand","embeddable":true,"href":"https:\/\/merelinn.com\/fi\/wp-json\/wp\/v2\/product_brand?post=5347"},{"taxonomy":"product_cat","embeddable":true,"href":"https:\/\/merelinn.com\/fi\/wp-json\/wp\/v2\/product_cat?post=5347"},{"taxonomy":"product_tag","embeddable":true,"href":"https:\/\/merelinn.com\/fi\/wp-json\/wp\/v2\/product_tag?post=5347"}],"curies":[{"name":"wp","href":"https:\/\/api.w.org\/{rel}","templated":true}]}}