{"id":5336,"date":"2025-05-05T14:47:10","date_gmt":"2025-05-05T11:47:10","guid":{"rendered":"https:\/\/merelinn.com\/product\/olli-anti-shock-low-friction-ring-aluminium-s-size\/"},"modified":"2025-05-16T12:16:59","modified_gmt":"2025-05-16T09:16:59","slug":"olli-anti-shock-low-friction-ring-aluminium-s-size","status":"publish","type":"product","link":"https:\/\/merelinn.com\/fi\/tuote\/olli-anti-shock-low-friction-ring-aluminium-s-size\/","title":{"rendered":"Olli\u2122 &#8211; Iskunvaimennettava matalan kitkan rengas"},"content":{"rendered":"<p class=\"ds-markdown-paragraph\"><strong>Olli\u2122 edut:<\/strong><\/p>\n<ul>\n<li>\n<p class=\"ds-markdown-paragraph\"><strong>Kansisuojaus:<\/strong>\u00a0Erikoiskumikerros vaimentaa iskut ja est\u00e4\u00e4 pinnan vaurioitumisen.<\/p>\n<\/li>\n<li>\n<p class=\"ds-markdown-paragraph\"><strong>Laadukkaat materiaalit:<\/strong>\u00a0Kokolumiiniumista CNC-koneistettu lujuuteen ja luotettavuuteen.<\/p>\n<\/li>\n<li>\n<p class=\"ds-markdown-paragraph\"><strong>Korroosionkest\u00e4vyys:<\/strong>\u00a0Merenk\u00e4ytt\u00f6\u00f6n soveltuva anodointi ja kaksoiskumip\u00e4\u00e4llyste suojaavat meriolosuhteissa.<\/p>\n<\/li>\n<li>\n<p class=\"ds-markdown-paragraph\"><strong>Monik\u00e4ytt\u00f6isyys:<\/strong>\u00a0Sopii erityyppisille aluksille ja riggausj\u00e4rjestelmille.<\/p>\n<\/li>\n<\/ul>\n<p>&nbsp;<\/p>\n<p class=\"ds-markdown-paragraph\"><strong>Tekniset tiedot:<\/strong><\/p>\n<ul>\n<li>\n<p class=\"ds-markdown-paragraph\">Materiaali: Anodisoitu alumiini<\/p>\n<\/li>\n<li>\n<p class=\"ds-markdown-paragraph\">P\u00e4\u00e4llyste: Kaksoiskumisuojaus<\/p>\n<\/li>\n<li>\n<p class=\"ds-markdown-paragraph\">Valmistus: Italialaisella tarkkatekniikalla<\/p>\n<\/li>\n<\/ul>\n<p>&nbsp;<\/p>\n<p class=\"ds-markdown-paragraph\">Valitsemalla Olli\u2122 -tuotteen sijoitat aluksesi pitk\u00e4ik\u00e4isyyteen ja turvallisuuteen.<br \/>\n\u00c4l\u00e4 missaa mahdollisuutta p\u00e4ivitt\u00e4\u00e4 takilasi huipputeknologiaan.<br \/>\n<strong>Tilaa Olli\u2122 jo t\u00e4n\u00e4\u00e4n ja koe ero laadussa ja luotettavuudessa!<\/strong><\/p>\n","protected":false},"excerpt":{"rendered":"<p><strong>Olli\u2122<\/strong>\u00a0\u2013 Innovatiivinen matalan kitkan iskunvaimennettava rengas, suunniteltu kansi suojaamiseen ja riggauksen tehostamiseen.<br \/>\nPatentoidun kumip\u00e4\u00e4llysteens\u00e4 ansiosta Olli\u2122 est\u00e4\u00e4 vaurioita ja naarmuja kannella, varmistaen pitk\u00e4ik\u00e4isyyden ja \u00e4\u00e4net\u00f6n toiminta.<\/p>\n","protected":false},"featured_media":5187,"comment_status":"open","ping_status":"closed","template":"","meta":{"_acf_changed":false},"product_brand":[],"product_cat":[138],"product_tag":[112],"class_list":{"0":"post-5336","1":"product","2":"type-product","3":"status-publish","4":"has-post-thumbnail","6":"product_cat-tackle-ring-fi","7":"product_tag-suosittu","9":"first","10":"instock","11":"taxable","12":"shipping-taxable","13":"purchasable","14":"product-type-variable"},"acf":[],"yoast_head":"<!-- This site is optimized with the Yoast SEO plugin v25.1 - https:\/\/yoast.com\/wordpress\/plugins\/seo\/ -->\n<title>Olli\u2122 - Iskunvaimennettava matalan kitkan rengas - Merelinn<\/title>\n<meta name=\"robots\" content=\"noindex, follow, max-snippet:-1, max-image-preview:large, max-video-preview:-1\" \/>\n<meta property=\"og:locale\" content=\"fi_FI\" \/>\n<meta property=\"og:type\" content=\"article\" \/>\n<meta property=\"og:title\" content=\"Olli\u2122 - Iskunvaimennettava matalan kitkan rengas - Merelinn\" \/>\n<meta property=\"og:description\" content=\"Olli\u2122\u00a0\u2013 Innovatiivinen matalan kitkan iskunvaimennettava rengas, suunniteltu kansi suojaamiseen ja riggauksen tehostamiseen. Patentoidun kumip\u00e4\u00e4llysteens\u00e4 ansiosta Olli\u2122 est\u00e4\u00e4 vaurioita ja naarmuja kannella, varmistaen pitk\u00e4ik\u00e4isyyden ja \u00e4\u00e4net\u00f6n toiminta.\" \/>\n<meta property=\"og:url\" content=\"https:\/\/merelinn.com\/fi\/tuote\/olli-anti-shock-low-friction-ring-aluminium-s-size\/\" \/>\n<meta property=\"og:site_name\" content=\"Merelinn\" \/>\n<meta property=\"article:modified_time\" content=\"2025-05-16T09:16:59+00:00\" \/>\n<meta property=\"og:image\" content=\"https:\/\/merelinn.com\/wp-content\/uploads\/2025\/05\/SRA-__-Olli\u2122-Anti-Shock-solid-ring-aluminium-8.png\" \/>\n\t<meta property=\"og:image:width\" content=\"1080\" \/>\n\t<meta property=\"og:image:height\" content=\"1080\" \/>\n\t<meta property=\"og:image:type\" content=\"image\/png\" \/>\n<meta name=\"twitter:card\" content=\"summary_large_image\" \/>\n<meta name=\"twitter:label1\" content=\"Arvioitu lukuaika\" \/>\n\t<meta name=\"twitter:data1\" content=\"1 minuutti\" \/>\n<script type=\"application\/ld+json\" class=\"yoast-schema-graph\">{\"@context\":\"https:\/\/schema.org\",\"@graph\":[{\"@type\":\"WebPage\",\"@id\":\"https:\/\/merelinn.com\/fi\/tuote\/olli-anti-shock-low-friction-ring-aluminium-s-size\/\",\"url\":\"https:\/\/merelinn.com\/fi\/tuote\/olli-anti-shock-low-friction-ring-aluminium-s-size\/\",\"name\":\"Olli\u2122 - Iskunvaimennettava matalan kitkan rengas - Merelinn\",\"isPartOf\":{\"@id\":\"https:\/\/merelinn.com\/fi\/#website\"},\"primaryImageOfPage\":{\"@id\":\"https:\/\/merelinn.com\/fi\/tuote\/olli-anti-shock-low-friction-ring-aluminium-s-size\/#primaryimage\"},\"image\":{\"@id\":\"https:\/\/merelinn.com\/fi\/tuote\/olli-anti-shock-low-friction-ring-aluminium-s-size\/#primaryimage\"},\"thumbnailUrl\":\"https:\/\/merelinn.com\/wp-content\/uploads\/2025\/05\/SRA-__-Olli\u2122-Anti-Shock-solid-ring-aluminium-8.png\",\"datePublished\":\"2025-05-05T11:47:10+00:00\",\"dateModified\":\"2025-05-16T09:16:59+00:00\",\"breadcrumb\":{\"@id\":\"https:\/\/merelinn.com\/fi\/tuote\/olli-anti-shock-low-friction-ring-aluminium-s-size\/#breadcrumb\"},\"inLanguage\":\"fi\",\"potentialAction\":[{\"@type\":\"ReadAction\",\"target\":[\"https:\/\/merelinn.com\/fi\/tuote\/olli-anti-shock-low-friction-ring-aluminium-s-size\/\"]}]},{\"@type\":\"ImageObject\",\"inLanguage\":\"fi\",\"@id\":\"https:\/\/merelinn.com\/fi\/tuote\/olli-anti-shock-low-friction-ring-aluminium-s-size\/#primaryimage\",\"url\":\"https:\/\/merelinn.com\/wp-content\/uploads\/2025\/05\/SRA-__-Olli\u2122-Anti-Shock-solid-ring-aluminium-8.png\",\"contentUrl\":\"https:\/\/merelinn.com\/wp-content\/uploads\/2025\/05\/SRA-__-Olli\u2122-Anti-Shock-solid-ring-aluminium-8.png\",\"width\":1080,\"height\":1080},{\"@type\":\"BreadcrumbList\",\"@id\":\"https:\/\/merelinn.com\/fi\/tuote\/olli-anti-shock-low-friction-ring-aluminium-s-size\/#breadcrumb\",\"itemListElement\":[{\"@type\":\"ListItem\",\"position\":1,\"name\":\"Etusivu\",\"item\":\"https:\/\/merelinn.com\/fi\/\"},{\"@type\":\"ListItem\",\"position\":2,\"name\":\"Kauppa\",\"item\":\"https:\/\/merelinn.com\/fi\/?page_id=1547\"},{\"@type\":\"ListItem\",\"position\":3,\"name\":\"Taljarinki\",\"item\":\"https:\/\/merelinn.com\/fi\/tuote-osasto\/tackle-ring-fi\/\"},{\"@type\":\"ListItem\",\"position\":4,\"name\":\"Olli\u2122 &#8211; Iskunvaimennettava matalan kitkan rengas\"}]},{\"@type\":\"WebSite\",\"@id\":\"https:\/\/merelinn.com\/fi\/#website\",\"url\":\"https:\/\/merelinn.com\/fi\/\",\"name\":\"Merelinn\",\"description\":\"\",\"potentialAction\":[{\"@type\":\"SearchAction\",\"target\":{\"@type\":\"EntryPoint\",\"urlTemplate\":\"https:\/\/merelinn.com\/fi\/?s={search_term_string}\"},\"query-input\":{\"@type\":\"PropertyValueSpecification\",\"valueRequired\":true,\"valueName\":\"search_term_string\"}}],\"inLanguage\":\"fi\"}]}<\/script>\n<!-- \/ Yoast SEO plugin. -->","yoast_head_json":{"title":"Olli\u2122 - Iskunvaimennettava matalan kitkan rengas - Merelinn","robots":{"index":"noindex","follow":"follow","max-snippet":"max-snippet:-1","max-image-preview":"max-image-preview:large","max-video-preview":"max-video-preview:-1"},"og_locale":"fi_FI","og_type":"article","og_title":"Olli\u2122 - Iskunvaimennettava matalan kitkan rengas - Merelinn","og_description":"Olli\u2122\u00a0\u2013 Innovatiivinen matalan kitkan iskunvaimennettava rengas, suunniteltu kansi suojaamiseen ja riggauksen tehostamiseen. Patentoidun kumip\u00e4\u00e4llysteens\u00e4 ansiosta Olli\u2122 est\u00e4\u00e4 vaurioita ja naarmuja kannella, varmistaen pitk\u00e4ik\u00e4isyyden ja \u00e4\u00e4net\u00f6n toiminta.","og_url":"https:\/\/merelinn.com\/fi\/tuote\/olli-anti-shock-low-friction-ring-aluminium-s-size\/","og_site_name":"Merelinn","article_modified_time":"2025-05-16T09:16:59+00:00","og_image":[{"width":1080,"height":1080,"url":"https:\/\/merelinn.com\/wp-content\/uploads\/2025\/05\/SRA-__-Olli\u2122-Anti-Shock-solid-ring-aluminium-8.png","type":"image\/png"}],"twitter_card":"summary_large_image","twitter_misc":{"Arvioitu lukuaika":"1 minuutti"},"schema":{"@context":"https:\/\/schema.org","@graph":[{"@type":"WebPage","@id":"https:\/\/merelinn.com\/fi\/tuote\/olli-anti-shock-low-friction-ring-aluminium-s-size\/","url":"https:\/\/merelinn.com\/fi\/tuote\/olli-anti-shock-low-friction-ring-aluminium-s-size\/","name":"Olli\u2122 - Iskunvaimennettava matalan kitkan rengas - Merelinn","isPartOf":{"@id":"https:\/\/merelinn.com\/fi\/#website"},"primaryImageOfPage":{"@id":"https:\/\/merelinn.com\/fi\/tuote\/olli-anti-shock-low-friction-ring-aluminium-s-size\/#primaryimage"},"image":{"@id":"https:\/\/merelinn.com\/fi\/tuote\/olli-anti-shock-low-friction-ring-aluminium-s-size\/#primaryimage"},"thumbnailUrl":"https:\/\/merelinn.com\/wp-content\/uploads\/2025\/05\/SRA-__-Olli\u2122-Anti-Shock-solid-ring-aluminium-8.png","datePublished":"2025-05-05T11:47:10+00:00","dateModified":"2025-05-16T09:16:59+00:00","breadcrumb":{"@id":"https:\/\/merelinn.com\/fi\/tuote\/olli-anti-shock-low-friction-ring-aluminium-s-size\/#breadcrumb"},"inLanguage":"fi","potentialAction":[{"@type":"ReadAction","target":["https:\/\/merelinn.com\/fi\/tuote\/olli-anti-shock-low-friction-ring-aluminium-s-size\/"]}]},{"@type":"ImageObject","inLanguage":"fi","@id":"https:\/\/merelinn.com\/fi\/tuote\/olli-anti-shock-low-friction-ring-aluminium-s-size\/#primaryimage","url":"https:\/\/merelinn.com\/wp-content\/uploads\/2025\/05\/SRA-__-Olli\u2122-Anti-Shock-solid-ring-aluminium-8.png","contentUrl":"https:\/\/merelinn.com\/wp-content\/uploads\/2025\/05\/SRA-__-Olli\u2122-Anti-Shock-solid-ring-aluminium-8.png","width":1080,"height":1080},{"@type":"BreadcrumbList","@id":"https:\/\/merelinn.com\/fi\/tuote\/olli-anti-shock-low-friction-ring-aluminium-s-size\/#breadcrumb","itemListElement":[{"@type":"ListItem","position":1,"name":"Etusivu","item":"https:\/\/merelinn.com\/fi\/"},{"@type":"ListItem","position":2,"name":"Kauppa","item":"https:\/\/merelinn.com\/fi\/?page_id=1547"},{"@type":"ListItem","position":3,"name":"Taljarinki","item":"https:\/\/merelinn.com\/fi\/tuote-osasto\/tackle-ring-fi\/"},{"@type":"ListItem","position":4,"name":"Olli\u2122 &#8211; Iskunvaimennettava matalan kitkan rengas"}]},{"@type":"WebSite","@id":"https:\/\/merelinn.com\/fi\/#website","url":"https:\/\/merelinn.com\/fi\/","name":"Merelinn","description":"","potentialAction":[{"@type":"SearchAction","target":{"@type":"EntryPoint","urlTemplate":"https:\/\/merelinn.com\/fi\/?s={search_term_string}"},"query-input":{"@type":"PropertyValueSpecification","valueRequired":true,"valueName":"search_term_string"}}],"inLanguage":"fi"}]}},"_links":{"self":[{"href":"https:\/\/merelinn.com\/fi\/wp-json\/wp\/v2\/product\/5336","targetHints":{"allow":["GET"]}}],"collection":[{"href":"https:\/\/merelinn.com\/fi\/wp-json\/wp\/v2\/product"}],"about":[{"href":"https:\/\/merelinn.com\/fi\/wp-json\/wp\/v2\/types\/product"}],"replies":[{"embeddable":true,"href":"https:\/\/merelinn.com\/fi\/wp-json\/wp\/v2\/comments?post=5336"}],"version-history":[{"count":1,"href":"https:\/\/merelinn.com\/fi\/wp-json\/wp\/v2\/product\/5336\/revisions"}],"predecessor-version":[{"id":5343,"href":"https:\/\/merelinn.com\/fi\/wp-json\/wp\/v2\/product\/5336\/revisions\/5343"}],"wp:featuredmedia":[{"embeddable":true,"href":"https:\/\/merelinn.com\/fi\/wp-json\/wp\/v2\/media\/5187"}],"wp:attachment":[{"href":"https:\/\/merelinn.com\/fi\/wp-json\/wp\/v2\/media?parent=5336"}],"wp:term":[{"taxonomy":"product_brand","embeddable":true,"href":"https:\/\/merelinn.com\/fi\/wp-json\/wp\/v2\/product_brand?post=5336"},{"taxonomy":"product_cat","embeddable":true,"href":"https:\/\/merelinn.com\/fi\/wp-json\/wp\/v2\/product_cat?post=5336"},{"taxonomy":"product_tag","embeddable":true,"href":"https:\/\/merelinn.com\/fi\/wp-json\/wp\/v2\/product_tag?post=5336"}],"curies":[{"name":"wp","href":"https:\/\/api.w.org\/{rel}","templated":true}]}}