{"id":5326,"date":"2025-05-05T14:09:13","date_gmt":"2025-05-05T11:09:13","guid":{"rendered":"https:\/\/merelinn.com\/product\/flipper-foldable-winch-handle-8\/"},"modified":"2025-05-05T16:59:45","modified_gmt":"2025-05-05T13:59:45","slug":"flipper-foldable-winch-handle-8","status":"publish","type":"product","link":"https:\/\/merelinn.com\/fi\/tuote\/flipper-foldable-winch-handle-8\/","title":{"rendered":"Flipper\u2122 &#8211; Taittova vinttikahva 8 tuumaa (20 cm)"},"content":{"rendered":"<p><span style=\"font-weight: 400;\">Tutustu <\/span><b>Flipperiin<\/b><span style=\"font-weight: 400;\"> \u2013 innovatiiviseen vinssikampiin, joka muuttaa pelin s\u00e4\u00e4nn\u00f6t veneess\u00e4. Unohda jatkuva irrottaminen ja etsiminen. Nerokas taittomekanismi mahdollistaa nopean kokoon taittamisen yhdell\u00e4 liikkeell\u00e4 \u2013 ja olet heti valmis toimimaan.<\/span><\/p>\n<p><b>Maksimaalinen tehokkuus<\/b><\/p>\n<p><span style=\"font-weight: 400;\">Skuutit sis\u00e4\u00e4n ja ulos ilman ylim\u00e4\u00e4r\u00e4isi\u00e4 liikkeit\u00e4 \u2013 kampi pysyy paikallaan, ei ole tiell\u00e4 eik\u00e4 katoa.<\/span><\/p>\n<p>&nbsp;<\/p>\n<p><b>T\u00e4ysi luotettavuus<\/b><\/p>\n<p><span style=\"font-weight: 400;\">Ei en\u00e4\u00e4 huolta kampien putoamisesta mereen \u2013 Flipper pysyy mukanasi kaikissa tilanteissa.<\/span><\/p>\n<p>&nbsp;<\/p>\n<p><b>Salamannopeat man\u00f6\u00f6verit<\/b><\/p>\n<p><span style=\"font-weight: 400;\">Ohjaa purjeita kevyesti \u2013 nopeammin, sulavammin ja t\u00e4ydell\u00e4 hallinnalla. Jokainen toimenpide kannella helpottuu.<\/span><\/p>\n<p>&nbsp;<\/p>\n<p><b>Huippulaatua<\/b><\/p>\n<p><span style=\"font-weight: 400;\">Tarkkaa suunnittelua, kulutusta kest\u00e4vi\u00e4 materiaaleja ja pitk\u00e4ik\u00e4isyytt\u00e4. Flipper on kampi, jota et halua koskaan vaihtaa.<\/span><\/p>\n<p>&nbsp;<\/p>\n<p><b>Viimeinen kampi, jonka koskaan tarvitset<\/b><\/p>\n<p><span style=\"font-weight: 400;\">T\u00e4ysin avattuna Flipper toimii kuten tavallinen <\/span><b>20 cm (8 tuumaa)<\/b><span style=\"font-weight: 400;\"> vinssikampi \u2013 tukeva, luotettava ja mukava. T\u00e4ydellisesti tasapainotettu hallittavuuden ja helppouden takaamiseksi jokaisessa man\u00f6\u00f6veriss\u00e4.<\/span><\/p>\n<p>&nbsp;<\/p>\n<p><b>Maailman ensimm\u00e4inen kampi r\u00e4ikk\u00e4toiminnolla<\/b><\/p>\n<p><span style=\"font-weight: 400;\">Ainutlaatuisessa asennossa kampi ulottuu jopa <\/span><b>314 mm (12,36 tuumaa)<\/b><span style=\"font-weight: 400;\"> \u2013 tehden siit\u00e4 <\/span><b>markkinoiden pisimm\u00e4n vivun<\/b><span style=\"font-weight: 400;\">. K\u00e4yt\u00e4 sit\u00e4 r\u00e4ikk\u00e4n\u00e4 maksimaalisen voiman ja tehokkuuden saavuttamiseksi \u2013 erityisesti t\u00e4rkeimmiss\u00e4 hetkiss\u00e4.<\/span><\/p>\n<p>&nbsp;<\/p>\n<p><b>Flipper \u2013 kompakti voima, tarkkuus ja mukavuus yhdess\u00e4 kampissa.<\/b><\/p>\n","protected":false},"excerpt":{"rendered":"<p><b>Flipper \u2013 uuden sukupolven vinssikampi<\/b><span style=\"font-weight: 400;\"><br \/>\n<\/span><span style=\"font-weight: 400;\">Ei en\u00e4\u00e4 s\u00e4\u00e4t\u00f6\u00e4. Vain sin\u00e4 ja tuuli.<\/span><span style=\"font-weight: 400;\"><br \/>\n<\/span><span style=\"font-weight: 400;\">Ei en\u00e4\u00e4 irrottamista tai hukattuja kampia \u2013 taita ja jatka!<\/span><\/p>\n","protected":false},"featured_media":5241,"comment_status":"open","ping_status":"closed","template":"","meta":{"_acf_changed":false},"product_brand":[],"product_cat":[126],"product_tag":[112],"class_list":{"0":"post-5326","1":"product","2":"type-product","3":"status-publish","4":"has-post-thumbnail","6":"product_cat-winch-handle-fi","7":"product_tag-suosittu","9":"first","10":"instock","11":"taxable","12":"shipping-taxable","13":"purchasable","14":"product-type-simple"},"acf":[],"yoast_head":"<!-- This site is optimized with the Yoast SEO plugin v25.1 - https:\/\/yoast.com\/wordpress\/plugins\/seo\/ -->\n<title>Flipper\u2122 - Taittova vinttikahva 8 tuumaa (20 cm) - Merelinn<\/title>\n<meta name=\"robots\" content=\"noindex, follow, max-snippet:-1, max-image-preview:large, max-video-preview:-1\" \/>\n<meta property=\"og:locale\" content=\"fi_FI\" \/>\n<meta property=\"og:type\" content=\"article\" \/>\n<meta property=\"og:title\" content=\"Flipper\u2122 - Taittova vinttikahva 8 tuumaa (20 cm) - Merelinn\" \/>\n<meta property=\"og:description\" content=\"Flipper \u2013 uuden sukupolven vinssikampi Ei en\u00e4\u00e4 s\u00e4\u00e4t\u00f6\u00e4. Vain sin\u00e4 ja tuuli. Ei en\u00e4\u00e4 irrottamista tai hukattuja kampia \u2013 taita ja jatka!\" \/>\n<meta property=\"og:url\" content=\"https:\/\/merelinn.com\/fi\/tuote\/flipper-foldable-winch-handle-8\/\" \/>\n<meta property=\"og:site_name\" content=\"Merelinn\" \/>\n<meta property=\"article:modified_time\" content=\"2025-05-05T13:59:45+00:00\" \/>\n<meta property=\"og:image\" content=\"https:\/\/merelinn.com\/wp-content\/uploads\/2025\/05\/foldable\u2013winch\u2013handle\u2013flipper\u2013easysea-7.png\" \/>\n\t<meta property=\"og:image:width\" content=\"1500\" \/>\n\t<meta property=\"og:image:height\" content=\"1500\" \/>\n\t<meta property=\"og:image:type\" content=\"image\/png\" \/>\n<meta name=\"twitter:card\" content=\"summary_large_image\" \/>\n<meta name=\"twitter:label1\" content=\"Arvioitu lukuaika\" \/>\n\t<meta name=\"twitter:data1\" content=\"2 minuuttia\" \/>\n<script type=\"application\/ld+json\" class=\"yoast-schema-graph\">{\"@context\":\"https:\/\/schema.org\",\"@graph\":[{\"@type\":\"WebPage\",\"@id\":\"https:\/\/merelinn.com\/fi\/tuote\/flipper-foldable-winch-handle-8\/\",\"url\":\"https:\/\/merelinn.com\/fi\/tuote\/flipper-foldable-winch-handle-8\/\",\"name\":\"Flipper\u2122 - Taittova vinttikahva 8 tuumaa (20 cm) - Merelinn\",\"isPartOf\":{\"@id\":\"https:\/\/merelinn.com\/fi\/#website\"},\"primaryImageOfPage\":{\"@id\":\"https:\/\/merelinn.com\/fi\/tuote\/flipper-foldable-winch-handle-8\/#primaryimage\"},\"image\":{\"@id\":\"https:\/\/merelinn.com\/fi\/tuote\/flipper-foldable-winch-handle-8\/#primaryimage\"},\"thumbnailUrl\":\"https:\/\/merelinn.com\/wp-content\/uploads\/2025\/05\/foldable\u2013winch\u2013handle\u2013flipper\u2013easysea-7.png\",\"datePublished\":\"2025-05-05T11:09:13+00:00\",\"dateModified\":\"2025-05-05T13:59:45+00:00\",\"breadcrumb\":{\"@id\":\"https:\/\/merelinn.com\/fi\/tuote\/flipper-foldable-winch-handle-8\/#breadcrumb\"},\"inLanguage\":\"fi\",\"potentialAction\":[{\"@type\":\"ReadAction\",\"target\":[\"https:\/\/merelinn.com\/fi\/tuote\/flipper-foldable-winch-handle-8\/\"]}]},{\"@type\":\"ImageObject\",\"inLanguage\":\"fi\",\"@id\":\"https:\/\/merelinn.com\/fi\/tuote\/flipper-foldable-winch-handle-8\/#primaryimage\",\"url\":\"https:\/\/merelinn.com\/wp-content\/uploads\/2025\/05\/foldable\u2013winch\u2013handle\u2013flipper\u2013easysea-7.png\",\"contentUrl\":\"https:\/\/merelinn.com\/wp-content\/uploads\/2025\/05\/foldable\u2013winch\u2013handle\u2013flipper\u2013easysea-7.png\",\"width\":1500,\"height\":1500},{\"@type\":\"BreadcrumbList\",\"@id\":\"https:\/\/merelinn.com\/fi\/tuote\/flipper-foldable-winch-handle-8\/#breadcrumb\",\"itemListElement\":[{\"@type\":\"ListItem\",\"position\":1,\"name\":\"Etusivu\",\"item\":\"https:\/\/merelinn.com\/fi\/\"},{\"@type\":\"ListItem\",\"position\":2,\"name\":\"Kauppa\",\"item\":\"https:\/\/merelinn.com\/fi\/?page_id=1547\"},{\"@type\":\"ListItem\",\"position\":3,\"name\":\"Vinttikahva\",\"item\":\"https:\/\/merelinn.com\/fi\/tuote-osasto\/winch-handle-fi\/\"},{\"@type\":\"ListItem\",\"position\":4,\"name\":\"Flipper\u2122 &#8212; Taittova vinttikahva 8 tuumaa (20 cm)\"}]},{\"@type\":\"WebSite\",\"@id\":\"https:\/\/merelinn.com\/fi\/#website\",\"url\":\"https:\/\/merelinn.com\/fi\/\",\"name\":\"Merelinn\",\"description\":\"\",\"potentialAction\":[{\"@type\":\"SearchAction\",\"target\":{\"@type\":\"EntryPoint\",\"urlTemplate\":\"https:\/\/merelinn.com\/fi\/?s={search_term_string}\"},\"query-input\":{\"@type\":\"PropertyValueSpecification\",\"valueRequired\":true,\"valueName\":\"search_term_string\"}}],\"inLanguage\":\"fi\"}]}<\/script>\n<!-- \/ Yoast SEO plugin. -->","yoast_head_json":{"title":"Flipper\u2122 - Taittova vinttikahva 8 tuumaa (20 cm) - Merelinn","robots":{"index":"noindex","follow":"follow","max-snippet":"max-snippet:-1","max-image-preview":"max-image-preview:large","max-video-preview":"max-video-preview:-1"},"og_locale":"fi_FI","og_type":"article","og_title":"Flipper\u2122 - Taittova vinttikahva 8 tuumaa (20 cm) - Merelinn","og_description":"Flipper \u2013 uuden sukupolven vinssikampi Ei en\u00e4\u00e4 s\u00e4\u00e4t\u00f6\u00e4. Vain sin\u00e4 ja tuuli. Ei en\u00e4\u00e4 irrottamista tai hukattuja kampia \u2013 taita ja jatka!","og_url":"https:\/\/merelinn.com\/fi\/tuote\/flipper-foldable-winch-handle-8\/","og_site_name":"Merelinn","article_modified_time":"2025-05-05T13:59:45+00:00","og_image":[{"width":1500,"height":1500,"url":"https:\/\/merelinn.com\/wp-content\/uploads\/2025\/05\/foldable\u2013winch\u2013handle\u2013flipper\u2013easysea-7.png","type":"image\/png"}],"twitter_card":"summary_large_image","twitter_misc":{"Arvioitu lukuaika":"2 minuuttia"},"schema":{"@context":"https:\/\/schema.org","@graph":[{"@type":"WebPage","@id":"https:\/\/merelinn.com\/fi\/tuote\/flipper-foldable-winch-handle-8\/","url":"https:\/\/merelinn.com\/fi\/tuote\/flipper-foldable-winch-handle-8\/","name":"Flipper\u2122 - Taittova vinttikahva 8 tuumaa (20 cm) - Merelinn","isPartOf":{"@id":"https:\/\/merelinn.com\/fi\/#website"},"primaryImageOfPage":{"@id":"https:\/\/merelinn.com\/fi\/tuote\/flipper-foldable-winch-handle-8\/#primaryimage"},"image":{"@id":"https:\/\/merelinn.com\/fi\/tuote\/flipper-foldable-winch-handle-8\/#primaryimage"},"thumbnailUrl":"https:\/\/merelinn.com\/wp-content\/uploads\/2025\/05\/foldable\u2013winch\u2013handle\u2013flipper\u2013easysea-7.png","datePublished":"2025-05-05T11:09:13+00:00","dateModified":"2025-05-05T13:59:45+00:00","breadcrumb":{"@id":"https:\/\/merelinn.com\/fi\/tuote\/flipper-foldable-winch-handle-8\/#breadcrumb"},"inLanguage":"fi","potentialAction":[{"@type":"ReadAction","target":["https:\/\/merelinn.com\/fi\/tuote\/flipper-foldable-winch-handle-8\/"]}]},{"@type":"ImageObject","inLanguage":"fi","@id":"https:\/\/merelinn.com\/fi\/tuote\/flipper-foldable-winch-handle-8\/#primaryimage","url":"https:\/\/merelinn.com\/wp-content\/uploads\/2025\/05\/foldable\u2013winch\u2013handle\u2013flipper\u2013easysea-7.png","contentUrl":"https:\/\/merelinn.com\/wp-content\/uploads\/2025\/05\/foldable\u2013winch\u2013handle\u2013flipper\u2013easysea-7.png","width":1500,"height":1500},{"@type":"BreadcrumbList","@id":"https:\/\/merelinn.com\/fi\/tuote\/flipper-foldable-winch-handle-8\/#breadcrumb","itemListElement":[{"@type":"ListItem","position":1,"name":"Etusivu","item":"https:\/\/merelinn.com\/fi\/"},{"@type":"ListItem","position":2,"name":"Kauppa","item":"https:\/\/merelinn.com\/fi\/?page_id=1547"},{"@type":"ListItem","position":3,"name":"Vinttikahva","item":"https:\/\/merelinn.com\/fi\/tuote-osasto\/winch-handle-fi\/"},{"@type":"ListItem","position":4,"name":"Flipper\u2122 &#8212; Taittova vinttikahva 8 tuumaa (20 cm)"}]},{"@type":"WebSite","@id":"https:\/\/merelinn.com\/fi\/#website","url":"https:\/\/merelinn.com\/fi\/","name":"Merelinn","description":"","potentialAction":[{"@type":"SearchAction","target":{"@type":"EntryPoint","urlTemplate":"https:\/\/merelinn.com\/fi\/?s={search_term_string}"},"query-input":{"@type":"PropertyValueSpecification","valueRequired":true,"valueName":"search_term_string"}}],"inLanguage":"fi"}]}},"_links":{"self":[{"href":"https:\/\/merelinn.com\/fi\/wp-json\/wp\/v2\/product\/5326","targetHints":{"allow":["GET"]}}],"collection":[{"href":"https:\/\/merelinn.com\/fi\/wp-json\/wp\/v2\/product"}],"about":[{"href":"https:\/\/merelinn.com\/fi\/wp-json\/wp\/v2\/types\/product"}],"replies":[{"embeddable":true,"href":"https:\/\/merelinn.com\/fi\/wp-json\/wp\/v2\/comments?post=5326"}],"version-history":[{"count":1,"href":"https:\/\/merelinn.com\/fi\/wp-json\/wp\/v2\/product\/5326\/revisions"}],"predecessor-version":[{"id":5333,"href":"https:\/\/merelinn.com\/fi\/wp-json\/wp\/v2\/product\/5326\/revisions\/5333"}],"wp:featuredmedia":[{"embeddable":true,"href":"https:\/\/merelinn.com\/fi\/wp-json\/wp\/v2\/media\/5241"}],"wp:attachment":[{"href":"https:\/\/merelinn.com\/fi\/wp-json\/wp\/v2\/media?parent=5326"}],"wp:term":[{"taxonomy":"product_brand","embeddable":true,"href":"https:\/\/merelinn.com\/fi\/wp-json\/wp\/v2\/product_brand?post=5326"},{"taxonomy":"product_cat","embeddable":true,"href":"https:\/\/merelinn.com\/fi\/wp-json\/wp\/v2\/product_cat?post=5326"},{"taxonomy":"product_tag","embeddable":true,"href":"https:\/\/merelinn.com\/fi\/wp-json\/wp\/v2\/product_tag?post=5326"}],"curies":[{"name":"wp","href":"https:\/\/api.w.org\/{rel}","templated":true}]}}