{"id":3290,"date":"2025-04-09T16:42:58","date_gmt":"2025-04-09T13:42:58","guid":{"rendered":"https:\/\/merelinn.com\/services\/washing-cleaning\/"},"modified":"2025-04-16T18:59:13","modified_gmt":"2025-04-16T15:59:13","slug":"pesu-ja-puhdistus","status":"publish","type":"page","link":"https:\/\/merelinn.com\/fi\/palvelut\/pesu-ja-puhdistus\/","title":{"rendered":"Pesu ja puhdistus"},"content":{"rendered":"","protected":false},"excerpt":{"rendered":"<p>S\u00e4\u00e4nn\u00f6llinen veneen pesu helpottaa tulevaa huoltoa, ja puhdas sisustus tuo mukavuutta ja viihtyisyytt\u00e4.<\/p>\n","protected":false},"author":1,"featured_media":2074,"parent":3250,"menu_order":0,"comment_status":"closed","ping_status":"closed","template":"","meta":{"_acf_changed":false,"footnotes":""},"categories":[87],"tags":[],"class_list":["post-3290","page","type-page","status-publish","has-post-thumbnail","hentry","category-services-fi"],"acf":{"photo_gallery":{"images":[[]]}},"yoast_head":"<!-- This site is optimized with the Yoast SEO plugin v25.1 - https:\/\/yoast.com\/wordpress\/plugins\/seo\/ -->\n<title>Pesu ja puhdistus - Merelinn<\/title>\n<meta name=\"robots\" content=\"noindex, follow, max-snippet:-1, max-image-preview:large, max-video-preview:-1\" \/>\n<meta property=\"og:locale\" content=\"fi_FI\" \/>\n<meta property=\"og:type\" content=\"article\" \/>\n<meta property=\"og:title\" content=\"Pesu ja puhdistus - Merelinn\" \/>\n<meta property=\"og:description\" content=\"S\u00e4\u00e4nn\u00f6llinen veneen pesu helpottaa tulevaa huoltoa, ja puhdas sisustus tuo mukavuutta ja viihtyisyytt\u00e4.\" \/>\n<meta property=\"og:url\" content=\"https:\/\/merelinn.com\/fi\/palvelut\/pesu-ja-puhdistus\/\" \/>\n<meta property=\"og:site_name\" content=\"Merelinn\" \/>\n<meta property=\"article:modified_time\" content=\"2025-04-16T15:59:13+00:00\" \/>\n<meta property=\"og:image\" content=\"https:\/\/merelinn.com\/wp-content\/uploads\/2025\/04\/raimond-klavins-YnpQGfWzmnQ-unsplash.jpg\" \/>\n\t<meta property=\"og:image:width\" content=\"1920\" \/>\n\t<meta property=\"og:image:height\" content=\"1280\" \/>\n\t<meta property=\"og:image:type\" content=\"image\/jpeg\" \/>\n<meta name=\"twitter:card\" content=\"summary_large_image\" \/>\n<meta name=\"twitter:label1\" content=\"Arvioitu lukuaika\" \/>\n\t<meta name=\"twitter:data1\" content=\"1 minuutti\" \/>\n<script type=\"application\/ld+json\" class=\"yoast-schema-graph\">{\"@context\":\"https:\/\/schema.org\",\"@graph\":[{\"@type\":\"WebPage\",\"@id\":\"https:\/\/merelinn.com\/fi\/palvelut\/pesu-ja-puhdistus\/\",\"url\":\"https:\/\/merelinn.com\/fi\/palvelut\/pesu-ja-puhdistus\/\",\"name\":\"Pesu ja puhdistus - Merelinn\",\"isPartOf\":{\"@id\":\"https:\/\/merelinn.com\/fi\/#website\"},\"primaryImageOfPage\":{\"@id\":\"https:\/\/merelinn.com\/fi\/palvelut\/pesu-ja-puhdistus\/#primaryimage\"},\"image\":{\"@id\":\"https:\/\/merelinn.com\/fi\/palvelut\/pesu-ja-puhdistus\/#primaryimage\"},\"thumbnailUrl\":\"https:\/\/merelinn.com\/wp-content\/uploads\/2025\/04\/raimond-klavins-YnpQGfWzmnQ-unsplash.jpg\",\"datePublished\":\"2025-04-09T13:42:58+00:00\",\"dateModified\":\"2025-04-16T15:59:13+00:00\",\"breadcrumb\":{\"@id\":\"https:\/\/merelinn.com\/fi\/palvelut\/pesu-ja-puhdistus\/#breadcrumb\"},\"inLanguage\":\"fi\",\"potentialAction\":[{\"@type\":\"ReadAction\",\"target\":[\"https:\/\/merelinn.com\/fi\/palvelut\/pesu-ja-puhdistus\/\"]}]},{\"@type\":\"ImageObject\",\"inLanguage\":\"fi\",\"@id\":\"https:\/\/merelinn.com\/fi\/palvelut\/pesu-ja-puhdistus\/#primaryimage\",\"url\":\"https:\/\/merelinn.com\/wp-content\/uploads\/2025\/04\/raimond-klavins-YnpQGfWzmnQ-unsplash.jpg\",\"contentUrl\":\"https:\/\/merelinn.com\/wp-content\/uploads\/2025\/04\/raimond-klavins-YnpQGfWzmnQ-unsplash.jpg\",\"width\":1920,\"height\":1280},{\"@type\":\"BreadcrumbList\",\"@id\":\"https:\/\/merelinn.com\/fi\/palvelut\/pesu-ja-puhdistus\/#breadcrumb\",\"itemListElement\":[{\"@type\":\"ListItem\",\"position\":1,\"name\":\"Etusivu\",\"item\":\"https:\/\/merelinn.com\/fi\/\"},{\"@type\":\"ListItem\",\"position\":2,\"name\":\"Palvelut\",\"item\":\"https:\/\/merelinn.com\/fi\/palvelut\/\"},{\"@type\":\"ListItem\",\"position\":3,\"name\":\"Pesu ja puhdistus\"}]},{\"@type\":\"WebSite\",\"@id\":\"https:\/\/merelinn.com\/fi\/#website\",\"url\":\"https:\/\/merelinn.com\/fi\/\",\"name\":\"Merelinn\",\"description\":\"\",\"potentialAction\":[{\"@type\":\"SearchAction\",\"target\":{\"@type\":\"EntryPoint\",\"urlTemplate\":\"https:\/\/merelinn.com\/fi\/?s={search_term_string}\"},\"query-input\":{\"@type\":\"PropertyValueSpecification\",\"valueRequired\":true,\"valueName\":\"search_term_string\"}}],\"inLanguage\":\"fi\"}]}<\/script>\n<!-- \/ Yoast SEO plugin. -->","yoast_head_json":{"title":"Pesu ja puhdistus - Merelinn","robots":{"index":"noindex","follow":"follow","max-snippet":"max-snippet:-1","max-image-preview":"max-image-preview:large","max-video-preview":"max-video-preview:-1"},"og_locale":"fi_FI","og_type":"article","og_title":"Pesu ja puhdistus - Merelinn","og_description":"S\u00e4\u00e4nn\u00f6llinen veneen pesu helpottaa tulevaa huoltoa, ja puhdas sisustus tuo mukavuutta ja viihtyisyytt\u00e4.","og_url":"https:\/\/merelinn.com\/fi\/palvelut\/pesu-ja-puhdistus\/","og_site_name":"Merelinn","article_modified_time":"2025-04-16T15:59:13+00:00","og_image":[{"width":1920,"height":1280,"url":"https:\/\/merelinn.com\/wp-content\/uploads\/2025\/04\/raimond-klavins-YnpQGfWzmnQ-unsplash.jpg","type":"image\/jpeg"}],"twitter_card":"summary_large_image","twitter_misc":{"Arvioitu lukuaika":"1 minuutti"},"schema":{"@context":"https:\/\/schema.org","@graph":[{"@type":"WebPage","@id":"https:\/\/merelinn.com\/fi\/palvelut\/pesu-ja-puhdistus\/","url":"https:\/\/merelinn.com\/fi\/palvelut\/pesu-ja-puhdistus\/","name":"Pesu ja puhdistus - Merelinn","isPartOf":{"@id":"https:\/\/merelinn.com\/fi\/#website"},"primaryImageOfPage":{"@id":"https:\/\/merelinn.com\/fi\/palvelut\/pesu-ja-puhdistus\/#primaryimage"},"image":{"@id":"https:\/\/merelinn.com\/fi\/palvelut\/pesu-ja-puhdistus\/#primaryimage"},"thumbnailUrl":"https:\/\/merelinn.com\/wp-content\/uploads\/2025\/04\/raimond-klavins-YnpQGfWzmnQ-unsplash.jpg","datePublished":"2025-04-09T13:42:58+00:00","dateModified":"2025-04-16T15:59:13+00:00","breadcrumb":{"@id":"https:\/\/merelinn.com\/fi\/palvelut\/pesu-ja-puhdistus\/#breadcrumb"},"inLanguage":"fi","potentialAction":[{"@type":"ReadAction","target":["https:\/\/merelinn.com\/fi\/palvelut\/pesu-ja-puhdistus\/"]}]},{"@type":"ImageObject","inLanguage":"fi","@id":"https:\/\/merelinn.com\/fi\/palvelut\/pesu-ja-puhdistus\/#primaryimage","url":"https:\/\/merelinn.com\/wp-content\/uploads\/2025\/04\/raimond-klavins-YnpQGfWzmnQ-unsplash.jpg","contentUrl":"https:\/\/merelinn.com\/wp-content\/uploads\/2025\/04\/raimond-klavins-YnpQGfWzmnQ-unsplash.jpg","width":1920,"height":1280},{"@type":"BreadcrumbList","@id":"https:\/\/merelinn.com\/fi\/palvelut\/pesu-ja-puhdistus\/#breadcrumb","itemListElement":[{"@type":"ListItem","position":1,"name":"Etusivu","item":"https:\/\/merelinn.com\/fi\/"},{"@type":"ListItem","position":2,"name":"Palvelut","item":"https:\/\/merelinn.com\/fi\/palvelut\/"},{"@type":"ListItem","position":3,"name":"Pesu ja puhdistus"}]},{"@type":"WebSite","@id":"https:\/\/merelinn.com\/fi\/#website","url":"https:\/\/merelinn.com\/fi\/","name":"Merelinn","description":"","potentialAction":[{"@type":"SearchAction","target":{"@type":"EntryPoint","urlTemplate":"https:\/\/merelinn.com\/fi\/?s={search_term_string}"},"query-input":{"@type":"PropertyValueSpecification","valueRequired":true,"valueName":"search_term_string"}}],"inLanguage":"fi"}]}},"_links":{"self":[{"href":"https:\/\/merelinn.com\/fi\/wp-json\/wp\/v2\/pages\/3290","targetHints":{"allow":["GET"]}}],"collection":[{"href":"https:\/\/merelinn.com\/fi\/wp-json\/wp\/v2\/pages"}],"about":[{"href":"https:\/\/merelinn.com\/fi\/wp-json\/wp\/v2\/types\/page"}],"author":[{"embeddable":true,"href":"https:\/\/merelinn.com\/fi\/wp-json\/wp\/v2\/users\/1"}],"replies":[{"embeddable":true,"href":"https:\/\/merelinn.com\/fi\/wp-json\/wp\/v2\/comments?post=3290"}],"version-history":[{"count":3,"href":"https:\/\/merelinn.com\/fi\/wp-json\/wp\/v2\/pages\/3290\/revisions"}],"predecessor-version":[{"id":3423,"href":"https:\/\/merelinn.com\/fi\/wp-json\/wp\/v2\/pages\/3290\/revisions\/3423"}],"up":[{"embeddable":true,"href":"https:\/\/merelinn.com\/fi\/wp-json\/wp\/v2\/pages\/3250"}],"wp:featuredmedia":[{"embeddable":true,"href":"https:\/\/merelinn.com\/fi\/wp-json\/wp\/v2\/media\/2074"}],"wp:attachment":[{"href":"https:\/\/merelinn.com\/fi\/wp-json\/wp\/v2\/media?parent=3290"}],"wp:term":[{"taxonomy":"category","embeddable":true,"href":"https:\/\/merelinn.com\/fi\/wp-json\/wp\/v2\/categories?post=3290"},{"taxonomy":"post_tag","embeddable":true,"href":"https:\/\/merelinn.com\/fi\/wp-json\/wp\/v2\/tags?post=3290"}],"curies":[{"name":"wp","href":"https:\/\/api.w.org\/{rel}","templated":true}]}}