{"id":3285,"date":"2025-04-09T11:16:47","date_gmt":"2025-04-09T08:16:47","guid":{"rendered":"https:\/\/merelinn.com\/services\/synthetic-teak\/"},"modified":"2026-01-26T20:46:21","modified_gmt":"2026-01-26T17:46:21","slug":"synteettinen-tiikki","status":"publish","type":"page","link":"https:\/\/merelinn.com\/fi\/palvelut\/synteettinen-tiikki\/","title":{"rendered":"Synteettinen tiikki"},"content":{"rendered":"","protected":false},"excerpt":{"rendered":"<p>Synteettinen tiikkikansiverhous yhdelt\u00e4 alan johtavista materiaalien ja paneelien valmistajista \u2014 BMF. K\u00e4yt\u00f6ss\u00e4 Teektrue- ja Deckfab-j\u00e4rjestelm\u00e4t.<\/p>\n","protected":false},"author":1,"featured_media":7579,"parent":3250,"menu_order":0,"comment_status":"closed","ping_status":"closed","template":"","meta":{"_acf_changed":false,"footnotes":""},"categories":[87],"tags":[],"class_list":["post-3285","page","type-page","status-publish","has-post-thumbnail","hentry","category-services-fi"],"acf":{"photo_gallery":{"images":[[{"id":2997,"title":"synth_teak_1","caption":"","full_image_url":"https:\/\/merelinn.com\/wp-content\/uploads\/2025\/04\/synth_teak_1.jpg","thumbnail_image_url":"https:\/\/merelinn.com\/wp-content\/uploads\/2025\/04\/synth_teak_1-150x150.jpg","large_srcset":"https:\/\/merelinn.com\/wp-content\/uploads\/2025\/04\/synth_teak_1.jpg 544w, https:\/\/merelinn.com\/wp-content\/uploads\/2025\/04\/synth_teak_1-225x300.jpg 225w","medium_srcset":"https:\/\/merelinn.com\/wp-content\/uploads\/2025\/04\/synth_teak_1-225x300.jpg 225w, https:\/\/merelinn.com\/wp-content\/uploads\/2025\/04\/synth_teak_1.jpg 544w","media_details":{"width":544,"height":725,"sizes":{"medium":{"file":"synth_teak_1-225x300.jpg","width":225,"height":300,"mime-type":"image\/jpeg","filesize":15281,"source_url":"https:\/\/merelinn.com\/wp-content\/uploads\/2025\/04\/synth_teak_1-225x300.jpg"},"thumbnail":{"file":"synth_teak_1-150x150.jpg","width":150,"height":150,"mime-type":"image\/jpeg","filesize":5947,"source_url":"https:\/\/merelinn.com\/wp-content\/uploads\/2025\/04\/synth_teak_1-150x150.jpg"},"woocommerce_thumbnail":{"file":"synth_teak_1-300x300.jpg","width":300,"height":300,"mime-type":"image\/jpeg","filesize":21177,"source_url":"https:\/\/merelinn.com\/wp-content\/uploads\/2025\/04\/synth_teak_1-300x300.jpg"},"woocommerce_gallery_thumbnail":{"file":"synth_teak_1-100x100.jpg","width":100,"height":100,"mime-type":"image\/jpeg","filesize":3040,"source_url":"https:\/\/merelinn.com\/wp-content\/uploads\/2025\/04\/synth_teak_1-100x100.jpg"}}},"alt_text":"","url":"","target":""}]]}},"yoast_head":"<!-- This site is optimized with the Yoast SEO plugin v25.1 - https:\/\/yoast.com\/wordpress\/plugins\/seo\/ -->\n<title>Synteettinen tiikki - Merelinn<\/title>\n<meta name=\"description\" content=\"Synteettinen tiikkikansiverhous yhdelt\u00e4 alan johtavista materiaalien ja paneelien valmistajista \u2014 BMF. K\u00e4yt\u00f6ss\u00e4 Teektrue- ja Deckfab-j\u00e4rjestelm\u00e4t.\" \/>\n<meta name=\"robots\" content=\"noindex, follow, max-snippet:-1, max-image-preview:large, max-video-preview:-1\" \/>\n<meta property=\"og:locale\" content=\"fi_FI\" \/>\n<meta property=\"og:type\" content=\"article\" \/>\n<meta property=\"og:title\" content=\"Synteettinen tiikki - Merelinn\" \/>\n<meta property=\"og:description\" content=\"Synteettinen tiikkikansiverhous yhdelt\u00e4 alan johtavista materiaalien ja paneelien valmistajista \u2014 BMF. K\u00e4yt\u00f6ss\u00e4 Teektrue- ja Deckfab-j\u00e4rjestelm\u00e4t.\" \/>\n<meta property=\"og:url\" content=\"https:\/\/merelinn.com\/fi\/palvelut\/synteettinen-tiikki\/\" \/>\n<meta property=\"og:site_name\" content=\"Merelinn\" \/>\n<meta property=\"article:modified_time\" content=\"2026-01-26T17:46:21+00:00\" \/>\n<meta property=\"og:image\" content=\"https:\/\/merelinn.com\/wp-content\/uploads\/2026\/01\/IMG_5782.jpeg\" \/>\n\t<meta property=\"og:image:width\" content=\"1215\" \/>\n\t<meta property=\"og:image:height\" content=\"797\" \/>\n\t<meta property=\"og:image:type\" content=\"image\/jpeg\" \/>\n<meta name=\"twitter:card\" content=\"summary_large_image\" \/>\n<meta name=\"twitter:label1\" content=\"Arvioitu lukuaika\" \/>\n\t<meta name=\"twitter:data1\" content=\"1 minuutti\" \/>\n<script type=\"application\/ld+json\" class=\"yoast-schema-graph\">{\"@context\":\"https:\/\/schema.org\",\"@graph\":[{\"@type\":\"WebPage\",\"@id\":\"https:\/\/merelinn.com\/fi\/palvelut\/synteettinen-tiikki\/\",\"url\":\"https:\/\/merelinn.com\/fi\/palvelut\/synteettinen-tiikki\/\",\"name\":\"Synteettinen tiikki - Merelinn\",\"isPartOf\":{\"@id\":\"https:\/\/merelinn.com\/fi\/#website\"},\"primaryImageOfPage\":{\"@id\":\"https:\/\/merelinn.com\/fi\/palvelut\/synteettinen-tiikki\/#primaryimage\"},\"image\":{\"@id\":\"https:\/\/merelinn.com\/fi\/palvelut\/synteettinen-tiikki\/#primaryimage\"},\"thumbnailUrl\":\"https:\/\/merelinn.com\/wp-content\/uploads\/2026\/01\/IMG_5782.jpeg\",\"datePublished\":\"2025-04-09T08:16:47+00:00\",\"dateModified\":\"2026-01-26T17:46:21+00:00\",\"description\":\"Synteettinen tiikkikansiverhous yhdelt\u00e4 alan johtavista materiaalien ja paneelien valmistajista \u2014 BMF. K\u00e4yt\u00f6ss\u00e4 Teektrue- ja Deckfab-j\u00e4rjestelm\u00e4t.\",\"breadcrumb\":{\"@id\":\"https:\/\/merelinn.com\/fi\/palvelut\/synteettinen-tiikki\/#breadcrumb\"},\"inLanguage\":\"fi\",\"potentialAction\":[{\"@type\":\"ReadAction\",\"target\":[\"https:\/\/merelinn.com\/fi\/palvelut\/synteettinen-tiikki\/\"]}]},{\"@type\":\"ImageObject\",\"inLanguage\":\"fi\",\"@id\":\"https:\/\/merelinn.com\/fi\/palvelut\/synteettinen-tiikki\/#primaryimage\",\"url\":\"https:\/\/merelinn.com\/wp-content\/uploads\/2026\/01\/IMG_5782.jpeg\",\"contentUrl\":\"https:\/\/merelinn.com\/wp-content\/uploads\/2026\/01\/IMG_5782.jpeg\",\"width\":1215,\"height\":797},{\"@type\":\"BreadcrumbList\",\"@id\":\"https:\/\/merelinn.com\/fi\/palvelut\/synteettinen-tiikki\/#breadcrumb\",\"itemListElement\":[{\"@type\":\"ListItem\",\"position\":1,\"name\":\"Etusivu\",\"item\":\"https:\/\/merelinn.com\/fi\/\"},{\"@type\":\"ListItem\",\"position\":2,\"name\":\"Palvelut\",\"item\":\"https:\/\/merelinn.com\/fi\/palvelut\/\"},{\"@type\":\"ListItem\",\"position\":3,\"name\":\"Synteettinen tiikki\"}]},{\"@type\":\"WebSite\",\"@id\":\"https:\/\/merelinn.com\/fi\/#website\",\"url\":\"https:\/\/merelinn.com\/fi\/\",\"name\":\"Merelinn\",\"description\":\"\",\"potentialAction\":[{\"@type\":\"SearchAction\",\"target\":{\"@type\":\"EntryPoint\",\"urlTemplate\":\"https:\/\/merelinn.com\/fi\/?s={search_term_string}\"},\"query-input\":{\"@type\":\"PropertyValueSpecification\",\"valueRequired\":true,\"valueName\":\"search_term_string\"}}],\"inLanguage\":\"fi\"}]}<\/script>\n<!-- \/ Yoast SEO plugin. -->","yoast_head_json":{"title":"Synteettinen tiikki - Merelinn","description":"Synteettinen tiikkikansiverhous yhdelt\u00e4 alan johtavista materiaalien ja paneelien valmistajista \u2014 BMF. K\u00e4yt\u00f6ss\u00e4 Teektrue- ja Deckfab-j\u00e4rjestelm\u00e4t.","robots":{"index":"noindex","follow":"follow","max-snippet":"max-snippet:-1","max-image-preview":"max-image-preview:large","max-video-preview":"max-video-preview:-1"},"og_locale":"fi_FI","og_type":"article","og_title":"Synteettinen tiikki - Merelinn","og_description":"Synteettinen tiikkikansiverhous yhdelt\u00e4 alan johtavista materiaalien ja paneelien valmistajista \u2014 BMF. K\u00e4yt\u00f6ss\u00e4 Teektrue- ja Deckfab-j\u00e4rjestelm\u00e4t.","og_url":"https:\/\/merelinn.com\/fi\/palvelut\/synteettinen-tiikki\/","og_site_name":"Merelinn","article_modified_time":"2026-01-26T17:46:21+00:00","og_image":[{"width":1215,"height":797,"url":"https:\/\/merelinn.com\/wp-content\/uploads\/2026\/01\/IMG_5782.jpeg","type":"image\/jpeg"}],"twitter_card":"summary_large_image","twitter_misc":{"Arvioitu lukuaika":"1 minuutti"},"schema":{"@context":"https:\/\/schema.org","@graph":[{"@type":"WebPage","@id":"https:\/\/merelinn.com\/fi\/palvelut\/synteettinen-tiikki\/","url":"https:\/\/merelinn.com\/fi\/palvelut\/synteettinen-tiikki\/","name":"Synteettinen tiikki - Merelinn","isPartOf":{"@id":"https:\/\/merelinn.com\/fi\/#website"},"primaryImageOfPage":{"@id":"https:\/\/merelinn.com\/fi\/palvelut\/synteettinen-tiikki\/#primaryimage"},"image":{"@id":"https:\/\/merelinn.com\/fi\/palvelut\/synteettinen-tiikki\/#primaryimage"},"thumbnailUrl":"https:\/\/merelinn.com\/wp-content\/uploads\/2026\/01\/IMG_5782.jpeg","datePublished":"2025-04-09T08:16:47+00:00","dateModified":"2026-01-26T17:46:21+00:00","description":"Synteettinen tiikkikansiverhous yhdelt\u00e4 alan johtavista materiaalien ja paneelien valmistajista \u2014 BMF. K\u00e4yt\u00f6ss\u00e4 Teektrue- ja Deckfab-j\u00e4rjestelm\u00e4t.","breadcrumb":{"@id":"https:\/\/merelinn.com\/fi\/palvelut\/synteettinen-tiikki\/#breadcrumb"},"inLanguage":"fi","potentialAction":[{"@type":"ReadAction","target":["https:\/\/merelinn.com\/fi\/palvelut\/synteettinen-tiikki\/"]}]},{"@type":"ImageObject","inLanguage":"fi","@id":"https:\/\/merelinn.com\/fi\/palvelut\/synteettinen-tiikki\/#primaryimage","url":"https:\/\/merelinn.com\/wp-content\/uploads\/2026\/01\/IMG_5782.jpeg","contentUrl":"https:\/\/merelinn.com\/wp-content\/uploads\/2026\/01\/IMG_5782.jpeg","width":1215,"height":797},{"@type":"BreadcrumbList","@id":"https:\/\/merelinn.com\/fi\/palvelut\/synteettinen-tiikki\/#breadcrumb","itemListElement":[{"@type":"ListItem","position":1,"name":"Etusivu","item":"https:\/\/merelinn.com\/fi\/"},{"@type":"ListItem","position":2,"name":"Palvelut","item":"https:\/\/merelinn.com\/fi\/palvelut\/"},{"@type":"ListItem","position":3,"name":"Synteettinen tiikki"}]},{"@type":"WebSite","@id":"https:\/\/merelinn.com\/fi\/#website","url":"https:\/\/merelinn.com\/fi\/","name":"Merelinn","description":"","potentialAction":[{"@type":"SearchAction","target":{"@type":"EntryPoint","urlTemplate":"https:\/\/merelinn.com\/fi\/?s={search_term_string}"},"query-input":{"@type":"PropertyValueSpecification","valueRequired":true,"valueName":"search_term_string"}}],"inLanguage":"fi"}]}},"_links":{"self":[{"href":"https:\/\/merelinn.com\/fi\/wp-json\/wp\/v2\/pages\/3285","targetHints":{"allow":["GET"]}}],"collection":[{"href":"https:\/\/merelinn.com\/fi\/wp-json\/wp\/v2\/pages"}],"about":[{"href":"https:\/\/merelinn.com\/fi\/wp-json\/wp\/v2\/types\/page"}],"author":[{"embeddable":true,"href":"https:\/\/merelinn.com\/fi\/wp-json\/wp\/v2\/users\/1"}],"replies":[{"embeddable":true,"href":"https:\/\/merelinn.com\/fi\/wp-json\/wp\/v2\/comments?post=3285"}],"version-history":[{"count":6,"href":"https:\/\/merelinn.com\/fi\/wp-json\/wp\/v2\/pages\/3285\/revisions"}],"predecessor-version":[{"id":3361,"href":"https:\/\/merelinn.com\/fi\/wp-json\/wp\/v2\/pages\/3285\/revisions\/3361"}],"up":[{"embeddable":true,"href":"https:\/\/merelinn.com\/fi\/wp-json\/wp\/v2\/pages\/3250"}],"wp:featuredmedia":[{"embeddable":true,"href":"https:\/\/merelinn.com\/fi\/wp-json\/wp\/v2\/media\/7579"}],"wp:attachment":[{"href":"https:\/\/merelinn.com\/fi\/wp-json\/wp\/v2\/media?parent=3285"}],"wp:term":[{"taxonomy":"category","embeddable":true,"href":"https:\/\/merelinn.com\/fi\/wp-json\/wp\/v2\/categories?post=3285"},{"taxonomy":"post_tag","embeddable":true,"href":"https:\/\/merelinn.com\/fi\/wp-json\/wp\/v2\/tags?post=3285"}],"curies":[{"name":"wp","href":"https:\/\/api.w.org\/{rel}","templated":true}]}}