{"id":3269,"date":"2025-04-09T11:51:52","date_gmt":"2025-04-09T08:51:52","guid":{"rendered":"https:\/\/merelinn.com\/services\/synthetic-cork\/"},"modified":"2025-05-07T10:42:05","modified_gmt":"2025-05-07T07:42:05","slug":"synteettinen-korkki","status":"publish","type":"page","link":"https:\/\/merelinn.com\/fi\/palvelut\/synteettinen-korkki\/","title":{"rendered":"Synteettinen korkki"},"content":{"rendered":"","protected":false},"excerpt":{"rendered":"<p>Korkealaatuinen synteettinen korkkiverhous BMF:lt\u00e4. Alkuper\u00e4inen ulkon\u00e4k\u00f6 ja erinomainen suorituskyky Teektrue- ja Deckfab-j\u00e4rjestelmill\u00e4.<\/p>\n","protected":false},"author":1,"featured_media":2235,"parent":3250,"menu_order":0,"comment_status":"closed","ping_status":"closed","template":"","meta":{"_acf_changed":false,"footnotes":""},"categories":[87],"tags":[],"class_list":["post-3269","page","type-page","status-publish","has-post-thumbnail","hentry","category-services-fi"],"acf":{"photo_gallery":{"images":[[{"id":2990,"title":"synth_cork_2","caption":"","full_image_url":"https:\/\/merelinn.com\/wp-content\/uploads\/2025\/04\/synth_cork_2.jpg","thumbnail_image_url":"https:\/\/merelinn.com\/wp-content\/uploads\/2025\/04\/synth_cork_2-150x150.jpg","large_srcset":"https:\/\/merelinn.com\/wp-content\/uploads\/2025\/04\/synth_cork_2.jpg 567w, https:\/\/merelinn.com\/wp-content\/uploads\/2025\/04\/synth_cork_2-300x195.jpg 300w","medium_srcset":"https:\/\/merelinn.com\/wp-content\/uploads\/2025\/04\/synth_cork_2-300x195.jpg 300w, https:\/\/merelinn.com\/wp-content\/uploads\/2025\/04\/synth_cork_2.jpg 567w","media_details":{"width":567,"height":369,"sizes":{"medium":{"file":"synth_cork_2-300x195.jpg","width":300,"height":195,"mime-type":"image\/jpeg","filesize":13052,"source_url":"https:\/\/merelinn.com\/wp-content\/uploads\/2025\/04\/synth_cork_2-300x195.jpg"},"thumbnail":{"file":"synth_cork_2-150x150.jpg","width":150,"height":150,"mime-type":"image\/jpeg","filesize":5748,"source_url":"https:\/\/merelinn.com\/wp-content\/uploads\/2025\/04\/synth_cork_2-150x150.jpg"},"woocommerce_thumbnail":{"file":"synth_cork_2-300x300.jpg","width":300,"height":300,"mime-type":"image\/jpeg","filesize":17943,"source_url":"https:\/\/merelinn.com\/wp-content\/uploads\/2025\/04\/synth_cork_2-300x300.jpg"},"woocommerce_gallery_thumbnail":{"file":"synth_cork_2-100x100.jpg","width":100,"height":100,"mime-type":"image\/jpeg","filesize":3048,"source_url":"https:\/\/merelinn.com\/wp-content\/uploads\/2025\/04\/synth_cork_2-100x100.jpg"}}},"alt_text":"","url":"","target":""},{"id":2984,"title":"synth_cork_1","caption":"","full_image_url":"https:\/\/merelinn.com\/wp-content\/uploads\/2025\/04\/synth_cork_1.jpg","thumbnail_image_url":"https:\/\/merelinn.com\/wp-content\/uploads\/2025\/04\/synth_cork_1-150x150.jpg","large_srcset":"https:\/\/merelinn.com\/wp-content\/uploads\/2025\/04\/synth_cork_1.jpg 642w, https:\/\/merelinn.com\/wp-content\/uploads\/2025\/04\/synth_cork_1-300x225.jpg 300w, https:\/\/merelinn.com\/wp-content\/uploads\/2025\/04\/synth_cork_1-600x450.jpg 600w","medium_srcset":"https:\/\/merelinn.com\/wp-content\/uploads\/2025\/04\/synth_cork_1-300x225.jpg 300w, https:\/\/merelinn.com\/wp-content\/uploads\/2025\/04\/synth_cork_1-600x450.jpg 600w, https:\/\/merelinn.com\/wp-content\/uploads\/2025\/04\/synth_cork_1.jpg 642w","media_details":{"width":642,"height":482,"sizes":{"medium":{"file":"synth_cork_1-300x225.jpg","width":300,"height":225,"mime-type":"image\/jpeg","filesize":14749,"source_url":"https:\/\/merelinn.com\/wp-content\/uploads\/2025\/04\/synth_cork_1-300x225.jpg"},"thumbnail":{"file":"synth_cork_1-150x150.jpg","width":150,"height":150,"mime-type":"image\/jpeg","filesize":5276,"source_url":"https:\/\/merelinn.com\/wp-content\/uploads\/2025\/04\/synth_cork_1-150x150.jpg"},"woocommerce_thumbnail":{"file":"synth_cork_1-300x300.jpg","width":300,"height":300,"mime-type":"image\/jpeg","filesize":17342,"source_url":"https:\/\/merelinn.com\/wp-content\/uploads\/2025\/04\/synth_cork_1-300x300.jpg"},"woocommerce_single":{"file":"synth_cork_1-600x450.jpg","width":600,"height":450,"mime-type":"image\/jpeg","filesize":50159,"source_url":"https:\/\/merelinn.com\/wp-content\/uploads\/2025\/04\/synth_cork_1-600x450.jpg"},"woocommerce_gallery_thumbnail":{"file":"synth_cork_1-100x100.jpg","width":100,"height":100,"mime-type":"image\/jpeg","filesize":2852,"source_url":"https:\/\/merelinn.com\/wp-content\/uploads\/2025\/04\/synth_cork_1-100x100.jpg"}}},"alt_text":"","url":"","target":""}]]}},"yoast_head":"<!-- This site is optimized with the Yoast SEO plugin v25.1 - https:\/\/yoast.com\/wordpress\/plugins\/seo\/ -->\n<title>Synteettinen korkki - Merelinn<\/title>\n<meta name=\"description\" content=\"Korkealaatuinen synteettinen korkkiverhous BMF:lt\u00e4. Alkuper\u00e4inen ulkon\u00e4k\u00f6 ja erinomainen suorituskyky Teektrue- ja Deckfab-j\u00e4rjestelmill\u00e4.\" \/>\n<meta name=\"robots\" content=\"noindex, follow, max-snippet:-1, max-image-preview:large, max-video-preview:-1\" \/>\n<meta property=\"og:locale\" content=\"fi_FI\" \/>\n<meta property=\"og:type\" content=\"article\" \/>\n<meta property=\"og:title\" content=\"Synteettinen korkki - Merelinn\" \/>\n<meta property=\"og:description\" content=\"Korkealaatuinen synteettinen korkkiverhous BMF:lt\u00e4. Alkuper\u00e4inen ulkon\u00e4k\u00f6 ja erinomainen suorituskyky Teektrue- ja Deckfab-j\u00e4rjestelmill\u00e4.\" \/>\n<meta property=\"og:url\" content=\"https:\/\/merelinn.com\/fi\/palvelut\/synteettinen-korkki\/\" \/>\n<meta property=\"og:site_name\" content=\"Merelinn\" \/>\n<meta property=\"article:modified_time\" content=\"2025-05-07T07:42:05+00:00\" \/>\n<meta property=\"og:image\" content=\"https:\/\/merelinn.com\/wp-content\/uploads\/2025\/04\/Synthetic-cork.webp\" \/>\n\t<meta property=\"og:image:width\" content=\"750\" \/>\n\t<meta property=\"og:image:height\" content=\"563\" \/>\n\t<meta property=\"og:image:type\" content=\"image\/webp\" \/>\n<meta name=\"twitter:card\" content=\"summary_large_image\" \/>\n<meta name=\"twitter:label1\" content=\"Arvioitu lukuaika\" \/>\n\t<meta name=\"twitter:data1\" content=\"1 minuutti\" \/>\n<script type=\"application\/ld+json\" class=\"yoast-schema-graph\">{\"@context\":\"https:\/\/schema.org\",\"@graph\":[{\"@type\":\"WebPage\",\"@id\":\"https:\/\/merelinn.com\/fi\/palvelut\/synteettinen-korkki\/\",\"url\":\"https:\/\/merelinn.com\/fi\/palvelut\/synteettinen-korkki\/\",\"name\":\"Synteettinen korkki - Merelinn\",\"isPartOf\":{\"@id\":\"https:\/\/merelinn.com\/fi\/#website\"},\"primaryImageOfPage\":{\"@id\":\"https:\/\/merelinn.com\/fi\/palvelut\/synteettinen-korkki\/#primaryimage\"},\"image\":{\"@id\":\"https:\/\/merelinn.com\/fi\/palvelut\/synteettinen-korkki\/#primaryimage\"},\"thumbnailUrl\":\"https:\/\/merelinn.com\/wp-content\/uploads\/2025\/04\/Synthetic-cork.webp\",\"datePublished\":\"2025-04-09T08:51:52+00:00\",\"dateModified\":\"2025-05-07T07:42:05+00:00\",\"description\":\"Korkealaatuinen synteettinen korkkiverhous BMF:lt\u00e4. Alkuper\u00e4inen ulkon\u00e4k\u00f6 ja erinomainen suorituskyky Teektrue- ja Deckfab-j\u00e4rjestelmill\u00e4.\",\"breadcrumb\":{\"@id\":\"https:\/\/merelinn.com\/fi\/palvelut\/synteettinen-korkki\/#breadcrumb\"},\"inLanguage\":\"fi\",\"potentialAction\":[{\"@type\":\"ReadAction\",\"target\":[\"https:\/\/merelinn.com\/fi\/palvelut\/synteettinen-korkki\/\"]}]},{\"@type\":\"ImageObject\",\"inLanguage\":\"fi\",\"@id\":\"https:\/\/merelinn.com\/fi\/palvelut\/synteettinen-korkki\/#primaryimage\",\"url\":\"https:\/\/merelinn.com\/wp-content\/uploads\/2025\/04\/Synthetic-cork.webp\",\"contentUrl\":\"https:\/\/merelinn.com\/wp-content\/uploads\/2025\/04\/Synthetic-cork.webp\",\"width\":750,\"height\":563},{\"@type\":\"BreadcrumbList\",\"@id\":\"https:\/\/merelinn.com\/fi\/palvelut\/synteettinen-korkki\/#breadcrumb\",\"itemListElement\":[{\"@type\":\"ListItem\",\"position\":1,\"name\":\"Etusivu\",\"item\":\"https:\/\/merelinn.com\/fi\/\"},{\"@type\":\"ListItem\",\"position\":2,\"name\":\"Palvelut\",\"item\":\"https:\/\/merelinn.com\/fi\/palvelut\/\"},{\"@type\":\"ListItem\",\"position\":3,\"name\":\"Synteettinen korkki\"}]},{\"@type\":\"WebSite\",\"@id\":\"https:\/\/merelinn.com\/fi\/#website\",\"url\":\"https:\/\/merelinn.com\/fi\/\",\"name\":\"Merelinn\",\"description\":\"\",\"potentialAction\":[{\"@type\":\"SearchAction\",\"target\":{\"@type\":\"EntryPoint\",\"urlTemplate\":\"https:\/\/merelinn.com\/fi\/?s={search_term_string}\"},\"query-input\":{\"@type\":\"PropertyValueSpecification\",\"valueRequired\":true,\"valueName\":\"search_term_string\"}}],\"inLanguage\":\"fi\"}]}<\/script>\n<!-- \/ Yoast SEO plugin. -->","yoast_head_json":{"title":"Synteettinen korkki - Merelinn","description":"Korkealaatuinen synteettinen korkkiverhous BMF:lt\u00e4. Alkuper\u00e4inen ulkon\u00e4k\u00f6 ja erinomainen suorituskyky Teektrue- ja Deckfab-j\u00e4rjestelmill\u00e4.","robots":{"index":"noindex","follow":"follow","max-snippet":"max-snippet:-1","max-image-preview":"max-image-preview:large","max-video-preview":"max-video-preview:-1"},"og_locale":"fi_FI","og_type":"article","og_title":"Synteettinen korkki - Merelinn","og_description":"Korkealaatuinen synteettinen korkkiverhous BMF:lt\u00e4. Alkuper\u00e4inen ulkon\u00e4k\u00f6 ja erinomainen suorituskyky Teektrue- ja Deckfab-j\u00e4rjestelmill\u00e4.","og_url":"https:\/\/merelinn.com\/fi\/palvelut\/synteettinen-korkki\/","og_site_name":"Merelinn","article_modified_time":"2025-05-07T07:42:05+00:00","og_image":[{"width":750,"height":563,"url":"https:\/\/merelinn.com\/wp-content\/uploads\/2025\/04\/Synthetic-cork.webp","type":"image\/webp"}],"twitter_card":"summary_large_image","twitter_misc":{"Arvioitu lukuaika":"1 minuutti"},"schema":{"@context":"https:\/\/schema.org","@graph":[{"@type":"WebPage","@id":"https:\/\/merelinn.com\/fi\/palvelut\/synteettinen-korkki\/","url":"https:\/\/merelinn.com\/fi\/palvelut\/synteettinen-korkki\/","name":"Synteettinen korkki - Merelinn","isPartOf":{"@id":"https:\/\/merelinn.com\/fi\/#website"},"primaryImageOfPage":{"@id":"https:\/\/merelinn.com\/fi\/palvelut\/synteettinen-korkki\/#primaryimage"},"image":{"@id":"https:\/\/merelinn.com\/fi\/palvelut\/synteettinen-korkki\/#primaryimage"},"thumbnailUrl":"https:\/\/merelinn.com\/wp-content\/uploads\/2025\/04\/Synthetic-cork.webp","datePublished":"2025-04-09T08:51:52+00:00","dateModified":"2025-05-07T07:42:05+00:00","description":"Korkealaatuinen synteettinen korkkiverhous BMF:lt\u00e4. Alkuper\u00e4inen ulkon\u00e4k\u00f6 ja erinomainen suorituskyky Teektrue- ja Deckfab-j\u00e4rjestelmill\u00e4.","breadcrumb":{"@id":"https:\/\/merelinn.com\/fi\/palvelut\/synteettinen-korkki\/#breadcrumb"},"inLanguage":"fi","potentialAction":[{"@type":"ReadAction","target":["https:\/\/merelinn.com\/fi\/palvelut\/synteettinen-korkki\/"]}]},{"@type":"ImageObject","inLanguage":"fi","@id":"https:\/\/merelinn.com\/fi\/palvelut\/synteettinen-korkki\/#primaryimage","url":"https:\/\/merelinn.com\/wp-content\/uploads\/2025\/04\/Synthetic-cork.webp","contentUrl":"https:\/\/merelinn.com\/wp-content\/uploads\/2025\/04\/Synthetic-cork.webp","width":750,"height":563},{"@type":"BreadcrumbList","@id":"https:\/\/merelinn.com\/fi\/palvelut\/synteettinen-korkki\/#breadcrumb","itemListElement":[{"@type":"ListItem","position":1,"name":"Etusivu","item":"https:\/\/merelinn.com\/fi\/"},{"@type":"ListItem","position":2,"name":"Palvelut","item":"https:\/\/merelinn.com\/fi\/palvelut\/"},{"@type":"ListItem","position":3,"name":"Synteettinen korkki"}]},{"@type":"WebSite","@id":"https:\/\/merelinn.com\/fi\/#website","url":"https:\/\/merelinn.com\/fi\/","name":"Merelinn","description":"","potentialAction":[{"@type":"SearchAction","target":{"@type":"EntryPoint","urlTemplate":"https:\/\/merelinn.com\/fi\/?s={search_term_string}"},"query-input":{"@type":"PropertyValueSpecification","valueRequired":true,"valueName":"search_term_string"}}],"inLanguage":"fi"}]}},"_links":{"self":[{"href":"https:\/\/merelinn.com\/fi\/wp-json\/wp\/v2\/pages\/3269","targetHints":{"allow":["GET"]}}],"collection":[{"href":"https:\/\/merelinn.com\/fi\/wp-json\/wp\/v2\/pages"}],"about":[{"href":"https:\/\/merelinn.com\/fi\/wp-json\/wp\/v2\/types\/page"}],"author":[{"embeddable":true,"href":"https:\/\/merelinn.com\/fi\/wp-json\/wp\/v2\/users\/1"}],"replies":[{"embeddable":true,"href":"https:\/\/merelinn.com\/fi\/wp-json\/wp\/v2\/comments?post=3269"}],"version-history":[{"count":4,"href":"https:\/\/merelinn.com\/fi\/wp-json\/wp\/v2\/pages\/3269\/revisions"}],"predecessor-version":[{"id":3384,"href":"https:\/\/merelinn.com\/fi\/wp-json\/wp\/v2\/pages\/3269\/revisions\/3384"}],"up":[{"embeddable":true,"href":"https:\/\/merelinn.com\/fi\/wp-json\/wp\/v2\/pages\/3250"}],"wp:featuredmedia":[{"embeddable":true,"href":"https:\/\/merelinn.com\/fi\/wp-json\/wp\/v2\/media\/2235"}],"wp:attachment":[{"href":"https:\/\/merelinn.com\/fi\/wp-json\/wp\/v2\/media?parent=3269"}],"wp:term":[{"taxonomy":"category","embeddable":true,"href":"https:\/\/merelinn.com\/fi\/wp-json\/wp\/v2\/categories?post=3269"},{"taxonomy":"post_tag","embeddable":true,"href":"https:\/\/merelinn.com\/fi\/wp-json\/wp\/v2\/tags?post=3269"}],"curies":[{"name":"wp","href":"https:\/\/api.w.org\/{rel}","templated":true}]}}