{"id":3245,"date":"2024-09-04T11:10:24","date_gmt":"2024-09-04T08:10:24","guid":{"rendered":"https:\/\/merelinn.com\/?page_id=3245"},"modified":"2025-05-06T12:40:32","modified_gmt":"2025-05-06T09:40:32","slug":"cookie_policy","status":"publish","type":"page","link":"https:\/\/merelinn.com\/fi\/cookie_policy\/","title":{"rendered":"Ev\u00e4stek\u00e4yt\u00e4nt\u00f6"},"content":{"rendered":"\t\t<div data-elementor-type=\"wp-page\" data-elementor-id=\"3245\" class=\"elementor elementor-3245 elementor-18\" data-elementor-post-type=\"page\">\n\t\t\t\t<div class=\"elementor-element elementor-element-083d972 e-con-full e-flex e-con e-parent\" data-id=\"083d972\" data-element_type=\"container\" data-settings=\"{&quot;background_background&quot;:&quot;classic&quot;}\">\n\t\t<div class=\"elementor-element elementor-element-4a2958d e-flex e-con-boxed e-con e-child\" data-id=\"4a2958d\" data-element_type=\"container\">\n\t\t\t\t\t<div class=\"e-con-inner\">\n\t\t\t\t<div class=\"elementor-element elementor-element-d6f52f1 elementor-align-center elementor-widget elementor-widget-breadcrumbs\" data-id=\"d6f52f1\" data-element_type=\"widget\" data-widget_type=\"breadcrumbs.default\">\n\t\t\t\t<div class=\"elementor-widget-container\">\n\t\t\t\t\t<p id=\"breadcrumbs\"><span><span><a href=\"https:\/\/merelinn.com\/fi\/\">Etusivu<\/a><\/span><\/span><\/p>\t\t\t\t<\/div>\n\t\t\t\t<\/div>\n\t\t\t\t\t<\/div>\n\t\t\t\t<\/div>\n\t\t\t\t<\/div>\n\t\t<div class=\"elementor-element elementor-element-404ab99 text-content-container e-flex e-con-boxed e-con e-parent\" data-id=\"404ab99\" data-element_type=\"container\">\n\t\t\t\t\t<div class=\"e-con-inner\">\n\t\t<div class=\"elementor-element elementor-element-f950304 e-con-full e-flex e-con e-child\" data-id=\"f950304\" data-element_type=\"container\">\n\t\t\t\t<div class=\"elementor-element elementor-element-f1ac189 elementor-widget elementor-widget-heading\" data-id=\"f1ac189\" data-element_type=\"widget\" data-widget_type=\"heading.default\">\n\t\t\t\t<div class=\"elementor-widget-container\">\n\t\t\t\t\t<h2 class=\"elementor-heading-title elementor-size-default\">1. General Information<\/h2>\t\t\t\t<\/div>\n\t\t\t\t<\/div>\n\t\t\t\t<div class=\"elementor-element elementor-element-2214565 elementor-widget elementor-widget-text-editor\" data-id=\"2214565\" data-element_type=\"widget\" data-widget_type=\"text-editor.default\">\n\t\t\t\t<div class=\"elementor-widget-container\">\n\t\t\t\t\t\t\t\t\t<p><span style=\"font-weight: 400;\">This Cookie Policy (&#8221;Policy&#8221;) explains what cookies are used on the website of MereLinn (&#8221;Website&#8221;) available at: www.merelinn.com, and how we use them.<\/span><\/p><p><span style=\"font-weight: 400;\">Upon your first visit, you can accept or reject cookies through the cookie banner settings. You may also update your preferences at any time.<\/span><\/p><p><span style=\"font-weight: 400;\">Please note: This Website <\/span><b>does not include user registration or personal accounts<\/b><span style=\"font-weight: 400;\">, and therefore <\/span><b>no cookies are used to store user profiles or order history<\/b><span style=\"font-weight: 400;\">.<\/span><\/p>\t\t\t\t\t\t\t\t<\/div>\n\t\t\t\t<\/div>\n\t\t\t\t<\/div>\n\t\t<div class=\"elementor-element elementor-element-a0365ee e-con-full e-flex e-con e-child\" data-id=\"a0365ee\" data-element_type=\"container\">\n\t\t\t\t<div class=\"elementor-element elementor-element-4e04639 elementor-widget elementor-widget-heading\" data-id=\"4e04639\" data-element_type=\"widget\" data-widget_type=\"heading.default\">\n\t\t\t\t<div class=\"elementor-widget-container\">\n\t\t\t\t\t<h2 class=\"elementor-heading-title elementor-size-default\">2. What are Cookies?<\/h2>\t\t\t\t<\/div>\n\t\t\t\t<\/div>\n\t\t\t\t<div class=\"elementor-element elementor-element-a193489 elementor-widget elementor-widget-text-editor\" data-id=\"a193489\" data-element_type=\"widget\" data-widget_type=\"text-editor.default\">\n\t\t\t\t<div class=\"elementor-widget-container\">\n\t\t\t\t\t\t\t\t\t<p><span style=\"font-weight: 400;\">Cookies are small text files that are stored in your browser or device when you visit our Website. They help ensure technical functionality, enhance user experience, analyse user behaviour, and display personalized content or advertising.<\/span><\/p>\n<p><span style=\"font-weight: 400;\">Cookies may be set by us (<\/span><b>first-party cookies<\/b><span style=\"font-weight: 400;\">) or by third-party services (<\/span><b>third-party cookies<\/b><span style=\"font-weight: 400;\">), such as Google, Facebook, Klaviyo, Mailchimp, etc.<\/span><\/p>\t\t\t\t\t\t\t\t<\/div>\n\t\t\t\t<\/div>\n\t\t\t\t<\/div>\n\t\t<div class=\"elementor-element elementor-element-f010e43 e-con-full e-flex e-con e-child\" data-id=\"f010e43\" data-element_type=\"container\">\n\t\t\t\t<div class=\"elementor-element elementor-element-9564358 elementor-widget elementor-widget-heading\" data-id=\"9564358\" data-element_type=\"widget\" data-widget_type=\"heading.default\">\n\t\t\t\t<div class=\"elementor-widget-container\">\n\t\t\t\t\t<h2 class=\"elementor-heading-title elementor-size-default\">3. Types of Cookies We Use<\/h2>\t\t\t\t<\/div>\n\t\t\t\t<\/div>\n\t\t\t\t<div class=\"elementor-element elementor-element-13cae6e elementor-widget elementor-widget-text-editor\" data-id=\"13cae6e\" data-element_type=\"widget\" data-widget_type=\"text-editor.default\">\n\t\t\t\t<div class=\"elementor-widget-container\">\n\t\t\t\t\t\t\t\t\t<p><b>3.1. Strictly Necessary Cookies (do not require consent)<\/b><\/p>\n<p><b>Legal basis: Legitimate interest (Article 6(1)(f) GDPR)<\/b><\/p>\n<p><span style=\"font-weight: 400;\">These cookies are essential for the proper functioning of the Website and cannot be disabled. They enable:<\/span><\/p>\n<ul>\n<li style=\"font-weight: 400;\" aria-level=\"1\"><span style=\"font-weight: 400;\">Secure connection and protection against cyberattacks<\/span><span style=\"font-weight: 400;\"><br \/><\/span><\/li>\n<li style=\"font-weight: 400;\" aria-level=\"1\"><span style=\"font-weight: 400;\">Remembering products in the shopping cart<\/span><span style=\"font-weight: 400;\"><br \/><\/span><\/li>\n<li style=\"font-weight: 400;\" aria-level=\"1\"><span style=\"font-weight: 400;\">Payment processing<\/span><span style=\"font-weight: 400;\"><br \/><\/span><\/li>\n<li style=\"font-weight: 400;\" aria-level=\"1\"><span style=\"font-weight: 400;\">System-level authentication (e.g., admin panel access)<\/span><span style=\"font-weight: 400;\"><br \/><\/span><\/li>\n<li style=\"font-weight: 400;\" aria-level=\"1\"><span style=\"font-weight: 400;\">Spam and bot protection<\/span><span style=\"font-weight: 400;\"><br \/><br \/><\/span><\/li>\n<\/ul>\n<p><b>Examples of services used:<\/b><\/p>\n<ul>\n<li style=\"font-weight: 400;\" aria-level=\"1\"><span style=\"font-weight: 400;\">WordPress \/ WooCommerce Core Cookies<\/span><span style=\"font-weight: 400;\"><br \/><\/span><\/li>\n<li style=\"font-weight: 400;\" aria-level=\"1\"><span style=\"font-weight: 400;\">WooCommerce Cart<\/span><span style=\"font-weight: 400;\"><br \/><\/span><\/li>\n<li style=\"font-weight: 400;\" aria-level=\"1\"><span style=\"font-weight: 400;\">Stripe, PayPal<\/span><span style=\"font-weight: 400;\"><br \/><\/span><\/li>\n<li style=\"font-weight: 400;\" aria-level=\"1\"><span style=\"font-weight: 400;\">Google reCAPTCHA<\/span><span style=\"font-weight: 400;\"><br \/><\/span><\/li>\n<li style=\"font-weight: 400;\" aria-level=\"1\"><span style=\"font-weight: 400;\">Cloudflare<\/span><span style=\"font-weight: 400;\"><br \/><\/span><\/li>\n<li style=\"font-weight: 400;\" aria-level=\"1\"><span style=\"font-weight: 400;\">Cookiebot (Consent Management)<\/span><span style=\"font-weight: 400;\"><br \/><\/span><\/li>\n<li style=\"font-weight: 400;\" aria-level=\"1\"><span style=\"font-weight: 400;\">wp-settings (WordPress interface preferences)<\/span><span style=\"font-weight: 400;\"><br \/><\/span><\/li>\n<li style=\"font-weight: 400;\" aria-level=\"1\"><span style=\"font-weight: 400;\">Sucuri (Web Application Firewall)<\/span><span style=\"font-weight: 400;\"><br \/><\/span><\/li>\n<\/ul>\n<p><b>Retention period<\/b><span style=\"font-weight: 400;\">: from session to 1 year<\/span><span style=\"font-weight: 400;\"><br \/><\/span><span style=\"font-weight: 400;\"> (Third-party cookies may have different retention periods \u2014 please refer to the respective providers\u2019 privacy policies.)<\/span><\/p>\n<p><b>3.2. Analytics Cookies (require consent)<\/b><\/p>\n<p><b>Legal basis: User consent (Article 6(1)(a) GDPR)<\/b><\/p>\n<p><span style=\"font-weight: 400;\">These cookies help us understand user behaviour and improve the Website and its functionality.<\/span><\/p>\n<p><b>Examples of services used:<\/b><\/p>\n<ul>\n<li style=\"font-weight: 400;\" aria-level=\"1\"><span style=\"font-weight: 400;\">Google Analytics<\/span><span style=\"font-weight: 400;\"><br \/><\/span><\/li>\n<li style=\"font-weight: 400;\" aria-level=\"1\"><span style=\"font-weight: 400;\">Google Tag Manager<\/span><span style=\"font-weight: 400;\"><br \/><\/span><\/li>\n<li style=\"font-weight: 400;\" aria-level=\"1\"><span style=\"font-weight: 400;\">Facebook Pixel<\/span><span style=\"font-weight: 400;\"><br \/><\/span><\/li>\n<\/ul>\n<p><b>Retention period<\/b><span style=\"font-weight: 400;\">: from 30 seconds to 2 years<\/span><\/p>\n<p><b>3.3. Marketing Cookies (require consent)<\/b><\/p>\n<p><span style=\"font-weight: 400;\">These cookies are used to display personalized advertisements and measure ad performance.<\/span><\/p>\n<p><b>Examples of services used:<\/b><\/p>\n<ul>\n<li style=\"font-weight: 400;\" aria-level=\"1\"><span style=\"font-weight: 400;\">Google Ads<\/span><span style=\"font-weight: 400;\"><br \/><\/span><\/li>\n<li style=\"font-weight: 400;\" aria-level=\"1\"><span style=\"font-weight: 400;\">Facebook \/ Meta Ads<\/span><span style=\"font-weight: 400;\"><br \/><\/span><\/li>\n<li style=\"font-weight: 400;\" aria-level=\"1\"><span style=\"font-weight: 400;\">Klaviyo<\/span><span style=\"font-weight: 400;\"><br \/><\/span><\/li>\n<li style=\"font-weight: 400;\" aria-level=\"1\"><span style=\"font-weight: 400;\">Mailchimp<\/span><span style=\"font-weight: 400;\"><br \/><\/span><\/li>\n<\/ul>\n<p><b>Retention period<\/b><span style=\"font-weight: 400;\">: from 1 month to 1 year<\/span><\/p>\n<p><b>3.4. Social Media Cookies (require consent)<\/b><\/p>\n<p><span style=\"font-weight: 400;\">These cookies are activated when you:<\/span><\/p>\n<ul>\n<li style=\"font-weight: 400;\" aria-level=\"1\"><span style=\"font-weight: 400;\">Interact with embedded content (e.g., posts, videos, comments) from social media platforms<\/span><span style=\"font-weight: 400;\"><br \/><\/span><\/li>\n<li style=\"font-weight: 400;\" aria-level=\"1\"><span style=\"font-weight: 400;\">Log in via third-party services (e.g., Google, Facebook, Apple ID)<\/span><span style=\"font-weight: 400;\"><br \/><\/span><\/li>\n<\/ul>\n<p><i><span style=\"font-weight: 400;\">Our Website does not offer login via social media for customers; this may only be used in administrative contexts (e.g., for commenting or internal access).<\/span><\/i><\/p>\n<p><b>Examples of services used:<\/b><\/p>\n<ul>\n<li style=\"font-weight: 400;\" aria-level=\"1\"><span style=\"font-weight: 400;\">Facebook \/ Instagram (Meta)<\/span><span style=\"font-weight: 400;\"><br \/><\/span><\/li>\n<li style=\"font-weight: 400;\" aria-level=\"1\"><span style=\"font-weight: 400;\">YouTube (Google)<\/span><span style=\"font-weight: 400;\"><br \/><\/span><\/li>\n<li style=\"font-weight: 400;\" aria-level=\"1\"><span style=\"font-weight: 400;\">Google Sign-In<\/span><span style=\"font-weight: 400;\"><br \/><\/span><\/li>\n<li style=\"font-weight: 400;\" aria-level=\"1\"><span style=\"font-weight: 400;\">Facebook Login<\/span><span style=\"font-weight: 400;\"><br \/><\/span><\/li>\n<li style=\"font-weight: 400;\" aria-level=\"1\"><span style=\"font-weight: 400;\">Apple ID Login<\/span><span style=\"font-weight: 400;\"><br \/><\/span><\/li>\n<\/ul>\n<p><span style=\"font-weight: 400;\">These cookies may track your activity even outside of our Website. They are only activated after you provide your explicit consent.<\/span><\/p>\t\t\t\t\t\t\t\t<\/div>\n\t\t\t\t<\/div>\n\t\t\t\t<\/div>\n\t\t<div class=\"elementor-element elementor-element-1aacb53 e-con-full e-flex e-con e-child\" data-id=\"1aacb53\" data-element_type=\"container\">\n\t\t\t\t<div class=\"elementor-element elementor-element-904d793 elementor-widget elementor-widget-heading\" data-id=\"904d793\" data-element_type=\"widget\" data-widget_type=\"heading.default\">\n\t\t\t\t<div class=\"elementor-widget-container\">\n\t\t\t\t\t<h2 class=\"elementor-heading-title elementor-size-default\">4. Cookie Management<\/h2>\t\t\t\t<\/div>\n\t\t\t\t<\/div>\n\t\t\t\t<div class=\"elementor-element elementor-element-c8eb7a8 elementor-widget elementor-widget-text-editor\" data-id=\"c8eb7a8\" data-element_type=\"widget\" data-widget_type=\"text-editor.default\">\n\t\t\t\t<div class=\"elementor-widget-container\">\n\t\t\t\t\t\t\t\t\t<p><span style=\"font-weight: 400;\">You can:<\/span><\/p>\n<ul>\n<li style=\"font-weight: 400;\" aria-level=\"1\"><span style=\"font-weight: 400;\">Accept or reject cookies via the banner when visiting the Website for the first time<\/span><span style=\"font-weight: 400;\"><br \/><\/span><\/li>\n<li style=\"font-weight: 400;\" aria-level=\"1\"><span style=\"font-weight: 400;\">Change or withdraw your consent at any time via the cookie banner settings<\/span><span style=\"font-weight: 400;\"><br \/><\/span><\/li>\n<li style=\"font-weight: 400;\" aria-level=\"1\"><span style=\"font-weight: 400;\">Delete cookies manually in your browser settings<\/span><span style=\"font-weight: 400;\"><br \/><br \/><\/span><\/li>\n<\/ul>\n<p><span style=\"font-weight: 400;\">Instructions for managing cookies in major browsers:<\/span><\/p>\n<ul>\n<li style=\"font-weight: 400;\" aria-level=\"1\"><span style=\"font-weight: 400;\">Google Chrome:<\/span><a href=\"https:\/\/support.google.com\/chrome\/answer\/95647\"> <span style=\"font-weight: 400;\">https:\/\/support.google.com\/chrome\/answer\/95647<\/span><span style=\"font-weight: 400;\"><br \/><\/span><\/a><\/li>\n<li style=\"font-weight: 400;\" aria-level=\"1\"><span style=\"font-weight: 400;\">Mozilla Firefox:<\/span><a href=\"https:\/\/support.mozilla.org\/en-US\/kb\/clear-cookies-and-site-data-firefox\"> <span style=\"font-weight: 400;\">https:\/\/support.mozilla.org\/en-US\/kb\/clear-cookies-and-site-data-firefox<\/span><span style=\"font-weight: 400;\"><br \/><\/span><\/a><\/li>\n<li style=\"font-weight: 400;\" aria-level=\"1\"><span style=\"font-weight: 400;\">Safari:<\/span><a href=\"https:\/\/support.apple.com\/en-us\/HT201265\"> <span style=\"font-weight: 400;\">https:\/\/support.apple.com\/en-us\/HT201265<\/span><span style=\"font-weight: 400;\"><br \/><\/span><\/a><\/li>\n<li><span style=\"font-weight: 400;\">Microsoft Edge:<\/span><a href=\"https:\/\/support.microsoft.com\/en-us\/microsoft-edge\"> <span style=\"font-weight: 400;\">https:\/\/support.microsoft.com\/en-us\/microsoft-edge<\/span><\/a><\/li>\n<\/ul>\t\t\t\t\t\t\t\t<\/div>\n\t\t\t\t<\/div>\n\t\t\t\t<\/div>\n\t\t<div class=\"elementor-element elementor-element-329ea8d e-con-full e-flex e-con e-child\" data-id=\"329ea8d\" data-element_type=\"container\">\n\t\t\t\t<div class=\"elementor-element elementor-element-6a61172 elementor-widget elementor-widget-heading\" data-id=\"6a61172\" data-element_type=\"widget\" data-widget_type=\"heading.default\">\n\t\t\t\t<div class=\"elementor-widget-container\">\n\t\t\t\t\t<h2 class=\"elementor-heading-title elementor-size-default\">5. Third-Party Data Sharing<\/h2>\t\t\t\t<\/div>\n\t\t\t\t<\/div>\n\t\t\t\t<div class=\"elementor-element elementor-element-61d6aa7 elementor-widget elementor-widget-text-editor\" data-id=\"61d6aa7\" data-element_type=\"widget\" data-widget_type=\"text-editor.default\">\n\t\t\t\t<div class=\"elementor-widget-container\">\n\t\t\t\t\t\t\t\t\t<p><span style=\"font-weight: 400;\">Some cookies transfer data to third-party service providers who may act as <\/span><b>data processors<\/b><span style=\"font-weight: 400;\"> or <\/span><b>joint controllers<\/b><span style=\"font-weight: 400;\">. We have signed <\/span><b>Data Processing Agreements (DPAs)<\/b><span style=\"font-weight: 400;\"> with these providers to ensure compliance with GDPR.<\/span><\/p>\n<p><span style=\"font-weight: 400;\">Where data is transferred outside the European Union \u2014 for example, to the United States \u2014 such transfers are governed by <\/span><b>Standard Contractual Clauses (SCCs)<\/b><span style=\"font-weight: 400;\"> approved by the European Commission.<\/span><\/p>\n<p><span style=\"font-weight: 400;\">For more information, please see our Privacy Policy at <a href=\"https:\/\/merelinn.com\/privacy-policy\/\">https:\/\/merelinn.com\/privacy-policy\/<\/a>.<\/span><\/p>\t\t\t\t\t\t\t\t<\/div>\n\t\t\t\t<\/div>\n\t\t\t\t<\/div>\n\t\t<div class=\"elementor-element elementor-element-0c94c80 e-con-full e-flex e-con e-child\" data-id=\"0c94c80\" data-element_type=\"container\">\n\t\t\t\t<div class=\"elementor-element elementor-element-ffb5f32 elementor-widget elementor-widget-heading\" data-id=\"ffb5f32\" data-element_type=\"widget\" data-widget_type=\"heading.default\">\n\t\t\t\t<div class=\"elementor-widget-container\">\n\t\t\t\t\t<h2 class=\"elementor-heading-title elementor-size-default\">6. Your Rights<\/h2>\t\t\t\t<\/div>\n\t\t\t\t<\/div>\n\t\t\t\t<div class=\"elementor-element elementor-element-ad8f0ab elementor-widget elementor-widget-text-editor\" data-id=\"ad8f0ab\" data-element_type=\"widget\" data-widget_type=\"text-editor.default\">\n\t\t\t\t<div class=\"elementor-widget-container\">\n\t\t\t\t\t\t\t\t\t<p><span style=\"font-weight: 400;\">In accordance with the GDPR, you have the right to:<\/span><\/p>\n<ul>\n<li style=\"font-weight: 400;\" aria-level=\"1\"><span style=\"font-weight: 400;\">Withdraw your cookie consent at any time<\/span><span style=\"font-weight: 400;\"><br \/><\/span><\/li>\n<li style=\"font-weight: 400;\" aria-level=\"1\"><span style=\"font-weight: 400;\">Request information about the purposes and scope of data processing<\/span><span style=\"font-weight: 400;\"><br \/><\/span><\/li>\n<li style=\"font-weight: 400;\" aria-level=\"1\"><span style=\"font-weight: 400;\">Request access to, rectification, or deletion of your personal data related to cookies<\/span><span style=\"font-weight: 400;\"><br \/><\/span><\/li>\n<li style=\"font-weight: 400;\" aria-level=\"1\"><span style=\"font-weight: 400;\">Lodge a complaint with your local data protection authority<\/span><\/li>\n<\/ul>\t\t\t\t\t\t\t\t<\/div>\n\t\t\t\t<\/div>\n\t\t\t\t<\/div>\n\t\t<div class=\"elementor-element elementor-element-3360b3d e-con-full e-flex e-con e-child\" data-id=\"3360b3d\" data-element_type=\"container\">\n\t\t\t\t<div class=\"elementor-element elementor-element-9a1000e elementor-widget elementor-widget-heading\" data-id=\"9a1000e\" data-element_type=\"widget\" data-widget_type=\"heading.default\">\n\t\t\t\t<div class=\"elementor-widget-container\">\n\t\t\t\t\t<h2 class=\"elementor-heading-title elementor-size-default\">7. Changes to This Policy<\/h2>\t\t\t\t<\/div>\n\t\t\t\t<\/div>\n\t\t\t\t<div class=\"elementor-element elementor-element-0b04674 elementor-widget elementor-widget-text-editor\" data-id=\"0b04674\" data-element_type=\"widget\" data-widget_type=\"text-editor.default\">\n\t\t\t\t<div class=\"elementor-widget-container\">\n\t\t\t\t\t\t\t\t\t<p><span style=\"font-weight: 400;\">We may update this Policy to reflect changes in legislation, technologies, or services we use. The latest version is always available on our Website.<\/span><\/p>\n<p><b>Last updated:<\/b><span style=\"font-weight: 400;\"> 25.04.2025<\/span><\/p>\t\t\t\t\t\t\t\t<\/div>\n\t\t\t\t<\/div>\n\t\t\t\t<\/div>\n\t\t\t\t\t<\/div>\n\t\t\t\t<\/div>\n\t\t\t\t<\/div>\n\t\t","protected":false},"excerpt":{"rendered":"<p>1. General Information This Cookie Policy (&#8221;Policy&#8221;) explains what cookies are used on the website of MereLinn (&#8221;Website&#8221;) available at: www.merelinn.com, and how we use them. Upon your first visit, you can accept or reject cookies through the cookie banner settings. You may also update your preferences at any time. Please note: This Website does [&hellip;]<\/p>\n","protected":false},"author":1,"featured_media":0,"parent":0,"menu_order":0,"comment_status":"closed","ping_status":"closed","template":"","meta":{"_acf_changed":false,"footnotes":""},"categories":[],"tags":[],"class_list":["post-3245","page","type-page","status-publish","hentry"],"acf":[],"yoast_head":"<!-- This site is optimized with the Yoast SEO plugin v25.1 - https:\/\/yoast.com\/wordpress\/plugins\/seo\/ -->\n<title>Ev\u00e4stek\u00e4yt\u00e4nt\u00f6 - Merelinn<\/title>\n<meta name=\"robots\" content=\"noindex, follow, max-snippet:-1, max-image-preview:large, max-video-preview:-1\" \/>\n<meta property=\"og:locale\" content=\"fi_FI\" \/>\n<meta property=\"og:type\" content=\"article\" \/>\n<meta property=\"og:title\" content=\"Ev\u00e4stek\u00e4yt\u00e4nt\u00f6 - Merelinn\" \/>\n<meta property=\"og:description\" content=\"1. General Information This Cookie Policy (&#8221;Policy&#8221;) explains what cookies are used on the website of MereLinn (&#8221;Website&#8221;) available at: www.merelinn.com, and how we use them. Upon your first visit, you can accept or reject cookies through the cookie banner settings. You may also update your preferences at any time. Please note: This Website does [&hellip;]\" \/>\n<meta property=\"og:url\" content=\"https:\/\/merelinn.com\/fi\/cookie_policy\/\" \/>\n<meta property=\"og:site_name\" content=\"Merelinn\" \/>\n<meta property=\"article:modified_time\" content=\"2025-05-06T09:40:32+00:00\" \/>\n<meta name=\"twitter:card\" content=\"summary_large_image\" \/>\n<meta name=\"twitter:label1\" content=\"Arvioitu lukuaika\" \/>\n\t<meta name=\"twitter:data1\" content=\"4 minuuttia\" \/>\n<script type=\"application\/ld+json\" class=\"yoast-schema-graph\">{\"@context\":\"https:\/\/schema.org\",\"@graph\":[{\"@type\":\"WebPage\",\"@id\":\"https:\/\/merelinn.com\/fi\/cookie_policy\/\",\"url\":\"https:\/\/merelinn.com\/fi\/cookie_policy\/\",\"name\":\"Ev\u00e4stek\u00e4yt\u00e4nt\u00f6 - Merelinn\",\"isPartOf\":{\"@id\":\"https:\/\/merelinn.com\/fi\/#website\"},\"datePublished\":\"2024-09-04T08:10:24+00:00\",\"dateModified\":\"2025-05-06T09:40:32+00:00\",\"breadcrumb\":{\"@id\":\"https:\/\/merelinn.com\/fi\/cookie_policy\/#breadcrumb\"},\"inLanguage\":\"fi\",\"potentialAction\":[{\"@type\":\"ReadAction\",\"target\":[\"https:\/\/merelinn.com\/fi\/cookie_policy\/\"]}]},{\"@type\":\"BreadcrumbList\",\"@id\":\"https:\/\/merelinn.com\/fi\/cookie_policy\/#breadcrumb\",\"itemListElement\":[{\"@type\":\"ListItem\",\"position\":1,\"name\":\"Etusivu\",\"item\":\"https:\/\/merelinn.com\/fi\/\"},{\"@type\":\"ListItem\",\"position\":2,\"name\":\"Ev\u00e4stek\u00e4yt\u00e4nt\u00f6\"}]},{\"@type\":\"WebSite\",\"@id\":\"https:\/\/merelinn.com\/fi\/#website\",\"url\":\"https:\/\/merelinn.com\/fi\/\",\"name\":\"Merelinn\",\"description\":\"\",\"potentialAction\":[{\"@type\":\"SearchAction\",\"target\":{\"@type\":\"EntryPoint\",\"urlTemplate\":\"https:\/\/merelinn.com\/fi\/?s={search_term_string}\"},\"query-input\":{\"@type\":\"PropertyValueSpecification\",\"valueRequired\":true,\"valueName\":\"search_term_string\"}}],\"inLanguage\":\"fi\"}]}<\/script>\n<!-- \/ Yoast SEO plugin. -->","yoast_head_json":{"title":"Ev\u00e4stek\u00e4yt\u00e4nt\u00f6 - Merelinn","robots":{"index":"noindex","follow":"follow","max-snippet":"max-snippet:-1","max-image-preview":"max-image-preview:large","max-video-preview":"max-video-preview:-1"},"og_locale":"fi_FI","og_type":"article","og_title":"Ev\u00e4stek\u00e4yt\u00e4nt\u00f6 - Merelinn","og_description":"1. General Information This Cookie Policy (&#8221;Policy&#8221;) explains what cookies are used on the website of MereLinn (&#8221;Website&#8221;) available at: www.merelinn.com, and how we use them. Upon your first visit, you can accept or reject cookies through the cookie banner settings. You may also update your preferences at any time. Please note: This Website does [&hellip;]","og_url":"https:\/\/merelinn.com\/fi\/cookie_policy\/","og_site_name":"Merelinn","article_modified_time":"2025-05-06T09:40:32+00:00","twitter_card":"summary_large_image","twitter_misc":{"Arvioitu lukuaika":"4 minuuttia"},"schema":{"@context":"https:\/\/schema.org","@graph":[{"@type":"WebPage","@id":"https:\/\/merelinn.com\/fi\/cookie_policy\/","url":"https:\/\/merelinn.com\/fi\/cookie_policy\/","name":"Ev\u00e4stek\u00e4yt\u00e4nt\u00f6 - Merelinn","isPartOf":{"@id":"https:\/\/merelinn.com\/fi\/#website"},"datePublished":"2024-09-04T08:10:24+00:00","dateModified":"2025-05-06T09:40:32+00:00","breadcrumb":{"@id":"https:\/\/merelinn.com\/fi\/cookie_policy\/#breadcrumb"},"inLanguage":"fi","potentialAction":[{"@type":"ReadAction","target":["https:\/\/merelinn.com\/fi\/cookie_policy\/"]}]},{"@type":"BreadcrumbList","@id":"https:\/\/merelinn.com\/fi\/cookie_policy\/#breadcrumb","itemListElement":[{"@type":"ListItem","position":1,"name":"Etusivu","item":"https:\/\/merelinn.com\/fi\/"},{"@type":"ListItem","position":2,"name":"Ev\u00e4stek\u00e4yt\u00e4nt\u00f6"}]},{"@type":"WebSite","@id":"https:\/\/merelinn.com\/fi\/#website","url":"https:\/\/merelinn.com\/fi\/","name":"Merelinn","description":"","potentialAction":[{"@type":"SearchAction","target":{"@type":"EntryPoint","urlTemplate":"https:\/\/merelinn.com\/fi\/?s={search_term_string}"},"query-input":{"@type":"PropertyValueSpecification","valueRequired":true,"valueName":"search_term_string"}}],"inLanguage":"fi"}]}},"_links":{"self":[{"href":"https:\/\/merelinn.com\/fi\/wp-json\/wp\/v2\/pages\/3245","targetHints":{"allow":["GET"]}}],"collection":[{"href":"https:\/\/merelinn.com\/fi\/wp-json\/wp\/v2\/pages"}],"about":[{"href":"https:\/\/merelinn.com\/fi\/wp-json\/wp\/v2\/types\/page"}],"author":[{"embeddable":true,"href":"https:\/\/merelinn.com\/fi\/wp-json\/wp\/v2\/users\/1"}],"replies":[{"embeddable":true,"href":"https:\/\/merelinn.com\/fi\/wp-json\/wp\/v2\/comments?post=3245"}],"version-history":[{"count":15,"href":"https:\/\/merelinn.com\/fi\/wp-json\/wp\/v2\/pages\/3245\/revisions"}],"predecessor-version":[{"id":5473,"href":"https:\/\/merelinn.com\/fi\/wp-json\/wp\/v2\/pages\/3245\/revisions\/5473"}],"wp:attachment":[{"href":"https:\/\/merelinn.com\/fi\/wp-json\/wp\/v2\/media?parent=3245"}],"wp:term":[{"taxonomy":"category","embeddable":true,"href":"https:\/\/merelinn.com\/fi\/wp-json\/wp\/v2\/categories?post=3245"},{"taxonomy":"post_tag","embeddable":true,"href":"https:\/\/merelinn.com\/fi\/wp-json\/wp\/v2\/tags?post=3245"}],"curies":[{"name":"wp","href":"https:\/\/api.w.org\/{rel}","templated":true}]}}